{"id":18427,"date":"2022-09-29T07:40:36","date_gmt":"2022-09-29T07:40:36","guid":{"rendered":"https:\/\/www.booksofall.com\/vi\/?post_type=product&#038;p=18427"},"modified":"2022-09-29T10:07:47","modified_gmt":"2022-09-29T10:07:47","slug":"traditional-games-in-halloween","status":"publish","type":"product","link":"https:\/\/www.booksofall.com\/vi\/traditional-games-in-halloween\/","title":{"rendered":"Traditional Games In Halloween"},"content":{"rendered":"<h1>Traditional Games In Halloween<\/h1>\n<p>There are several games traditionally associated with Halloween. Some of these games originated as <a href=\"https:\/\/www.alimentarium.org\/en\/fact-sheet\/food-and-divination-halloween\">divination rituals<\/a> or ways of foretelling one&#8217;s future, especially regarding death, marriage and children. During the Middle Ages, these rituals were done by a &#8220;rare few&#8221; in rural communities as they were considered to be &#8220;deadly serious&#8221; practices.<\/p>\n<p>In recent centuries, these divination games have been &#8220;a common feature of the household festivities&#8221; in <a href=\"https:\/\/www.ireland.com\/en-us\/things-to-do\/themes\/culture\/halloween-in-ireland\/\">Ireland<\/a> and Britain. They often involve apples and hazelnuts. In <a href=\"https:\/\/mythopedia.com\/topics\/celtic-mythology\">Celtic mythology<\/a>, apples were strongly associated with the Otherworld and immortality, while hazelnuts were associated with divine wisdom. Some also suggest that they derive from Roman practices in celebration of <a href=\"https:\/\/dinosaursandbarbarians.com\/2020\/08\/05\/august-13-the-feast-of-pomona-goddess-of-fruit\/\">Pomona<\/a>.<\/p>\n<p>&nbsp;<\/p>\n<h2>Apple Bobbing<\/h2>\n<p>One common game is <a href=\"https:\/\/www.marthastewart.com\/8147297\/bobbing-for-apples-halloween-origin\">apple bobbing<\/a> or dunking (which may be called &#8220;dooking&#8221; in Scotland) in which apples float in a tub or a large basin of water and the participants must use only their teeth to remove an apple from the basin.<\/p>\n<p>A variant of dunking involves kneeling on a chair, holding a fork between the teeth and trying to drive the fork into an apple. Another common game involves hanging up treacle or syrup-coated scones by strings; these must be eaten without using hands while they remain attached to the string, an activity that inevitably leads to a sticky face. Another once-popular game involves hanging a small wooden rod from the ceiling at head height, with a lit candle on one end and an apple hanging from the other. The rod is spun round and everyone takes turns to try to catch the apple with their teeth.<\/p>\n<p>&nbsp;<\/p>\n<h2>Foretelling<\/h2>\n<p>Several of the traditional activities from Ireland and Britain involve foretelling one&#8217;s future partner or spouse. An apple would be peeled in one long strip, then the peel tossed over the shoulder. The peel is believed to land in the shape of the first letter of the future spouse&#8217;s name.<\/p>\n<p>Two hazelnuts would be roasted near a fire; one named for the person roasting them and the other for the person they desire If the nuts jump away from the heat, it is a bad sign, but if the nuts roast quietly it foretells a good match. A salty oatmeal bannock would be baked; the person would eat it in three bites and then go to bed in silence without anything to drink. This is said to result in a dream in which their future spouse offers them a drink to quench their thirst.<\/p>\n<p>Unmarried women were told that if they sat in a darkened room and gazed into a mirror on Halloween night, the face of their future husband would appear in the mirror. The custom was widespread enough to be commemorated on greeting cards from the late 19th century and early 20th century.<\/p>\n<p>&nbsp;<\/p>\n<h2>Blindfolds<\/h2>\n<p>Another popular Irish game was known as p\u00faic\u00edn\u00ed (&#8220;blindfolds&#8221;); a person would be blindfolded and then would choose between several saucers. The item in the saucer would provide a hint as to their future: a ring would mean that they would marry soon; clay, that they would die soon, perhaps within the year; water, that they would emigrate; rosary beads, that they would take Holy Orders (become a nun, priest, monk, etc.); a coin, that they would become rich; a bean, that they would be poor.<\/p>\n<p>&nbsp;<\/p>\n<h2>Things Hidden In Food<\/h2>\n<p>In Ireland and Scotland, items would be hidden in food \u2013 usually a cake, <a href=\"https:\/\/www.biggerbolderbaking.com\/traditional-irish-barmbrack\/\">barmbrack<\/a>, <a href=\"https:\/\/www.thespruceeats.com\/scottish-cranachan-recipe-435686\">cranachan<\/a>, <a href=\"https:\/\/www.thespruceeats.com\/easy-traditional-irish-champ-recipe-435734\">champ<\/a> or <a href=\"https:\/\/www.bbcgoodfood.com\/recipes\/colcannon\">colcannon<\/a> \u2013 and portions of it served out at random. A person&#8217;s future would be foretold by the item they happened to find; for example, a ring meant marriage and a coin meant wealth.<\/p>\n<p>&nbsp;<\/p>\n<h2>Halloween bonfires<\/h2>\n<p>Up until the 19th century, the <a href=\"https:\/\/halloweenfm.com\/this-is-where-the-tradition-of-halloween-bonfires-came-from\/\">Halloween bonfires<\/a> were also used for divination in parts of Scotland, Wales and Brittany. When the fire died down, a ring of stones would be laid in the ashes, one for each person. In the morning, if any stone was mislaid it was said that the person it represented would not live out the year.<\/p>\n","protected":false},"excerpt":{"rendered":"<p><iframe style=\"width: 100%; height: 700px; border: none;\" src=\"https:\/\/online.visual-paradigm.com\/share\/book\/traditional-games-in-halloween-13smz8vgm9?p=1\" frameborder=\"0\" allowfullscreen=\"allowfullscreen\"><\/iframe><\/p>\n","protected":false},"featured_media":18459,"template":"","meta":{"_yoast_wpseo_title":"","_yoast_wpseo_metadesc":"There are different kinds of traditional activities in Halloween. How much do you know about them? Learn more here and share it with family and friends!"},"product_brand":[],"product_cat":[15,181],"product_tag":[],"class_list":{"0":"post-18427","1":"product","2":"type-product","3":"status-publish","4":"has-post-thumbnail","6":"product_cat-all","7":"product_cat-society","9":"first","10":"instock","11":"shipping-taxable","12":"product-type-simple"},"yoast_head":"<!-- This site is optimized with the Yoast SEO plugin v27.1.1 - https:\/\/yoast.com\/product\/yoast-seo-wordpress\/ -->\n<title>Traditional Games In Halloween - BooksOfAll Vietnamese<\/title>\n<meta name=\"description\" content=\"There are different kinds of traditional activities in Halloween. How much do you know about them? Learn more here and share it with family and friends!\" \/>\n<meta name=\"robots\" content=\"index, follow, max-snippet:-1, max-image-preview:large, max-video-preview:-1\" \/>\n<link rel=\"canonical\" href=\"https:\/\/www.booksofall.com\/vi\/traditional-games-in-halloween\/\" \/>\n<meta property=\"og:locale\" content=\"vi_VN\" \/>\n<meta property=\"og:type\" content=\"article\" \/>\n<meta property=\"og:title\" content=\"Traditional Games In Halloween - BooksOfAll Vietnamese\" \/>\n<meta property=\"og:description\" content=\"There are different kinds of traditional activities in Halloween. How much do you know about them? Learn more here and share it with family and friends!\" \/>\n<meta property=\"og:url\" content=\"https:\/\/www.booksofall.com\/vi\/traditional-games-in-halloween\/\" \/>\n<meta property=\"og:site_name\" content=\"BooksOfAll Vietnamese\" \/>\n<meta property=\"article:modified_time\" content=\"2022-09-29T10:07:47+00:00\" \/>\n<meta property=\"og:image\" content=\"https:\/\/www.booksofall.com\/vi\/wp-content\/uploads\/sites\/10\/2022\/09\/Cover-137.jpg\" \/>\n<meta name=\"twitter:card\" content=\"summary_large_image\" \/>\n<meta name=\"twitter:image\" content=\"https:\/\/www.booksofall.com\/vi\/wp-content\/uploads\/sites\/10\/2022\/09\/Cover-137.jpg\" \/>\n<meta name=\"twitter:label1\" content=\"\u01af\u1edbc t\u00ednh th\u1eddi gian \u0111\u1ecdc\" \/>\n\t<meta name=\"twitter:data1\" content=\"3 ph\u00fat\" \/>\n<script type=\"application\/ld+json\" class=\"yoast-schema-graph\">{\"@context\":\"https:\/\/schema.org\",\"@graph\":[{\"@type\":\"WebPage\",\"@id\":\"https:\/\/www.booksofall.com\/vi\/traditional-games-in-halloween\/\",\"url\":\"https:\/\/www.booksofall.com\/vi\/traditional-games-in-halloween\/\",\"name\":\"Traditional Games In Halloween - BooksOfAll Vietnamese\",\"isPartOf\":{\"@id\":\"https:\/\/www.booksofall.com\/vi\/#website\"},\"primaryImageOfPage\":{\"@id\":\"https:\/\/www.booksofall.com\/vi\/traditional-games-in-halloween\/#primaryimage\"},\"image\":{\"@id\":\"https:\/\/www.booksofall.com\/vi\/traditional-games-in-halloween\/#primaryimage\"},\"thumbnailUrl\":\"https:\/\/www.booksofall.com\/vi\/wp-content\/uploads\/sites\/10\/2022\/09\/Cover-137.jpg\",\"datePublished\":\"2022-09-29T07:40:36+00:00\",\"dateModified\":\"2022-09-29T10:07:47+00:00\",\"description\":\"There are different kinds of traditional activities in Halloween. How much do you know about them? Learn more here and share it with family and friends!\",\"breadcrumb\":{\"@id\":\"https:\/\/www.booksofall.com\/vi\/traditional-games-in-halloween\/#breadcrumb\"},\"inLanguage\":\"vi\",\"potentialAction\":[{\"@type\":\"ReadAction\",\"target\":[\"https:\/\/www.booksofall.com\/vi\/traditional-games-in-halloween\/\"]}]},{\"@type\":\"ImageObject\",\"inLanguage\":\"vi\",\"@id\":\"https:\/\/www.booksofall.com\/vi\/traditional-games-in-halloween\/#primaryimage\",\"url\":\"https:\/\/www.booksofall.com\/vi\/wp-content\/uploads\/sites\/10\/2022\/09\/Cover-137.jpg\",\"contentUrl\":\"https:\/\/www.booksofall.com\/vi\/wp-content\/uploads\/sites\/10\/2022\/09\/Cover-137.jpg\",\"width\":\"595\",\"height\":\"842\"},{\"@type\":\"BreadcrumbList\",\"@id\":\"https:\/\/www.booksofall.com\/vi\/traditional-games-in-halloween\/#breadcrumb\",\"itemListElement\":[{\"@type\":\"ListItem\",\"position\":1,\"name\":\"Home\",\"item\":\"https:\/\/www.booksofall.com\/vi\/\"},{\"@type\":\"ListItem\",\"position\":2,\"name\":\"Categories\",\"item\":\"https:\/\/www.booksofall.com\/vi\/categories\/\"},{\"@type\":\"ListItem\",\"position\":3,\"name\":\"Traditional Games In Halloween\"}]},{\"@type\":\"WebSite\",\"@id\":\"https:\/\/www.booksofall.com\/vi\/#website\",\"url\":\"https:\/\/www.booksofall.com\/vi\/\",\"name\":\"BooksOfAll Vietnamese\",\"description\":\"Biggest IT eBooks library and learning resources - Free eBooks for programming, computing, artificial intelligence and more.\",\"publisher\":{\"@id\":\"https:\/\/www.booksofall.com\/vi\/#organization\"},\"potentialAction\":[{\"@type\":\"SearchAction\",\"target\":{\"@type\":\"EntryPoint\",\"urlTemplate\":\"https:\/\/www.booksofall.com\/vi\/?s={search_term_string}\"},\"query-input\":{\"@type\":\"PropertyValueSpecification\",\"valueRequired\":true,\"valueName\":\"search_term_string\"}}],\"inLanguage\":\"vi\"},{\"@type\":\"Organization\",\"@id\":\"https:\/\/www.booksofall.com\/vi\/#organization\",\"name\":\"BooksOfAll Vietnamese\",\"url\":\"https:\/\/www.booksofall.com\/vi\/\",\"logo\":{\"@type\":\"ImageObject\",\"inLanguage\":\"vi\",\"@id\":\"https:\/\/www.booksofall.com\/vi\/#\/schema\/logo\/image\/\",\"url\":\"https:\/\/www.booksofall.com\/vi\/wp-content\/uploads\/sites\/10\/2022\/06\/booksofall-logo-2.png\",\"contentUrl\":\"https:\/\/www.booksofall.com\/vi\/wp-content\/uploads\/sites\/10\/2022\/06\/booksofall-logo-2.png\",\"width\":166,\"height\":30,\"caption\":\"BooksOfAll Vietnamese\"},\"image\":{\"@id\":\"https:\/\/www.booksofall.com\/vi\/#\/schema\/logo\/image\/\"}}]}<\/script>\n<!-- \/ Yoast SEO plugin. -->","yoast_head_json":{"title":"Traditional Games In Halloween - BooksOfAll Vietnamese","description":"There are different kinds of traditional activities in Halloween. How much do you know about them? Learn more here and share it with family and friends!","robots":{"index":"index","follow":"follow","max-snippet":"max-snippet:-1","max-image-preview":"max-image-preview:large","max-video-preview":"max-video-preview:-1"},"canonical":"https:\/\/www.booksofall.com\/vi\/traditional-games-in-halloween\/","og_locale":"vi_VN","og_type":"article","og_title":"Traditional Games In Halloween - BooksOfAll Vietnamese","og_description":"There are different kinds of traditional activities in Halloween. How much do you know about them? Learn more here and share it with family and friends!","og_url":"https:\/\/www.booksofall.com\/vi\/traditional-games-in-halloween\/","og_site_name":"BooksOfAll Vietnamese","article_modified_time":"2022-09-29T10:07:47+00:00","og_image":[{"url":"https:\/\/www.booksofall.com\/vi\/wp-content\/uploads\/sites\/10\/2022\/09\/Cover-137.jpg","type":"","width":"","height":""}],"twitter_card":"summary_large_image","twitter_image":"https:\/\/www.booksofall.com\/vi\/wp-content\/uploads\/sites\/10\/2022\/09\/Cover-137.jpg","twitter_misc":{"\u01af\u1edbc t\u00ednh th\u1eddi gian \u0111\u1ecdc":"3 ph\u00fat"},"schema":{"@context":"https:\/\/schema.org","@graph":[{"@type":"WebPage","@id":"https:\/\/www.booksofall.com\/vi\/traditional-games-in-halloween\/","url":"https:\/\/www.booksofall.com\/vi\/traditional-games-in-halloween\/","name":"Traditional Games In Halloween - BooksOfAll Vietnamese","isPartOf":{"@id":"https:\/\/www.booksofall.com\/vi\/#website"},"primaryImageOfPage":{"@id":"https:\/\/www.booksofall.com\/vi\/traditional-games-in-halloween\/#primaryimage"},"image":{"@id":"https:\/\/www.booksofall.com\/vi\/traditional-games-in-halloween\/#primaryimage"},"thumbnailUrl":"https:\/\/www.booksofall.com\/vi\/wp-content\/uploads\/sites\/10\/2022\/09\/Cover-137.jpg","datePublished":"2022-09-29T07:40:36+00:00","dateModified":"2022-09-29T10:07:47+00:00","description":"There are different kinds of traditional activities in Halloween. How much do you know about them? Learn more here and share it with family and friends!","breadcrumb":{"@id":"https:\/\/www.booksofall.com\/vi\/traditional-games-in-halloween\/#breadcrumb"},"inLanguage":"vi","potentialAction":[{"@type":"ReadAction","target":["https:\/\/www.booksofall.com\/vi\/traditional-games-in-halloween\/"]}]},{"@type":"ImageObject","inLanguage":"vi","@id":"https:\/\/www.booksofall.com\/vi\/traditional-games-in-halloween\/#primaryimage","url":"https:\/\/www.booksofall.com\/vi\/wp-content\/uploads\/sites\/10\/2022\/09\/Cover-137.jpg","contentUrl":"https:\/\/www.booksofall.com\/vi\/wp-content\/uploads\/sites\/10\/2022\/09\/Cover-137.jpg","width":"595","height":"842"},{"@type":"BreadcrumbList","@id":"https:\/\/www.booksofall.com\/vi\/traditional-games-in-halloween\/#breadcrumb","itemListElement":[{"@type":"ListItem","position":1,"name":"Home","item":"https:\/\/www.booksofall.com\/vi\/"},{"@type":"ListItem","position":2,"name":"Categories","item":"https:\/\/www.booksofall.com\/vi\/categories\/"},{"@type":"ListItem","position":3,"name":"Traditional Games In Halloween"}]},{"@type":"WebSite","@id":"https:\/\/www.booksofall.com\/vi\/#website","url":"https:\/\/www.booksofall.com\/vi\/","name":"BooksOfAll Vietnamese","description":"Biggest IT eBooks library and learning resources - Free eBooks for programming, computing, artificial intelligence and more.","publisher":{"@id":"https:\/\/www.booksofall.com\/vi\/#organization"},"potentialAction":[{"@type":"SearchAction","target":{"@type":"EntryPoint","urlTemplate":"https:\/\/www.booksofall.com\/vi\/?s={search_term_string}"},"query-input":{"@type":"PropertyValueSpecification","valueRequired":true,"valueName":"search_term_string"}}],"inLanguage":"vi"},{"@type":"Organization","@id":"https:\/\/www.booksofall.com\/vi\/#organization","name":"BooksOfAll Vietnamese","url":"https:\/\/www.booksofall.com\/vi\/","logo":{"@type":"ImageObject","inLanguage":"vi","@id":"https:\/\/www.booksofall.com\/vi\/#\/schema\/logo\/image\/","url":"https:\/\/www.booksofall.com\/vi\/wp-content\/uploads\/sites\/10\/2022\/06\/booksofall-logo-2.png","contentUrl":"https:\/\/www.booksofall.com\/vi\/wp-content\/uploads\/sites\/10\/2022\/06\/booksofall-logo-2.png","width":166,"height":30,"caption":"BooksOfAll Vietnamese"},"image":{"@id":"https:\/\/www.booksofall.com\/vi\/#\/schema\/logo\/image\/"}}]}},"_links":{"self":[{"href":"https:\/\/www.booksofall.com\/vi\/wp-json\/wp\/v2\/product\/18427","targetHints":{"allow":["GET"]}}],"collection":[{"href":"https:\/\/www.booksofall.com\/vi\/wp-json\/wp\/v2\/product"}],"about":[{"href":"https:\/\/www.booksofall.com\/vi\/wp-json\/wp\/v2\/types\/product"}],"wp:featuredmedia":[{"embeddable":true,"href":"https:\/\/www.booksofall.com\/vi\/wp-json\/wp\/v2\/media\/18459"}],"wp:attachment":[{"href":"https:\/\/www.booksofall.com\/vi\/wp-json\/wp\/v2\/media?parent=18427"}],"wp:term":[{"taxonomy":"product_brand","embeddable":true,"href":"https:\/\/www.booksofall.com\/vi\/wp-json\/wp\/v2\/product_brand?post=18427"},{"taxonomy":"product_cat","embeddable":true,"href":"https:\/\/www.booksofall.com\/vi\/wp-json\/wp\/v2\/product_cat?post=18427"},{"taxonomy":"product_tag","embeddable":true,"href":"https:\/\/www.booksofall.com\/vi\/wp-json\/wp\/v2\/product_tag?post=18427"}],"curies":[{"name":"wp","href":"https:\/\/api.w.org\/{rel}","templated":true}]}}