{"id":14516,"date":"2022-07-19T05:03:24","date_gmt":"2022-07-19T05:03:24","guid":{"rendered":"https:\/\/www.booksofall.com\/vi\/?post_type=product&#038;p=14516"},"modified":"2022-07-19T05:15:49","modified_gmt":"2022-07-19T05:15:49","slug":"graphic-inspiration-nature-and-folk-art-in-hungarian-art-nouveau","status":"publish","type":"product","link":"https:\/\/www.booksofall.com\/vi\/graphic-inspiration-nature-and-folk-art-in-hungarian-art-nouveau\/","title":{"rendered":"Graphic Inspiration: Nature and Folk Art in Hungarian Art Nouveau"},"content":{"rendered":"<p><strong>In this week&#8217;s Art Nouveau season guest post, J\u00falia Katona, Head of Collection at Budapest&#8217;s\u00a0<a href=\"http:\/\/www.scholagraphidis.org\/\">Schola Graphidis Art Collection<\/a>, highlights the importance of graphic arts within Art Nouveau and describes how Hungarian artists were inspired by native folk culture.<\/strong><\/p>\n<p>The Schola Graphidis Art Collection is the museum collection of Hungary\u2019s oldest national art education institution, founded in 1778, and its successors. It conserves, collects, studies and presents all the fine arts, applied arts and technical collections associated with these historic schools.<\/p>\n<p>After the cavalcade of historical styles seen in art during the second half of the 19th century, Art Nouveau brought something extraordinarily new. Its leading artists, architects and designers broke from tradition and sought fresh inspiration in the inexhaustible forms of nature. Art Nouveau quickly reached an international audience through the publication of periodicals.<\/p>\n<p>In particular, graphic artists showcased their work in albums of high-quality chromolithographs. These albums demonstrated how floral and animal forms could be applied to the decorative arts.<\/p>\n<p>The best-known of these publications were executed by the Swiss-born decorative artist\u00a0<a href=\"https:\/\/en.wikipedia.org\/wiki\/Eug%5B%1$s:C3%5DA8ne_Grasset\">Eug\u00e8ne Samuel Grasset<\/a>\u00a0(1845-1917) and his pupils, and by one of Grasset\u2019s disciples,\u00a0<a href=\"https:\/\/en.wikipedia.org\/wiki\/Maurice_Pillard_Verneuil\">Maurice Pillard Verneuil<\/a>\u00a0(1869-1942).<\/p>\n<p>These albums were studied not only in Europe\u2019s fine art and architecture colleges, but also in industrial drawing schools across the continent. Their influence extended across Europe\u2019s major cities, including Vienna and Budapest (then part of the Austro-Hungarian Empire).<\/p>\n<p>This explains why the Schola Graphidis Art Collection, the modern successor of the Budapest Metropolitan Industrial Drawing School (1886\u20131945), has such a remarkable collection of 19th-century pattern books and ornamental prints.<\/p>\n<p>Art Nouveau artists in central Europe looked to native folk traditions to express their distinctive national cultures in new ways. In Hungary, many artists and art teachers collected and published motifs from Hungarian folk art.<\/p>\n<p>One of them was the professor and director of the Hungarian Royal School of Applied Arts,\u00a0<a href=\"http:\/\/www.europeana.eu\/portal\/search?f%5B%1$s:5BTYPE%5D5D%5B%1$s:5B%5D5D=IMAGE&amp;locale=en&amp;q=who%5B%1$s:3A%5D28Gr%5B%1$s:C3%5DB3h%2C+Istv%5B%1$s:C3%5DA1n%29&amp;view=grid\">Istv\u00e1n Gr\u00f3h<\/a>.<\/p>\n<p>In 1904, Gr\u00f3h published a series of prints made using the technique of chromolithography entitled Hungarian Ornamental Motifs (Magyar stilus\u00fa rajzmint\u00e1k). This album contained ornamental motifs drawn from 17th\u201319th century folk objects, including furniture designs, textiles, carved gates, ceramics, mirror frames, leather works, stoves and painted ceilings of village churches. In parallel, the publication presented new Art Nouveau motifs influenced by Hungarian folk art, by the pupils of Istv\u00e1n Gr\u00f3h, like \u00d6d\u00f6n Farag\u00f3, P\u00e1l Horti, Alad\u00e1r Buday, Alad\u00e1r Stiasny, Lajos P\u00e1tzay and Lajos Protivinszky. Both the drawings after the original folk objects, and the new designs, display typical features of Art Nouveau: the proliferation of curving lines, the dominance of floral ornaments, and the gracefulness of undulating lines.<\/p>\n<p>In the everyday practice of Hungarian art education, western European ornamental prints (typically from France, Germany and England) were used alongside Hungarian publications. This is why the Schola Graphidis Art Collection contains western European pattern books and locally published works from the 19th century and the turn of the century.<\/p>\n<p>Its reference library specialised in educational books on the industrial arts which form part of the rare book collection today. Plaster casts from the 19th century, as well as antique bookbinding and furniture making tools, are also unique parts of the collection. To discover more about the collection and activities of the Schola Graphidis Art Collection, visit its\u00a0<a href=\"http:\/\/www.scholagraphidis.org\/\">website<\/a>.<\/p>\n","protected":false},"excerpt":{"rendered":"<p><iframe style=\"width: 100%; height: 750px; border: none;\" src=\"https:\/\/online.visual-paradigm.com\/share\/book\/graphic-inspiration-nature-and-folk-art-in-hungarian-art-nouveau-10xlt47kt?p=1\" frameborder=\"0\" allowfullscreen=\"allowfullscreen\"><\/iframe><\/p>\n","protected":false},"featured_media":14520,"template":"","meta":{"_yoast_wpseo_title":"","_yoast_wpseo_metadesc":"Optimize your web marketing strategy with an attractive flipbook like this one. Try Visual Paradigm today!"},"product_brand":[],"product_cat":[15,167],"product_tag":[],"class_list":{"0":"post-14516","1":"product","2":"type-product","3":"status-publish","4":"has-post-thumbnail","6":"product_cat-all","7":"product_cat-arts-entertainment","9":"first","10":"instock","11":"shipping-taxable","12":"product-type-simple"},"yoast_head":"<!-- This site is optimized with the Yoast SEO plugin v27.1.1 - https:\/\/yoast.com\/product\/yoast-seo-wordpress\/ -->\n<title>Graphic Inspiration: Nature and Folk Art in Hungarian Art Nouveau - BooksOfAll Vietnamese<\/title>\n<meta name=\"description\" content=\"Optimize your web marketing strategy with an attractive flipbook like this one. Try Visual Paradigm today!\" \/>\n<meta name=\"robots\" content=\"index, follow, max-snippet:-1, max-image-preview:large, max-video-preview:-1\" \/>\n<link rel=\"canonical\" href=\"https:\/\/www.booksofall.com\/vi\/graphic-inspiration-nature-and-folk-art-in-hungarian-art-nouveau\/\" \/>\n<meta property=\"og:locale\" content=\"vi_VN\" \/>\n<meta property=\"og:type\" content=\"article\" \/>\n<meta property=\"og:title\" content=\"Graphic Inspiration: Nature and Folk Art in Hungarian Art Nouveau - BooksOfAll Vietnamese\" \/>\n<meta property=\"og:description\" content=\"Optimize your web marketing strategy with an attractive flipbook like this one. Try Visual Paradigm today!\" \/>\n<meta property=\"og:url\" content=\"https:\/\/www.booksofall.com\/vi\/graphic-inspiration-nature-and-folk-art-in-hungarian-art-nouveau\/\" \/>\n<meta property=\"og:site_name\" content=\"BooksOfAll Vietnamese\" \/>\n<meta property=\"article:modified_time\" content=\"2022-07-19T05:15:49+00:00\" \/>\n<meta property=\"og:image\" content=\"https:\/\/www.booksofall.com\/vi\/wp-content\/uploads\/sites\/10\/2022\/07\/Graphic-Inspiration-Nature-and-Folk-Art-in-Hungarian-Art-Nouveau-01.png\" \/>\n<meta name=\"twitter:card\" content=\"summary_large_image\" \/>\n<meta name=\"twitter:image\" content=\"https:\/\/www.booksofall.com\/vi\/wp-content\/uploads\/sites\/10\/2022\/07\/Graphic-Inspiration-Nature-and-Folk-Art-in-Hungarian-Art-Nouveau-01.png\" \/>\n<meta name=\"twitter:label1\" content=\"\u01af\u1edbc t\u00ednh th\u1eddi gian \u0111\u1ecdc\" \/>\n\t<meta name=\"twitter:data1\" content=\"3 ph\u00fat\" \/>\n<script type=\"application\/ld+json\" class=\"yoast-schema-graph\">{\"@context\":\"https:\/\/schema.org\",\"@graph\":[{\"@type\":\"WebPage\",\"@id\":\"https:\/\/www.booksofall.com\/vi\/graphic-inspiration-nature-and-folk-art-in-hungarian-art-nouveau\/\",\"url\":\"https:\/\/www.booksofall.com\/vi\/graphic-inspiration-nature-and-folk-art-in-hungarian-art-nouveau\/\",\"name\":\"Graphic Inspiration: Nature and Folk Art in Hungarian Art Nouveau - BooksOfAll Vietnamese\",\"isPartOf\":{\"@id\":\"https:\/\/www.booksofall.com\/vi\/#website\"},\"primaryImageOfPage\":{\"@id\":\"https:\/\/www.booksofall.com\/vi\/graphic-inspiration-nature-and-folk-art-in-hungarian-art-nouveau\/#primaryimage\"},\"image\":{\"@id\":\"https:\/\/www.booksofall.com\/vi\/graphic-inspiration-nature-and-folk-art-in-hungarian-art-nouveau\/#primaryimage\"},\"thumbnailUrl\":\"https:\/\/www.booksofall.com\/vi\/wp-content\/uploads\/sites\/10\/2022\/07\/Graphic-Inspiration-Nature-and-Folk-Art-in-Hungarian-Art-Nouveau-01.png\",\"datePublished\":\"2022-07-19T05:03:24+00:00\",\"dateModified\":\"2022-07-19T05:15:49+00:00\",\"description\":\"Optimize your web marketing strategy with an attractive flipbook like this one. Try Visual Paradigm today!\",\"breadcrumb\":{\"@id\":\"https:\/\/www.booksofall.com\/vi\/graphic-inspiration-nature-and-folk-art-in-hungarian-art-nouveau\/#breadcrumb\"},\"inLanguage\":\"vi\",\"potentialAction\":[{\"@type\":\"ReadAction\",\"target\":[\"https:\/\/www.booksofall.com\/vi\/graphic-inspiration-nature-and-folk-art-in-hungarian-art-nouveau\/\"]}]},{\"@type\":\"ImageObject\",\"inLanguage\":\"vi\",\"@id\":\"https:\/\/www.booksofall.com\/vi\/graphic-inspiration-nature-and-folk-art-in-hungarian-art-nouveau\/#primaryimage\",\"url\":\"https:\/\/www.booksofall.com\/vi\/wp-content\/uploads\/sites\/10\/2022\/07\/Graphic-Inspiration-Nature-and-Folk-Art-in-Hungarian-Art-Nouveau-01.png\",\"contentUrl\":\"https:\/\/www.booksofall.com\/vi\/wp-content\/uploads\/sites\/10\/2022\/07\/Graphic-Inspiration-Nature-and-Folk-Art-in-Hungarian-Art-Nouveau-01.png\",\"width\":\"596\",\"height\":\"842\"},{\"@type\":\"BreadcrumbList\",\"@id\":\"https:\/\/www.booksofall.com\/vi\/graphic-inspiration-nature-and-folk-art-in-hungarian-art-nouveau\/#breadcrumb\",\"itemListElement\":[{\"@type\":\"ListItem\",\"position\":1,\"name\":\"Home\",\"item\":\"https:\/\/www.booksofall.com\/vi\/\"},{\"@type\":\"ListItem\",\"position\":2,\"name\":\"Categories\",\"item\":\"https:\/\/www.booksofall.com\/vi\/categories\/\"},{\"@type\":\"ListItem\",\"position\":3,\"name\":\"Graphic Inspiration: Nature and Folk Art in Hungarian Art Nouveau\"}]},{\"@type\":\"WebSite\",\"@id\":\"https:\/\/www.booksofall.com\/vi\/#website\",\"url\":\"https:\/\/www.booksofall.com\/vi\/\",\"name\":\"BooksOfAll Vietnamese\",\"description\":\"Biggest IT eBooks library and learning resources - Free eBooks for programming, computing, artificial intelligence and more.\",\"publisher\":{\"@id\":\"https:\/\/www.booksofall.com\/vi\/#organization\"},\"potentialAction\":[{\"@type\":\"SearchAction\",\"target\":{\"@type\":\"EntryPoint\",\"urlTemplate\":\"https:\/\/www.booksofall.com\/vi\/?s={search_term_string}\"},\"query-input\":{\"@type\":\"PropertyValueSpecification\",\"valueRequired\":true,\"valueName\":\"search_term_string\"}}],\"inLanguage\":\"vi\"},{\"@type\":\"Organization\",\"@id\":\"https:\/\/www.booksofall.com\/vi\/#organization\",\"name\":\"BooksOfAll Vietnamese\",\"url\":\"https:\/\/www.booksofall.com\/vi\/\",\"logo\":{\"@type\":\"ImageObject\",\"inLanguage\":\"vi\",\"@id\":\"https:\/\/www.booksofall.com\/vi\/#\/schema\/logo\/image\/\",\"url\":\"https:\/\/www.booksofall.com\/vi\/wp-content\/uploads\/sites\/10\/2022\/06\/booksofall-logo-2.png\",\"contentUrl\":\"https:\/\/www.booksofall.com\/vi\/wp-content\/uploads\/sites\/10\/2022\/06\/booksofall-logo-2.png\",\"width\":166,\"height\":30,\"caption\":\"BooksOfAll Vietnamese\"},\"image\":{\"@id\":\"https:\/\/www.booksofall.com\/vi\/#\/schema\/logo\/image\/\"}}]}<\/script>\n<!-- \/ Yoast SEO plugin. -->","yoast_head_json":{"title":"Graphic Inspiration: Nature and Folk Art in Hungarian Art Nouveau - BooksOfAll Vietnamese","description":"Optimize your web marketing strategy with an attractive flipbook like this one. Try Visual Paradigm today!","robots":{"index":"index","follow":"follow","max-snippet":"max-snippet:-1","max-image-preview":"max-image-preview:large","max-video-preview":"max-video-preview:-1"},"canonical":"https:\/\/www.booksofall.com\/vi\/graphic-inspiration-nature-and-folk-art-in-hungarian-art-nouveau\/","og_locale":"vi_VN","og_type":"article","og_title":"Graphic Inspiration: Nature and Folk Art in Hungarian Art Nouveau - BooksOfAll Vietnamese","og_description":"Optimize your web marketing strategy with an attractive flipbook like this one. Try Visual Paradigm today!","og_url":"https:\/\/www.booksofall.com\/vi\/graphic-inspiration-nature-and-folk-art-in-hungarian-art-nouveau\/","og_site_name":"BooksOfAll Vietnamese","article_modified_time":"2022-07-19T05:15:49+00:00","og_image":[{"url":"https:\/\/www.booksofall.com\/vi\/wp-content\/uploads\/sites\/10\/2022\/07\/Graphic-Inspiration-Nature-and-Folk-Art-in-Hungarian-Art-Nouveau-01.png","type":"","width":"","height":""}],"twitter_card":"summary_large_image","twitter_image":"https:\/\/www.booksofall.com\/vi\/wp-content\/uploads\/sites\/10\/2022\/07\/Graphic-Inspiration-Nature-and-Folk-Art-in-Hungarian-Art-Nouveau-01.png","twitter_misc":{"\u01af\u1edbc t\u00ednh th\u1eddi gian \u0111\u1ecdc":"3 ph\u00fat"},"schema":{"@context":"https:\/\/schema.org","@graph":[{"@type":"WebPage","@id":"https:\/\/www.booksofall.com\/vi\/graphic-inspiration-nature-and-folk-art-in-hungarian-art-nouveau\/","url":"https:\/\/www.booksofall.com\/vi\/graphic-inspiration-nature-and-folk-art-in-hungarian-art-nouveau\/","name":"Graphic Inspiration: Nature and Folk Art in Hungarian Art Nouveau - BooksOfAll Vietnamese","isPartOf":{"@id":"https:\/\/www.booksofall.com\/vi\/#website"},"primaryImageOfPage":{"@id":"https:\/\/www.booksofall.com\/vi\/graphic-inspiration-nature-and-folk-art-in-hungarian-art-nouveau\/#primaryimage"},"image":{"@id":"https:\/\/www.booksofall.com\/vi\/graphic-inspiration-nature-and-folk-art-in-hungarian-art-nouveau\/#primaryimage"},"thumbnailUrl":"https:\/\/www.booksofall.com\/vi\/wp-content\/uploads\/sites\/10\/2022\/07\/Graphic-Inspiration-Nature-and-Folk-Art-in-Hungarian-Art-Nouveau-01.png","datePublished":"2022-07-19T05:03:24+00:00","dateModified":"2022-07-19T05:15:49+00:00","description":"Optimize your web marketing strategy with an attractive flipbook like this one. Try Visual Paradigm today!","breadcrumb":{"@id":"https:\/\/www.booksofall.com\/vi\/graphic-inspiration-nature-and-folk-art-in-hungarian-art-nouveau\/#breadcrumb"},"inLanguage":"vi","potentialAction":[{"@type":"ReadAction","target":["https:\/\/www.booksofall.com\/vi\/graphic-inspiration-nature-and-folk-art-in-hungarian-art-nouveau\/"]}]},{"@type":"ImageObject","inLanguage":"vi","@id":"https:\/\/www.booksofall.com\/vi\/graphic-inspiration-nature-and-folk-art-in-hungarian-art-nouveau\/#primaryimage","url":"https:\/\/www.booksofall.com\/vi\/wp-content\/uploads\/sites\/10\/2022\/07\/Graphic-Inspiration-Nature-and-Folk-Art-in-Hungarian-Art-Nouveau-01.png","contentUrl":"https:\/\/www.booksofall.com\/vi\/wp-content\/uploads\/sites\/10\/2022\/07\/Graphic-Inspiration-Nature-and-Folk-Art-in-Hungarian-Art-Nouveau-01.png","width":"596","height":"842"},{"@type":"BreadcrumbList","@id":"https:\/\/www.booksofall.com\/vi\/graphic-inspiration-nature-and-folk-art-in-hungarian-art-nouveau\/#breadcrumb","itemListElement":[{"@type":"ListItem","position":1,"name":"Home","item":"https:\/\/www.booksofall.com\/vi\/"},{"@type":"ListItem","position":2,"name":"Categories","item":"https:\/\/www.booksofall.com\/vi\/categories\/"},{"@type":"ListItem","position":3,"name":"Graphic Inspiration: Nature and Folk Art in Hungarian Art Nouveau"}]},{"@type":"WebSite","@id":"https:\/\/www.booksofall.com\/vi\/#website","url":"https:\/\/www.booksofall.com\/vi\/","name":"BooksOfAll Vietnamese","description":"Biggest IT eBooks library and learning resources - Free eBooks for programming, computing, artificial intelligence and more.","publisher":{"@id":"https:\/\/www.booksofall.com\/vi\/#organization"},"potentialAction":[{"@type":"SearchAction","target":{"@type":"EntryPoint","urlTemplate":"https:\/\/www.booksofall.com\/vi\/?s={search_term_string}"},"query-input":{"@type":"PropertyValueSpecification","valueRequired":true,"valueName":"search_term_string"}}],"inLanguage":"vi"},{"@type":"Organization","@id":"https:\/\/www.booksofall.com\/vi\/#organization","name":"BooksOfAll Vietnamese","url":"https:\/\/www.booksofall.com\/vi\/","logo":{"@type":"ImageObject","inLanguage":"vi","@id":"https:\/\/www.booksofall.com\/vi\/#\/schema\/logo\/image\/","url":"https:\/\/www.booksofall.com\/vi\/wp-content\/uploads\/sites\/10\/2022\/06\/booksofall-logo-2.png","contentUrl":"https:\/\/www.booksofall.com\/vi\/wp-content\/uploads\/sites\/10\/2022\/06\/booksofall-logo-2.png","width":166,"height":30,"caption":"BooksOfAll Vietnamese"},"image":{"@id":"https:\/\/www.booksofall.com\/vi\/#\/schema\/logo\/image\/"}}]}},"_links":{"self":[{"href":"https:\/\/www.booksofall.com\/vi\/wp-json\/wp\/v2\/product\/14516","targetHints":{"allow":["GET"]}}],"collection":[{"href":"https:\/\/www.booksofall.com\/vi\/wp-json\/wp\/v2\/product"}],"about":[{"href":"https:\/\/www.booksofall.com\/vi\/wp-json\/wp\/v2\/types\/product"}],"wp:featuredmedia":[{"embeddable":true,"href":"https:\/\/www.booksofall.com\/vi\/wp-json\/wp\/v2\/media\/14520"}],"wp:attachment":[{"href":"https:\/\/www.booksofall.com\/vi\/wp-json\/wp\/v2\/media?parent=14516"}],"wp:term":[{"taxonomy":"product_brand","embeddable":true,"href":"https:\/\/www.booksofall.com\/vi\/wp-json\/wp\/v2\/product_brand?post=14516"},{"taxonomy":"product_cat","embeddable":true,"href":"https:\/\/www.booksofall.com\/vi\/wp-json\/wp\/v2\/product_cat?post=14516"},{"taxonomy":"product_tag","embeddable":true,"href":"https:\/\/www.booksofall.com\/vi\/wp-json\/wp\/v2\/product_tag?post=14516"}],"curies":[{"name":"wp","href":"https:\/\/api.w.org\/{rel}","templated":true}]}}