{"id":3446,"date":"2022-04-25T08:50:58","date_gmt":"2022-04-25T08:50:58","guid":{"rendered":"https:\/\/www.booksofall.com\/tw\/?post_type=product&#038;p=3446"},"modified":"2022-05-17T05:37:29","modified_gmt":"2022-05-17T05:37:29","slug":"imaginary-trees-real-destruction","status":"publish","type":"product","link":"https:\/\/www.booksofall.com\/tw\/imaginary-trees-real-destruction\/","title":{"rendered":"Imaginary Trees, Real Destruction"},"content":{"rendered":"<p><strong>Brazil started to monitor <a href=\"https:\/\/www.nationalgeographic.org\/encyclopedia\/deforestation\/\">deforestation<\/a> in the Amazon Rainforest in 1988. Despite massive forest degradation and destruction over the last 30 years, the government has failed to find a viable solution to the crisis of illegal logging.<\/strong><\/p>\n<p>Production of illegally harvested timber remains high, reflecting the unreliability of the country\u2019s forestry licensing and control systems. While in recent years Brazil\u2019s environmental agencies have strengthened the enforcement of forest preservation policy, lately, this process appears to have stalled.<\/p>\n<p>Since 2014, when<a href=\"https:\/\/www.greenpeace.org\/usa\/issues\/brazil-and-the-amazon-forest\/\"> Greenpeace Brazil<\/a> launched a series of investigations into illegal logging in the Brazilian Amazon, the organization has been highlighting the inadequacy of official documentation as a guarantee of the legal origin of Amazon timber. Due to various forms of fraud that are common at the licensing, harvesting, and commercialization stages of timber production, it is almost impossible to distinguish between legally and illegally logged timber.<\/p>\n<p>The main timber-producing states in the Brazilian Amazon \u2013 Mato Grosso and Par\u00e1 \u2013 operate decentralized and non-integrated forestry licensing and control systems. These systems\u2019 lack of integration makes it harder to tackle fraud. At the same time, the market has proved reluctant to adopt its own measures to mitigate the risk of its supply chain becoming contaminated with illegal Brazilian timber.<\/p>\n<p>A critical flaw in the Amazon states\u2019 forestry governance lies in the weakness of the licensing process for <a href=\"https:\/\/www.fao.org\/sustainable-forests-management\/en\/\">Sustainable Forest Management Plans<\/a> (<i>Planos de Manejo Florestal Sustent\u00e1vel<\/i><i>,<\/i> PMFSs) \u2013 one of the first steps in the process of legal timber harvesting. For the most part, no field inspections are conducted before PMFSs are drawn up. When they are carried out, the quality of inspection tends to be very low (as described in chapter 2). This allows the forest engineers responsible for estimating the volume of wood available for cutting within a given Forest Management Area (<i>\u00c1rea de Manejo Florestal<\/i>, AMF) to overestimate volumes or fraudulently add trees of high commercial value to the area\u2019s forest inventory. State agencies subsequently issue credits for the harvesting and movement of this non-existent timber. These credits are then used to \u201ccook the books\u201d of sawmills that are processing trees illegally logged from forests on indigenous lands, protected areas, or public lands.<\/p>\n<p>An unpublished study carried out by researchers from the<a href=\"http:\/\/www.en.esalq.usp.br\/\"> Luiz de Queiroz School of Agriculture at the University of S\u00e3o Paulo<\/a> (Esalq\/USP) looked at the density, in cubic meters per hectare, of Ipe genus <i>Handroanthus<\/i>\u00a0spp. (formerly known as\u00a0<i>Tabebuia<\/i>\u00a0spp.) reported in the inventories of 586 forest areas subject to PMFSs that were licensed in the State of Par\u00e1 between 2013 and 2017. The study showed that 77% of these inventories registered volumes of Ipe above levels that earlier research and inventories taken in five national forests in Par\u00e1 had identified as probably being the naturally occurring maximum.<\/p>\n<p>Building on this work, the Greenpeace Brazil team has carried out an analysis of all the valid Logging Authorisations (<i>Autoriza\u00e7\u00f5es para Explora\u00e7\u00e3o Florestal<\/i>, AUTEFs) from 2016 to 2019 for Annual Production Units (<i>Unidades de Produ\u00e7\u00e3o Anual<\/i>, UPAs) that contained species of Ipe, authorized by the Department of the Environment of Par\u00e1 state (<i>Secretaria Estadual de Meio Ambiente e Sustentabilidade<\/i>, Semas) (as described in chapter 2).<\/p>\n<p>For a more detailed evaluation, Greenpeace Brazil went on field trips with researchers from USP and technicians from the Brazilian Institute of the Environment and Renewable Natural Resources (<i>Instituto Brasileiro do Meio Ambiente e dos Recursos Naturais Renov\u00e1veis<\/i>, Ibama) to verify the identity of remaining trees and tree stumps listed as Ipe in the forest inventories of six AMFs (as described in chapter 3). This fieldwork verified that incorrect botanical identification, the deliberate overestimation of tree volume, and the listing of non-existent trees were among the main strategies used to illegally extract timber both from within the six AMFs and from other areas.<\/p>\n<p>The present report provides evidence that a weak licensing regime and indiscriminate and illegal logging of Ipe are causing damage to the forest and its inhabitants. Some of the effects of this environmental crime are already visible, including deeper encroachment of illegal roads and growing degradation of the forest, the destruction of biodiversity, and intensification of violence in the countryside.<\/p>\n<p>Brazil urgently needs forest governance and enforcement system capable of ensuring that all timber logged in the Brazilian Amazon is extracted legally and with full regard to the rights of its Indigenous Peoples and other traditional inhabitants.<\/p>\n<p>Source: Greenpeace (<a href=\"http:\/\/www.greenpeace.org\">http:\/\/www.greenpeace.org<\/a>)<\/p>\n","protected":false},"excerpt":{"rendered":"<p><iframe style=\"width: 100%; height: 600px; border: none;\" src=\"https:\/\/online.visual-paradigm.com\/community\/embedded-book\/b91d03c3-greenpeace-report-imaginary-trees-real-destruction-march-2018-xkdu56mke?enforceShowPromotionBar=true\" frameborder=\"0\" allowfullscreen=\"allowfullscreen\"><\/iframe><\/p>\n","protected":false},"featured_media":3468,"template":"","meta":{"_yoast_wpseo_title":"","_yoast_wpseo_metadesc":"With high volumes of illegally harvested timber, Brazil urgently needs forest governance and enforcement system to ensure that all timber is mined legally."},"product_brand":[],"product_cat":[183],"product_tag":[],"class_list":{"0":"post-3446","1":"product","2":"type-product","3":"status-publish","4":"has-post-thumbnail","6":"product_cat-environment","8":"first","9":"instock","10":"shipping-taxable","11":"product-type-simple"},"yoast_head":"<!-- This site is optimized with the Yoast SEO plugin v27.1.1 - https:\/\/yoast.com\/product\/yoast-seo-wordpress\/ -->\n<title>Imaginary Trees, Real Destruction - BooksOfAll Traditional Chinese<\/title>\n<meta name=\"description\" content=\"With high volumes of illegally harvested timber, Brazil urgently needs forest governance and enforcement system to ensure that all timber is mined legally.\" \/>\n<meta name=\"robots\" content=\"index, follow, max-snippet:-1, max-image-preview:large, max-video-preview:-1\" \/>\n<link rel=\"canonical\" href=\"https:\/\/www.booksofall.com\/tw\/imaginary-trees-real-destruction\/\" \/>\n<meta property=\"og:locale\" content=\"zh_TW\" \/>\n<meta property=\"og:type\" content=\"article\" \/>\n<meta property=\"og:title\" content=\"Imaginary Trees, Real Destruction - BooksOfAll Traditional Chinese\" \/>\n<meta property=\"og:description\" content=\"With high volumes of illegally harvested timber, Brazil urgently needs forest governance and enforcement system to ensure that all timber is mined legally.\" \/>\n<meta property=\"og:url\" content=\"https:\/\/www.booksofall.com\/tw\/imaginary-trees-real-destruction\/\" \/>\n<meta property=\"og:site_name\" content=\"BooksOfAll Traditional Chinese\" \/>\n<meta property=\"article:modified_time\" content=\"2022-05-17T05:37:29+00:00\" \/>\n<meta property=\"og:image\" content=\"https:\/\/www.booksofall.com\/tw\/wp-content\/uploads\/sites\/3\/2022\/04\/img_626660c977b70.png\" \/>\n<meta name=\"twitter:card\" content=\"summary_large_image\" \/>\n<meta name=\"twitter:image\" content=\"https:\/\/www.booksofall.com\/tw\/wp-content\/uploads\/sites\/3\/2022\/04\/img_626660c977b70.png\" \/>\n<meta name=\"twitter:label1\" content=\"\u9810\u4f30\u95b1\u8b80\u6642\u9593\" \/>\n\t<meta name=\"twitter:data1\" content=\"4 \u5206\u9418\" \/>\n<script type=\"application\/ld+json\" class=\"yoast-schema-graph\">{\"@context\":\"https:\/\/schema.org\",\"@graph\":[{\"@type\":\"WebPage\",\"@id\":\"https:\/\/www.booksofall.com\/tw\/imaginary-trees-real-destruction\/\",\"url\":\"https:\/\/www.booksofall.com\/tw\/imaginary-trees-real-destruction\/\",\"name\":\"Imaginary Trees, Real Destruction - BooksOfAll Traditional Chinese\",\"isPartOf\":{\"@id\":\"https:\/\/www.booksofall.com\/tw\/#website\"},\"primaryImageOfPage\":{\"@id\":\"https:\/\/www.booksofall.com\/tw\/imaginary-trees-real-destruction\/#primaryimage\"},\"image\":{\"@id\":\"https:\/\/www.booksofall.com\/tw\/imaginary-trees-real-destruction\/#primaryimage\"},\"thumbnailUrl\":\"https:\/\/www.booksofall.com\/tw\/wp-content\/uploads\/sites\/3\/2022\/04\/img_626660c977b70.png\",\"datePublished\":\"2022-04-25T08:50:58+00:00\",\"dateModified\":\"2022-05-17T05:37:29+00:00\",\"description\":\"With high volumes of illegally harvested timber, Brazil urgently needs forest governance and enforcement system to ensure that all timber is mined legally.\",\"breadcrumb\":{\"@id\":\"https:\/\/www.booksofall.com\/tw\/imaginary-trees-real-destruction\/#breadcrumb\"},\"inLanguage\":\"zh-TW\",\"potentialAction\":[{\"@type\":\"ReadAction\",\"target\":[\"https:\/\/www.booksofall.com\/tw\/imaginary-trees-real-destruction\/\"]}]},{\"@type\":\"ImageObject\",\"inLanguage\":\"zh-TW\",\"@id\":\"https:\/\/www.booksofall.com\/tw\/imaginary-trees-real-destruction\/#primaryimage\",\"url\":\"https:\/\/www.booksofall.com\/tw\/wp-content\/uploads\/sites\/3\/2022\/04\/img_626660c977b70.png\",\"contentUrl\":\"https:\/\/www.booksofall.com\/tw\/wp-content\/uploads\/sites\/3\/2022\/04\/img_626660c977b70.png\",\"width\":\"600\",\"height\":\"848\",\"caption\":\"Imaginary Trees, Real Destruction\"},{\"@type\":\"BreadcrumbList\",\"@id\":\"https:\/\/www.booksofall.com\/tw\/imaginary-trees-real-destruction\/#breadcrumb\",\"itemListElement\":[{\"@type\":\"ListItem\",\"position\":1,\"name\":\"Home\",\"item\":\"https:\/\/www.booksofall.com\/tw\/\"},{\"@type\":\"ListItem\",\"position\":2,\"name\":\"Categories\",\"item\":\"https:\/\/www.booksofall.com\/tw\/categories\/\"},{\"@type\":\"ListItem\",\"position\":3,\"name\":\"Imaginary Trees, Real Destruction\"}]},{\"@type\":\"WebSite\",\"@id\":\"https:\/\/www.booksofall.com\/tw\/#website\",\"url\":\"https:\/\/www.booksofall.com\/tw\/\",\"name\":\"BooksOfAll Traditional Chinese\",\"description\":\"Biggest IT eBooks library and learning resources - Free eBooks for programming, computing, artificial intelligence and more.\",\"publisher\":{\"@id\":\"https:\/\/www.booksofall.com\/tw\/#organization\"},\"potentialAction\":[{\"@type\":\"SearchAction\",\"target\":{\"@type\":\"EntryPoint\",\"urlTemplate\":\"https:\/\/www.booksofall.com\/tw\/?s={search_term_string}\"},\"query-input\":{\"@type\":\"PropertyValueSpecification\",\"valueRequired\":true,\"valueName\":\"search_term_string\"}}],\"inLanguage\":\"zh-TW\"},{\"@type\":\"Organization\",\"@id\":\"https:\/\/www.booksofall.com\/tw\/#organization\",\"name\":\"BooksOfAll Traditional Chinese\",\"url\":\"https:\/\/www.booksofall.com\/tw\/\",\"logo\":{\"@type\":\"ImageObject\",\"inLanguage\":\"zh-TW\",\"@id\":\"https:\/\/www.booksofall.com\/tw\/#\/schema\/logo\/image\/\",\"url\":\"https:\/\/www.booksofall.com\/tw\/wp-content\/uploads\/sites\/3\/2022\/06\/booksofall-logo-2.png\",\"contentUrl\":\"https:\/\/www.booksofall.com\/tw\/wp-content\/uploads\/sites\/3\/2022\/06\/booksofall-logo-2.png\",\"width\":166,\"height\":30,\"caption\":\"BooksOfAll Traditional Chinese\"},\"image\":{\"@id\":\"https:\/\/www.booksofall.com\/tw\/#\/schema\/logo\/image\/\"}}]}<\/script>\n<!-- \/ Yoast SEO plugin. -->","yoast_head_json":{"title":"Imaginary Trees, Real Destruction - BooksOfAll Traditional Chinese","description":"With high volumes of illegally harvested timber, Brazil urgently needs forest governance and enforcement system to ensure that all timber is mined legally.","robots":{"index":"index","follow":"follow","max-snippet":"max-snippet:-1","max-image-preview":"max-image-preview:large","max-video-preview":"max-video-preview:-1"},"canonical":"https:\/\/www.booksofall.com\/tw\/imaginary-trees-real-destruction\/","og_locale":"zh_TW","og_type":"article","og_title":"Imaginary Trees, Real Destruction - BooksOfAll Traditional Chinese","og_description":"With high volumes of illegally harvested timber, Brazil urgently needs forest governance and enforcement system to ensure that all timber is mined legally.","og_url":"https:\/\/www.booksofall.com\/tw\/imaginary-trees-real-destruction\/","og_site_name":"BooksOfAll Traditional Chinese","article_modified_time":"2022-05-17T05:37:29+00:00","og_image":[{"url":"https:\/\/www.booksofall.com\/tw\/wp-content\/uploads\/sites\/3\/2022\/04\/img_626660c977b70.png","type":"","width":"","height":""}],"twitter_card":"summary_large_image","twitter_image":"https:\/\/www.booksofall.com\/tw\/wp-content\/uploads\/sites\/3\/2022\/04\/img_626660c977b70.png","twitter_misc":{"\u9810\u4f30\u95b1\u8b80\u6642\u9593":"4 \u5206\u9418"},"schema":{"@context":"https:\/\/schema.org","@graph":[{"@type":"WebPage","@id":"https:\/\/www.booksofall.com\/tw\/imaginary-trees-real-destruction\/","url":"https:\/\/www.booksofall.com\/tw\/imaginary-trees-real-destruction\/","name":"Imaginary Trees, Real Destruction - BooksOfAll Traditional Chinese","isPartOf":{"@id":"https:\/\/www.booksofall.com\/tw\/#website"},"primaryImageOfPage":{"@id":"https:\/\/www.booksofall.com\/tw\/imaginary-trees-real-destruction\/#primaryimage"},"image":{"@id":"https:\/\/www.booksofall.com\/tw\/imaginary-trees-real-destruction\/#primaryimage"},"thumbnailUrl":"https:\/\/www.booksofall.com\/tw\/wp-content\/uploads\/sites\/3\/2022\/04\/img_626660c977b70.png","datePublished":"2022-04-25T08:50:58+00:00","dateModified":"2022-05-17T05:37:29+00:00","description":"With high volumes of illegally harvested timber, Brazil urgently needs forest governance and enforcement system to ensure that all timber is mined legally.","breadcrumb":{"@id":"https:\/\/www.booksofall.com\/tw\/imaginary-trees-real-destruction\/#breadcrumb"},"inLanguage":"zh-TW","potentialAction":[{"@type":"ReadAction","target":["https:\/\/www.booksofall.com\/tw\/imaginary-trees-real-destruction\/"]}]},{"@type":"ImageObject","inLanguage":"zh-TW","@id":"https:\/\/www.booksofall.com\/tw\/imaginary-trees-real-destruction\/#primaryimage","url":"https:\/\/www.booksofall.com\/tw\/wp-content\/uploads\/sites\/3\/2022\/04\/img_626660c977b70.png","contentUrl":"https:\/\/www.booksofall.com\/tw\/wp-content\/uploads\/sites\/3\/2022\/04\/img_626660c977b70.png","width":"600","height":"848","caption":"Imaginary Trees, Real Destruction"},{"@type":"BreadcrumbList","@id":"https:\/\/www.booksofall.com\/tw\/imaginary-trees-real-destruction\/#breadcrumb","itemListElement":[{"@type":"ListItem","position":1,"name":"Home","item":"https:\/\/www.booksofall.com\/tw\/"},{"@type":"ListItem","position":2,"name":"Categories","item":"https:\/\/www.booksofall.com\/tw\/categories\/"},{"@type":"ListItem","position":3,"name":"Imaginary Trees, Real Destruction"}]},{"@type":"WebSite","@id":"https:\/\/www.booksofall.com\/tw\/#website","url":"https:\/\/www.booksofall.com\/tw\/","name":"BooksOfAll Traditional Chinese","description":"Biggest IT eBooks library and learning resources - Free eBooks for programming, computing, artificial intelligence and more.","publisher":{"@id":"https:\/\/www.booksofall.com\/tw\/#organization"},"potentialAction":[{"@type":"SearchAction","target":{"@type":"EntryPoint","urlTemplate":"https:\/\/www.booksofall.com\/tw\/?s={search_term_string}"},"query-input":{"@type":"PropertyValueSpecification","valueRequired":true,"valueName":"search_term_string"}}],"inLanguage":"zh-TW"},{"@type":"Organization","@id":"https:\/\/www.booksofall.com\/tw\/#organization","name":"BooksOfAll Traditional Chinese","url":"https:\/\/www.booksofall.com\/tw\/","logo":{"@type":"ImageObject","inLanguage":"zh-TW","@id":"https:\/\/www.booksofall.com\/tw\/#\/schema\/logo\/image\/","url":"https:\/\/www.booksofall.com\/tw\/wp-content\/uploads\/sites\/3\/2022\/06\/booksofall-logo-2.png","contentUrl":"https:\/\/www.booksofall.com\/tw\/wp-content\/uploads\/sites\/3\/2022\/06\/booksofall-logo-2.png","width":166,"height":30,"caption":"BooksOfAll Traditional Chinese"},"image":{"@id":"https:\/\/www.booksofall.com\/tw\/#\/schema\/logo\/image\/"}}]}},"_links":{"self":[{"href":"https:\/\/www.booksofall.com\/tw\/wp-json\/wp\/v2\/product\/3446","targetHints":{"allow":["GET"]}}],"collection":[{"href":"https:\/\/www.booksofall.com\/tw\/wp-json\/wp\/v2\/product"}],"about":[{"href":"https:\/\/www.booksofall.com\/tw\/wp-json\/wp\/v2\/types\/product"}],"wp:featuredmedia":[{"embeddable":true,"href":"https:\/\/www.booksofall.com\/tw\/wp-json\/wp\/v2\/media\/3468"}],"wp:attachment":[{"href":"https:\/\/www.booksofall.com\/tw\/wp-json\/wp\/v2\/media?parent=3446"}],"wp:term":[{"taxonomy":"product_brand","embeddable":true,"href":"https:\/\/www.booksofall.com\/tw\/wp-json\/wp\/v2\/product_brand?post=3446"},{"taxonomy":"product_cat","embeddable":true,"href":"https:\/\/www.booksofall.com\/tw\/wp-json\/wp\/v2\/product_cat?post=3446"},{"taxonomy":"product_tag","embeddable":true,"href":"https:\/\/www.booksofall.com\/tw\/wp-json\/wp\/v2\/product_tag?post=3446"}],"curies":[{"name":"wp","href":"https:\/\/api.w.org\/{rel}","templated":true}]}}