{"id":15166,"date":"2022-07-21T06:50:57","date_gmt":"2022-07-21T06:50:57","guid":{"rendered":"https:\/\/www.booksofall.com\/tw\/?post_type=product&#038;p=15166"},"modified":"2022-07-21T06:50:57","modified_gmt":"2022-07-21T06:50:57","slug":"une-baye-the-world-was-her-stage","status":"publish","type":"product","link":"https:\/\/www.booksofall.com\/tw\/une-baye-the-world-was-her-stage\/","title":{"rendered":"Un\u0117 Baye: the world was her stage"},"content":{"rendered":"<h4>The extraordinary life and times of Lithuanian actor.<\/h4>\n<p><strong>From Hollywood glamour to the Siberian gulag, the life of Lithuanian actor Un\u0117 Baye was as dramatic in life as it was on the stage<\/strong><\/p>\n<p><a href=\"https:\/\/www.europeana.eu\/portal\/search?q=Un%5B%1$s:C4%5D97s+Babickait%5B%1$s:C4%5D97s\">Ur\u0161ul\u0117 Babickait\u0117-Grai\u010di\u016bnien\u0117<\/a> was born in the Lithuanian village of Laukmini\u0161kiai. She began acting and singing whilst in elementary school. In 1913, she moved to Russia, where she studied music, drama and opera at the St. Petersburg Imperial Conservatory. Dreaming of becoming a film star, Un\u0117 travelled to the United States of America in 1919, and there simplified her name to Un\u0117 Baye. She made her screen debut in 1922 and appeared in a handful of Paramount films until 1924. Unfortunately, because of a visual impairment, Un\u0117 Baye abandoned her dream of becoming a Hollywood star. Later, she focuses on theatre, appearing on stage in Chicago, Washington, DC and New York. In 1924 Un\u0117 married her cousin Vytautas Andrew Grai\u010di\u016bnas, and, in 1928, moved back to Europe with him. In London, she established the New Russian Theatre, and later the Anglo-American Company Troupe which performed in Paris theatres.<\/p>\n<p>Whilst in Europe, Baye mixed with famous painters, actors, directors, critics and diplomats, such as\u00a0<a href=\"https:\/\/www.europeana.eu\/portal\/search?q=%5B%1$s:20John%5D20Gielgud\">John Gielgud<\/a>,\u00a0<a href=\"https:\/\/www.europeana.eu\/portal\/search?q=Dolores%20Cassinelli\">Dolores Cassinelli<\/a>\u00a0and\u00a0<a href=\"https:\/\/www.europeana.eu\/portal\/search?q=Jacques%20Deval\">Jacques Deval<\/a> to name only a few. Un\u0117\u2019s career was put on hold when she fell seriously ill in 1931, and the following years were scarred by a string of unpleasant incidents. She was involved in two car accidents and underwent several surgeries. Whilst recuperating in Italy, Baye contemplated life as a Catholic nun. She joined the\u00a0<a href=\"https:\/\/en.wikipedia.org\/wiki\/Third_Order_of_Saint_Francis\">Third Order of Saint Francis<\/a> but, despite her devotion, never became a fully-fledged nun.<\/p>\n<p>In 1936, Un\u0117 Baye joined her husband in Lithuania. She committed herself to helping her homeland and devoted her energy to elevate Lithuanian theatre. Following her motto \u201cBeauty Is My Alpha and Omega\u201d, she began working at the\u00a0<a href=\"https:\/\/en.wikipedia.org\/wiki\/Lithuanian_Riflemen%5B%27s%5D_Union\">Lithuanian Riflemen\u2019s Union Theatre<\/a>. By the end of World War II, Un\u0117 and her husband had remained in Lithuania as it fell under three foreign occupations. In 1951, during the Soviet occupation of Lithuania, the Grai\u010di\u016bnas\u2019 family was arrested, under the pretext that they were concealing the United States of America flag. The Soviet authorities sentenced Baye and her husband to five and ten years respectively; both were deported to gulags in Siberia&#8230;..<\/p>\n","protected":false},"excerpt":{"rendered":"<p><iframe style=\"width: 100%; height: 750px; border: none;\" src=\"https:\/\/online.visual-paradigm.com\/share\/book\/un-baye-the-world-was-her-stage-110m5k483d?p=1\" frameborder=\"0\" allowfullscreen=\"allowfullscreen\"><\/iframe><\/p>\n","protected":false},"featured_media":15172,"template":"","meta":{"_yoast_wpseo_title":"","_yoast_wpseo_metadesc":"Intuitive online diagram maker - Learn how to add line breaks into shapes created using Visual Paradigm's free online diagram editor."},"product_brand":[],"product_cat":[15,167],"product_tag":[],"class_list":{"0":"post-15166","1":"product","2":"type-product","3":"status-publish","4":"has-post-thumbnail","6":"product_cat-all","7":"product_cat-arts-entertainment","9":"first","10":"instock","11":"shipping-taxable","12":"product-type-simple"},"yoast_head":"<!-- This site is optimized with the Yoast SEO plugin v27.1.1 - https:\/\/yoast.com\/product\/yoast-seo-wordpress\/ -->\n<title>Un\u0117 Baye: the world was her stage - BooksOfAll Traditional Chinese<\/title>\n<meta name=\"description\" content=\"Intuitive online diagram maker - Learn how to add line breaks into shapes created using Visual Paradigm&#039;s free online diagram editor.\" \/>\n<meta name=\"robots\" content=\"index, follow, max-snippet:-1, max-image-preview:large, max-video-preview:-1\" \/>\n<link rel=\"canonical\" href=\"https:\/\/www.booksofall.com\/tw\/une-baye-the-world-was-her-stage\/\" \/>\n<meta property=\"og:locale\" content=\"zh_TW\" \/>\n<meta property=\"og:type\" content=\"article\" \/>\n<meta property=\"og:title\" content=\"Un\u0117 Baye: the world was her stage - BooksOfAll Traditional Chinese\" \/>\n<meta property=\"og:description\" content=\"Intuitive online diagram maker - Learn how to add line breaks into shapes created using Visual Paradigm&#039;s free online diagram editor.\" \/>\n<meta property=\"og:url\" content=\"https:\/\/www.booksofall.com\/tw\/une-baye-the-world-was-her-stage\/\" \/>\n<meta property=\"og:site_name\" content=\"BooksOfAll Traditional Chinese\" \/>\n<meta property=\"og:image\" content=\"https:\/\/www.booksofall.com\/tw\/wp-content\/uploads\/sites\/3\/2022\/07\/Une-Baye-the-world-was-her-stage-01.png\" \/>\n<meta name=\"twitter:card\" content=\"summary_large_image\" \/>\n<meta name=\"twitter:image\" content=\"https:\/\/www.booksofall.com\/tw\/wp-content\/uploads\/sites\/3\/2022\/07\/Une-Baye-the-world-was-her-stage-01.png\" \/>\n<meta name=\"twitter:label1\" content=\"\u9810\u4f30\u95b1\u8b80\u6642\u9593\" \/>\n\t<meta name=\"twitter:data1\" content=\"2 \u5206\u9418\" \/>\n<script type=\"application\/ld+json\" class=\"yoast-schema-graph\">{\"@context\":\"https:\/\/schema.org\",\"@graph\":[{\"@type\":\"WebPage\",\"@id\":\"https:\/\/www.booksofall.com\/tw\/une-baye-the-world-was-her-stage\/\",\"url\":\"https:\/\/www.booksofall.com\/tw\/une-baye-the-world-was-her-stage\/\",\"name\":\"Un\u0117 Baye: the world was her stage - BooksOfAll Traditional Chinese\",\"isPartOf\":{\"@id\":\"https:\/\/www.booksofall.com\/tw\/#website\"},\"primaryImageOfPage\":{\"@id\":\"https:\/\/www.booksofall.com\/tw\/une-baye-the-world-was-her-stage\/#primaryimage\"},\"image\":{\"@id\":\"https:\/\/www.booksofall.com\/tw\/une-baye-the-world-was-her-stage\/#primaryimage\"},\"thumbnailUrl\":\"https:\/\/www.booksofall.com\/tw\/wp-content\/uploads\/sites\/3\/2022\/07\/Une-Baye-the-world-was-her-stage-01.png\",\"datePublished\":\"2022-07-21T06:50:57+00:00\",\"description\":\"Intuitive online diagram maker - Learn how to add line breaks into shapes created using Visual Paradigm's free online diagram editor.\",\"breadcrumb\":{\"@id\":\"https:\/\/www.booksofall.com\/tw\/une-baye-the-world-was-her-stage\/#breadcrumb\"},\"inLanguage\":\"zh-TW\",\"potentialAction\":[{\"@type\":\"ReadAction\",\"target\":[\"https:\/\/www.booksofall.com\/tw\/une-baye-the-world-was-her-stage\/\"]}]},{\"@type\":\"ImageObject\",\"inLanguage\":\"zh-TW\",\"@id\":\"https:\/\/www.booksofall.com\/tw\/une-baye-the-world-was-her-stage\/#primaryimage\",\"url\":\"https:\/\/www.booksofall.com\/tw\/wp-content\/uploads\/sites\/3\/2022\/07\/Une-Baye-the-world-was-her-stage-01.png\",\"contentUrl\":\"https:\/\/www.booksofall.com\/tw\/wp-content\/uploads\/sites\/3\/2022\/07\/Une-Baye-the-world-was-her-stage-01.png\",\"width\":\"596\",\"height\":\"842\"},{\"@type\":\"BreadcrumbList\",\"@id\":\"https:\/\/www.booksofall.com\/tw\/une-baye-the-world-was-her-stage\/#breadcrumb\",\"itemListElement\":[{\"@type\":\"ListItem\",\"position\":1,\"name\":\"Home\",\"item\":\"https:\/\/www.booksofall.com\/tw\/\"},{\"@type\":\"ListItem\",\"position\":2,\"name\":\"Categories\",\"item\":\"https:\/\/www.booksofall.com\/tw\/categories\/\"},{\"@type\":\"ListItem\",\"position\":3,\"name\":\"Un\u0117 Baye: the world was her stage\"}]},{\"@type\":\"WebSite\",\"@id\":\"https:\/\/www.booksofall.com\/tw\/#website\",\"url\":\"https:\/\/www.booksofall.com\/tw\/\",\"name\":\"BooksOfAll Traditional Chinese\",\"description\":\"Biggest IT eBooks library and learning resources - Free eBooks for programming, computing, artificial intelligence and more.\",\"publisher\":{\"@id\":\"https:\/\/www.booksofall.com\/tw\/#organization\"},\"potentialAction\":[{\"@type\":\"SearchAction\",\"target\":{\"@type\":\"EntryPoint\",\"urlTemplate\":\"https:\/\/www.booksofall.com\/tw\/?s={search_term_string}\"},\"query-input\":{\"@type\":\"PropertyValueSpecification\",\"valueRequired\":true,\"valueName\":\"search_term_string\"}}],\"inLanguage\":\"zh-TW\"},{\"@type\":\"Organization\",\"@id\":\"https:\/\/www.booksofall.com\/tw\/#organization\",\"name\":\"BooksOfAll Traditional Chinese\",\"url\":\"https:\/\/www.booksofall.com\/tw\/\",\"logo\":{\"@type\":\"ImageObject\",\"inLanguage\":\"zh-TW\",\"@id\":\"https:\/\/www.booksofall.com\/tw\/#\/schema\/logo\/image\/\",\"url\":\"https:\/\/www.booksofall.com\/tw\/wp-content\/uploads\/sites\/3\/2022\/06\/booksofall-logo-2.png\",\"contentUrl\":\"https:\/\/www.booksofall.com\/tw\/wp-content\/uploads\/sites\/3\/2022\/06\/booksofall-logo-2.png\",\"width\":166,\"height\":30,\"caption\":\"BooksOfAll Traditional Chinese\"},\"image\":{\"@id\":\"https:\/\/www.booksofall.com\/tw\/#\/schema\/logo\/image\/\"}}]}<\/script>\n<!-- \/ Yoast SEO plugin. -->","yoast_head_json":{"title":"Un\u0117 Baye: the world was her stage - BooksOfAll Traditional Chinese","description":"Intuitive online diagram maker - Learn how to add line breaks into shapes created using Visual Paradigm's free online diagram editor.","robots":{"index":"index","follow":"follow","max-snippet":"max-snippet:-1","max-image-preview":"max-image-preview:large","max-video-preview":"max-video-preview:-1"},"canonical":"https:\/\/www.booksofall.com\/tw\/une-baye-the-world-was-her-stage\/","og_locale":"zh_TW","og_type":"article","og_title":"Un\u0117 Baye: the world was her stage - BooksOfAll Traditional Chinese","og_description":"Intuitive online diagram maker - Learn how to add line breaks into shapes created using Visual Paradigm's free online diagram editor.","og_url":"https:\/\/www.booksofall.com\/tw\/une-baye-the-world-was-her-stage\/","og_site_name":"BooksOfAll Traditional Chinese","og_image":[{"url":"https:\/\/www.booksofall.com\/tw\/wp-content\/uploads\/sites\/3\/2022\/07\/Une-Baye-the-world-was-her-stage-01.png","type":"","width":"","height":""}],"twitter_card":"summary_large_image","twitter_image":"https:\/\/www.booksofall.com\/tw\/wp-content\/uploads\/sites\/3\/2022\/07\/Une-Baye-the-world-was-her-stage-01.png","twitter_misc":{"\u9810\u4f30\u95b1\u8b80\u6642\u9593":"2 \u5206\u9418"},"schema":{"@context":"https:\/\/schema.org","@graph":[{"@type":"WebPage","@id":"https:\/\/www.booksofall.com\/tw\/une-baye-the-world-was-her-stage\/","url":"https:\/\/www.booksofall.com\/tw\/une-baye-the-world-was-her-stage\/","name":"Un\u0117 Baye: the world was her stage - BooksOfAll Traditional Chinese","isPartOf":{"@id":"https:\/\/www.booksofall.com\/tw\/#website"},"primaryImageOfPage":{"@id":"https:\/\/www.booksofall.com\/tw\/une-baye-the-world-was-her-stage\/#primaryimage"},"image":{"@id":"https:\/\/www.booksofall.com\/tw\/une-baye-the-world-was-her-stage\/#primaryimage"},"thumbnailUrl":"https:\/\/www.booksofall.com\/tw\/wp-content\/uploads\/sites\/3\/2022\/07\/Une-Baye-the-world-was-her-stage-01.png","datePublished":"2022-07-21T06:50:57+00:00","description":"Intuitive online diagram maker - Learn how to add line breaks into shapes created using Visual Paradigm's free online diagram editor.","breadcrumb":{"@id":"https:\/\/www.booksofall.com\/tw\/une-baye-the-world-was-her-stage\/#breadcrumb"},"inLanguage":"zh-TW","potentialAction":[{"@type":"ReadAction","target":["https:\/\/www.booksofall.com\/tw\/une-baye-the-world-was-her-stage\/"]}]},{"@type":"ImageObject","inLanguage":"zh-TW","@id":"https:\/\/www.booksofall.com\/tw\/une-baye-the-world-was-her-stage\/#primaryimage","url":"https:\/\/www.booksofall.com\/tw\/wp-content\/uploads\/sites\/3\/2022\/07\/Une-Baye-the-world-was-her-stage-01.png","contentUrl":"https:\/\/www.booksofall.com\/tw\/wp-content\/uploads\/sites\/3\/2022\/07\/Une-Baye-the-world-was-her-stage-01.png","width":"596","height":"842"},{"@type":"BreadcrumbList","@id":"https:\/\/www.booksofall.com\/tw\/une-baye-the-world-was-her-stage\/#breadcrumb","itemListElement":[{"@type":"ListItem","position":1,"name":"Home","item":"https:\/\/www.booksofall.com\/tw\/"},{"@type":"ListItem","position":2,"name":"Categories","item":"https:\/\/www.booksofall.com\/tw\/categories\/"},{"@type":"ListItem","position":3,"name":"Un\u0117 Baye: the world was her stage"}]},{"@type":"WebSite","@id":"https:\/\/www.booksofall.com\/tw\/#website","url":"https:\/\/www.booksofall.com\/tw\/","name":"BooksOfAll Traditional Chinese","description":"Biggest IT eBooks library and learning resources - Free eBooks for programming, computing, artificial intelligence and more.","publisher":{"@id":"https:\/\/www.booksofall.com\/tw\/#organization"},"potentialAction":[{"@type":"SearchAction","target":{"@type":"EntryPoint","urlTemplate":"https:\/\/www.booksofall.com\/tw\/?s={search_term_string}"},"query-input":{"@type":"PropertyValueSpecification","valueRequired":true,"valueName":"search_term_string"}}],"inLanguage":"zh-TW"},{"@type":"Organization","@id":"https:\/\/www.booksofall.com\/tw\/#organization","name":"BooksOfAll Traditional Chinese","url":"https:\/\/www.booksofall.com\/tw\/","logo":{"@type":"ImageObject","inLanguage":"zh-TW","@id":"https:\/\/www.booksofall.com\/tw\/#\/schema\/logo\/image\/","url":"https:\/\/www.booksofall.com\/tw\/wp-content\/uploads\/sites\/3\/2022\/06\/booksofall-logo-2.png","contentUrl":"https:\/\/www.booksofall.com\/tw\/wp-content\/uploads\/sites\/3\/2022\/06\/booksofall-logo-2.png","width":166,"height":30,"caption":"BooksOfAll Traditional Chinese"},"image":{"@id":"https:\/\/www.booksofall.com\/tw\/#\/schema\/logo\/image\/"}}]}},"_links":{"self":[{"href":"https:\/\/www.booksofall.com\/tw\/wp-json\/wp\/v2\/product\/15166","targetHints":{"allow":["GET"]}}],"collection":[{"href":"https:\/\/www.booksofall.com\/tw\/wp-json\/wp\/v2\/product"}],"about":[{"href":"https:\/\/www.booksofall.com\/tw\/wp-json\/wp\/v2\/types\/product"}],"wp:featuredmedia":[{"embeddable":true,"href":"https:\/\/www.booksofall.com\/tw\/wp-json\/wp\/v2\/media\/15172"}],"wp:attachment":[{"href":"https:\/\/www.booksofall.com\/tw\/wp-json\/wp\/v2\/media?parent=15166"}],"wp:term":[{"taxonomy":"product_brand","embeddable":true,"href":"https:\/\/www.booksofall.com\/tw\/wp-json\/wp\/v2\/product_brand?post=15166"},{"taxonomy":"product_cat","embeddable":true,"href":"https:\/\/www.booksofall.com\/tw\/wp-json\/wp\/v2\/product_cat?post=15166"},{"taxonomy":"product_tag","embeddable":true,"href":"https:\/\/www.booksofall.com\/tw\/wp-json\/wp\/v2\/product_tag?post=15166"}],"curies":[{"name":"wp","href":"https:\/\/api.w.org\/{rel}","templated":true}]}}