{"id":14828,"date":"2022-07-20T03:38:50","date_gmt":"2022-07-20T03:38:50","guid":{"rendered":"https:\/\/www.booksofall.com\/tw\/?post_type=product&#038;p=14828"},"modified":"2022-07-20T03:38:59","modified_gmt":"2022-07-20T03:38:59","slug":"the-correspondence-of-heloise-and-abelard","status":"publish","type":"product","link":"https:\/\/www.booksofall.com\/tw\/the-correspondence-of-heloise-and-abelard\/","title":{"rendered":"The Correspondence of Heloise and Abelard"},"content":{"rendered":"<p>Love, Friendship and Philosophy in the Middle Ages<\/p>\n<p>What led to the most famous medieval correspondence? A thwarted love affair! The passionate relationship between\u00a0<a href=\"https:\/\/www.europeana.eu\/portal\/search?q=heloise+abelard&amp;per_page=96\">Abelard and Heloise<\/a>\u00a0in 12th-century France was well-known even in the Middle Ages and has remained popular ever since.<\/p>\n<h4 id=\"a-legacy-of-love-\">A Legacy of Love &#8230;<\/h4>\n<p>The scholastic philosopher and theologian\u00a0<a href=\"https:\/\/www.europeana.eu\/portal\/record\/9200518\/ark__12148_btv1b85518319.html\">Peter Abelard<\/a>, described by\u00a0<a href=\"https:\/\/www.europeana.eu\/portal\/record\/9200520\/ark__12148_bpt6k5494188c.html\">Peter the Venerable<\/a>\u00a0as &#8216;the Socrates of France, the sublime Plato of the West, our Aristotle&#8217;, was as brilliant as he was controversial. His thought and works on morality, theology and\u00a0<a href=\"https:\/\/en.wikipedia.org\/wiki\/Dialectic\">dialectic<\/a>\u00a0were of great importance. Besides these contributions, he is also remembered as the castrated lover of\u00a0<a href=\"https:\/\/www.europeana.eu\/portal\/record\/9200387\/BibliographicResource_3000117300625.html\">Heloise d&#8217;Argenteuil<\/a>. The story of their passion has made Heloise and Abelard one of the great couples of legend: their correspondence was quoted as early as the 13th century by\u00a0<a href=\"https:\/\/www.europeana.eu\/portal\/search?q=%22jean+de+meun%22+OR+%22jean+de+meung%22\">Jean de Meun<\/a>\u00a0in the\u00a0<em><a href=\"https:\/\/www.europeana.eu\/portal\/en\/search?q=%22roman+de+la+rose%22\">Romance of the Rose<\/a>,<\/em>\u00a0and\u00a0<a href=\"https:\/\/www.europeana.eu\/portal\/search?q=Fran%5B%1$s:C3%5DA7ois+Villon\">Fran\u00e7ois Villon<\/a>\u00a0mentioned it in 1461 in his\u00a0<a href=\"https:\/\/www.europeana.eu\/portal\/record\/9200520\/ark__12148_bpt6k6484829v.html\"><em>Ballade des dames du temps jadis<\/em><\/a>, which was\u00a0<a href=\"https:\/\/www.europeana.eu\/portal\/record\/9200516\/ark__12148_bpt6k8821678f.html\">set to music in 1953<\/a>\u00a0by\u00a0<a href=\"https:\/\/www.europeana.eu\/portal\/search?q=Georges+Brassens\">Georges Brassens<\/a>.<\/p>\n<p>In Modern French, the poem reads: &#8216;O\u00f9 est la tr\u00e8s sage H\u00e9lo\u00efs, Pour qui fut ch\u00e2tr\u00e9 et puis moine Pierre Esbaillart \u00e0 Saint-Denis ? Pour son amour eut cette peine.&#8217; Villon&#8217;s poem was translated into English in 1870 by\u00a0<a href=\"https:\/\/www.europeana.eu\/portal\/explore\/people\/61232-dante-gabriel-rossetti.html\">Dante Gabriel Rossetti<\/a>\u00a0as\u00a0<a href=\"https:\/\/www.europeana.eu\/portal\/record\/9200143\/BibliographicResource_2000069288003.html\"><em>The Ballad of Dead Ladies<\/em><\/a>:<\/p>\n<blockquote>\n<h4>Where&#8217;s Heloise, the learned nun, For whose sake Abeillard, I ween, Lost manhood and put priesthood on? (From Love he won such dule and teen!)<\/h4>\n<p>Their story tells of the love that grew between one of the greatest minds of the early 12th century, then 40 years old, and his brilliant 18-year-old student. The affair led to their secret marriage and the birth of their son, Astrolabe. However, it also caused conflict with Heloise&#8217;s family and resulted in Fulbert, a powerful canon in Paris, giving the order for Abelard to be castrated as punishment.<\/p>\n<h4 id=\"-of-an-exceptional-couple\">&#8230; of an Exceptional Couple<\/h4>\n<p>The\u00a0<em>Letters of Two Lovers<\/em>\u00a0(<em>Epistolae duorum amantium<\/em>) were discovered in the 15th century, but lay forgotten until the 20th century. Some scholars have recently attributed them to Heloise and Abelard, believing these letters could be the passionate correspondence of their youth. Better known are the\u00a0<a href=\"https:\/\/www.europeana.eu\/portal\/record\/9200520\/ark__12148_bpt6k64242457.html\">letters translated by Bussy-Rabutin<\/a>\u00a0in the 17th century. These were exchanged after the lovers\u2019 forced separation and their later entry into religious life, when Heloise was abbess of the Paraclete and Abelard a monk in Saint-Denis.<\/p>\n<p>The oldest letter from Heloise to Abelard in this collection was written nearly 20 years after she entered the convent. She seeks to resume their past relationship while at the same time encouraging him to focus on faith and religion. In this exchange, where Heloise truly exists as Abelard&#8217;s lover and wife in only five letters that have been preserved, the former lovers discuss Benedictine rule and Heloise in particular provides a critical reflection on monastic life. To continue celebrating a love story that took place a thousand years ago, why not visit the tomb where Heloise and Abelard have been reunited, finally and forever, in the P\u00e8re Lachaise Cemetery in Paris?<\/p>\n<p><strong>The blog is a part of the\u00a0<a href=\"https:\/\/pro.europeana.eu\/post\/introducing-the-rise-of-literacy-generic-services-project-digitizing-europe-s-textual-heritage\">Rise of Literacy project<\/a>, where we take you on an exploration of literacy in Europe thanks to the digital preservation of precious textual works from collections across the continent.<\/strong><\/p><\/blockquote>\n","protected":false},"excerpt":{"rendered":"<p><iframe style=\"width: 100%; height: 750px; border: none;\" src=\"https:\/\/online.visual-paradigm.com\/share\/book\/the-correspondence-of-heloise-and-abelard-10yzu391ve?p=1\" frameborder=\"0\" allowfullscreen=\"allowfullscreen\"><\/iframe><\/p>\n","protected":false},"featured_media":14831,"template":"","meta":{"_yoast_wpseo_title":"","_yoast_wpseo_metadesc":"Intuitive online diagram maker - Learn how to add line breaks into shapes created using Visual Paradigm's free online diagram editor."},"product_brand":[],"product_cat":[15,170],"product_tag":[],"class_list":{"0":"post-14828","1":"product","2":"type-product","3":"status-publish","4":"has-post-thumbnail","6":"product_cat-all","7":"product_cat-religion-spirituality","9":"first","10":"instock","11":"shipping-taxable","12":"product-type-simple"},"yoast_head":"<!-- This site is optimized with the Yoast SEO plugin v27.1.1 - https:\/\/yoast.com\/product\/yoast-seo-wordpress\/ -->\n<title>The Correspondence of Heloise and Abelard - BooksOfAll Traditional Chinese<\/title>\n<meta name=\"description\" content=\"Intuitive online diagram maker - Learn how to add line breaks into shapes created using Visual Paradigm&#039;s free online diagram editor.\" \/>\n<meta name=\"robots\" content=\"index, follow, max-snippet:-1, max-image-preview:large, max-video-preview:-1\" \/>\n<link rel=\"canonical\" href=\"https:\/\/www.booksofall.com\/tw\/the-correspondence-of-heloise-and-abelard\/\" \/>\n<meta property=\"og:locale\" content=\"zh_TW\" \/>\n<meta property=\"og:type\" content=\"article\" \/>\n<meta property=\"og:title\" content=\"The Correspondence of Heloise and Abelard - BooksOfAll Traditional Chinese\" \/>\n<meta property=\"og:description\" content=\"Intuitive online diagram maker - Learn how to add line breaks into shapes created using Visual Paradigm&#039;s free online diagram editor.\" \/>\n<meta property=\"og:url\" content=\"https:\/\/www.booksofall.com\/tw\/the-correspondence-of-heloise-and-abelard\/\" \/>\n<meta property=\"og:site_name\" content=\"BooksOfAll Traditional Chinese\" \/>\n<meta property=\"article:modified_time\" content=\"2022-07-20T03:38:59+00:00\" \/>\n<meta property=\"og:image\" content=\"https:\/\/www.booksofall.com\/tw\/wp-content\/uploads\/sites\/3\/2022\/07\/The-Correspondence-of-Heloise-and-Abelard-01.png\" \/>\n<meta name=\"twitter:card\" content=\"summary_large_image\" \/>\n<meta name=\"twitter:image\" content=\"https:\/\/www.booksofall.com\/tw\/wp-content\/uploads\/sites\/3\/2022\/07\/The-Correspondence-of-Heloise-and-Abelard-01.png\" \/>\n<meta name=\"twitter:label1\" content=\"\u9810\u4f30\u95b1\u8b80\u6642\u9593\" \/>\n\t<meta name=\"twitter:data1\" content=\"3 \u5206\u9418\" \/>\n<script type=\"application\/ld+json\" class=\"yoast-schema-graph\">{\"@context\":\"https:\/\/schema.org\",\"@graph\":[{\"@type\":\"WebPage\",\"@id\":\"https:\/\/www.booksofall.com\/tw\/the-correspondence-of-heloise-and-abelard\/\",\"url\":\"https:\/\/www.booksofall.com\/tw\/the-correspondence-of-heloise-and-abelard\/\",\"name\":\"The Correspondence of Heloise and Abelard - BooksOfAll Traditional Chinese\",\"isPartOf\":{\"@id\":\"https:\/\/www.booksofall.com\/tw\/#website\"},\"primaryImageOfPage\":{\"@id\":\"https:\/\/www.booksofall.com\/tw\/the-correspondence-of-heloise-and-abelard\/#primaryimage\"},\"image\":{\"@id\":\"https:\/\/www.booksofall.com\/tw\/the-correspondence-of-heloise-and-abelard\/#primaryimage\"},\"thumbnailUrl\":\"https:\/\/www.booksofall.com\/tw\/wp-content\/uploads\/sites\/3\/2022\/07\/The-Correspondence-of-Heloise-and-Abelard-01.png\",\"datePublished\":\"2022-07-20T03:38:50+00:00\",\"dateModified\":\"2022-07-20T03:38:59+00:00\",\"description\":\"Intuitive online diagram maker - Learn how to add line breaks into shapes created using Visual Paradigm's free online diagram editor.\",\"breadcrumb\":{\"@id\":\"https:\/\/www.booksofall.com\/tw\/the-correspondence-of-heloise-and-abelard\/#breadcrumb\"},\"inLanguage\":\"zh-TW\",\"potentialAction\":[{\"@type\":\"ReadAction\",\"target\":[\"https:\/\/www.booksofall.com\/tw\/the-correspondence-of-heloise-and-abelard\/\"]}]},{\"@type\":\"ImageObject\",\"inLanguage\":\"zh-TW\",\"@id\":\"https:\/\/www.booksofall.com\/tw\/the-correspondence-of-heloise-and-abelard\/#primaryimage\",\"url\":\"https:\/\/www.booksofall.com\/tw\/wp-content\/uploads\/sites\/3\/2022\/07\/The-Correspondence-of-Heloise-and-Abelard-01.png\",\"contentUrl\":\"https:\/\/www.booksofall.com\/tw\/wp-content\/uploads\/sites\/3\/2022\/07\/The-Correspondence-of-Heloise-and-Abelard-01.png\",\"width\":\"596\",\"height\":\"842\"},{\"@type\":\"BreadcrumbList\",\"@id\":\"https:\/\/www.booksofall.com\/tw\/the-correspondence-of-heloise-and-abelard\/#breadcrumb\",\"itemListElement\":[{\"@type\":\"ListItem\",\"position\":1,\"name\":\"Home\",\"item\":\"https:\/\/www.booksofall.com\/tw\/\"},{\"@type\":\"ListItem\",\"position\":2,\"name\":\"Categories\",\"item\":\"https:\/\/www.booksofall.com\/tw\/categories\/\"},{\"@type\":\"ListItem\",\"position\":3,\"name\":\"The Correspondence of Heloise and Abelard\"}]},{\"@type\":\"WebSite\",\"@id\":\"https:\/\/www.booksofall.com\/tw\/#website\",\"url\":\"https:\/\/www.booksofall.com\/tw\/\",\"name\":\"BooksOfAll Traditional Chinese\",\"description\":\"Biggest IT eBooks library and learning resources - Free eBooks for programming, computing, artificial intelligence and more.\",\"publisher\":{\"@id\":\"https:\/\/www.booksofall.com\/tw\/#organization\"},\"potentialAction\":[{\"@type\":\"SearchAction\",\"target\":{\"@type\":\"EntryPoint\",\"urlTemplate\":\"https:\/\/www.booksofall.com\/tw\/?s={search_term_string}\"},\"query-input\":{\"@type\":\"PropertyValueSpecification\",\"valueRequired\":true,\"valueName\":\"search_term_string\"}}],\"inLanguage\":\"zh-TW\"},{\"@type\":\"Organization\",\"@id\":\"https:\/\/www.booksofall.com\/tw\/#organization\",\"name\":\"BooksOfAll Traditional Chinese\",\"url\":\"https:\/\/www.booksofall.com\/tw\/\",\"logo\":{\"@type\":\"ImageObject\",\"inLanguage\":\"zh-TW\",\"@id\":\"https:\/\/www.booksofall.com\/tw\/#\/schema\/logo\/image\/\",\"url\":\"https:\/\/www.booksofall.com\/tw\/wp-content\/uploads\/sites\/3\/2022\/06\/booksofall-logo-2.png\",\"contentUrl\":\"https:\/\/www.booksofall.com\/tw\/wp-content\/uploads\/sites\/3\/2022\/06\/booksofall-logo-2.png\",\"width\":166,\"height\":30,\"caption\":\"BooksOfAll Traditional Chinese\"},\"image\":{\"@id\":\"https:\/\/www.booksofall.com\/tw\/#\/schema\/logo\/image\/\"}}]}<\/script>\n<!-- \/ Yoast SEO plugin. -->","yoast_head_json":{"title":"The Correspondence of Heloise and Abelard - BooksOfAll Traditional Chinese","description":"Intuitive online diagram maker - Learn how to add line breaks into shapes created using Visual Paradigm's free online diagram editor.","robots":{"index":"index","follow":"follow","max-snippet":"max-snippet:-1","max-image-preview":"max-image-preview:large","max-video-preview":"max-video-preview:-1"},"canonical":"https:\/\/www.booksofall.com\/tw\/the-correspondence-of-heloise-and-abelard\/","og_locale":"zh_TW","og_type":"article","og_title":"The Correspondence of Heloise and Abelard - BooksOfAll Traditional Chinese","og_description":"Intuitive online diagram maker - Learn how to add line breaks into shapes created using Visual Paradigm's free online diagram editor.","og_url":"https:\/\/www.booksofall.com\/tw\/the-correspondence-of-heloise-and-abelard\/","og_site_name":"BooksOfAll Traditional Chinese","article_modified_time":"2022-07-20T03:38:59+00:00","og_image":[{"url":"https:\/\/www.booksofall.com\/tw\/wp-content\/uploads\/sites\/3\/2022\/07\/The-Correspondence-of-Heloise-and-Abelard-01.png","type":"","width":"","height":""}],"twitter_card":"summary_large_image","twitter_image":"https:\/\/www.booksofall.com\/tw\/wp-content\/uploads\/sites\/3\/2022\/07\/The-Correspondence-of-Heloise-and-Abelard-01.png","twitter_misc":{"\u9810\u4f30\u95b1\u8b80\u6642\u9593":"3 \u5206\u9418"},"schema":{"@context":"https:\/\/schema.org","@graph":[{"@type":"WebPage","@id":"https:\/\/www.booksofall.com\/tw\/the-correspondence-of-heloise-and-abelard\/","url":"https:\/\/www.booksofall.com\/tw\/the-correspondence-of-heloise-and-abelard\/","name":"The Correspondence of Heloise and Abelard - BooksOfAll Traditional Chinese","isPartOf":{"@id":"https:\/\/www.booksofall.com\/tw\/#website"},"primaryImageOfPage":{"@id":"https:\/\/www.booksofall.com\/tw\/the-correspondence-of-heloise-and-abelard\/#primaryimage"},"image":{"@id":"https:\/\/www.booksofall.com\/tw\/the-correspondence-of-heloise-and-abelard\/#primaryimage"},"thumbnailUrl":"https:\/\/www.booksofall.com\/tw\/wp-content\/uploads\/sites\/3\/2022\/07\/The-Correspondence-of-Heloise-and-Abelard-01.png","datePublished":"2022-07-20T03:38:50+00:00","dateModified":"2022-07-20T03:38:59+00:00","description":"Intuitive online diagram maker - Learn how to add line breaks into shapes created using Visual Paradigm's free online diagram editor.","breadcrumb":{"@id":"https:\/\/www.booksofall.com\/tw\/the-correspondence-of-heloise-and-abelard\/#breadcrumb"},"inLanguage":"zh-TW","potentialAction":[{"@type":"ReadAction","target":["https:\/\/www.booksofall.com\/tw\/the-correspondence-of-heloise-and-abelard\/"]}]},{"@type":"ImageObject","inLanguage":"zh-TW","@id":"https:\/\/www.booksofall.com\/tw\/the-correspondence-of-heloise-and-abelard\/#primaryimage","url":"https:\/\/www.booksofall.com\/tw\/wp-content\/uploads\/sites\/3\/2022\/07\/The-Correspondence-of-Heloise-and-Abelard-01.png","contentUrl":"https:\/\/www.booksofall.com\/tw\/wp-content\/uploads\/sites\/3\/2022\/07\/The-Correspondence-of-Heloise-and-Abelard-01.png","width":"596","height":"842"},{"@type":"BreadcrumbList","@id":"https:\/\/www.booksofall.com\/tw\/the-correspondence-of-heloise-and-abelard\/#breadcrumb","itemListElement":[{"@type":"ListItem","position":1,"name":"Home","item":"https:\/\/www.booksofall.com\/tw\/"},{"@type":"ListItem","position":2,"name":"Categories","item":"https:\/\/www.booksofall.com\/tw\/categories\/"},{"@type":"ListItem","position":3,"name":"The Correspondence of Heloise and Abelard"}]},{"@type":"WebSite","@id":"https:\/\/www.booksofall.com\/tw\/#website","url":"https:\/\/www.booksofall.com\/tw\/","name":"BooksOfAll Traditional Chinese","description":"Biggest IT eBooks library and learning resources - Free eBooks for programming, computing, artificial intelligence and more.","publisher":{"@id":"https:\/\/www.booksofall.com\/tw\/#organization"},"potentialAction":[{"@type":"SearchAction","target":{"@type":"EntryPoint","urlTemplate":"https:\/\/www.booksofall.com\/tw\/?s={search_term_string}"},"query-input":{"@type":"PropertyValueSpecification","valueRequired":true,"valueName":"search_term_string"}}],"inLanguage":"zh-TW"},{"@type":"Organization","@id":"https:\/\/www.booksofall.com\/tw\/#organization","name":"BooksOfAll Traditional Chinese","url":"https:\/\/www.booksofall.com\/tw\/","logo":{"@type":"ImageObject","inLanguage":"zh-TW","@id":"https:\/\/www.booksofall.com\/tw\/#\/schema\/logo\/image\/","url":"https:\/\/www.booksofall.com\/tw\/wp-content\/uploads\/sites\/3\/2022\/06\/booksofall-logo-2.png","contentUrl":"https:\/\/www.booksofall.com\/tw\/wp-content\/uploads\/sites\/3\/2022\/06\/booksofall-logo-2.png","width":166,"height":30,"caption":"BooksOfAll Traditional Chinese"},"image":{"@id":"https:\/\/www.booksofall.com\/tw\/#\/schema\/logo\/image\/"}}]}},"_links":{"self":[{"href":"https:\/\/www.booksofall.com\/tw\/wp-json\/wp\/v2\/product\/14828","targetHints":{"allow":["GET"]}}],"collection":[{"href":"https:\/\/www.booksofall.com\/tw\/wp-json\/wp\/v2\/product"}],"about":[{"href":"https:\/\/www.booksofall.com\/tw\/wp-json\/wp\/v2\/types\/product"}],"wp:featuredmedia":[{"embeddable":true,"href":"https:\/\/www.booksofall.com\/tw\/wp-json\/wp\/v2\/media\/14831"}],"wp:attachment":[{"href":"https:\/\/www.booksofall.com\/tw\/wp-json\/wp\/v2\/media?parent=14828"}],"wp:term":[{"taxonomy":"product_brand","embeddable":true,"href":"https:\/\/www.booksofall.com\/tw\/wp-json\/wp\/v2\/product_brand?post=14828"},{"taxonomy":"product_cat","embeddable":true,"href":"https:\/\/www.booksofall.com\/tw\/wp-json\/wp\/v2\/product_cat?post=14828"},{"taxonomy":"product_tag","embeddable":true,"href":"https:\/\/www.booksofall.com\/tw\/wp-json\/wp\/v2\/product_tag?post=14828"}],"curies":[{"name":"wp","href":"https:\/\/api.w.org\/{rel}","templated":true}]}}