{"id":14602,"date":"2022-07-19T08:00:52","date_gmt":"2022-07-19T08:00:52","guid":{"rendered":"https:\/\/www.booksofall.com\/tw\/?post_type=product&#038;p=14602"},"modified":"2022-07-19T08:00:52","modified_gmt":"2022-07-19T08:00:52","slug":"saber-es-poder-cabrera","status":"publish","type":"product","link":"https:\/\/www.booksofall.com\/tw\/saber-es-poder-cabrera\/","title":{"rendered":"Saber es poder (Cabrera)"},"content":{"rendered":"<p>This text is disseminated via the <a href=\"https:\/\/www.unesco.org\/en\/communication-information\/open-solutions\/open-educational-resources\" target=\"_blank\" rel=\"noopener\">Open Education Resource<\/a> (OER) LibreTexts Project (<a href=\"https:\/\/libretexts.org\/\" target=\"_blank\" rel=\"noopener\">https:\/\/LibreTexts.org<\/a>) and like the hundreds of other texts available within this powerful platform, it is freely available for reading, printing and &#8220;consuming.&#8221; Most, but not all, pages in the library have licenses that may allow individuals to make changes, save, and print this book. Carefully consult the applicable license(s) before pursuing such effects.<\/p>\n<p>Instructors can adopt existing <a href=\"https:\/\/en.wikipedia.org\/wiki\/LibreTexts\" target=\"_blank\" rel=\"noopener\">LibreTexts<\/a> texts or Remix them to quickly build course-specific resources to meet the needs of their students. Unlike traditional textbooks, LibreTexts\u2019 web based origins allow powerful integration of advanced features and new technologies to support learning.<\/p>\n<p>The LibreTexts mission is to unite students, faculty and scholars in a cooperative effort to develop an easy-to-use online platform for the construction, customization, and dissemination of OER content to reduce the burdens of unreasonable textbook costs to our students and society. The LibreTexts project is a multi-institutional collaborative venture to develop the next generation of openaccess texts to improve postsecondary education at all levels of higher learning by developing an Open Access Resource environment. The project currently consists of 14 independently operating and interconnected libraries that are constantly being optimized by students, faculty, and outside experts to supplant conventional paper-based books. These free textbook alternatives are organized within a central environment that is both vertically (from advance to basic level) and horizontally (across different fields) integrated.<\/p>\n<p>These activities for heritage learners explore students\u2019 perceptions of their heritage and linguistic strengths while raising consciousness about social varieties used throughout the Spanish-speaking world. Additionally, these materials seek to raise awareness of the social, cultural, and political dynamics of language use. There are 6 lessons:<\/p>\n<ol>\n<li>Introducci\u00f3n,<\/li>\n<li>Historia y evoluci\u00f3n del espa\u00f1ol,<\/li>\n<li>El espa\u00f1ol en los Estados Unidos,<\/li>\n<li>Diferencias dialectales, and<\/li>\n<li>Registros ling\u00fc\u00edsticos.<\/li>\n<\/ol>\n<h3>\u00bfQu\u00e9 es el registro ling\u00fc\u00edstico?<\/h3>\n<p>Las personas escogen su manera de comunicarse con otros dependiendo de la situaci\u00f3n comunicativa en la que se encuentran. Factores importantes que determinan c\u00f3mo hablan incluyen con qui\u00e9n hablan o a qui\u00e9n le hablan, de qu\u00e9 hablan, d\u00f3nde hablan, la relaci\u00f3n que tienen estas personas, el prop\u00f3sito de la comunicaci\u00f3n, y el medio que utilizan (oral o escrito), entre otros factores. Por ejemplo, cuando hablamos con los amigos, usamos frases, palabras, lenguaje diferente al que utilizamos cuando hablamos con colegas en el trabajo o en la universidad.<\/p>\n<p>La comunicaci\u00f3n entre las personas depende en buena parte de la formalidad o informalidad de la situaci\u00f3n en la que los hablantes se encuentran. A continuaci\u00f3n se describen dos tipos de lenguaje que usamos para comunicarnos.<\/p>\n","protected":false},"excerpt":{"rendered":"<p><iframe frameborder=\"0\" allowtransparency=\"true\" allowFullscreen=\"true\" style=\"width: 100%; height: 700px; border: none;\" src=\"https:\/\/online.visual-paradigm.com\/share\/book\/saber-es-poder-cabrera--10xryfmogv?enforceShowPromotionBar=true&#038;p=1\"><\/iframe><\/p>\n","protected":false},"featured_media":14605,"template":"","meta":{"_yoast_wpseo_title":"","_yoast_wpseo_metadesc":"These activities for heritage learners explore students\u2019 perceptions of their heritage and linguistic strengths while raising consciousness about social varieties used throughout the Spanish-speaking world."},"product_brand":[],"product_cat":[15,237],"product_tag":[],"class_list":{"0":"post-14602","1":"product","2":"type-product","3":"status-publish","4":"has-post-thumbnail","6":"product_cat-all","7":"product_cat-languages","9":"first","10":"instock","11":"shipping-taxable","12":"product-type-simple"},"yoast_head":"<!-- This site is optimized with the Yoast SEO plugin v27.1.1 - https:\/\/yoast.com\/product\/yoast-seo-wordpress\/ -->\n<title>Saber es poder (Cabrera) - BooksOfAll Traditional Chinese<\/title>\n<meta name=\"description\" content=\"These activities for heritage learners explore students\u2019 perceptions of their heritage and linguistic strengths while raising consciousness about social varieties used throughout the Spanish-speaking world.\" \/>\n<meta name=\"robots\" content=\"index, follow, max-snippet:-1, max-image-preview:large, max-video-preview:-1\" \/>\n<link rel=\"canonical\" href=\"https:\/\/www.booksofall.com\/tw\/saber-es-poder-cabrera\/\" \/>\n<meta property=\"og:locale\" content=\"zh_TW\" \/>\n<meta property=\"og:type\" content=\"article\" \/>\n<meta property=\"og:title\" content=\"Saber es poder (Cabrera) - BooksOfAll Traditional Chinese\" \/>\n<meta property=\"og:description\" content=\"These activities for heritage learners explore students\u2019 perceptions of their heritage and linguistic strengths while raising consciousness about social varieties used throughout the Spanish-speaking world.\" \/>\n<meta property=\"og:url\" content=\"https:\/\/www.booksofall.com\/tw\/saber-es-poder-cabrera\/\" \/>\n<meta property=\"og:site_name\" content=\"BooksOfAll Traditional Chinese\" \/>\n<meta property=\"og:image\" content=\"https:\/\/www.booksofall.com\/tw\/wp-content\/uploads\/sites\/3\/2022\/07\/Saber-es-poder-Cabrera-07.png\" \/>\n<meta name=\"twitter:card\" content=\"summary_large_image\" \/>\n<meta name=\"twitter:image\" content=\"https:\/\/www.booksofall.com\/tw\/wp-content\/uploads\/sites\/3\/2022\/07\/Saber-es-poder-Cabrera-07.png\" \/>\n<meta name=\"twitter:label1\" content=\"\u9810\u4f30\u95b1\u8b80\u6642\u9593\" \/>\n\t<meta name=\"twitter:data1\" content=\"2 \u5206\u9418\" \/>\n<script type=\"application\/ld+json\" class=\"yoast-schema-graph\">{\"@context\":\"https:\/\/schema.org\",\"@graph\":[{\"@type\":\"WebPage\",\"@id\":\"https:\/\/www.booksofall.com\/tw\/saber-es-poder-cabrera\/\",\"url\":\"https:\/\/www.booksofall.com\/tw\/saber-es-poder-cabrera\/\",\"name\":\"Saber es poder (Cabrera) - BooksOfAll Traditional Chinese\",\"isPartOf\":{\"@id\":\"https:\/\/www.booksofall.com\/tw\/#website\"},\"primaryImageOfPage\":{\"@id\":\"https:\/\/www.booksofall.com\/tw\/saber-es-poder-cabrera\/#primaryimage\"},\"image\":{\"@id\":\"https:\/\/www.booksofall.com\/tw\/saber-es-poder-cabrera\/#primaryimage\"},\"thumbnailUrl\":\"https:\/\/www.booksofall.com\/tw\/wp-content\/uploads\/sites\/3\/2022\/07\/Saber-es-poder-Cabrera-07.png\",\"datePublished\":\"2022-07-19T08:00:52+00:00\",\"description\":\"These activities for heritage learners explore students\u2019 perceptions of their heritage and linguistic strengths while raising consciousness about social varieties used throughout the Spanish-speaking world.\",\"breadcrumb\":{\"@id\":\"https:\/\/www.booksofall.com\/tw\/saber-es-poder-cabrera\/#breadcrumb\"},\"inLanguage\":\"zh-TW\",\"potentialAction\":[{\"@type\":\"ReadAction\",\"target\":[\"https:\/\/www.booksofall.com\/tw\/saber-es-poder-cabrera\/\"]}]},{\"@type\":\"ImageObject\",\"inLanguage\":\"zh-TW\",\"@id\":\"https:\/\/www.booksofall.com\/tw\/saber-es-poder-cabrera\/#primaryimage\",\"url\":\"https:\/\/www.booksofall.com\/tw\/wp-content\/uploads\/sites\/3\/2022\/07\/Saber-es-poder-Cabrera-07.png\",\"contentUrl\":\"https:\/\/www.booksofall.com\/tw\/wp-content\/uploads\/sites\/3\/2022\/07\/Saber-es-poder-Cabrera-07.png\",\"width\":\"597\",\"height\":\"844\",\"caption\":\"Saber es poder (Cabrera)\"},{\"@type\":\"BreadcrumbList\",\"@id\":\"https:\/\/www.booksofall.com\/tw\/saber-es-poder-cabrera\/#breadcrumb\",\"itemListElement\":[{\"@type\":\"ListItem\",\"position\":1,\"name\":\"Home\",\"item\":\"https:\/\/www.booksofall.com\/tw\/\"},{\"@type\":\"ListItem\",\"position\":2,\"name\":\"Categories\",\"item\":\"https:\/\/www.booksofall.com\/tw\/categories\/\"},{\"@type\":\"ListItem\",\"position\":3,\"name\":\"Saber es poder (Cabrera)\"}]},{\"@type\":\"WebSite\",\"@id\":\"https:\/\/www.booksofall.com\/tw\/#website\",\"url\":\"https:\/\/www.booksofall.com\/tw\/\",\"name\":\"BooksOfAll Traditional Chinese\",\"description\":\"Biggest IT eBooks library and learning resources - Free eBooks for programming, computing, artificial intelligence and more.\",\"publisher\":{\"@id\":\"https:\/\/www.booksofall.com\/tw\/#organization\"},\"potentialAction\":[{\"@type\":\"SearchAction\",\"target\":{\"@type\":\"EntryPoint\",\"urlTemplate\":\"https:\/\/www.booksofall.com\/tw\/?s={search_term_string}\"},\"query-input\":{\"@type\":\"PropertyValueSpecification\",\"valueRequired\":true,\"valueName\":\"search_term_string\"}}],\"inLanguage\":\"zh-TW\"},{\"@type\":\"Organization\",\"@id\":\"https:\/\/www.booksofall.com\/tw\/#organization\",\"name\":\"BooksOfAll Traditional Chinese\",\"url\":\"https:\/\/www.booksofall.com\/tw\/\",\"logo\":{\"@type\":\"ImageObject\",\"inLanguage\":\"zh-TW\",\"@id\":\"https:\/\/www.booksofall.com\/tw\/#\/schema\/logo\/image\/\",\"url\":\"https:\/\/www.booksofall.com\/tw\/wp-content\/uploads\/sites\/3\/2022\/06\/booksofall-logo-2.png\",\"contentUrl\":\"https:\/\/www.booksofall.com\/tw\/wp-content\/uploads\/sites\/3\/2022\/06\/booksofall-logo-2.png\",\"width\":166,\"height\":30,\"caption\":\"BooksOfAll Traditional Chinese\"},\"image\":{\"@id\":\"https:\/\/www.booksofall.com\/tw\/#\/schema\/logo\/image\/\"}}]}<\/script>\n<!-- \/ Yoast SEO plugin. -->","yoast_head_json":{"title":"Saber es poder (Cabrera) - BooksOfAll Traditional Chinese","description":"These activities for heritage learners explore students\u2019 perceptions of their heritage and linguistic strengths while raising consciousness about social varieties used throughout the Spanish-speaking world.","robots":{"index":"index","follow":"follow","max-snippet":"max-snippet:-1","max-image-preview":"max-image-preview:large","max-video-preview":"max-video-preview:-1"},"canonical":"https:\/\/www.booksofall.com\/tw\/saber-es-poder-cabrera\/","og_locale":"zh_TW","og_type":"article","og_title":"Saber es poder (Cabrera) - BooksOfAll Traditional Chinese","og_description":"These activities for heritage learners explore students\u2019 perceptions of their heritage and linguistic strengths while raising consciousness about social varieties used throughout the Spanish-speaking world.","og_url":"https:\/\/www.booksofall.com\/tw\/saber-es-poder-cabrera\/","og_site_name":"BooksOfAll Traditional Chinese","og_image":[{"url":"https:\/\/www.booksofall.com\/tw\/wp-content\/uploads\/sites\/3\/2022\/07\/Saber-es-poder-Cabrera-07.png","type":"","width":"","height":""}],"twitter_card":"summary_large_image","twitter_image":"https:\/\/www.booksofall.com\/tw\/wp-content\/uploads\/sites\/3\/2022\/07\/Saber-es-poder-Cabrera-07.png","twitter_misc":{"\u9810\u4f30\u95b1\u8b80\u6642\u9593":"2 \u5206\u9418"},"schema":{"@context":"https:\/\/schema.org","@graph":[{"@type":"WebPage","@id":"https:\/\/www.booksofall.com\/tw\/saber-es-poder-cabrera\/","url":"https:\/\/www.booksofall.com\/tw\/saber-es-poder-cabrera\/","name":"Saber es poder (Cabrera) - BooksOfAll Traditional Chinese","isPartOf":{"@id":"https:\/\/www.booksofall.com\/tw\/#website"},"primaryImageOfPage":{"@id":"https:\/\/www.booksofall.com\/tw\/saber-es-poder-cabrera\/#primaryimage"},"image":{"@id":"https:\/\/www.booksofall.com\/tw\/saber-es-poder-cabrera\/#primaryimage"},"thumbnailUrl":"https:\/\/www.booksofall.com\/tw\/wp-content\/uploads\/sites\/3\/2022\/07\/Saber-es-poder-Cabrera-07.png","datePublished":"2022-07-19T08:00:52+00:00","description":"These activities for heritage learners explore students\u2019 perceptions of their heritage and linguistic strengths while raising consciousness about social varieties used throughout the Spanish-speaking world.","breadcrumb":{"@id":"https:\/\/www.booksofall.com\/tw\/saber-es-poder-cabrera\/#breadcrumb"},"inLanguage":"zh-TW","potentialAction":[{"@type":"ReadAction","target":["https:\/\/www.booksofall.com\/tw\/saber-es-poder-cabrera\/"]}]},{"@type":"ImageObject","inLanguage":"zh-TW","@id":"https:\/\/www.booksofall.com\/tw\/saber-es-poder-cabrera\/#primaryimage","url":"https:\/\/www.booksofall.com\/tw\/wp-content\/uploads\/sites\/3\/2022\/07\/Saber-es-poder-Cabrera-07.png","contentUrl":"https:\/\/www.booksofall.com\/tw\/wp-content\/uploads\/sites\/3\/2022\/07\/Saber-es-poder-Cabrera-07.png","width":"597","height":"844","caption":"Saber es poder (Cabrera)"},{"@type":"BreadcrumbList","@id":"https:\/\/www.booksofall.com\/tw\/saber-es-poder-cabrera\/#breadcrumb","itemListElement":[{"@type":"ListItem","position":1,"name":"Home","item":"https:\/\/www.booksofall.com\/tw\/"},{"@type":"ListItem","position":2,"name":"Categories","item":"https:\/\/www.booksofall.com\/tw\/categories\/"},{"@type":"ListItem","position":3,"name":"Saber es poder (Cabrera)"}]},{"@type":"WebSite","@id":"https:\/\/www.booksofall.com\/tw\/#website","url":"https:\/\/www.booksofall.com\/tw\/","name":"BooksOfAll Traditional Chinese","description":"Biggest IT eBooks library and learning resources - Free eBooks for programming, computing, artificial intelligence and more.","publisher":{"@id":"https:\/\/www.booksofall.com\/tw\/#organization"},"potentialAction":[{"@type":"SearchAction","target":{"@type":"EntryPoint","urlTemplate":"https:\/\/www.booksofall.com\/tw\/?s={search_term_string}"},"query-input":{"@type":"PropertyValueSpecification","valueRequired":true,"valueName":"search_term_string"}}],"inLanguage":"zh-TW"},{"@type":"Organization","@id":"https:\/\/www.booksofall.com\/tw\/#organization","name":"BooksOfAll Traditional Chinese","url":"https:\/\/www.booksofall.com\/tw\/","logo":{"@type":"ImageObject","inLanguage":"zh-TW","@id":"https:\/\/www.booksofall.com\/tw\/#\/schema\/logo\/image\/","url":"https:\/\/www.booksofall.com\/tw\/wp-content\/uploads\/sites\/3\/2022\/06\/booksofall-logo-2.png","contentUrl":"https:\/\/www.booksofall.com\/tw\/wp-content\/uploads\/sites\/3\/2022\/06\/booksofall-logo-2.png","width":166,"height":30,"caption":"BooksOfAll Traditional Chinese"},"image":{"@id":"https:\/\/www.booksofall.com\/tw\/#\/schema\/logo\/image\/"}}]}},"_links":{"self":[{"href":"https:\/\/www.booksofall.com\/tw\/wp-json\/wp\/v2\/product\/14602","targetHints":{"allow":["GET"]}}],"collection":[{"href":"https:\/\/www.booksofall.com\/tw\/wp-json\/wp\/v2\/product"}],"about":[{"href":"https:\/\/www.booksofall.com\/tw\/wp-json\/wp\/v2\/types\/product"}],"wp:featuredmedia":[{"embeddable":true,"href":"https:\/\/www.booksofall.com\/tw\/wp-json\/wp\/v2\/media\/14605"}],"wp:attachment":[{"href":"https:\/\/www.booksofall.com\/tw\/wp-json\/wp\/v2\/media?parent=14602"}],"wp:term":[{"taxonomy":"product_brand","embeddable":true,"href":"https:\/\/www.booksofall.com\/tw\/wp-json\/wp\/v2\/product_brand?post=14602"},{"taxonomy":"product_cat","embeddable":true,"href":"https:\/\/www.booksofall.com\/tw\/wp-json\/wp\/v2\/product_cat?post=14602"},{"taxonomy":"product_tag","embeddable":true,"href":"https:\/\/www.booksofall.com\/tw\/wp-json\/wp\/v2\/product_tag?post=14602"}],"curies":[{"name":"wp","href":"https:\/\/api.w.org\/{rel}","templated":true}]}}