{"id":14461,"date":"2022-07-19T03:27:25","date_gmt":"2022-07-19T03:27:25","guid":{"rendered":"https:\/\/www.booksofall.com\/tw\/?post_type=product&#038;p=14461"},"modified":"2022-07-19T03:27:26","modified_gmt":"2022-07-19T03:27:26","slug":"histoires-davenirs-science-fiction-pour-le-cours-de-francais-niveaux-intermediaire-et-avance-dolidon-and-roulon","status":"publish","type":"product","link":"https:\/\/www.booksofall.com\/tw\/histoires-davenirs-science-fiction-pour-le-cours-de-francais-niveaux-intermediaire-et-avance-dolidon-and-roulon\/","title":{"rendered":"Histoires d&#8217;Avenirs Science-fiction pour le cours de fran\u00e7ais niveaux interm\u00e9diaire et avanc\u00e9 (Dolidon and Roulon)"},"content":{"rendered":"<p>This text is disseminated via the <a href=\"https:\/\/www.unesco.org\/en\/communication-information\/open-solutions\/open-educational-resources\" target=\"_blank\" rel=\"noopener\">Open Education Resource<\/a> (OER) LibreTexts Project (<a href=\"https:\/\/libretexts.org\/\" target=\"_blank\" rel=\"noopener\">https:\/\/LibreTexts.org<\/a>) and like the hundreds of other texts available within this powerful platform, it is freely available for reading, printing and &#8220;consuming.&#8221; Most, but not all, pages in the library have licenses that may allow individuals to make changes, save, and print this book. Carefully consult the applicable license(s) before pursuing such effects.<\/p>\n<p>Instructors can adopt existing <a href=\"https:\/\/en.wikipedia.org\/wiki\/LibreTexts\" target=\"_blank\" rel=\"noopener\">LibreTexts<\/a> texts or Remix them to quickly build course-specific resources to meet the needs of their students. Unlike traditional textbooks, LibreTexts\u2019 web based origins allow powerful integration of advanced features and new technologies to support learning.<\/p>\n<p>The LibreTexts mission is to unite students, faculty and scholars in a cooperative effort to develop an easy-to-use online platform for the construction, customization, and dissemination of OER content to reduce the burdens of unreasonable textbook costs to our students and society. The LibreTexts project is a multi-institutional collaborative venture to develop the next generation of openaccess texts to improve postsecondary education at all levels of higher learning by developing an Open Access Resource environment. The project currently consists of 14 independently operating and interconnected libraries that are constantly being optimized by students, faculty, and outside experts to supplant conventional paper-based books. These free textbook alternatives are organized within a central environment that is both vertically (from advance to basic level) and horizontally (across different fields) integrated.<\/p>\n<p>Histoires d&#8217;Avenirs est un manuel bas\u00e9 sur neuf nouvelles de science fiction fran\u00e7aise qui s&#8217;adresse \u00e0 un public d&#8217;apprenants \u00e9trangers (de niveaux interm\u00e9diaire et avanc\u00e9) mais aussi \u00e0 un public natif voulant approfondir ses connaissances de la sciencefiction moderne &#8211; apr\u00e8s un chapitre pr\u00e9liminaire qui rappelle les bases historiques du genre. Le manuel propose une approche holistique (stylistique, linguistique, et interculturelle) et sollicite une pens\u00e9e critique au travers d&#8217;activit\u00e9s de lecture, interpr\u00e9tation, conversation, recherche et pr\u00e9sentations, dans un double objectif : d\u00e9velopper les comp\u00e9tences en fran\u00e7ais sur des sujets contemporains au travers de la fiction; et faire d\u00e9couvrir la science-fiction fran\u00e7aise et francophone aux apprenants \u00e9trangers.<\/p>\n","protected":false},"excerpt":{"rendered":"<p><iframe frameborder=\"0\" allowtransparency=\"true\" allowFullscreen=\"true\" style=\"width: 100%; height: 700px; border: none;\" src=\"https:\/\/online.visual-paradigm.com\/share\/book\/histoires-d-avenirs-science-fiction-pour-le-cours-de-fran-ais-niveaux-interm-diaire-et-avanc-dolidon-and-roulon--10xihsqwpt?enforceShowPromotionBar=true&#038;p=1\"><\/iframe><\/p>\n","protected":false},"featured_media":14470,"template":"","meta":{"_yoast_wpseo_title":"","_yoast_wpseo_metadesc":"Histoires d'Avenirs est un manuel bas\u00e9 sur neuf nouvelles de science fiction fran\u00e7aise qui s'adresse \u00e0 un public d'apprenants \u00e9trangers (de niveaux interm\u00e9diaire et avanc\u00e9) mais aussi \u00e0 un public natif voulant approfondir ses connaissances de la sciencefiction moderne - apr\u00e8s un chapitre pr\u00e9liminaire qui rappelle les bases historiques du genre."},"product_brand":[],"product_cat":[15,237],"product_tag":[],"class_list":{"0":"post-14461","1":"product","2":"type-product","3":"status-publish","4":"has-post-thumbnail","6":"product_cat-all","7":"product_cat-languages","9":"first","10":"instock","11":"shipping-taxable","12":"product-type-simple"},"yoast_head":"<!-- This site is optimized with the Yoast SEO plugin v27.1.1 - https:\/\/yoast.com\/product\/yoast-seo-wordpress\/ -->\n<title>Histoires d&#039;Avenirs Science-fiction pour le cours de fran\u00e7ais niveaux interm\u00e9diaire et avanc\u00e9 (Dolidon and Roulon) - BooksOfAll Traditional Chinese<\/title>\n<meta name=\"description\" content=\"Histoires d&#039;Avenirs est un manuel bas\u00e9 sur neuf nouvelles de science fiction fran\u00e7aise qui s&#039;adresse \u00e0 un public d&#039;apprenants \u00e9trangers (de niveaux interm\u00e9diaire et avanc\u00e9) mais aussi \u00e0 un public natif voulant approfondir ses connaissances de la sciencefiction moderne - apr\u00e8s un chapitre pr\u00e9liminaire qui rappelle les bases historiques du genre.\" \/>\n<meta name=\"robots\" content=\"index, follow, max-snippet:-1, max-image-preview:large, max-video-preview:-1\" \/>\n<link rel=\"canonical\" href=\"https:\/\/www.booksofall.com\/tw\/histoires-davenirs-science-fiction-pour-le-cours-de-francais-niveaux-intermediaire-et-avance-dolidon-and-roulon\/\" \/>\n<meta property=\"og:locale\" content=\"zh_TW\" \/>\n<meta property=\"og:type\" content=\"article\" \/>\n<meta property=\"og:title\" content=\"Histoires d&#039;Avenirs Science-fiction pour le cours de fran\u00e7ais niveaux interm\u00e9diaire et avanc\u00e9 (Dolidon and Roulon) - BooksOfAll Traditional Chinese\" \/>\n<meta property=\"og:description\" content=\"Histoires d&#039;Avenirs est un manuel bas\u00e9 sur neuf nouvelles de science fiction fran\u00e7aise qui s&#039;adresse \u00e0 un public d&#039;apprenants \u00e9trangers (de niveaux interm\u00e9diaire et avanc\u00e9) mais aussi \u00e0 un public natif voulant approfondir ses connaissances de la sciencefiction moderne - apr\u00e8s un chapitre pr\u00e9liminaire qui rappelle les bases historiques du genre.\" \/>\n<meta property=\"og:url\" content=\"https:\/\/www.booksofall.com\/tw\/histoires-davenirs-science-fiction-pour-le-cours-de-francais-niveaux-intermediaire-et-avance-dolidon-and-roulon\/\" \/>\n<meta property=\"og:site_name\" content=\"BooksOfAll Traditional Chinese\" \/>\n<meta property=\"article:modified_time\" content=\"2022-07-19T03:27:26+00:00\" \/>\n<meta property=\"og:image\" content=\"https:\/\/www.booksofall.com\/tw\/wp-content\/uploads\/sites\/3\/2022\/07\/Histoires-dAvenirs-Science-fiction-pour-le-cours-de-francais-niveaux-intermediaire-et-avance-Dolidon-and-Roulon-07.png\" \/>\n<meta name=\"twitter:card\" content=\"summary_large_image\" \/>\n<meta name=\"twitter:image\" content=\"https:\/\/www.booksofall.com\/tw\/wp-content\/uploads\/sites\/3\/2022\/07\/Histoires-dAvenirs-Science-fiction-pour-le-cours-de-francais-niveaux-intermediaire-et-avance-Dolidon-and-Roulon-07.png\" \/>\n<meta name=\"twitter:label1\" content=\"\u9810\u4f30\u95b1\u8b80\u6642\u9593\" \/>\n\t<meta name=\"twitter:data1\" content=\"2 \u5206\u9418\" \/>\n<script type=\"application\/ld+json\" class=\"yoast-schema-graph\">{\"@context\":\"https:\/\/schema.org\",\"@graph\":[{\"@type\":\"WebPage\",\"@id\":\"https:\/\/www.booksofall.com\/tw\/histoires-davenirs-science-fiction-pour-le-cours-de-francais-niveaux-intermediaire-et-avance-dolidon-and-roulon\/\",\"url\":\"https:\/\/www.booksofall.com\/tw\/histoires-davenirs-science-fiction-pour-le-cours-de-francais-niveaux-intermediaire-et-avance-dolidon-and-roulon\/\",\"name\":\"Histoires d'Avenirs Science-fiction pour le cours de fran\u00e7ais niveaux interm\u00e9diaire et avanc\u00e9 (Dolidon and Roulon) - BooksOfAll Traditional Chinese\",\"isPartOf\":{\"@id\":\"https:\/\/www.booksofall.com\/tw\/#website\"},\"primaryImageOfPage\":{\"@id\":\"https:\/\/www.booksofall.com\/tw\/histoires-davenirs-science-fiction-pour-le-cours-de-francais-niveaux-intermediaire-et-avance-dolidon-and-roulon\/#primaryimage\"},\"image\":{\"@id\":\"https:\/\/www.booksofall.com\/tw\/histoires-davenirs-science-fiction-pour-le-cours-de-francais-niveaux-intermediaire-et-avance-dolidon-and-roulon\/#primaryimage\"},\"thumbnailUrl\":\"https:\/\/www.booksofall.com\/tw\/wp-content\/uploads\/sites\/3\/2022\/07\/Histoires-dAvenirs-Science-fiction-pour-le-cours-de-francais-niveaux-intermediaire-et-avance-Dolidon-and-Roulon-07.png\",\"datePublished\":\"2022-07-19T03:27:25+00:00\",\"dateModified\":\"2022-07-19T03:27:26+00:00\",\"description\":\"Histoires d'Avenirs est un manuel bas\u00e9 sur neuf nouvelles de science fiction fran\u00e7aise qui s'adresse \u00e0 un public d'apprenants \u00e9trangers (de niveaux interm\u00e9diaire et avanc\u00e9) mais aussi \u00e0 un public natif voulant approfondir ses connaissances de la sciencefiction moderne - apr\u00e8s un chapitre pr\u00e9liminaire qui rappelle les bases historiques du genre.\",\"breadcrumb\":{\"@id\":\"https:\/\/www.booksofall.com\/tw\/histoires-davenirs-science-fiction-pour-le-cours-de-francais-niveaux-intermediaire-et-avance-dolidon-and-roulon\/#breadcrumb\"},\"inLanguage\":\"zh-TW\",\"potentialAction\":[{\"@type\":\"ReadAction\",\"target\":[\"https:\/\/www.booksofall.com\/tw\/histoires-davenirs-science-fiction-pour-le-cours-de-francais-niveaux-intermediaire-et-avance-dolidon-and-roulon\/\"]}]},{\"@type\":\"ImageObject\",\"inLanguage\":\"zh-TW\",\"@id\":\"https:\/\/www.booksofall.com\/tw\/histoires-davenirs-science-fiction-pour-le-cours-de-francais-niveaux-intermediaire-et-avance-dolidon-and-roulon\/#primaryimage\",\"url\":\"https:\/\/www.booksofall.com\/tw\/wp-content\/uploads\/sites\/3\/2022\/07\/Histoires-dAvenirs-Science-fiction-pour-le-cours-de-francais-niveaux-intermediaire-et-avance-Dolidon-and-Roulon-07.png\",\"contentUrl\":\"https:\/\/www.booksofall.com\/tw\/wp-content\/uploads\/sites\/3\/2022\/07\/Histoires-dAvenirs-Science-fiction-pour-le-cours-de-francais-niveaux-intermediaire-et-avance-Dolidon-and-Roulon-07.png\",\"width\":\"597\",\"height\":\"844\",\"caption\":\"Histoires d'Avenirs Science-fiction pour le cours de fran\u00e7ais niveaux interm\u00e9diaire et avanc\u00e9 (Dolidon and Roulon)\"},{\"@type\":\"BreadcrumbList\",\"@id\":\"https:\/\/www.booksofall.com\/tw\/histoires-davenirs-science-fiction-pour-le-cours-de-francais-niveaux-intermediaire-et-avance-dolidon-and-roulon\/#breadcrumb\",\"itemListElement\":[{\"@type\":\"ListItem\",\"position\":1,\"name\":\"Home\",\"item\":\"https:\/\/www.booksofall.com\/tw\/\"},{\"@type\":\"ListItem\",\"position\":2,\"name\":\"Categories\",\"item\":\"https:\/\/www.booksofall.com\/tw\/categories\/\"},{\"@type\":\"ListItem\",\"position\":3,\"name\":\"Histoires d&#8217;Avenirs Science-fiction pour le cours de fran\u00e7ais niveaux interm\u00e9diaire et avanc\u00e9 (Dolidon and Roulon)\"}]},{\"@type\":\"WebSite\",\"@id\":\"https:\/\/www.booksofall.com\/tw\/#website\",\"url\":\"https:\/\/www.booksofall.com\/tw\/\",\"name\":\"BooksOfAll Traditional Chinese\",\"description\":\"Biggest IT eBooks library and learning resources - Free eBooks for programming, computing, artificial intelligence and more.\",\"publisher\":{\"@id\":\"https:\/\/www.booksofall.com\/tw\/#organization\"},\"potentialAction\":[{\"@type\":\"SearchAction\",\"target\":{\"@type\":\"EntryPoint\",\"urlTemplate\":\"https:\/\/www.booksofall.com\/tw\/?s={search_term_string}\"},\"query-input\":{\"@type\":\"PropertyValueSpecification\",\"valueRequired\":true,\"valueName\":\"search_term_string\"}}],\"inLanguage\":\"zh-TW\"},{\"@type\":\"Organization\",\"@id\":\"https:\/\/www.booksofall.com\/tw\/#organization\",\"name\":\"BooksOfAll Traditional Chinese\",\"url\":\"https:\/\/www.booksofall.com\/tw\/\",\"logo\":{\"@type\":\"ImageObject\",\"inLanguage\":\"zh-TW\",\"@id\":\"https:\/\/www.booksofall.com\/tw\/#\/schema\/logo\/image\/\",\"url\":\"https:\/\/www.booksofall.com\/tw\/wp-content\/uploads\/sites\/3\/2022\/06\/booksofall-logo-2.png\",\"contentUrl\":\"https:\/\/www.booksofall.com\/tw\/wp-content\/uploads\/sites\/3\/2022\/06\/booksofall-logo-2.png\",\"width\":166,\"height\":30,\"caption\":\"BooksOfAll Traditional Chinese\"},\"image\":{\"@id\":\"https:\/\/www.booksofall.com\/tw\/#\/schema\/logo\/image\/\"}}]}<\/script>\n<!-- \/ Yoast SEO plugin. -->","yoast_head_json":{"title":"Histoires d'Avenirs Science-fiction pour le cours de fran\u00e7ais niveaux interm\u00e9diaire et avanc\u00e9 (Dolidon and Roulon) - BooksOfAll Traditional Chinese","description":"Histoires d'Avenirs est un manuel bas\u00e9 sur neuf nouvelles de science fiction fran\u00e7aise qui s'adresse \u00e0 un public d'apprenants \u00e9trangers (de niveaux interm\u00e9diaire et avanc\u00e9) mais aussi \u00e0 un public natif voulant approfondir ses connaissances de la sciencefiction moderne - apr\u00e8s un chapitre pr\u00e9liminaire qui rappelle les bases historiques du genre.","robots":{"index":"index","follow":"follow","max-snippet":"max-snippet:-1","max-image-preview":"max-image-preview:large","max-video-preview":"max-video-preview:-1"},"canonical":"https:\/\/www.booksofall.com\/tw\/histoires-davenirs-science-fiction-pour-le-cours-de-francais-niveaux-intermediaire-et-avance-dolidon-and-roulon\/","og_locale":"zh_TW","og_type":"article","og_title":"Histoires d'Avenirs Science-fiction pour le cours de fran\u00e7ais niveaux interm\u00e9diaire et avanc\u00e9 (Dolidon and Roulon) - BooksOfAll Traditional Chinese","og_description":"Histoires d'Avenirs est un manuel bas\u00e9 sur neuf nouvelles de science fiction fran\u00e7aise qui s'adresse \u00e0 un public d'apprenants \u00e9trangers (de niveaux interm\u00e9diaire et avanc\u00e9) mais aussi \u00e0 un public natif voulant approfondir ses connaissances de la sciencefiction moderne - apr\u00e8s un chapitre pr\u00e9liminaire qui rappelle les bases historiques du genre.","og_url":"https:\/\/www.booksofall.com\/tw\/histoires-davenirs-science-fiction-pour-le-cours-de-francais-niveaux-intermediaire-et-avance-dolidon-and-roulon\/","og_site_name":"BooksOfAll Traditional Chinese","article_modified_time":"2022-07-19T03:27:26+00:00","og_image":[{"url":"https:\/\/www.booksofall.com\/tw\/wp-content\/uploads\/sites\/3\/2022\/07\/Histoires-dAvenirs-Science-fiction-pour-le-cours-de-francais-niveaux-intermediaire-et-avance-Dolidon-and-Roulon-07.png","type":"","width":"","height":""}],"twitter_card":"summary_large_image","twitter_image":"https:\/\/www.booksofall.com\/tw\/wp-content\/uploads\/sites\/3\/2022\/07\/Histoires-dAvenirs-Science-fiction-pour-le-cours-de-francais-niveaux-intermediaire-et-avance-Dolidon-and-Roulon-07.png","twitter_misc":{"\u9810\u4f30\u95b1\u8b80\u6642\u9593":"2 \u5206\u9418"},"schema":{"@context":"https:\/\/schema.org","@graph":[{"@type":"WebPage","@id":"https:\/\/www.booksofall.com\/tw\/histoires-davenirs-science-fiction-pour-le-cours-de-francais-niveaux-intermediaire-et-avance-dolidon-and-roulon\/","url":"https:\/\/www.booksofall.com\/tw\/histoires-davenirs-science-fiction-pour-le-cours-de-francais-niveaux-intermediaire-et-avance-dolidon-and-roulon\/","name":"Histoires d'Avenirs Science-fiction pour le cours de fran\u00e7ais niveaux interm\u00e9diaire et avanc\u00e9 (Dolidon and Roulon) - BooksOfAll Traditional Chinese","isPartOf":{"@id":"https:\/\/www.booksofall.com\/tw\/#website"},"primaryImageOfPage":{"@id":"https:\/\/www.booksofall.com\/tw\/histoires-davenirs-science-fiction-pour-le-cours-de-francais-niveaux-intermediaire-et-avance-dolidon-and-roulon\/#primaryimage"},"image":{"@id":"https:\/\/www.booksofall.com\/tw\/histoires-davenirs-science-fiction-pour-le-cours-de-francais-niveaux-intermediaire-et-avance-dolidon-and-roulon\/#primaryimage"},"thumbnailUrl":"https:\/\/www.booksofall.com\/tw\/wp-content\/uploads\/sites\/3\/2022\/07\/Histoires-dAvenirs-Science-fiction-pour-le-cours-de-francais-niveaux-intermediaire-et-avance-Dolidon-and-Roulon-07.png","datePublished":"2022-07-19T03:27:25+00:00","dateModified":"2022-07-19T03:27:26+00:00","description":"Histoires d'Avenirs est un manuel bas\u00e9 sur neuf nouvelles de science fiction fran\u00e7aise qui s'adresse \u00e0 un public d'apprenants \u00e9trangers (de niveaux interm\u00e9diaire et avanc\u00e9) mais aussi \u00e0 un public natif voulant approfondir ses connaissances de la sciencefiction moderne - apr\u00e8s un chapitre pr\u00e9liminaire qui rappelle les bases historiques du genre.","breadcrumb":{"@id":"https:\/\/www.booksofall.com\/tw\/histoires-davenirs-science-fiction-pour-le-cours-de-francais-niveaux-intermediaire-et-avance-dolidon-and-roulon\/#breadcrumb"},"inLanguage":"zh-TW","potentialAction":[{"@type":"ReadAction","target":["https:\/\/www.booksofall.com\/tw\/histoires-davenirs-science-fiction-pour-le-cours-de-francais-niveaux-intermediaire-et-avance-dolidon-and-roulon\/"]}]},{"@type":"ImageObject","inLanguage":"zh-TW","@id":"https:\/\/www.booksofall.com\/tw\/histoires-davenirs-science-fiction-pour-le-cours-de-francais-niveaux-intermediaire-et-avance-dolidon-and-roulon\/#primaryimage","url":"https:\/\/www.booksofall.com\/tw\/wp-content\/uploads\/sites\/3\/2022\/07\/Histoires-dAvenirs-Science-fiction-pour-le-cours-de-francais-niveaux-intermediaire-et-avance-Dolidon-and-Roulon-07.png","contentUrl":"https:\/\/www.booksofall.com\/tw\/wp-content\/uploads\/sites\/3\/2022\/07\/Histoires-dAvenirs-Science-fiction-pour-le-cours-de-francais-niveaux-intermediaire-et-avance-Dolidon-and-Roulon-07.png","width":"597","height":"844","caption":"Histoires d'Avenirs Science-fiction pour le cours de fran\u00e7ais niveaux interm\u00e9diaire et avanc\u00e9 (Dolidon and Roulon)"},{"@type":"BreadcrumbList","@id":"https:\/\/www.booksofall.com\/tw\/histoires-davenirs-science-fiction-pour-le-cours-de-francais-niveaux-intermediaire-et-avance-dolidon-and-roulon\/#breadcrumb","itemListElement":[{"@type":"ListItem","position":1,"name":"Home","item":"https:\/\/www.booksofall.com\/tw\/"},{"@type":"ListItem","position":2,"name":"Categories","item":"https:\/\/www.booksofall.com\/tw\/categories\/"},{"@type":"ListItem","position":3,"name":"Histoires d&#8217;Avenirs Science-fiction pour le cours de fran\u00e7ais niveaux interm\u00e9diaire et avanc\u00e9 (Dolidon and Roulon)"}]},{"@type":"WebSite","@id":"https:\/\/www.booksofall.com\/tw\/#website","url":"https:\/\/www.booksofall.com\/tw\/","name":"BooksOfAll Traditional Chinese","description":"Biggest IT eBooks library and learning resources - Free eBooks for programming, computing, artificial intelligence and more.","publisher":{"@id":"https:\/\/www.booksofall.com\/tw\/#organization"},"potentialAction":[{"@type":"SearchAction","target":{"@type":"EntryPoint","urlTemplate":"https:\/\/www.booksofall.com\/tw\/?s={search_term_string}"},"query-input":{"@type":"PropertyValueSpecification","valueRequired":true,"valueName":"search_term_string"}}],"inLanguage":"zh-TW"},{"@type":"Organization","@id":"https:\/\/www.booksofall.com\/tw\/#organization","name":"BooksOfAll Traditional Chinese","url":"https:\/\/www.booksofall.com\/tw\/","logo":{"@type":"ImageObject","inLanguage":"zh-TW","@id":"https:\/\/www.booksofall.com\/tw\/#\/schema\/logo\/image\/","url":"https:\/\/www.booksofall.com\/tw\/wp-content\/uploads\/sites\/3\/2022\/06\/booksofall-logo-2.png","contentUrl":"https:\/\/www.booksofall.com\/tw\/wp-content\/uploads\/sites\/3\/2022\/06\/booksofall-logo-2.png","width":166,"height":30,"caption":"BooksOfAll Traditional Chinese"},"image":{"@id":"https:\/\/www.booksofall.com\/tw\/#\/schema\/logo\/image\/"}}]}},"_links":{"self":[{"href":"https:\/\/www.booksofall.com\/tw\/wp-json\/wp\/v2\/product\/14461","targetHints":{"allow":["GET"]}}],"collection":[{"href":"https:\/\/www.booksofall.com\/tw\/wp-json\/wp\/v2\/product"}],"about":[{"href":"https:\/\/www.booksofall.com\/tw\/wp-json\/wp\/v2\/types\/product"}],"wp:featuredmedia":[{"embeddable":true,"href":"https:\/\/www.booksofall.com\/tw\/wp-json\/wp\/v2\/media\/14470"}],"wp:attachment":[{"href":"https:\/\/www.booksofall.com\/tw\/wp-json\/wp\/v2\/media?parent=14461"}],"wp:term":[{"taxonomy":"product_brand","embeddable":true,"href":"https:\/\/www.booksofall.com\/tw\/wp-json\/wp\/v2\/product_brand?post=14461"},{"taxonomy":"product_cat","embeddable":true,"href":"https:\/\/www.booksofall.com\/tw\/wp-json\/wp\/v2\/product_cat?post=14461"},{"taxonomy":"product_tag","embeddable":true,"href":"https:\/\/www.booksofall.com\/tw\/wp-json\/wp\/v2\/product_tag?post=14461"}],"curies":[{"name":"wp","href":"https:\/\/api.w.org\/{rel}","templated":true}]}}