{"id":14943,"date":"2022-07-20T06:35:03","date_gmt":"2022-07-20T06:35:03","guid":{"rendered":"https:\/\/www.booksofall.com\/?post_type=product&#038;p=14943"},"modified":"2022-07-20T06:36:20","modified_gmt":"2022-07-20T06:36:20","slug":"a-path-to-literacy","status":"publish","type":"product","link":"https:\/\/www.booksofall.com\/pt\/a-path-to-literacy\/","title":{"rendered":"A path to literacy"},"content":{"rendered":"<h4>The role of the Catechism in learning to read<\/h4>\n<p>For Protestant and Catholic communities of the past, learning the basics of faith and the basics of reading went quite naturally hand in hand. But were all early catechisms necessarily intended as reading primers?<\/p>\n<h4 id=\"childrens-education-a-point-of-contention-between-catholics-and-protestants\">Children&#8217;s Education: a Point of Contention between Catholics and Protestants<\/h4>\n<p>For Europeans at the start of the Early Modern Period, knowledge of Christian doctrines was essential. When the time came to learn to read, it was only natural to begin with prayers or basic religious instruction. With the development of the printing press, small booklets mixing alphabets, syllabaries and prayers became popular throughout Europe. In 1529, the publication of\u00a0<a href=\"https:\/\/www.europeana.eu\/portal\/search?q=who%3A(Martin+Luther)\">Martin Luther<\/a>&#8216;s \u2018<a href=\"https:\/\/www.europeana.eu\/portal\/search?q=who%3A(Martin+Luther)&amp;qf%5B%5D=%5B%22c%5Datechismus+minor%22+OR+%22kleine+katechismus%22+OR+%5B%22s%5Dmall+catechism%22+OR+%22petit+catechisme%22\">Small Catechism<\/a>\u2019 marked the official birth of a format that would have a bright future: a text organised as a series of questions and answers. After a period of hesitation, Catholics took up the practice of using a catechism as well.<\/p>\n<h4 id=\"invaluable-sources-for-linguists\">Invaluable Sources for Linguists<\/h4>\n<p>The goal was to teach all Christians, even the most humble, whenever possible in their native languages. This explains why some of the earliest texts in many European languages are catechisms. For example, the\u00a0<a href=\"https:\/\/www.europeana.eu\/portal\/record\/9200507\/101305\">first book printed in Lithuanian was a catechism<\/a>\u00a0published in 1547 in K\u00f6nigsberg (modern-day Kaliningrad, Russia). Nineteenth-century scholars sought out these modest-looking books with great enthusiasm.<\/p>\n<h4 id=\"an-instructors-book-or-a-primer\">An Instructor&#8217;s Book or a Primer?<\/h4>\n<p>Alphabet books containing prayers were quite clearly meant to be placed in a child&#8217;s hands, but the role of catechisms themselves in learning to read is open to discussion. In Catholic countries, bishops had made a point of publishing their own catechisms since the 17th century, sometimes drawing on earlier versions that had proven effective and adapting them to local circumstances. These were instructor&#8217;s books first and foremost, and they reflect the oral nature of teaching. They also contain many practical tips on how to teach.<\/p>\n<p>Cat\u00e9chisme du dioc\u00e8se de Nantes&#8217;, 1718. Jean De La No\u00eb-Mesnard, author of this catechism that was first printed in 1689, recommends using a long rod \u201cto admonish the children seated farthest away but not to strike them\u201d with it! Bayerische Staatsbibliothek, No Copyright &#8211; Non-Commercial Use Only The picture is different for Protestants, among whom religious education more often took place in a family setting. There are many examples of catechisms that include alphabets and syllabaries, a sign of greater familiarity with books, such as this\u00a0<a href=\"https:\/\/www.europeana.eu\/portal\/en\/record\/9200507\/174485\">syllabary in Icelandic that was printed together with Luther&#8217;s \u2018Small Catechism&#8217;<\/a>\u00a0in 1695. They show the concern with personally appropriating the doctrines of the faith usually associated with the Reformation.<\/p>\n<h4 id=\"an-apparent-increase-in-production\">An Apparent Increase in Production<\/h4>\n<p>From the beginning of the 19th century until the time when religion became less prominent in primary education, a wide variety of booklets were produced that included a mix of alphabets, syllabaries, prayers and catechisms.\u00a0Should this be seen as a consequence of progress in education? It&#8217;s best to be cautious in drawing conclusions. In reality, this impression of increasing production is partly an illusion. Many booklets published in the early centuries of the printing press were fragile and neglected, and have since been lost. This is not the case with more scholarly books, such as the\u00a0<a href=\"https:\/\/www.europeana.eu\/portal\/en\/record\/9200386\/BibliographicResource_3000044722890\">Roman Catechism<\/a>\u00a0(1566) or, to give a Protestant example, the\u00a0<a href=\"https:\/\/www.europeana.eu\/portal\/en\/record\/9200386\/BibliographicResource_3000135534449\">Heidelberg Catechism<\/a>\u00a0(1563), of which many copies can still be found in European libraries today.<\/p>\n<p>&nbsp;<\/p>\n","protected":false},"excerpt":{"rendered":"<p><iframe style=\"width: 100%; height: 750px; border: none;\" src=\"https:\/\/online.visual-paradigm.com\/share\/book\/a-path-to-literacy-10z64i1ob4?p=1\" frameborder=\"0\" allowfullscreen=\"allowfullscreen\"><\/iframe><\/p>\n","protected":false},"featured_media":14947,"template":"","meta":{"_yoast_wpseo_title":"","_yoast_wpseo_metadesc":"Intuitive online diagram maker - Learn how to add line breaks into shapes created using Visual Paradigm's free online diagram editor."},"product_brand":[],"product_cat":[15,188],"product_tag":[],"class_list":{"0":"post-14943","1":"product","2":"type-product","3":"status-publish","4":"has-post-thumbnail","6":"product_cat-all","7":"product_cat-literature","9":"first","10":"instock","11":"shipping-taxable","12":"product-type-simple"},"yoast_head":"<!-- This site is optimized with the Yoast SEO plugin v27.1.1 - https:\/\/yoast.com\/product\/yoast-seo-wordpress\/ -->\n<title>A path to literacy - BooksOfAll Portuguese<\/title>\n<meta name=\"description\" content=\"Intuitive online diagram maker - Learn how to add line breaks into shapes created using Visual Paradigm&#039;s free online diagram editor.\" \/>\n<meta name=\"robots\" content=\"index, follow, max-snippet:-1, max-image-preview:large, max-video-preview:-1\" \/>\n<link rel=\"canonical\" href=\"https:\/\/www.booksofall.com\/pt\/a-path-to-literacy\/\" \/>\n<meta property=\"og:locale\" content=\"pt_PT\" \/>\n<meta property=\"og:type\" content=\"article\" \/>\n<meta property=\"og:title\" content=\"A path to literacy - BooksOfAll Portuguese\" \/>\n<meta property=\"og:description\" content=\"Intuitive online diagram maker - Learn how to add line breaks into shapes created using Visual Paradigm&#039;s free online diagram editor.\" \/>\n<meta property=\"og:url\" content=\"https:\/\/www.booksofall.com\/pt\/a-path-to-literacy\/\" \/>\n<meta property=\"og:site_name\" content=\"BooksOfAll Portuguese\" \/>\n<meta property=\"article:modified_time\" content=\"2022-07-20T06:36:20+00:00\" \/>\n<meta property=\"og:image\" content=\"https:\/\/www.booksofall.com\/pt\/wp-content\/uploads\/sites\/8\/2022\/07\/A-path-to-literacy-01.png\" \/><meta property=\"og:image\" content=\"https:\/\/www.booksofall.com\/pt\/wp-content\/uploads\/sites\/8\/2022\/07\/A-path-to-literacy-01.png\" \/>\n\t<meta property=\"og:image:width\" content=\"596\" \/>\n\t<meta property=\"og:image:height\" content=\"842\" \/>\n\t<meta property=\"og:image:type\" content=\"image\/jpeg\" \/>\n<meta name=\"twitter:card\" content=\"summary_large_image\" \/>\n<meta name=\"twitter:image\" content=\"https:\/\/www.booksofall.com\/pt\/wp-content\/uploads\/sites\/8\/2022\/07\/A-path-to-literacy-01.png\" \/>\n<meta name=\"twitter:label1\" content=\"Tempo estimado de leitura\" \/>\n\t<meta name=\"twitter:data1\" content=\"3 minutos\" \/>\n<script type=\"application\/ld+json\" class=\"yoast-schema-graph\">{\"@context\":\"https:\/\/schema.org\",\"@graph\":[{\"@type\":\"WebPage\",\"@id\":\"https:\/\/www.booksofall.com\/pt\/a-path-to-literacy\/\",\"url\":\"https:\/\/www.booksofall.com\/pt\/a-path-to-literacy\/\",\"name\":\"A path to literacy - BooksOfAll Portuguese\",\"isPartOf\":{\"@id\":\"https:\/\/www.booksofall.com\/pt\/#website\"},\"primaryImageOfPage\":{\"@id\":\"https:\/\/www.booksofall.com\/pt\/a-path-to-literacy\/#primaryimage\"},\"image\":{\"@id\":\"https:\/\/www.booksofall.com\/pt\/a-path-to-literacy\/#primaryimage\"},\"thumbnailUrl\":\"https:\/\/www.booksofall.com\/pt\/wp-content\/uploads\/sites\/8\/2022\/07\/A-path-to-literacy-01.png\",\"datePublished\":\"2022-07-20T06:35:03+00:00\",\"dateModified\":\"2022-07-20T06:36:20+00:00\",\"description\":\"Intuitive online diagram maker - Learn how to add line breaks into shapes created using Visual Paradigm's free online diagram editor.\",\"breadcrumb\":{\"@id\":\"https:\/\/www.booksofall.com\/pt\/a-path-to-literacy\/#breadcrumb\"},\"inLanguage\":\"pt-PT\",\"potentialAction\":[{\"@type\":\"ReadAction\",\"target\":[\"https:\/\/www.booksofall.com\/pt\/a-path-to-literacy\/\"]}]},{\"@type\":\"ImageObject\",\"inLanguage\":\"pt-PT\",\"@id\":\"https:\/\/www.booksofall.com\/pt\/a-path-to-literacy\/#primaryimage\",\"url\":\"https:\/\/www.booksofall.com\/pt\/wp-content\/uploads\/sites\/8\/2022\/07\/A-path-to-literacy-01.png\",\"contentUrl\":\"https:\/\/www.booksofall.com\/pt\/wp-content\/uploads\/sites\/8\/2022\/07\/A-path-to-literacy-01.png\",\"width\":\"596\",\"height\":\"842\"},{\"@type\":\"BreadcrumbList\",\"@id\":\"https:\/\/www.booksofall.com\/pt\/a-path-to-literacy\/#breadcrumb\",\"itemListElement\":[{\"@type\":\"ListItem\",\"position\":1,\"name\":\"Home\",\"item\":\"https:\/\/www.booksofall.com\/pt\/\"},{\"@type\":\"ListItem\",\"position\":2,\"name\":\"Categories\",\"item\":\"https:\/\/www.booksofall.com\/pt\/categories\/\"},{\"@type\":\"ListItem\",\"position\":3,\"name\":\"A path to literacy\"}]},{\"@type\":\"WebSite\",\"@id\":\"https:\/\/www.booksofall.com\/pt\/#website\",\"url\":\"https:\/\/www.booksofall.com\/pt\/\",\"name\":\"BooksOfAll Portuguese\",\"description\":\"Biggest IT eBooks library and learning resources - Free eBooks for programming, computing, artificial intelligence and more.\",\"publisher\":{\"@id\":\"https:\/\/www.booksofall.com\/pt\/#organization\"},\"potentialAction\":[{\"@type\":\"SearchAction\",\"target\":{\"@type\":\"EntryPoint\",\"urlTemplate\":\"https:\/\/www.booksofall.com\/pt\/?s={search_term_string}\"},\"query-input\":{\"@type\":\"PropertyValueSpecification\",\"valueRequired\":true,\"valueName\":\"search_term_string\"}}],\"inLanguage\":\"pt-PT\"},{\"@type\":\"Organization\",\"@id\":\"https:\/\/www.booksofall.com\/pt\/#organization\",\"name\":\"BooksOfAll Portuguese\",\"url\":\"https:\/\/www.booksofall.com\/pt\/\",\"logo\":{\"@type\":\"ImageObject\",\"inLanguage\":\"pt-PT\",\"@id\":\"https:\/\/www.booksofall.com\/pt\/#\/schema\/logo\/image\/\",\"url\":\"https:\/\/www.booksofall.com\/pt\/wp-content\/uploads\/sites\/8\/2022\/06\/booksofall-logo-2.png\",\"contentUrl\":\"https:\/\/www.booksofall.com\/pt\/wp-content\/uploads\/sites\/8\/2022\/06\/booksofall-logo-2.png\",\"width\":166,\"height\":30,\"caption\":\"BooksOfAll Portuguese\"},\"image\":{\"@id\":\"https:\/\/www.booksofall.com\/pt\/#\/schema\/logo\/image\/\"}}]}<\/script>\n<!-- \/ Yoast SEO plugin. -->","yoast_head_json":{"title":"A path to literacy - BooksOfAll Portuguese","description":"Intuitive online diagram maker - Learn how to add line breaks into shapes created using Visual Paradigm's free online diagram editor.","robots":{"index":"index","follow":"follow","max-snippet":"max-snippet:-1","max-image-preview":"max-image-preview:large","max-video-preview":"max-video-preview:-1"},"canonical":"https:\/\/www.booksofall.com\/pt\/a-path-to-literacy\/","og_locale":"pt_PT","og_type":"article","og_title":"A path to literacy - BooksOfAll Portuguese","og_description":"Intuitive online diagram maker - Learn how to add line breaks into shapes created using Visual Paradigm's free online diagram editor.","og_url":"https:\/\/www.booksofall.com\/pt\/a-path-to-literacy\/","og_site_name":"BooksOfAll Portuguese","article_modified_time":"2022-07-20T06:36:20+00:00","og_image":[{"url":"https:\/\/www.booksofall.com\/pt\/wp-content\/uploads\/sites\/8\/2022\/07\/A-path-to-literacy-01.png","type":"","width":"","height":""},{"width":596,"height":842,"url":"https:\/\/www.booksofall.com\/pt\/wp-content\/uploads\/sites\/8\/2022\/07\/A-path-to-literacy-01.png","type":"image\/jpeg"}],"twitter_card":"summary_large_image","twitter_image":"https:\/\/www.booksofall.com\/pt\/wp-content\/uploads\/sites\/8\/2022\/07\/A-path-to-literacy-01.png","twitter_misc":{"Tempo estimado de leitura":"3 minutos"},"schema":{"@context":"https:\/\/schema.org","@graph":[{"@type":"WebPage","@id":"https:\/\/www.booksofall.com\/pt\/a-path-to-literacy\/","url":"https:\/\/www.booksofall.com\/pt\/a-path-to-literacy\/","name":"A path to literacy - BooksOfAll Portuguese","isPartOf":{"@id":"https:\/\/www.booksofall.com\/pt\/#website"},"primaryImageOfPage":{"@id":"https:\/\/www.booksofall.com\/pt\/a-path-to-literacy\/#primaryimage"},"image":{"@id":"https:\/\/www.booksofall.com\/pt\/a-path-to-literacy\/#primaryimage"},"thumbnailUrl":"https:\/\/www.booksofall.com\/pt\/wp-content\/uploads\/sites\/8\/2022\/07\/A-path-to-literacy-01.png","datePublished":"2022-07-20T06:35:03+00:00","dateModified":"2022-07-20T06:36:20+00:00","description":"Intuitive online diagram maker - Learn how to add line breaks into shapes created using Visual Paradigm's free online diagram editor.","breadcrumb":{"@id":"https:\/\/www.booksofall.com\/pt\/a-path-to-literacy\/#breadcrumb"},"inLanguage":"pt-PT","potentialAction":[{"@type":"ReadAction","target":["https:\/\/www.booksofall.com\/pt\/a-path-to-literacy\/"]}]},{"@type":"ImageObject","inLanguage":"pt-PT","@id":"https:\/\/www.booksofall.com\/pt\/a-path-to-literacy\/#primaryimage","url":"https:\/\/www.booksofall.com\/pt\/wp-content\/uploads\/sites\/8\/2022\/07\/A-path-to-literacy-01.png","contentUrl":"https:\/\/www.booksofall.com\/pt\/wp-content\/uploads\/sites\/8\/2022\/07\/A-path-to-literacy-01.png","width":"596","height":"842"},{"@type":"BreadcrumbList","@id":"https:\/\/www.booksofall.com\/pt\/a-path-to-literacy\/#breadcrumb","itemListElement":[{"@type":"ListItem","position":1,"name":"Home","item":"https:\/\/www.booksofall.com\/pt\/"},{"@type":"ListItem","position":2,"name":"Categories","item":"https:\/\/www.booksofall.com\/pt\/categories\/"},{"@type":"ListItem","position":3,"name":"A path to literacy"}]},{"@type":"WebSite","@id":"https:\/\/www.booksofall.com\/pt\/#website","url":"https:\/\/www.booksofall.com\/pt\/","name":"BooksOfAll Portuguese","description":"Biggest IT eBooks library and learning resources - Free eBooks for programming, computing, artificial intelligence and more.","publisher":{"@id":"https:\/\/www.booksofall.com\/pt\/#organization"},"potentialAction":[{"@type":"SearchAction","target":{"@type":"EntryPoint","urlTemplate":"https:\/\/www.booksofall.com\/pt\/?s={search_term_string}"},"query-input":{"@type":"PropertyValueSpecification","valueRequired":true,"valueName":"search_term_string"}}],"inLanguage":"pt-PT"},{"@type":"Organization","@id":"https:\/\/www.booksofall.com\/pt\/#organization","name":"BooksOfAll Portuguese","url":"https:\/\/www.booksofall.com\/pt\/","logo":{"@type":"ImageObject","inLanguage":"pt-PT","@id":"https:\/\/www.booksofall.com\/pt\/#\/schema\/logo\/image\/","url":"https:\/\/www.booksofall.com\/pt\/wp-content\/uploads\/sites\/8\/2022\/06\/booksofall-logo-2.png","contentUrl":"https:\/\/www.booksofall.com\/pt\/wp-content\/uploads\/sites\/8\/2022\/06\/booksofall-logo-2.png","width":166,"height":30,"caption":"BooksOfAll Portuguese"},"image":{"@id":"https:\/\/www.booksofall.com\/pt\/#\/schema\/logo\/image\/"}}]}},"_links":{"self":[{"href":"https:\/\/www.booksofall.com\/pt\/wp-json\/wp\/v2\/product\/14943","targetHints":{"allow":["GET"]}}],"collection":[{"href":"https:\/\/www.booksofall.com\/pt\/wp-json\/wp\/v2\/product"}],"about":[{"href":"https:\/\/www.booksofall.com\/pt\/wp-json\/wp\/v2\/types\/product"}],"wp:featuredmedia":[{"embeddable":true,"href":"https:\/\/www.booksofall.com\/pt\/wp-json\/wp\/v2\/media\/14947"}],"wp:attachment":[{"href":"https:\/\/www.booksofall.com\/pt\/wp-json\/wp\/v2\/media?parent=14943"}],"wp:term":[{"taxonomy":"product_brand","embeddable":true,"href":"https:\/\/www.booksofall.com\/pt\/wp-json\/wp\/v2\/product_brand?post=14943"},{"taxonomy":"product_cat","embeddable":true,"href":"https:\/\/www.booksofall.com\/pt\/wp-json\/wp\/v2\/product_cat?post=14943"},{"taxonomy":"product_tag","embeddable":true,"href":"https:\/\/www.booksofall.com\/pt\/wp-json\/wp\/v2\/product_tag?post=14943"}],"curies":[{"name":"wp","href":"https:\/\/api.w.org\/{rel}","templated":true}]}}