{"id":14635,"date":"2022-07-19T08:28:19","date_gmt":"2022-07-19T08:28:19","guid":{"rendered":"https:\/\/www.booksofall.com\/?post_type=product&#038;p=14635"},"modified":"2022-07-19T08:28:19","modified_gmt":"2022-07-19T08:28:19","slug":"civilizacion-hispanoamericana","status":"publish","type":"product","link":"https:\/\/www.booksofall.com\/pt\/civilizacion-hispanoamericana\/","title":{"rendered":"Civilizaci\u00f3n hispanoamericana"},"content":{"rendered":"<p>This text is disseminated via the <a href=\"https:\/\/www.unesco.org\/en\/communication-information\/open-solutions\/open-educational-resources\" target=\"_blank\" rel=\"noopener\">Open Education Resource<\/a> (OER) LibreTexts Project (<a href=\"https:\/\/libretexts.org\/\" target=\"_blank\" rel=\"noopener\">https:\/\/LibreTexts.org<\/a>) and like the hundreds of other texts available within this powerful platform, it is freely available for reading, printing and &#8220;consuming.&#8221; Most, but not all, pages in the library have licenses that may allow individuals to make changes, save, and print this book. Carefully consult the applicable license(s) before pursuing such effects.<\/p>\n<p>Instructors can adopt existing <a href=\"https:\/\/en.wikipedia.org\/wiki\/LibreTexts\" target=\"_blank\" rel=\"noopener\">LibreTexts<\/a> texts or Remix them to quickly build course-specific resources to meet the needs of their students. Unlike traditional textbooks, LibreTexts\u2019 web based origins allow powerful integration of advanced features and new technologies to support learning.<\/p>\n<p>The LibreTexts mission is to unite students, faculty and scholars in a cooperative effort to develop an easy-to-use online platform for the construction, customization, and dissemination of OER content to reduce the burdens of unreasonable textbook costs to our students and society. The LibreTexts project is a multi-institutional collaborative venture to develop the next generation of openaccess texts to improve postsecondary education at all levels of higher learning by developing an Open Access Resource environment. The project currently consists of 14 independently operating and interconnected libraries that are constantly being optimized by students, faculty, and outside experts to supplant conventional paper-based books. These free textbook alternatives are organized within a central environment that is both vertically (from advance to basic level) and horizontally (across different fields) integrated.<\/p>\n<p>Un recorrido por la historia y cultura de Hispanoam\u00e9rica, dise\u00f1ado para estudiantes de la lengua espa\u00f1ola a nivel intermedio. Gracias a SUNY Oneonta y Open SUNY por su apoyo de este proyecto. En especial, gracias a Chilton Reynolds, Ed Beck y Allison Brown por su ayuda t\u00e9cnica.<\/p>\n<h3>Puerto Rico desde 1898<\/h3>\n<p>Puerto Rico sigue como \u201cterritorio no-incorporado\u201d de Estados Unidos (\u201cEstado Libre Asociado\u201d seg\u00fan la Constituci\u00f3n Puertorrique\u00f1a de 1952), y durante todos estos a\u00f1os desde 1898 ha habido una controversia constante sobre si la isla debe intentar ser independiente, ser un estado regular de EEUU, o seguir en su situaci\u00f3n especial. Al principio , el Presidente de EEUU nombraba el gobernador de Puerto Rico; desde 1948 los puertorrique\u00f1os han elegido a todos sus oficiales gubernamentales . Mandan un observador al Congreso estadounidense, pero esa persona no puede votar. Los puertorrique\u00f1os son ciudadanos de EEUU, sirven en las fuerzas armadas y tienen algunos beneficios de nivel nacional (e.g. hay un bosque nacional en la isla, pueden recibir algunos beneficios de Seguridad Social, etc.), pero no pueden votar para Presidente de EEUU. En diferentes momentos los puertorrique\u00f1os han celebrado referendos sobre su estatus: en el voto m\u00e1s reciente (2012), 60% de los votos salieron a favor de ser estado de EEUU, pero el nivel de participaci\u00f3n fue bajo y los pol\u00edticos no han avanzado proyectos legislativos para realizar ning\u00fan cambio de estatus.<\/p>\n","protected":false},"excerpt":{"rendered":"<p><iframe frameborder=\"0\" allowtransparency=\"true\" allowFullscreen=\"true\" style=\"width: 100%; height: 700px; border: none;\" src=\"https:\/\/online.visual-paradigm.com\/share\/book\/civilizaci-n-hispanoamericana-10xruo5ry1?enforceShowPromotionBar=true&#038;p=1\"><\/iframe><\/p>\n","protected":false},"featured_media":14638,"template":"","meta":{"_yoast_wpseo_title":"","_yoast_wpseo_metadesc":"The LibreTexts mission is to unite students, faculty and scholars in a cooperative effort to develop an easy-to-use online platform for the construction, customization, and dissemination of OER content to reduce the burdens of unreasonable textbook costs to our students and society."},"product_brand":[],"product_cat":[15,237],"product_tag":[],"class_list":{"0":"post-14635","1":"product","2":"type-product","3":"status-publish","4":"has-post-thumbnail","6":"product_cat-all","7":"product_cat-languages","9":"first","10":"instock","11":"shipping-taxable","12":"product-type-simple"},"yoast_head":"<!-- This site is optimized with the Yoast SEO plugin v27.1.1 - https:\/\/yoast.com\/product\/yoast-seo-wordpress\/ -->\n<title>Civilizaci\u00f3n hispanoamericana - BooksOfAll Portuguese<\/title>\n<meta name=\"description\" content=\"The LibreTexts mission is to unite students, faculty and scholars in a cooperative effort to develop an easy-to-use online platform for the construction, customization, and dissemination of OER content to reduce the burdens of unreasonable textbook costs to our students and society.\" \/>\n<meta name=\"robots\" content=\"index, follow, max-snippet:-1, max-image-preview:large, max-video-preview:-1\" \/>\n<link rel=\"canonical\" href=\"https:\/\/www.booksofall.com\/pt\/civilizacion-hispanoamericana\/\" \/>\n<meta property=\"og:locale\" content=\"pt_PT\" \/>\n<meta property=\"og:type\" content=\"article\" \/>\n<meta property=\"og:title\" content=\"Civilizaci\u00f3n hispanoamericana - BooksOfAll Portuguese\" \/>\n<meta property=\"og:description\" content=\"The LibreTexts mission is to unite students, faculty and scholars in a cooperative effort to develop an easy-to-use online platform for the construction, customization, and dissemination of OER content to reduce the burdens of unreasonable textbook costs to our students and society.\" \/>\n<meta property=\"og:url\" content=\"https:\/\/www.booksofall.com\/pt\/civilizacion-hispanoamericana\/\" \/>\n<meta property=\"og:site_name\" content=\"BooksOfAll Portuguese\" \/>\n<meta property=\"og:image\" content=\"https:\/\/www.booksofall.com\/pt\/wp-content\/uploads\/sites\/8\/2022\/07\/Civilizacion-hispanoamericana-07.png\" \/><meta property=\"og:image\" content=\"https:\/\/www.booksofall.com\/pt\/wp-content\/uploads\/sites\/8\/2022\/07\/Civilizacion-hispanoamericana-07.png\" \/>\n\t<meta property=\"og:image:width\" content=\"597\" \/>\n\t<meta property=\"og:image:height\" content=\"844\" \/>\n\t<meta property=\"og:image:type\" content=\"image\/jpeg\" \/>\n<meta name=\"twitter:card\" content=\"summary_large_image\" \/>\n<meta name=\"twitter:image\" content=\"https:\/\/www.booksofall.com\/pt\/wp-content\/uploads\/sites\/8\/2022\/07\/Civilizacion-hispanoamericana-07.png\" \/>\n<meta name=\"twitter:label1\" content=\"Tempo estimado de leitura\" \/>\n\t<meta name=\"twitter:data1\" content=\"3 minutos\" \/>\n<script type=\"application\/ld+json\" class=\"yoast-schema-graph\">{\"@context\":\"https:\/\/schema.org\",\"@graph\":[{\"@type\":\"WebPage\",\"@id\":\"https:\/\/www.booksofall.com\/pt\/civilizacion-hispanoamericana\/\",\"url\":\"https:\/\/www.booksofall.com\/pt\/civilizacion-hispanoamericana\/\",\"name\":\"Civilizaci\u00f3n hispanoamericana - BooksOfAll Portuguese\",\"isPartOf\":{\"@id\":\"https:\/\/www.booksofall.com\/pt\/#website\"},\"primaryImageOfPage\":{\"@id\":\"https:\/\/www.booksofall.com\/pt\/civilizacion-hispanoamericana\/#primaryimage\"},\"image\":{\"@id\":\"https:\/\/www.booksofall.com\/pt\/civilizacion-hispanoamericana\/#primaryimage\"},\"thumbnailUrl\":\"https:\/\/www.booksofall.com\/pt\/wp-content\/uploads\/sites\/8\/2022\/07\/Civilizacion-hispanoamericana-07.png\",\"datePublished\":\"2022-07-19T08:28:19+00:00\",\"description\":\"The LibreTexts mission is to unite students, faculty and scholars in a cooperative effort to develop an easy-to-use online platform for the construction, customization, and dissemination of OER content to reduce the burdens of unreasonable textbook costs to our students and society.\",\"breadcrumb\":{\"@id\":\"https:\/\/www.booksofall.com\/pt\/civilizacion-hispanoamericana\/#breadcrumb\"},\"inLanguage\":\"pt-PT\",\"potentialAction\":[{\"@type\":\"ReadAction\",\"target\":[\"https:\/\/www.booksofall.com\/pt\/civilizacion-hispanoamericana\/\"]}]},{\"@type\":\"ImageObject\",\"inLanguage\":\"pt-PT\",\"@id\":\"https:\/\/www.booksofall.com\/pt\/civilizacion-hispanoamericana\/#primaryimage\",\"url\":\"https:\/\/www.booksofall.com\/pt\/wp-content\/uploads\/sites\/8\/2022\/07\/Civilizacion-hispanoamericana-07.png\",\"contentUrl\":\"https:\/\/www.booksofall.com\/pt\/wp-content\/uploads\/sites\/8\/2022\/07\/Civilizacion-hispanoamericana-07.png\",\"width\":\"597\",\"height\":\"844\",\"caption\":\"Civilizaci\u00f3n hispanoamericana\"},{\"@type\":\"BreadcrumbList\",\"@id\":\"https:\/\/www.booksofall.com\/pt\/civilizacion-hispanoamericana\/#breadcrumb\",\"itemListElement\":[{\"@type\":\"ListItem\",\"position\":1,\"name\":\"Home\",\"item\":\"https:\/\/www.booksofall.com\/pt\/\"},{\"@type\":\"ListItem\",\"position\":2,\"name\":\"Categories\",\"item\":\"https:\/\/www.booksofall.com\/pt\/categories\/\"},{\"@type\":\"ListItem\",\"position\":3,\"name\":\"Civilizaci\u00f3n hispanoamericana\"}]},{\"@type\":\"WebSite\",\"@id\":\"https:\/\/www.booksofall.com\/pt\/#website\",\"url\":\"https:\/\/www.booksofall.com\/pt\/\",\"name\":\"BooksOfAll Portuguese\",\"description\":\"Biggest IT eBooks library and learning resources - Free eBooks for programming, computing, artificial intelligence and more.\",\"publisher\":{\"@id\":\"https:\/\/www.booksofall.com\/pt\/#organization\"},\"potentialAction\":[{\"@type\":\"SearchAction\",\"target\":{\"@type\":\"EntryPoint\",\"urlTemplate\":\"https:\/\/www.booksofall.com\/pt\/?s={search_term_string}\"},\"query-input\":{\"@type\":\"PropertyValueSpecification\",\"valueRequired\":true,\"valueName\":\"search_term_string\"}}],\"inLanguage\":\"pt-PT\"},{\"@type\":\"Organization\",\"@id\":\"https:\/\/www.booksofall.com\/pt\/#organization\",\"name\":\"BooksOfAll Portuguese\",\"url\":\"https:\/\/www.booksofall.com\/pt\/\",\"logo\":{\"@type\":\"ImageObject\",\"inLanguage\":\"pt-PT\",\"@id\":\"https:\/\/www.booksofall.com\/pt\/#\/schema\/logo\/image\/\",\"url\":\"https:\/\/www.booksofall.com\/pt\/wp-content\/uploads\/sites\/8\/2022\/06\/booksofall-logo-2.png\",\"contentUrl\":\"https:\/\/www.booksofall.com\/pt\/wp-content\/uploads\/sites\/8\/2022\/06\/booksofall-logo-2.png\",\"width\":166,\"height\":30,\"caption\":\"BooksOfAll Portuguese\"},\"image\":{\"@id\":\"https:\/\/www.booksofall.com\/pt\/#\/schema\/logo\/image\/\"}}]}<\/script>\n<!-- \/ Yoast SEO plugin. -->","yoast_head_json":{"title":"Civilizaci\u00f3n hispanoamericana - BooksOfAll Portuguese","description":"The LibreTexts mission is to unite students, faculty and scholars in a cooperative effort to develop an easy-to-use online platform for the construction, customization, and dissemination of OER content to reduce the burdens of unreasonable textbook costs to our students and society.","robots":{"index":"index","follow":"follow","max-snippet":"max-snippet:-1","max-image-preview":"max-image-preview:large","max-video-preview":"max-video-preview:-1"},"canonical":"https:\/\/www.booksofall.com\/pt\/civilizacion-hispanoamericana\/","og_locale":"pt_PT","og_type":"article","og_title":"Civilizaci\u00f3n hispanoamericana - BooksOfAll Portuguese","og_description":"The LibreTexts mission is to unite students, faculty and scholars in a cooperative effort to develop an easy-to-use online platform for the construction, customization, and dissemination of OER content to reduce the burdens of unreasonable textbook costs to our students and society.","og_url":"https:\/\/www.booksofall.com\/pt\/civilizacion-hispanoamericana\/","og_site_name":"BooksOfAll Portuguese","og_image":[{"url":"https:\/\/www.booksofall.com\/pt\/wp-content\/uploads\/sites\/8\/2022\/07\/Civilizacion-hispanoamericana-07.png","type":"","width":"","height":""},{"width":597,"height":844,"url":"https:\/\/www.booksofall.com\/pt\/wp-content\/uploads\/sites\/8\/2022\/07\/Civilizacion-hispanoamericana-07.png","type":"image\/jpeg"}],"twitter_card":"summary_large_image","twitter_image":"https:\/\/www.booksofall.com\/pt\/wp-content\/uploads\/sites\/8\/2022\/07\/Civilizacion-hispanoamericana-07.png","twitter_misc":{"Tempo estimado de leitura":"3 minutos"},"schema":{"@context":"https:\/\/schema.org","@graph":[{"@type":"WebPage","@id":"https:\/\/www.booksofall.com\/pt\/civilizacion-hispanoamericana\/","url":"https:\/\/www.booksofall.com\/pt\/civilizacion-hispanoamericana\/","name":"Civilizaci\u00f3n hispanoamericana - BooksOfAll Portuguese","isPartOf":{"@id":"https:\/\/www.booksofall.com\/pt\/#website"},"primaryImageOfPage":{"@id":"https:\/\/www.booksofall.com\/pt\/civilizacion-hispanoamericana\/#primaryimage"},"image":{"@id":"https:\/\/www.booksofall.com\/pt\/civilizacion-hispanoamericana\/#primaryimage"},"thumbnailUrl":"https:\/\/www.booksofall.com\/pt\/wp-content\/uploads\/sites\/8\/2022\/07\/Civilizacion-hispanoamericana-07.png","datePublished":"2022-07-19T08:28:19+00:00","description":"The LibreTexts mission is to unite students, faculty and scholars in a cooperative effort to develop an easy-to-use online platform for the construction, customization, and dissemination of OER content to reduce the burdens of unreasonable textbook costs to our students and society.","breadcrumb":{"@id":"https:\/\/www.booksofall.com\/pt\/civilizacion-hispanoamericana\/#breadcrumb"},"inLanguage":"pt-PT","potentialAction":[{"@type":"ReadAction","target":["https:\/\/www.booksofall.com\/pt\/civilizacion-hispanoamericana\/"]}]},{"@type":"ImageObject","inLanguage":"pt-PT","@id":"https:\/\/www.booksofall.com\/pt\/civilizacion-hispanoamericana\/#primaryimage","url":"https:\/\/www.booksofall.com\/pt\/wp-content\/uploads\/sites\/8\/2022\/07\/Civilizacion-hispanoamericana-07.png","contentUrl":"https:\/\/www.booksofall.com\/pt\/wp-content\/uploads\/sites\/8\/2022\/07\/Civilizacion-hispanoamericana-07.png","width":"597","height":"844","caption":"Civilizaci\u00f3n hispanoamericana"},{"@type":"BreadcrumbList","@id":"https:\/\/www.booksofall.com\/pt\/civilizacion-hispanoamericana\/#breadcrumb","itemListElement":[{"@type":"ListItem","position":1,"name":"Home","item":"https:\/\/www.booksofall.com\/pt\/"},{"@type":"ListItem","position":2,"name":"Categories","item":"https:\/\/www.booksofall.com\/pt\/categories\/"},{"@type":"ListItem","position":3,"name":"Civilizaci\u00f3n hispanoamericana"}]},{"@type":"WebSite","@id":"https:\/\/www.booksofall.com\/pt\/#website","url":"https:\/\/www.booksofall.com\/pt\/","name":"BooksOfAll Portuguese","description":"Biggest IT eBooks library and learning resources - Free eBooks for programming, computing, artificial intelligence and more.","publisher":{"@id":"https:\/\/www.booksofall.com\/pt\/#organization"},"potentialAction":[{"@type":"SearchAction","target":{"@type":"EntryPoint","urlTemplate":"https:\/\/www.booksofall.com\/pt\/?s={search_term_string}"},"query-input":{"@type":"PropertyValueSpecification","valueRequired":true,"valueName":"search_term_string"}}],"inLanguage":"pt-PT"},{"@type":"Organization","@id":"https:\/\/www.booksofall.com\/pt\/#organization","name":"BooksOfAll Portuguese","url":"https:\/\/www.booksofall.com\/pt\/","logo":{"@type":"ImageObject","inLanguage":"pt-PT","@id":"https:\/\/www.booksofall.com\/pt\/#\/schema\/logo\/image\/","url":"https:\/\/www.booksofall.com\/pt\/wp-content\/uploads\/sites\/8\/2022\/06\/booksofall-logo-2.png","contentUrl":"https:\/\/www.booksofall.com\/pt\/wp-content\/uploads\/sites\/8\/2022\/06\/booksofall-logo-2.png","width":166,"height":30,"caption":"BooksOfAll Portuguese"},"image":{"@id":"https:\/\/www.booksofall.com\/pt\/#\/schema\/logo\/image\/"}}]}},"_links":{"self":[{"href":"https:\/\/www.booksofall.com\/pt\/wp-json\/wp\/v2\/product\/14635","targetHints":{"allow":["GET"]}}],"collection":[{"href":"https:\/\/www.booksofall.com\/pt\/wp-json\/wp\/v2\/product"}],"about":[{"href":"https:\/\/www.booksofall.com\/pt\/wp-json\/wp\/v2\/types\/product"}],"wp:featuredmedia":[{"embeddable":true,"href":"https:\/\/www.booksofall.com\/pt\/wp-json\/wp\/v2\/media\/14638"}],"wp:attachment":[{"href":"https:\/\/www.booksofall.com\/pt\/wp-json\/wp\/v2\/media?parent=14635"}],"wp:term":[{"taxonomy":"product_brand","embeddable":true,"href":"https:\/\/www.booksofall.com\/pt\/wp-json\/wp\/v2\/product_brand?post=14635"},{"taxonomy":"product_cat","embeddable":true,"href":"https:\/\/www.booksofall.com\/pt\/wp-json\/wp\/v2\/product_cat?post=14635"},{"taxonomy":"product_tag","embeddable":true,"href":"https:\/\/www.booksofall.com\/pt\/wp-json\/wp\/v2\/product_tag?post=14635"}],"curies":[{"name":"wp","href":"https:\/\/api.w.org\/{rel}","templated":true}]}}