{"id":13414,"date":"2022-07-13T02:44:21","date_gmt":"2022-07-13T02:44:21","guid":{"rendered":"https:\/\/www.booksofall.com\/?post_type=product&#038;p=13414"},"modified":"2022-07-13T02:50:08","modified_gmt":"2022-07-13T02:50:08","slug":"the-art-and-life-of-johannes-vermeer","status":"publish","type":"product","link":"https:\/\/www.booksofall.com\/pt\/the-art-and-life-of-johannes-vermeer\/","title":{"rendered":"The Art and Life of Johannes Vermeer"},"content":{"rendered":"<h4>The painter who made Girl with a Pearl Earring<\/h4>\n<p><a title=\"Johannes Vermeer\" href=\"https:\/\/www.europeana.eu\/collections\/person\/60404-johannes-vermeer\">Johannes Vermeer&#8217;s<\/a>\u00a0painting\u00a0<a title=\"Girl with a pearl earring\" href=\"https:\/\/www.europeana.eu\/item\/2021672\/resource_document_mauritshuis_670\">Girl with a pearl earring_<\/a>\u00a0has been among the world&#8217;s most famous artworks.<\/p>\n<p>It\u2019s hard to believe that, for two centuries, the painting was barely mentioned in any of writing on 17th-century Dutch painting. His art was rediscovered only in the 19th century, after Gustav Friedrich Waagen and Th\u00e9ophile Thor\u00e9-B\u00fcrger published an essay attributing 66 paintings to him (although only 36 paintings are attributed to him now).<\/p>\n<p>Besides scarce facts, including that he was baptised in Delft on 31 October 1632, very little is known about Vermeer.<\/p>\n<p>It is unclear where and with whom Vermeer apprenticed as a painter. For many years, it was believed that Vermeer&#8217;s master was Leonaert Bramer of Delft. However, Bramer&#8217;s style was so different from both early and subsequent works of Vermeer, that it was difficult to draw any definite conclusions.<\/p>\n<p>The role his father played in Vermeer\u2019s artistic development is yet indisputable. Reynier Janszoon was a &#8220;caffawercker&#8221; (worker of silk and caffa) and an art dealer.<\/p>\n<p>&#8220;If, as I believe, Vermeer created patterns of his own in some of the rugs, tapestries, and leather wall coverings that he depicted, both the impulse and the skill may perhaps be traced to his exposure to his father&#8217;s craft&#8221;, writes Professor John M. Montias, the author of\u00a0<em>Vermeer and His Milieu: A Web of Social History<\/em>.<\/p>\n<p>The paintings his father dealt with were also a likely source of inspiration for young Vermeer.<\/p>\n<p>The masterful use of light and colour as well as the carefully created compositions can be best seen in his works from the late 1650s, the period of Vermeer\u2019s artistic maturity. This is also the period of relative financial stability, secured by Vermeer\u2019s mother-in-law, who had also indirectly influenced Vermeer\u2019s work, and Pieter van Ruijven, an important Delft citizen who became Vermeer\u2019s patron.<\/p>\n<p>Although highly regarded by his peers, Vermeer&#8217;s fame did not spread far outside Delft. This could be because he produced a relatively small amount of works, most of which were in the hands of only a few select collectors.<\/p>\n<p>Vermeer had many other responsibilities: a father of 14 children, head of an artists\u2019 guild, art dealer and an inn-keeper, which could explain why he might not had the time to devote himself fully to painting.<\/p>\n","protected":false},"excerpt":{"rendered":"<p><iframe style=\"width: 100%; height: 750px; border: none;\" src=\"https:\/\/online.visual-paradigm.com\/share\/book\/the-art-and-life-of-johannes-vermeer-10oy09bklu?p=1\" frameborder=\"0\" allowfullscreen=\"allowfullscreen\"><\/iframe><\/p>\n","protected":false},"featured_media":13423,"template":"","meta":{"_yoast_wpseo_title":"","_yoast_wpseo_metadesc":"You can share the best ideas and insights with flipbooks like this one just few clicks your can share on social media. Try Visual Paradigm now!"},"product_brand":[],"product_cat":[15,167],"product_tag":[],"class_list":{"0":"post-13414","1":"product","2":"type-product","3":"status-publish","4":"has-post-thumbnail","6":"product_cat-all","7":"product_cat-arts-entertainment","9":"first","10":"instock","11":"shipping-taxable","12":"product-type-simple"},"yoast_head":"<!-- This site is optimized with the Yoast SEO plugin v27.1.1 - https:\/\/yoast.com\/product\/yoast-seo-wordpress\/ -->\n<title>The Art and Life of Johannes Vermeer - BooksOfAll Portuguese<\/title>\n<meta name=\"description\" content=\"You can share the best ideas and insights with flipbooks like this one just few clicks your can share on social media. Try Visual Paradigm now!\" \/>\n<meta name=\"robots\" content=\"index, follow, max-snippet:-1, max-image-preview:large, max-video-preview:-1\" \/>\n<link rel=\"canonical\" href=\"https:\/\/www.booksofall.com\/pt\/the-art-and-life-of-johannes-vermeer\/\" \/>\n<meta property=\"og:locale\" content=\"pt_PT\" \/>\n<meta property=\"og:type\" content=\"article\" \/>\n<meta property=\"og:title\" content=\"The Art and Life of Johannes Vermeer - BooksOfAll Portuguese\" \/>\n<meta property=\"og:description\" content=\"You can share the best ideas and insights with flipbooks like this one just few clicks your can share on social media. Try Visual Paradigm now!\" \/>\n<meta property=\"og:url\" content=\"https:\/\/www.booksofall.com\/pt\/the-art-and-life-of-johannes-vermeer\/\" \/>\n<meta property=\"og:site_name\" content=\"BooksOfAll Portuguese\" \/>\n<meta property=\"article:modified_time\" content=\"2022-07-13T02:50:08+00:00\" \/>\n<meta property=\"og:image\" content=\"https:\/\/www.booksofall.com\/pt\/wp-content\/uploads\/sites\/8\/2022\/07\/The-Art-and-Life-of-Johannes-Vermeer-01.png\" \/><meta property=\"og:image\" content=\"https:\/\/www.booksofall.com\/pt\/wp-content\/uploads\/sites\/8\/2022\/07\/The-Art-and-Life-of-Johannes-Vermeer-01.png\" \/>\n\t<meta property=\"og:image:width\" content=\"596\" \/>\n\t<meta property=\"og:image:height\" content=\"842\" \/>\n\t<meta property=\"og:image:type\" content=\"image\/jpeg\" \/>\n<meta name=\"twitter:card\" content=\"summary_large_image\" \/>\n<meta name=\"twitter:image\" content=\"https:\/\/www.booksofall.com\/pt\/wp-content\/uploads\/sites\/8\/2022\/07\/The-Art-and-Life-of-Johannes-Vermeer-01.png\" \/>\n<meta name=\"twitter:label1\" content=\"Tempo estimado de leitura\" \/>\n\t<meta name=\"twitter:data1\" content=\"2 minutos\" \/>\n<script type=\"application\/ld+json\" class=\"yoast-schema-graph\">{\"@context\":\"https:\/\/schema.org\",\"@graph\":[{\"@type\":\"WebPage\",\"@id\":\"https:\/\/www.booksofall.com\/pt\/the-art-and-life-of-johannes-vermeer\/\",\"url\":\"https:\/\/www.booksofall.com\/pt\/the-art-and-life-of-johannes-vermeer\/\",\"name\":\"The Art and Life of Johannes Vermeer - BooksOfAll Portuguese\",\"isPartOf\":{\"@id\":\"https:\/\/www.booksofall.com\/pt\/#website\"},\"primaryImageOfPage\":{\"@id\":\"https:\/\/www.booksofall.com\/pt\/the-art-and-life-of-johannes-vermeer\/#primaryimage\"},\"image\":{\"@id\":\"https:\/\/www.booksofall.com\/pt\/the-art-and-life-of-johannes-vermeer\/#primaryimage\"},\"thumbnailUrl\":\"https:\/\/www.booksofall.com\/pt\/wp-content\/uploads\/sites\/8\/2022\/07\/The-Art-and-Life-of-Johannes-Vermeer-01.png\",\"datePublished\":\"2022-07-13T02:44:21+00:00\",\"dateModified\":\"2022-07-13T02:50:08+00:00\",\"description\":\"You can share the best ideas and insights with flipbooks like this one just few clicks your can share on social media. Try Visual Paradigm now!\",\"breadcrumb\":{\"@id\":\"https:\/\/www.booksofall.com\/pt\/the-art-and-life-of-johannes-vermeer\/#breadcrumb\"},\"inLanguage\":\"pt-PT\",\"potentialAction\":[{\"@type\":\"ReadAction\",\"target\":[\"https:\/\/www.booksofall.com\/pt\/the-art-and-life-of-johannes-vermeer\/\"]}]},{\"@type\":\"ImageObject\",\"inLanguage\":\"pt-PT\",\"@id\":\"https:\/\/www.booksofall.com\/pt\/the-art-and-life-of-johannes-vermeer\/#primaryimage\",\"url\":\"https:\/\/www.booksofall.com\/pt\/wp-content\/uploads\/sites\/8\/2022\/07\/The-Art-and-Life-of-Johannes-Vermeer-01.png\",\"contentUrl\":\"https:\/\/www.booksofall.com\/pt\/wp-content\/uploads\/sites\/8\/2022\/07\/The-Art-and-Life-of-Johannes-Vermeer-01.png\",\"width\":\"596\",\"height\":\"842\"},{\"@type\":\"BreadcrumbList\",\"@id\":\"https:\/\/www.booksofall.com\/pt\/the-art-and-life-of-johannes-vermeer\/#breadcrumb\",\"itemListElement\":[{\"@type\":\"ListItem\",\"position\":1,\"name\":\"Home\",\"item\":\"https:\/\/www.booksofall.com\/pt\/\"},{\"@type\":\"ListItem\",\"position\":2,\"name\":\"Categories\",\"item\":\"https:\/\/www.booksofall.com\/pt\/categories\/\"},{\"@type\":\"ListItem\",\"position\":3,\"name\":\"The Art and Life of Johannes Vermeer\"}]},{\"@type\":\"WebSite\",\"@id\":\"https:\/\/www.booksofall.com\/pt\/#website\",\"url\":\"https:\/\/www.booksofall.com\/pt\/\",\"name\":\"BooksOfAll Portuguese\",\"description\":\"Biggest IT eBooks library and learning resources - Free eBooks for programming, computing, artificial intelligence and more.\",\"publisher\":{\"@id\":\"https:\/\/www.booksofall.com\/pt\/#organization\"},\"potentialAction\":[{\"@type\":\"SearchAction\",\"target\":{\"@type\":\"EntryPoint\",\"urlTemplate\":\"https:\/\/www.booksofall.com\/pt\/?s={search_term_string}\"},\"query-input\":{\"@type\":\"PropertyValueSpecification\",\"valueRequired\":true,\"valueName\":\"search_term_string\"}}],\"inLanguage\":\"pt-PT\"},{\"@type\":\"Organization\",\"@id\":\"https:\/\/www.booksofall.com\/pt\/#organization\",\"name\":\"BooksOfAll Portuguese\",\"url\":\"https:\/\/www.booksofall.com\/pt\/\",\"logo\":{\"@type\":\"ImageObject\",\"inLanguage\":\"pt-PT\",\"@id\":\"https:\/\/www.booksofall.com\/pt\/#\/schema\/logo\/image\/\",\"url\":\"https:\/\/www.booksofall.com\/pt\/wp-content\/uploads\/sites\/8\/2022\/06\/booksofall-logo-2.png\",\"contentUrl\":\"https:\/\/www.booksofall.com\/pt\/wp-content\/uploads\/sites\/8\/2022\/06\/booksofall-logo-2.png\",\"width\":166,\"height\":30,\"caption\":\"BooksOfAll Portuguese\"},\"image\":{\"@id\":\"https:\/\/www.booksofall.com\/pt\/#\/schema\/logo\/image\/\"}}]}<\/script>\n<!-- \/ Yoast SEO plugin. -->","yoast_head_json":{"title":"The Art and Life of Johannes Vermeer - BooksOfAll Portuguese","description":"You can share the best ideas and insights with flipbooks like this one just few clicks your can share on social media. Try Visual Paradigm now!","robots":{"index":"index","follow":"follow","max-snippet":"max-snippet:-1","max-image-preview":"max-image-preview:large","max-video-preview":"max-video-preview:-1"},"canonical":"https:\/\/www.booksofall.com\/pt\/the-art-and-life-of-johannes-vermeer\/","og_locale":"pt_PT","og_type":"article","og_title":"The Art and Life of Johannes Vermeer - BooksOfAll Portuguese","og_description":"You can share the best ideas and insights with flipbooks like this one just few clicks your can share on social media. Try Visual Paradigm now!","og_url":"https:\/\/www.booksofall.com\/pt\/the-art-and-life-of-johannes-vermeer\/","og_site_name":"BooksOfAll Portuguese","article_modified_time":"2022-07-13T02:50:08+00:00","og_image":[{"url":"https:\/\/www.booksofall.com\/pt\/wp-content\/uploads\/sites\/8\/2022\/07\/The-Art-and-Life-of-Johannes-Vermeer-01.png","type":"","width":"","height":""},{"width":596,"height":842,"url":"https:\/\/www.booksofall.com\/pt\/wp-content\/uploads\/sites\/8\/2022\/07\/The-Art-and-Life-of-Johannes-Vermeer-01.png","type":"image\/jpeg"}],"twitter_card":"summary_large_image","twitter_image":"https:\/\/www.booksofall.com\/pt\/wp-content\/uploads\/sites\/8\/2022\/07\/The-Art-and-Life-of-Johannes-Vermeer-01.png","twitter_misc":{"Tempo estimado de leitura":"2 minutos"},"schema":{"@context":"https:\/\/schema.org","@graph":[{"@type":"WebPage","@id":"https:\/\/www.booksofall.com\/pt\/the-art-and-life-of-johannes-vermeer\/","url":"https:\/\/www.booksofall.com\/pt\/the-art-and-life-of-johannes-vermeer\/","name":"The Art and Life of Johannes Vermeer - BooksOfAll Portuguese","isPartOf":{"@id":"https:\/\/www.booksofall.com\/pt\/#website"},"primaryImageOfPage":{"@id":"https:\/\/www.booksofall.com\/pt\/the-art-and-life-of-johannes-vermeer\/#primaryimage"},"image":{"@id":"https:\/\/www.booksofall.com\/pt\/the-art-and-life-of-johannes-vermeer\/#primaryimage"},"thumbnailUrl":"https:\/\/www.booksofall.com\/pt\/wp-content\/uploads\/sites\/8\/2022\/07\/The-Art-and-Life-of-Johannes-Vermeer-01.png","datePublished":"2022-07-13T02:44:21+00:00","dateModified":"2022-07-13T02:50:08+00:00","description":"You can share the best ideas and insights with flipbooks like this one just few clicks your can share on social media. Try Visual Paradigm now!","breadcrumb":{"@id":"https:\/\/www.booksofall.com\/pt\/the-art-and-life-of-johannes-vermeer\/#breadcrumb"},"inLanguage":"pt-PT","potentialAction":[{"@type":"ReadAction","target":["https:\/\/www.booksofall.com\/pt\/the-art-and-life-of-johannes-vermeer\/"]}]},{"@type":"ImageObject","inLanguage":"pt-PT","@id":"https:\/\/www.booksofall.com\/pt\/the-art-and-life-of-johannes-vermeer\/#primaryimage","url":"https:\/\/www.booksofall.com\/pt\/wp-content\/uploads\/sites\/8\/2022\/07\/The-Art-and-Life-of-Johannes-Vermeer-01.png","contentUrl":"https:\/\/www.booksofall.com\/pt\/wp-content\/uploads\/sites\/8\/2022\/07\/The-Art-and-Life-of-Johannes-Vermeer-01.png","width":"596","height":"842"},{"@type":"BreadcrumbList","@id":"https:\/\/www.booksofall.com\/pt\/the-art-and-life-of-johannes-vermeer\/#breadcrumb","itemListElement":[{"@type":"ListItem","position":1,"name":"Home","item":"https:\/\/www.booksofall.com\/pt\/"},{"@type":"ListItem","position":2,"name":"Categories","item":"https:\/\/www.booksofall.com\/pt\/categories\/"},{"@type":"ListItem","position":3,"name":"The Art and Life of Johannes Vermeer"}]},{"@type":"WebSite","@id":"https:\/\/www.booksofall.com\/pt\/#website","url":"https:\/\/www.booksofall.com\/pt\/","name":"BooksOfAll Portuguese","description":"Biggest IT eBooks library and learning resources - Free eBooks for programming, computing, artificial intelligence and more.","publisher":{"@id":"https:\/\/www.booksofall.com\/pt\/#organization"},"potentialAction":[{"@type":"SearchAction","target":{"@type":"EntryPoint","urlTemplate":"https:\/\/www.booksofall.com\/pt\/?s={search_term_string}"},"query-input":{"@type":"PropertyValueSpecification","valueRequired":true,"valueName":"search_term_string"}}],"inLanguage":"pt-PT"},{"@type":"Organization","@id":"https:\/\/www.booksofall.com\/pt\/#organization","name":"BooksOfAll Portuguese","url":"https:\/\/www.booksofall.com\/pt\/","logo":{"@type":"ImageObject","inLanguage":"pt-PT","@id":"https:\/\/www.booksofall.com\/pt\/#\/schema\/logo\/image\/","url":"https:\/\/www.booksofall.com\/pt\/wp-content\/uploads\/sites\/8\/2022\/06\/booksofall-logo-2.png","contentUrl":"https:\/\/www.booksofall.com\/pt\/wp-content\/uploads\/sites\/8\/2022\/06\/booksofall-logo-2.png","width":166,"height":30,"caption":"BooksOfAll Portuguese"},"image":{"@id":"https:\/\/www.booksofall.com\/pt\/#\/schema\/logo\/image\/"}}]}},"_links":{"self":[{"href":"https:\/\/www.booksofall.com\/pt\/wp-json\/wp\/v2\/product\/13414","targetHints":{"allow":["GET"]}}],"collection":[{"href":"https:\/\/www.booksofall.com\/pt\/wp-json\/wp\/v2\/product"}],"about":[{"href":"https:\/\/www.booksofall.com\/pt\/wp-json\/wp\/v2\/types\/product"}],"wp:featuredmedia":[{"embeddable":true,"href":"https:\/\/www.booksofall.com\/pt\/wp-json\/wp\/v2\/media\/13423"}],"wp:attachment":[{"href":"https:\/\/www.booksofall.com\/pt\/wp-json\/wp\/v2\/media?parent=13414"}],"wp:term":[{"taxonomy":"product_brand","embeddable":true,"href":"https:\/\/www.booksofall.com\/pt\/wp-json\/wp\/v2\/product_brand?post=13414"},{"taxonomy":"product_cat","embeddable":true,"href":"https:\/\/www.booksofall.com\/pt\/wp-json\/wp\/v2\/product_cat?post=13414"},{"taxonomy":"product_tag","embeddable":true,"href":"https:\/\/www.booksofall.com\/pt\/wp-json\/wp\/v2\/product_tag?post=13414"}],"curies":[{"name":"wp","href":"https:\/\/api.w.org\/{rel}","templated":true}]}}