{"id":18712,"date":"2022-10-05T05:30:28","date_gmt":"2022-10-05T05:30:28","guid":{"rendered":"https:\/\/www.booksofall.com\/pl\/?post_type=product&#038;p=18712"},"modified":"2022-10-05T05:30:28","modified_gmt":"2022-10-05T05:30:28","slug":"tokyo-university-and-the-war-2","status":"publish","type":"product","link":"https:\/\/www.booksofall.com\/pl\/tokyo-university-and-the-war-2\/","title":{"rendered":"Tokyo University and the War"},"content":{"rendered":"<p>In which the author lambastes the T\u014ddai Faculty of Law for its failure to respond forcefully to the attacks from the outside on one of its most distinguished professors, Minobe Tatsukichi. Minobe had already retired, but the attacks intensified after 1934. In September 1935 he resigned from the House of Peers. The author focuses on Minobe\u2019s disciple Miyazawa Toshiyoshi and his junior colleague Nambara Shigeru. This chapter is Chapter 51 in the Japanese original. Readers should remember that they are beginning the author\u2019s account not in mid-stream but fully three-quarters of the way across.<\/p>\n<p>Going along or acting out of conviction, most Tokyo Imperial UniversityRHM: The formal title of the university before the war was Tokyo Imperial University (T\u014dky\u014d teikoku daigaku, Teidai for short). After the war it became<a href=\"https:\/\/www.u-tokyo.ac.jp\/en\/index.html\" target=\"_blank\" rel=\"noopener\"> Tokyo University<\/a> (T\u014dky\u014d daigaku, T\u014ddai for short). To minimize confusion, I have used T\u014ddai throughout. professors cooperated actively with the military and the war. But some professors\u2014albeit a minority\u2014stood at the opposite pole. The two who deserve to stand at the top of this list are <a href=\"https:\/\/www.wikidata.org\/wiki\/Q11553748\" target=\"_blank\" rel=\"noopener\">Kawai Eijir\u014d<\/a> and <a href=\"https:\/\/en.wikipedia.org\/wiki\/Tadao_Yanaihara\" target=\"_blank\" rel=\"noopener\">Yanaihara Tadao<\/a> of the Faculty of Economics. Because of their fierce critical spirit, both lost their positions as professors. Kawai was forced out in 1939 and died during the war, in 1944. Yanaihara was ousted in 1937 but reinstated right after the war and after serving as dean of the Faculty of Economics and then head of the General Studies Division, became president of T\u014ddai (1951-57).<\/p>\n<p>Japan\u2019s sudden turn to the right and the establishment of political control by the military took place after the February 26 Incident, and Kawai Eijir\u014d was the only person in the entire world of commentators to criticize the military head-on for the Incident. In the Imperial University News of March 9, right after the Incident, he wrote: \u201cFirst of all, we feel a duty to express deep condolences on the deaths of Home Minister Sait\u014d, Finance Minister Takahashi, and Chief of Military Training General Watanabe, slain by the cruel bayonets. Quite a few politicians have fallen victim to the violence of the last several years\u2014<a href=\"https:\/\/en.wikipedia.org\/wiki\/Hamaguchi_Osachi\" target=\"_blank\" rel=\"noopener\">Hamaguchi Osachi<\/a>, <a href=\"https:\/\/en.wikipedia.org\/wiki\/Junnosuke_Inoue\" target=\"_blank\" rel=\"noopener\">Inoue Junnosuke<\/a>, <a href=\"https:\/\/en.wikipedia.org\/wiki\/Inukai_Tsuyoshi\" target=\"_blank\" rel=\"noopener\">Inukai Tsuyoshi<\/a>; but when these people were felled, it was still unclear what the ideology of the opposing side was.RHM: Hamaguchi (prime minister), shot 1930, died 1931; Inoue (former Finance Minister) and Inukai (prime minister), assassinated March 15, 1932.So their deaths were literally unforeseen. But since the May 15 Incident, fascism\u2014particularly fascism within the military\u2014has become obvious and cannot be covered up. The men killed this time made opposition to this fascist trend their conscious goal and likely foresaw that the result might be their own deaths; yet they faced that prospect head-on and sought with their bodies to stem the tide of fascism.\u201d<\/p>\n<p>(state socialism) bore the brunt of his criticism. Beginning in 1933 he published essays on current events from that perspective, one after the other, in various journals of opinion; in 1934 he collected them into the book Critique of Fascism. Fuasshizumu hihan, Tokyo: Nihon hy\u014dronsha, 1934. This book sold well, one printing after another. The infamous Minoda Muneki, leader of the right-wing assault on \u201cleftist\u201d intellectuals, deluged him with criticism\u2014Kawai was an \u201cearly proponent of the tactic of the Popular Front,\u201d a \u201ccollaborator with social democratic revolution,\u201d a \u201cproponent of bald-faced intervention in the prerogative of supreme command,\u201d an \u201canti-military, anti-war\u201d thinker, a \u201cproponent of Chinese-style dependence on England and the U.S.\u201dRHM: Minoda\u2019s phrase shinajinteki [literally, like Chinese people] has at least a tinge of condescension. Shina for China was common, usually derogatory, usage in the 1930s. The Home Ministry, too, told Kawai through intermediaries that it wouldn\u2019t ban his books but asked him to withdraw them voluntarily. Kawai refused to do so, saying, \u201cIf you want to ban them, be my guest!\u201d<\/p>\n","protected":false},"excerpt":{"rendered":"<p><iframe frameborder=\"0\" allowtransparency=\"true\" allowFullscreen=\"true\" style=\"width: 100%; height: 700px; border: none;\" src=\"https:\/\/online.visual-paradigm.com\/share\/book\/tokyo-university-and-the-war-140zyu9uct?enforceShowPromotionBar=true&#038;p=1\"><\/iframe><\/p>\n","protected":false},"featured_media":18715,"template":"","meta":{"_yoast_wpseo_title":"","_yoast_wpseo_metadesc":"In which the author lambastes the T\u014ddai Faculty of Law for its failure to respond forcefully to the attacks from the outside on one of its most distinguished professors, Minobe Tatsukichi. Minobe had already retired, but the attacks intensified after 1934."},"product_brand":[],"product_cat":[15,236],"product_tag":[],"class_list":{"0":"post-18712","1":"product","2":"type-product","3":"status-publish","4":"has-post-thumbnail","6":"product_cat-all","7":"product_cat-history","9":"first","10":"instock","11":"shipping-taxable","12":"product-type-simple"},"yoast_head":"<!-- This site is optimized with the Yoast SEO plugin v27.1.1 - https:\/\/yoast.com\/product\/yoast-seo-wordpress\/ -->\n<title>Tokyo University and the War - BooksOfAll Polish<\/title>\n<meta name=\"description\" content=\"In which the author lambastes the T\u014ddai Faculty of Law for its failure to respond forcefully to the attacks from the outside on one of its most distinguished professors, Minobe Tatsukichi. Minobe had already retired, but the attacks intensified after 1934.\" \/>\n<meta name=\"robots\" content=\"index, follow, max-snippet:-1, max-image-preview:large, max-video-preview:-1\" \/>\n<link rel=\"canonical\" href=\"https:\/\/www.booksofall.com\/pl\/tokyo-university-and-the-war-2\/\" \/>\n<meta property=\"og:locale\" content=\"pl_PL\" \/>\n<meta property=\"og:type\" content=\"article\" \/>\n<meta property=\"og:title\" content=\"Tokyo University and the War - BooksOfAll Polish\" \/>\n<meta property=\"og:description\" content=\"In which the author lambastes the T\u014ddai Faculty of Law for its failure to respond forcefully to the attacks from the outside on one of its most distinguished professors, Minobe Tatsukichi. Minobe had already retired, but the attacks intensified after 1934.\" \/>\n<meta property=\"og:url\" content=\"https:\/\/www.booksofall.com\/pl\/tokyo-university-and-the-war-2\/\" \/>\n<meta property=\"og:site_name\" content=\"BooksOfAll Polish\" \/>\n<meta property=\"og:image\" content=\"https:\/\/www.booksofall.com\/pl\/wp-content\/uploads\/sites\/11\/2022\/10\/Tokyo-University-and-the-War-07-1.png\" \/>\n<meta name=\"twitter:card\" content=\"summary_large_image\" \/>\n<meta name=\"twitter:image\" content=\"https:\/\/www.booksofall.com\/pl\/wp-content\/uploads\/sites\/11\/2022\/10\/Tokyo-University-and-the-War-07-1.png\" \/>\n<meta name=\"twitter:label1\" content=\"Szacowany czas czytania\" \/>\n\t<meta name=\"twitter:data1\" content=\"3 minuty\" \/>\n<script type=\"application\/ld+json\" class=\"yoast-schema-graph\">{\"@context\":\"https:\/\/schema.org\",\"@graph\":[{\"@type\":\"WebPage\",\"@id\":\"https:\/\/www.booksofall.com\/pl\/tokyo-university-and-the-war-2\/\",\"url\":\"https:\/\/www.booksofall.com\/pl\/tokyo-university-and-the-war-2\/\",\"name\":\"Tokyo University and the War - BooksOfAll Polish\",\"isPartOf\":{\"@id\":\"https:\/\/www.booksofall.com\/pl\/#website\"},\"primaryImageOfPage\":{\"@id\":\"https:\/\/www.booksofall.com\/pl\/tokyo-university-and-the-war-2\/#primaryimage\"},\"image\":{\"@id\":\"https:\/\/www.booksofall.com\/pl\/tokyo-university-and-the-war-2\/#primaryimage\"},\"thumbnailUrl\":\"https:\/\/www.booksofall.com\/pl\/wp-content\/uploads\/sites\/11\/2022\/10\/Tokyo-University-and-the-War-07-1.png\",\"datePublished\":\"2022-10-05T05:30:28+00:00\",\"description\":\"In which the author lambastes the T\u014ddai Faculty of Law for its failure to respond forcefully to the attacks from the outside on one of its most distinguished professors, Minobe Tatsukichi. Minobe had already retired, but the attacks intensified after 1934.\",\"breadcrumb\":{\"@id\":\"https:\/\/www.booksofall.com\/pl\/tokyo-university-and-the-war-2\/#breadcrumb\"},\"inLanguage\":\"pl-PL\",\"potentialAction\":[{\"@type\":\"ReadAction\",\"target\":[\"https:\/\/www.booksofall.com\/pl\/tokyo-university-and-the-war-2\/\"]}]},{\"@type\":\"ImageObject\",\"inLanguage\":\"pl-PL\",\"@id\":\"https:\/\/www.booksofall.com\/pl\/tokyo-university-and-the-war-2\/#primaryimage\",\"url\":\"https:\/\/www.booksofall.com\/pl\/wp-content\/uploads\/sites\/11\/2022\/10\/Tokyo-University-and-the-War-07-1.png\",\"contentUrl\":\"https:\/\/www.booksofall.com\/pl\/wp-content\/uploads\/sites\/11\/2022\/10\/Tokyo-University-and-the-War-07-1.png\",\"width\":\"597\",\"height\":\"844\",\"caption\":\"Tokyo University and the War\"},{\"@type\":\"BreadcrumbList\",\"@id\":\"https:\/\/www.booksofall.com\/pl\/tokyo-university-and-the-war-2\/#breadcrumb\",\"itemListElement\":[{\"@type\":\"ListItem\",\"position\":1,\"name\":\"Home\",\"item\":\"https:\/\/www.booksofall.com\/pl\/\"},{\"@type\":\"ListItem\",\"position\":2,\"name\":\"Categories\",\"item\":\"https:\/\/www.booksofall.com\/pl\/categories\/\"},{\"@type\":\"ListItem\",\"position\":3,\"name\":\"Tokyo University and the War\"}]},{\"@type\":\"WebSite\",\"@id\":\"https:\/\/www.booksofall.com\/pl\/#website\",\"url\":\"https:\/\/www.booksofall.com\/pl\/\",\"name\":\"BooksOfAll Polish\",\"description\":\"Biggest IT eBooks library and learning resources - Free eBooks for programming, computing, artificial intelligence and more.\",\"publisher\":{\"@id\":\"https:\/\/www.booksofall.com\/pl\/#organization\"},\"potentialAction\":[{\"@type\":\"SearchAction\",\"target\":{\"@type\":\"EntryPoint\",\"urlTemplate\":\"https:\/\/www.booksofall.com\/pl\/?s={search_term_string}\"},\"query-input\":{\"@type\":\"PropertyValueSpecification\",\"valueRequired\":true,\"valueName\":\"search_term_string\"}}],\"inLanguage\":\"pl-PL\"},{\"@type\":\"Organization\",\"@id\":\"https:\/\/www.booksofall.com\/pl\/#organization\",\"name\":\"BooksOfAll Polish\",\"url\":\"https:\/\/www.booksofall.com\/pl\/\",\"logo\":{\"@type\":\"ImageObject\",\"inLanguage\":\"pl-PL\",\"@id\":\"https:\/\/www.booksofall.com\/pl\/#\/schema\/logo\/image\/\",\"url\":\"https:\/\/www.booksofall.com\/pl\/wp-content\/uploads\/sites\/11\/2022\/06\/booksofall-logo-2.png\",\"contentUrl\":\"https:\/\/www.booksofall.com\/pl\/wp-content\/uploads\/sites\/11\/2022\/06\/booksofall-logo-2.png\",\"width\":166,\"height\":30,\"caption\":\"BooksOfAll Polish\"},\"image\":{\"@id\":\"https:\/\/www.booksofall.com\/pl\/#\/schema\/logo\/image\/\"}}]}<\/script>\n<!-- \/ Yoast SEO plugin. -->","yoast_head_json":{"title":"Tokyo University and the War - BooksOfAll Polish","description":"In which the author lambastes the T\u014ddai Faculty of Law for its failure to respond forcefully to the attacks from the outside on one of its most distinguished professors, Minobe Tatsukichi. Minobe had already retired, but the attacks intensified after 1934.","robots":{"index":"index","follow":"follow","max-snippet":"max-snippet:-1","max-image-preview":"max-image-preview:large","max-video-preview":"max-video-preview:-1"},"canonical":"https:\/\/www.booksofall.com\/pl\/tokyo-university-and-the-war-2\/","og_locale":"pl_PL","og_type":"article","og_title":"Tokyo University and the War - BooksOfAll Polish","og_description":"In which the author lambastes the T\u014ddai Faculty of Law for its failure to respond forcefully to the attacks from the outside on one of its most distinguished professors, Minobe Tatsukichi. Minobe had already retired, but the attacks intensified after 1934.","og_url":"https:\/\/www.booksofall.com\/pl\/tokyo-university-and-the-war-2\/","og_site_name":"BooksOfAll Polish","og_image":[{"url":"https:\/\/www.booksofall.com\/pl\/wp-content\/uploads\/sites\/11\/2022\/10\/Tokyo-University-and-the-War-07-1.png","type":"","width":"","height":""}],"twitter_card":"summary_large_image","twitter_image":"https:\/\/www.booksofall.com\/pl\/wp-content\/uploads\/sites\/11\/2022\/10\/Tokyo-University-and-the-War-07-1.png","twitter_misc":{"Szacowany czas czytania":"3 minuty"},"schema":{"@context":"https:\/\/schema.org","@graph":[{"@type":"WebPage","@id":"https:\/\/www.booksofall.com\/pl\/tokyo-university-and-the-war-2\/","url":"https:\/\/www.booksofall.com\/pl\/tokyo-university-and-the-war-2\/","name":"Tokyo University and the War - BooksOfAll Polish","isPartOf":{"@id":"https:\/\/www.booksofall.com\/pl\/#website"},"primaryImageOfPage":{"@id":"https:\/\/www.booksofall.com\/pl\/tokyo-university-and-the-war-2\/#primaryimage"},"image":{"@id":"https:\/\/www.booksofall.com\/pl\/tokyo-university-and-the-war-2\/#primaryimage"},"thumbnailUrl":"https:\/\/www.booksofall.com\/pl\/wp-content\/uploads\/sites\/11\/2022\/10\/Tokyo-University-and-the-War-07-1.png","datePublished":"2022-10-05T05:30:28+00:00","description":"In which the author lambastes the T\u014ddai Faculty of Law for its failure to respond forcefully to the attacks from the outside on one of its most distinguished professors, Minobe Tatsukichi. Minobe had already retired, but the attacks intensified after 1934.","breadcrumb":{"@id":"https:\/\/www.booksofall.com\/pl\/tokyo-university-and-the-war-2\/#breadcrumb"},"inLanguage":"pl-PL","potentialAction":[{"@type":"ReadAction","target":["https:\/\/www.booksofall.com\/pl\/tokyo-university-and-the-war-2\/"]}]},{"@type":"ImageObject","inLanguage":"pl-PL","@id":"https:\/\/www.booksofall.com\/pl\/tokyo-university-and-the-war-2\/#primaryimage","url":"https:\/\/www.booksofall.com\/pl\/wp-content\/uploads\/sites\/11\/2022\/10\/Tokyo-University-and-the-War-07-1.png","contentUrl":"https:\/\/www.booksofall.com\/pl\/wp-content\/uploads\/sites\/11\/2022\/10\/Tokyo-University-and-the-War-07-1.png","width":"597","height":"844","caption":"Tokyo University and the War"},{"@type":"BreadcrumbList","@id":"https:\/\/www.booksofall.com\/pl\/tokyo-university-and-the-war-2\/#breadcrumb","itemListElement":[{"@type":"ListItem","position":1,"name":"Home","item":"https:\/\/www.booksofall.com\/pl\/"},{"@type":"ListItem","position":2,"name":"Categories","item":"https:\/\/www.booksofall.com\/pl\/categories\/"},{"@type":"ListItem","position":3,"name":"Tokyo University and the War"}]},{"@type":"WebSite","@id":"https:\/\/www.booksofall.com\/pl\/#website","url":"https:\/\/www.booksofall.com\/pl\/","name":"BooksOfAll Polish","description":"Biggest IT eBooks library and learning resources - Free eBooks for programming, computing, artificial intelligence and more.","publisher":{"@id":"https:\/\/www.booksofall.com\/pl\/#organization"},"potentialAction":[{"@type":"SearchAction","target":{"@type":"EntryPoint","urlTemplate":"https:\/\/www.booksofall.com\/pl\/?s={search_term_string}"},"query-input":{"@type":"PropertyValueSpecification","valueRequired":true,"valueName":"search_term_string"}}],"inLanguage":"pl-PL"},{"@type":"Organization","@id":"https:\/\/www.booksofall.com\/pl\/#organization","name":"BooksOfAll Polish","url":"https:\/\/www.booksofall.com\/pl\/","logo":{"@type":"ImageObject","inLanguage":"pl-PL","@id":"https:\/\/www.booksofall.com\/pl\/#\/schema\/logo\/image\/","url":"https:\/\/www.booksofall.com\/pl\/wp-content\/uploads\/sites\/11\/2022\/06\/booksofall-logo-2.png","contentUrl":"https:\/\/www.booksofall.com\/pl\/wp-content\/uploads\/sites\/11\/2022\/06\/booksofall-logo-2.png","width":166,"height":30,"caption":"BooksOfAll Polish"},"image":{"@id":"https:\/\/www.booksofall.com\/pl\/#\/schema\/logo\/image\/"}}]}},"_links":{"self":[{"href":"https:\/\/www.booksofall.com\/pl\/wp-json\/wp\/v2\/product\/18712","targetHints":{"allow":["GET"]}}],"collection":[{"href":"https:\/\/www.booksofall.com\/pl\/wp-json\/wp\/v2\/product"}],"about":[{"href":"https:\/\/www.booksofall.com\/pl\/wp-json\/wp\/v2\/types\/product"}],"wp:featuredmedia":[{"embeddable":true,"href":"https:\/\/www.booksofall.com\/pl\/wp-json\/wp\/v2\/media\/18715"}],"wp:attachment":[{"href":"https:\/\/www.booksofall.com\/pl\/wp-json\/wp\/v2\/media?parent=18712"}],"wp:term":[{"taxonomy":"product_brand","embeddable":true,"href":"https:\/\/www.booksofall.com\/pl\/wp-json\/wp\/v2\/product_brand?post=18712"},{"taxonomy":"product_cat","embeddable":true,"href":"https:\/\/www.booksofall.com\/pl\/wp-json\/wp\/v2\/product_cat?post=18712"},{"taxonomy":"product_tag","embeddable":true,"href":"https:\/\/www.booksofall.com\/pl\/wp-json\/wp\/v2\/product_tag?post=18712"}],"curies":[{"name":"wp","href":"https:\/\/api.w.org\/{rel}","templated":true}]}}