{"id":14606,"date":"2022-07-19T08:04:44","date_gmt":"2022-07-19T08:04:44","guid":{"rendered":"https:\/\/www.booksofall.com\/pl\/?post_type=product&#038;p=14606"},"modified":"2022-07-19T08:04:44","modified_gmt":"2022-07-19T08:04:44","slug":"redes-2-curso-de-espanol-intermedio-warnock","status":"publish","type":"product","link":"https:\/\/www.booksofall.com\/pl\/redes-2-curso-de-espanol-intermedio-warnock\/","title":{"rendered":"Redes 2 Curso de espa\u00f1ol intermedio (Warnock)"},"content":{"rendered":"<p>This text is disseminated via the <a href=\"https:\/\/www.unesco.org\/en\/communication-information\/open-solutions\/open-educational-resources\" target=\"_blank\" rel=\"noopener\">Open Education Resource<\/a> (OER) LibreTexts Project (<a href=\"https:\/\/libretexts.org\/\" target=\"_blank\" rel=\"noopener\">https:\/\/LibreTexts.org<\/a>) and like the hundreds of other texts available within this powerful platform, it is freely available for reading, printing and &#8220;consuming.&#8221; Most, but not all, pages in the library have licenses that may allow individuals to make changes, save, and print this book. Carefully consult the applicable license(s) before pursuing such effects.<\/p>\n<p>Instructors can adopt existing <a href=\"https:\/\/en.wikipedia.org\/wiki\/LibreTexts\" target=\"_blank\" rel=\"noopener\">LibreTexts<\/a> texts or Remix them to quickly build course-specific resources to meet the needs of their students. Unlike traditional textbooks, LibreTexts\u2019 web based origins allow powerful integration of advanced features and new technologies to support learning.<\/p>\n<p>The LibreTexts mission is to unite students, faculty and scholars in a cooperative effort to develop an easy-to-use online platform for the construction, customization, and dissemination of OER content to reduce the burdens of unreasonable textbook costs to our students and society. The LibreTexts project is a multi-institutional collaborative venture to develop the next generation of openaccess texts to improve postsecondary education at all levels of higher learning by developing an Open Access Resource environment. The project currently consists of 14 independently operating and interconnected libraries that are constantly being optimized by students, faculty, and outside experts to supplant conventional paper-based books. These free textbook alternatives are organized within a central environment that is both vertically (from advance to basic level) and horizontally (across different fields) integrated.<\/p>\n<p>For keyboard shortcuts in Windows in which you press two or more keys simultaneously, the keys to press are separated by a plus sign (+) in Word Help. For keyboard shortcuts in which you press one key immediately followed by another key, the keys to press are separated by a comma (,).<\/p>\n<p>To type a lowercase character by using a key combination that includes the SHIFT key, hold down the CTRL+SHIFT+symbol keys simultaneously, and then release them before you type the letter.<\/p>\n<ul>\n<li>\u00e1, \u00e9, \u00ed, \u00f3, \u00fa, \u00c1, \u00c9, \u00cd, \u00d3, \u00da CTRL+\u2019 (APOSTROPHE), the letter<\/li>\n<li>\u00f1, \u00d1 CTRL+SHIFT+~ (TILDE), the letter<\/li>\n<li>\u00bf ALT+CTRL+SHIFT+?<\/li>\n<li>! ALT+CTRL+SHIFT+!<\/li>\n<\/ul>\n<p>Typing Diacritical Marks and Accents on a Mac Keyboard with Keystrokes<\/p>\n<ul>\n<li>\u00f1 \u2013 Hold down OPTION key and then press \u201cn\u201d, then type the letter, like \u00f1<\/li>\n<li>\u00bf \u2013 Hold down OPTION key and SHIFT key and then press \u201c?\u201d like \u00bf<\/li>\n<li>\u00a1 \u2013 Hold down OPTION key and then press \u201c1\u201d, like \u00a1<\/li>\n<li>\u00f3 \u2013 Acute: Hold down OPTION key and then press \u201ce\u201d, then type the letter you want to accent, like \u00e9<\/li>\n<\/ul>\n<h3>Lectura. Otras lenguas habladas en los pa\u00edses hispanos.<\/h3>\n<p>Adem\u00e1s del espa\u00f1ol, existen numerosas lenguas que se hablan en muchos pa\u00edses hispanos como el catal\u00e1n en Espa\u00f1a y el quechua en Per\u00fa. El quechua es la lengua ind\u00edgena m\u00e1s hablada en Sudam\u00e9rica. La hablan m\u00e1s de ocho millones de personas. La cantante Renata Flores afirma que \u201ccantar en quechua, m\u00e1s all\u00e1 de revalorarlo, es una responsabilidad, un ejemplo de poder aprender el idioma, amarlo y respetarlo\u201d. \u201cEso es lo que quiero transmitir a todo el mundo. El quechua es un idioma muy importante, con toda una cultura e historia atr\u00e1s\u201d.<\/p>\n","protected":false},"excerpt":{"rendered":"<p><iframe frameborder=\"0\" allowtransparency=\"true\" allowFullscreen=\"true\" style=\"width: 100%; height: 700px; border: none;\" src=\"https:\/\/online.visual-paradigm.com\/share\/book\/redes-2-curso-de-espa-ol-intermedio-warnock--10xry6zk6f?enforceShowPromotionBar=true&#038;p=1\"><\/iframe><\/p>\n","protected":false},"featured_media":14611,"template":"","meta":{"_yoast_wpseo_title":"","_yoast_wpseo_metadesc":"To type a lowercase character by using a key combination that includes the SHIFT key, hold down the CTRL+SHIFT+symbol keys simultaneously, and then release them before you type the letter."},"product_brand":[],"product_cat":[15,237],"product_tag":[],"class_list":{"0":"post-14606","1":"product","2":"type-product","3":"status-publish","4":"has-post-thumbnail","6":"product_cat-all","7":"product_cat-languages","9":"first","10":"instock","11":"shipping-taxable","12":"product-type-simple"},"yoast_head":"<!-- This site is optimized with the Yoast SEO plugin v27.1.1 - https:\/\/yoast.com\/product\/yoast-seo-wordpress\/ -->\n<title>Redes 2 Curso de espa\u00f1ol intermedio (Warnock) - BooksOfAll Polish<\/title>\n<meta name=\"description\" content=\"To type a lowercase character by using a key combination that includes the SHIFT key, hold down the CTRL+SHIFT+symbol keys simultaneously, and then release them before you type the letter.\" \/>\n<meta name=\"robots\" content=\"index, follow, max-snippet:-1, max-image-preview:large, max-video-preview:-1\" \/>\n<link rel=\"canonical\" href=\"https:\/\/www.booksofall.com\/pl\/redes-2-curso-de-espanol-intermedio-warnock\/\" \/>\n<meta property=\"og:locale\" content=\"pl_PL\" \/>\n<meta property=\"og:type\" content=\"article\" \/>\n<meta property=\"og:title\" content=\"Redes 2 Curso de espa\u00f1ol intermedio (Warnock) - BooksOfAll Polish\" \/>\n<meta property=\"og:description\" content=\"To type a lowercase character by using a key combination that includes the SHIFT key, hold down the CTRL+SHIFT+symbol keys simultaneously, and then release them before you type the letter.\" \/>\n<meta property=\"og:url\" content=\"https:\/\/www.booksofall.com\/pl\/redes-2-curso-de-espanol-intermedio-warnock\/\" \/>\n<meta property=\"og:site_name\" content=\"BooksOfAll Polish\" \/>\n<meta property=\"og:image\" content=\"https:\/\/www.booksofall.com\/pl\/wp-content\/uploads\/sites\/11\/2022\/07\/Redes-2-Curso-de-espanol-intermedio-Warnock-07.png\" \/>\n<meta name=\"twitter:card\" content=\"summary_large_image\" \/>\n<meta name=\"twitter:image\" content=\"https:\/\/www.booksofall.com\/pl\/wp-content\/uploads\/sites\/11\/2022\/07\/Redes-2-Curso-de-espanol-intermedio-Warnock-07.png\" \/>\n<meta name=\"twitter:label1\" content=\"Szacowany czas czytania\" \/>\n\t<meta name=\"twitter:data1\" content=\"3 minuty\" \/>\n<script type=\"application\/ld+json\" class=\"yoast-schema-graph\">{\"@context\":\"https:\/\/schema.org\",\"@graph\":[{\"@type\":\"WebPage\",\"@id\":\"https:\/\/www.booksofall.com\/pl\/redes-2-curso-de-espanol-intermedio-warnock\/\",\"url\":\"https:\/\/www.booksofall.com\/pl\/redes-2-curso-de-espanol-intermedio-warnock\/\",\"name\":\"Redes 2 Curso de espa\u00f1ol intermedio (Warnock) - BooksOfAll Polish\",\"isPartOf\":{\"@id\":\"https:\/\/www.booksofall.com\/pl\/#website\"},\"primaryImageOfPage\":{\"@id\":\"https:\/\/www.booksofall.com\/pl\/redes-2-curso-de-espanol-intermedio-warnock\/#primaryimage\"},\"image\":{\"@id\":\"https:\/\/www.booksofall.com\/pl\/redes-2-curso-de-espanol-intermedio-warnock\/#primaryimage\"},\"thumbnailUrl\":\"https:\/\/www.booksofall.com\/pl\/wp-content\/uploads\/sites\/11\/2022\/07\/Redes-2-Curso-de-espanol-intermedio-Warnock-07.png\",\"datePublished\":\"2022-07-19T08:04:44+00:00\",\"description\":\"To type a lowercase character by using a key combination that includes the SHIFT key, hold down the CTRL+SHIFT+symbol keys simultaneously, and then release them before you type the letter.\",\"breadcrumb\":{\"@id\":\"https:\/\/www.booksofall.com\/pl\/redes-2-curso-de-espanol-intermedio-warnock\/#breadcrumb\"},\"inLanguage\":\"pl-PL\",\"potentialAction\":[{\"@type\":\"ReadAction\",\"target\":[\"https:\/\/www.booksofall.com\/pl\/redes-2-curso-de-espanol-intermedio-warnock\/\"]}]},{\"@type\":\"ImageObject\",\"inLanguage\":\"pl-PL\",\"@id\":\"https:\/\/www.booksofall.com\/pl\/redes-2-curso-de-espanol-intermedio-warnock\/#primaryimage\",\"url\":\"https:\/\/www.booksofall.com\/pl\/wp-content\/uploads\/sites\/11\/2022\/07\/Redes-2-Curso-de-espanol-intermedio-Warnock-07.png\",\"contentUrl\":\"https:\/\/www.booksofall.com\/pl\/wp-content\/uploads\/sites\/11\/2022\/07\/Redes-2-Curso-de-espanol-intermedio-Warnock-07.png\",\"width\":\"597\",\"height\":\"844\",\"caption\":\"Redes 2 Curso de espa\u00f1ol intermedio (Warnock)\"},{\"@type\":\"BreadcrumbList\",\"@id\":\"https:\/\/www.booksofall.com\/pl\/redes-2-curso-de-espanol-intermedio-warnock\/#breadcrumb\",\"itemListElement\":[{\"@type\":\"ListItem\",\"position\":1,\"name\":\"Home\",\"item\":\"https:\/\/www.booksofall.com\/pl\/\"},{\"@type\":\"ListItem\",\"position\":2,\"name\":\"Categories\",\"item\":\"https:\/\/www.booksofall.com\/pl\/categories\/\"},{\"@type\":\"ListItem\",\"position\":3,\"name\":\"Redes 2 Curso de espa\u00f1ol intermedio (Warnock)\"}]},{\"@type\":\"WebSite\",\"@id\":\"https:\/\/www.booksofall.com\/pl\/#website\",\"url\":\"https:\/\/www.booksofall.com\/pl\/\",\"name\":\"BooksOfAll Polish\",\"description\":\"Biggest IT eBooks library and learning resources - Free eBooks for programming, computing, artificial intelligence and more.\",\"publisher\":{\"@id\":\"https:\/\/www.booksofall.com\/pl\/#organization\"},\"potentialAction\":[{\"@type\":\"SearchAction\",\"target\":{\"@type\":\"EntryPoint\",\"urlTemplate\":\"https:\/\/www.booksofall.com\/pl\/?s={search_term_string}\"},\"query-input\":{\"@type\":\"PropertyValueSpecification\",\"valueRequired\":true,\"valueName\":\"search_term_string\"}}],\"inLanguage\":\"pl-PL\"},{\"@type\":\"Organization\",\"@id\":\"https:\/\/www.booksofall.com\/pl\/#organization\",\"name\":\"BooksOfAll Polish\",\"url\":\"https:\/\/www.booksofall.com\/pl\/\",\"logo\":{\"@type\":\"ImageObject\",\"inLanguage\":\"pl-PL\",\"@id\":\"https:\/\/www.booksofall.com\/pl\/#\/schema\/logo\/image\/\",\"url\":\"https:\/\/www.booksofall.com\/pl\/wp-content\/uploads\/sites\/11\/2022\/06\/booksofall-logo-2.png\",\"contentUrl\":\"https:\/\/www.booksofall.com\/pl\/wp-content\/uploads\/sites\/11\/2022\/06\/booksofall-logo-2.png\",\"width\":166,\"height\":30,\"caption\":\"BooksOfAll Polish\"},\"image\":{\"@id\":\"https:\/\/www.booksofall.com\/pl\/#\/schema\/logo\/image\/\"}}]}<\/script>\n<!-- \/ Yoast SEO plugin. -->","yoast_head_json":{"title":"Redes 2 Curso de espa\u00f1ol intermedio (Warnock) - BooksOfAll Polish","description":"To type a lowercase character by using a key combination that includes the SHIFT key, hold down the CTRL+SHIFT+symbol keys simultaneously, and then release them before you type the letter.","robots":{"index":"index","follow":"follow","max-snippet":"max-snippet:-1","max-image-preview":"max-image-preview:large","max-video-preview":"max-video-preview:-1"},"canonical":"https:\/\/www.booksofall.com\/pl\/redes-2-curso-de-espanol-intermedio-warnock\/","og_locale":"pl_PL","og_type":"article","og_title":"Redes 2 Curso de espa\u00f1ol intermedio (Warnock) - BooksOfAll Polish","og_description":"To type a lowercase character by using a key combination that includes the SHIFT key, hold down the CTRL+SHIFT+symbol keys simultaneously, and then release them before you type the letter.","og_url":"https:\/\/www.booksofall.com\/pl\/redes-2-curso-de-espanol-intermedio-warnock\/","og_site_name":"BooksOfAll Polish","og_image":[{"url":"https:\/\/www.booksofall.com\/pl\/wp-content\/uploads\/sites\/11\/2022\/07\/Redes-2-Curso-de-espanol-intermedio-Warnock-07.png","type":"","width":"","height":""}],"twitter_card":"summary_large_image","twitter_image":"https:\/\/www.booksofall.com\/pl\/wp-content\/uploads\/sites\/11\/2022\/07\/Redes-2-Curso-de-espanol-intermedio-Warnock-07.png","twitter_misc":{"Szacowany czas czytania":"3 minuty"},"schema":{"@context":"https:\/\/schema.org","@graph":[{"@type":"WebPage","@id":"https:\/\/www.booksofall.com\/pl\/redes-2-curso-de-espanol-intermedio-warnock\/","url":"https:\/\/www.booksofall.com\/pl\/redes-2-curso-de-espanol-intermedio-warnock\/","name":"Redes 2 Curso de espa\u00f1ol intermedio (Warnock) - BooksOfAll Polish","isPartOf":{"@id":"https:\/\/www.booksofall.com\/pl\/#website"},"primaryImageOfPage":{"@id":"https:\/\/www.booksofall.com\/pl\/redes-2-curso-de-espanol-intermedio-warnock\/#primaryimage"},"image":{"@id":"https:\/\/www.booksofall.com\/pl\/redes-2-curso-de-espanol-intermedio-warnock\/#primaryimage"},"thumbnailUrl":"https:\/\/www.booksofall.com\/pl\/wp-content\/uploads\/sites\/11\/2022\/07\/Redes-2-Curso-de-espanol-intermedio-Warnock-07.png","datePublished":"2022-07-19T08:04:44+00:00","description":"To type a lowercase character by using a key combination that includes the SHIFT key, hold down the CTRL+SHIFT+symbol keys simultaneously, and then release them before you type the letter.","breadcrumb":{"@id":"https:\/\/www.booksofall.com\/pl\/redes-2-curso-de-espanol-intermedio-warnock\/#breadcrumb"},"inLanguage":"pl-PL","potentialAction":[{"@type":"ReadAction","target":["https:\/\/www.booksofall.com\/pl\/redes-2-curso-de-espanol-intermedio-warnock\/"]}]},{"@type":"ImageObject","inLanguage":"pl-PL","@id":"https:\/\/www.booksofall.com\/pl\/redes-2-curso-de-espanol-intermedio-warnock\/#primaryimage","url":"https:\/\/www.booksofall.com\/pl\/wp-content\/uploads\/sites\/11\/2022\/07\/Redes-2-Curso-de-espanol-intermedio-Warnock-07.png","contentUrl":"https:\/\/www.booksofall.com\/pl\/wp-content\/uploads\/sites\/11\/2022\/07\/Redes-2-Curso-de-espanol-intermedio-Warnock-07.png","width":"597","height":"844","caption":"Redes 2 Curso de espa\u00f1ol intermedio (Warnock)"},{"@type":"BreadcrumbList","@id":"https:\/\/www.booksofall.com\/pl\/redes-2-curso-de-espanol-intermedio-warnock\/#breadcrumb","itemListElement":[{"@type":"ListItem","position":1,"name":"Home","item":"https:\/\/www.booksofall.com\/pl\/"},{"@type":"ListItem","position":2,"name":"Categories","item":"https:\/\/www.booksofall.com\/pl\/categories\/"},{"@type":"ListItem","position":3,"name":"Redes 2 Curso de espa\u00f1ol intermedio (Warnock)"}]},{"@type":"WebSite","@id":"https:\/\/www.booksofall.com\/pl\/#website","url":"https:\/\/www.booksofall.com\/pl\/","name":"BooksOfAll Polish","description":"Biggest IT eBooks library and learning resources - Free eBooks for programming, computing, artificial intelligence and more.","publisher":{"@id":"https:\/\/www.booksofall.com\/pl\/#organization"},"potentialAction":[{"@type":"SearchAction","target":{"@type":"EntryPoint","urlTemplate":"https:\/\/www.booksofall.com\/pl\/?s={search_term_string}"},"query-input":{"@type":"PropertyValueSpecification","valueRequired":true,"valueName":"search_term_string"}}],"inLanguage":"pl-PL"},{"@type":"Organization","@id":"https:\/\/www.booksofall.com\/pl\/#organization","name":"BooksOfAll Polish","url":"https:\/\/www.booksofall.com\/pl\/","logo":{"@type":"ImageObject","inLanguage":"pl-PL","@id":"https:\/\/www.booksofall.com\/pl\/#\/schema\/logo\/image\/","url":"https:\/\/www.booksofall.com\/pl\/wp-content\/uploads\/sites\/11\/2022\/06\/booksofall-logo-2.png","contentUrl":"https:\/\/www.booksofall.com\/pl\/wp-content\/uploads\/sites\/11\/2022\/06\/booksofall-logo-2.png","width":166,"height":30,"caption":"BooksOfAll Polish"},"image":{"@id":"https:\/\/www.booksofall.com\/pl\/#\/schema\/logo\/image\/"}}]}},"_links":{"self":[{"href":"https:\/\/www.booksofall.com\/pl\/wp-json\/wp\/v2\/product\/14606","targetHints":{"allow":["GET"]}}],"collection":[{"href":"https:\/\/www.booksofall.com\/pl\/wp-json\/wp\/v2\/product"}],"about":[{"href":"https:\/\/www.booksofall.com\/pl\/wp-json\/wp\/v2\/types\/product"}],"wp:featuredmedia":[{"embeddable":true,"href":"https:\/\/www.booksofall.com\/pl\/wp-json\/wp\/v2\/media\/14611"}],"wp:attachment":[{"href":"https:\/\/www.booksofall.com\/pl\/wp-json\/wp\/v2\/media?parent=14606"}],"wp:term":[{"taxonomy":"product_brand","embeddable":true,"href":"https:\/\/www.booksofall.com\/pl\/wp-json\/wp\/v2\/product_brand?post=14606"},{"taxonomy":"product_cat","embeddable":true,"href":"https:\/\/www.booksofall.com\/pl\/wp-json\/wp\/v2\/product_cat?post=14606"},{"taxonomy":"product_tag","embeddable":true,"href":"https:\/\/www.booksofall.com\/pl\/wp-json\/wp\/v2\/product_tag?post=14606"}],"curies":[{"name":"wp","href":"https:\/\/api.w.org\/{rel}","templated":true}]}}