{"id":14471,"date":"2022-07-19T03:31:04","date_gmt":"2022-07-19T03:31:04","guid":{"rendered":"https:\/\/www.booksofall.com\/pl\/?post_type=product&#038;p=14471"},"modified":"2022-07-19T03:31:04","modified_gmt":"2022-07-19T03:31:04","slug":"resumer-synthetiser-argumenter-clamageran-and-gezundhaj","status":"publish","type":"product","link":"https:\/\/www.booksofall.com\/pl\/resumer-synthetiser-argumenter-clamageran-and-gezundhaj\/","title":{"rendered":"R\u00e9sumer, Synth\u00e9tiser, Argumenter (Clamageran and Gezundhaj)"},"content":{"rendered":"<p>This text is disseminated via the <a href=\"https:\/\/www.unesco.org\/en\/communication-information\/open-solutions\/open-educational-resources\" target=\"_blank\" rel=\"noopener\">Open Education Resource<\/a> (OER) LibreTexts Project (<a href=\"https:\/\/libretexts.org\/\" target=\"_blank\" rel=\"noopener\">https:\/\/LibreTexts.org<\/a>) and like the hundreds of other texts available within this powerful platform, it is freely available for reading, printing and &#8220;consuming.&#8221; Most, but not all, pages in the library have licenses that may allow individuals to make changes, save, and print this book. Carefully consult the applicable license(s) before pursuing such effects.<\/p>\n<p>Instructors can adopt existing <a href=\"https:\/\/en.wikipedia.org\/wiki\/LibreTexts\" target=\"_blank\" rel=\"noopener\">LibreTexts<\/a> texts or Remix them to quickly build course-specific resources to meet the needs of their students. Unlike traditional textbooks, LibreTexts\u2019 web based origins allow powerful integration of advanced features and new technologies to support learning.<\/p>\n<p>The LibreTexts mission is to unite students, faculty and scholars in a cooperative effort to develop an easy-to-use online platform for the construction, customization, and dissemination of OER content to reduce the burdens of unreasonable textbook costs to our students and society. The LibreTexts project is a multi-institutional collaborative venture to develop the next generation of openaccess texts to improve postsecondary education at all levels of higher learning by developing an Open Access Resource environment. The project currently consists of 14 independently operating and interconnected libraries that are constantly being optimized by students, faculty, and outside experts to supplant conventional paper-based books. These free textbook alternatives are organized within a central environment that is both vertically (from advance to basic level) and horizontally (across different fields) integrated.<\/p>\n<p>Le manuel R\u00c9SUMER, SYNTH\u00c9TISER, ARGUMENTER s\u2019adresse aux \u00e9tudiants de fran\u00e7ais langue seconde de niveau avanc\u00e9 (3e ou 4e ann\u00e9e universitaire, essentiellement). Profitant des possibilit\u00e9s qu\u2019offre le format multim\u00e9dia, le manuel int\u00e8gre un certain nombre d\u2019exercices autocorrig\u00e9s et de pr\u00e9sentations sur des points de langue. Ce manuel se pr\u00e9sente dans un format multistandard et multiplateforme. On peut le consulter \u00e0 partir d\u2019ordinateurs, de tablettes et de t\u00e9l\u00e9phones.<\/p>\n<p>Le mot r\u00e9sumer est un verbe; le mot r\u00e9sum\u00e9 est un participe pass\u00e9, un adjectif ou un nom d\u00e9riv\u00e9 du participe pass\u00e9. Cette diff\u00e9rence grammaticale implique une diff\u00e9rence de sens. En tant que verbe, r\u00e9sumer d\u00e9signe une action : selon le dictionnaire Petit Robert (PR), le fait de \u00ab pr\u00e9senter bri\u00e8vement en conservant l\u2019essentiel \u00bb. En tant que nom d\u00e9riv\u00e9 d\u2019un participe pass\u00e9, le mot r\u00e9sum\u00e9d\u00e9signe un produit : un r\u00e9sum\u00e9 est un texte qui pr\u00e9sente bri\u00e8vement un sujet, une histoire, une analyse \u00e0 partir d\u2019un document plus long. Lorsqu\u2019on r\u00e9sume, on produit du r\u00e9sum\u00e9, mais pas n\u00e9cessairement un r\u00e9sum\u00e9, c\u2019est-\u00e0-dire qu\u2019on ne produit pas n\u00e9cessairement un texte appartenant au genre \u00ab r\u00e9sum\u00e9 \u00bb. Ainsi, un article appartenant au genre \u00ab fait divers \u00bb dans un journal r\u00e9sume le fait divers, mais n\u2019est pas pour autant un texte qu\u2019on appellerait un r\u00e9sum\u00e9. De m\u00eame, des notes de cours r\u00e9sument le cours, mais incluent des commentaires, des notes personnelles et ne sont pas strictement un r\u00e9sum\u00e9. Autre exemple : une critique de film comprend g\u00e9n\u00e9ralement un r\u00e9sum\u00e9 de l\u2019intrigue du film, mais ne constitue pas un r\u00e9sum\u00e9.<\/p>\n","protected":false},"excerpt":{"rendered":"<p><iframe frameborder=\"0\" allowtransparency=\"true\" allowFullscreen=\"true\" style=\"width: 100%; height: 700px; border: none;\" src=\"https:\/\/online.visual-paradigm.com\/share\/book\/r-sumer-synth-tiser-argumenter-clamageran-and-gezundhaj--10xik1r1wh?enforceShowPromotionBar=true&#038;p=1\"><\/iframe><\/p>\n","protected":false},"featured_media":14476,"template":"","meta":{"_yoast_wpseo_title":"","_yoast_wpseo_metadesc":"The LibreTexts mission is to unite students, faculty and scholars in a cooperative effort to develop an easy-to-use online platform for the construction, customization, and dissemination of OER content to reduce the burdens of unreasonable textbook costs to our students and society."},"product_brand":[],"product_cat":[15,237],"product_tag":[],"class_list":{"0":"post-14471","1":"product","2":"type-product","3":"status-publish","4":"has-post-thumbnail","6":"product_cat-all","7":"product_cat-languages","9":"first","10":"instock","11":"shipping-taxable","12":"product-type-simple"},"yoast_head":"<!-- This site is optimized with the Yoast SEO plugin v27.1.1 - https:\/\/yoast.com\/product\/yoast-seo-wordpress\/ -->\n<title>R\u00e9sumer, Synth\u00e9tiser, Argumenter (Clamageran and Gezundhaj) - BooksOfAll Polish<\/title>\n<meta name=\"description\" content=\"The LibreTexts mission is to unite students, faculty and scholars in a cooperative effort to develop an easy-to-use online platform for the construction, customization, and dissemination of OER content to reduce the burdens of unreasonable textbook costs to our students and society.\" \/>\n<meta name=\"robots\" content=\"index, follow, max-snippet:-1, max-image-preview:large, max-video-preview:-1\" \/>\n<link rel=\"canonical\" href=\"https:\/\/www.booksofall.com\/pl\/resumer-synthetiser-argumenter-clamageran-and-gezundhaj\/\" \/>\n<meta property=\"og:locale\" content=\"pl_PL\" \/>\n<meta property=\"og:type\" content=\"article\" \/>\n<meta property=\"og:title\" content=\"R\u00e9sumer, Synth\u00e9tiser, Argumenter (Clamageran and Gezundhaj) - BooksOfAll Polish\" \/>\n<meta property=\"og:description\" content=\"The LibreTexts mission is to unite students, faculty and scholars in a cooperative effort to develop an easy-to-use online platform for the construction, customization, and dissemination of OER content to reduce the burdens of unreasonable textbook costs to our students and society.\" \/>\n<meta property=\"og:url\" content=\"https:\/\/www.booksofall.com\/pl\/resumer-synthetiser-argumenter-clamageran-and-gezundhaj\/\" \/>\n<meta property=\"og:site_name\" content=\"BooksOfAll Polish\" \/>\n<meta property=\"og:image\" content=\"https:\/\/www.booksofall.com\/pl\/wp-content\/uploads\/sites\/11\/2022\/07\/Resumer-Synthetiser-Argumenter-Clamageran-and-Gezundhaj-07.png\" \/>\n<meta name=\"twitter:card\" content=\"summary_large_image\" \/>\n<meta name=\"twitter:image\" content=\"https:\/\/www.booksofall.com\/pl\/wp-content\/uploads\/sites\/11\/2022\/07\/Resumer-Synthetiser-Argumenter-Clamageran-and-Gezundhaj-07.png\" \/>\n<meta name=\"twitter:label1\" content=\"Szacowany czas czytania\" \/>\n\t<meta name=\"twitter:data1\" content=\"3 minuty\" \/>\n<script type=\"application\/ld+json\" class=\"yoast-schema-graph\">{\"@context\":\"https:\/\/schema.org\",\"@graph\":[{\"@type\":\"WebPage\",\"@id\":\"https:\/\/www.booksofall.com\/pl\/resumer-synthetiser-argumenter-clamageran-and-gezundhaj\/\",\"url\":\"https:\/\/www.booksofall.com\/pl\/resumer-synthetiser-argumenter-clamageran-and-gezundhaj\/\",\"name\":\"R\u00e9sumer, Synth\u00e9tiser, Argumenter (Clamageran and Gezundhaj) - BooksOfAll Polish\",\"isPartOf\":{\"@id\":\"https:\/\/www.booksofall.com\/pl\/#website\"},\"primaryImageOfPage\":{\"@id\":\"https:\/\/www.booksofall.com\/pl\/resumer-synthetiser-argumenter-clamageran-and-gezundhaj\/#primaryimage\"},\"image\":{\"@id\":\"https:\/\/www.booksofall.com\/pl\/resumer-synthetiser-argumenter-clamageran-and-gezundhaj\/#primaryimage\"},\"thumbnailUrl\":\"https:\/\/www.booksofall.com\/pl\/wp-content\/uploads\/sites\/11\/2022\/07\/Resumer-Synthetiser-Argumenter-Clamageran-and-Gezundhaj-07.png\",\"datePublished\":\"2022-07-19T03:31:04+00:00\",\"description\":\"The LibreTexts mission is to unite students, faculty and scholars in a cooperative effort to develop an easy-to-use online platform for the construction, customization, and dissemination of OER content to reduce the burdens of unreasonable textbook costs to our students and society.\",\"breadcrumb\":{\"@id\":\"https:\/\/www.booksofall.com\/pl\/resumer-synthetiser-argumenter-clamageran-and-gezundhaj\/#breadcrumb\"},\"inLanguage\":\"pl-PL\",\"potentialAction\":[{\"@type\":\"ReadAction\",\"target\":[\"https:\/\/www.booksofall.com\/pl\/resumer-synthetiser-argumenter-clamageran-and-gezundhaj\/\"]}]},{\"@type\":\"ImageObject\",\"inLanguage\":\"pl-PL\",\"@id\":\"https:\/\/www.booksofall.com\/pl\/resumer-synthetiser-argumenter-clamageran-and-gezundhaj\/#primaryimage\",\"url\":\"https:\/\/www.booksofall.com\/pl\/wp-content\/uploads\/sites\/11\/2022\/07\/Resumer-Synthetiser-Argumenter-Clamageran-and-Gezundhaj-07.png\",\"contentUrl\":\"https:\/\/www.booksofall.com\/pl\/wp-content\/uploads\/sites\/11\/2022\/07\/Resumer-Synthetiser-Argumenter-Clamageran-and-Gezundhaj-07.png\",\"width\":\"597\",\"height\":\"844\",\"caption\":\"R\u00e9sumer, Synth\u00e9tiser, Argumenter (Clamageran and Gezundhaj)\"},{\"@type\":\"BreadcrumbList\",\"@id\":\"https:\/\/www.booksofall.com\/pl\/resumer-synthetiser-argumenter-clamageran-and-gezundhaj\/#breadcrumb\",\"itemListElement\":[{\"@type\":\"ListItem\",\"position\":1,\"name\":\"Home\",\"item\":\"https:\/\/www.booksofall.com\/pl\/\"},{\"@type\":\"ListItem\",\"position\":2,\"name\":\"Categories\",\"item\":\"https:\/\/www.booksofall.com\/pl\/categories\/\"},{\"@type\":\"ListItem\",\"position\":3,\"name\":\"R\u00e9sumer, Synth\u00e9tiser, Argumenter (Clamageran and Gezundhaj)\"}]},{\"@type\":\"WebSite\",\"@id\":\"https:\/\/www.booksofall.com\/pl\/#website\",\"url\":\"https:\/\/www.booksofall.com\/pl\/\",\"name\":\"BooksOfAll Polish\",\"description\":\"Biggest IT eBooks library and learning resources - Free eBooks for programming, computing, artificial intelligence and more.\",\"publisher\":{\"@id\":\"https:\/\/www.booksofall.com\/pl\/#organization\"},\"potentialAction\":[{\"@type\":\"SearchAction\",\"target\":{\"@type\":\"EntryPoint\",\"urlTemplate\":\"https:\/\/www.booksofall.com\/pl\/?s={search_term_string}\"},\"query-input\":{\"@type\":\"PropertyValueSpecification\",\"valueRequired\":true,\"valueName\":\"search_term_string\"}}],\"inLanguage\":\"pl-PL\"},{\"@type\":\"Organization\",\"@id\":\"https:\/\/www.booksofall.com\/pl\/#organization\",\"name\":\"BooksOfAll Polish\",\"url\":\"https:\/\/www.booksofall.com\/pl\/\",\"logo\":{\"@type\":\"ImageObject\",\"inLanguage\":\"pl-PL\",\"@id\":\"https:\/\/www.booksofall.com\/pl\/#\/schema\/logo\/image\/\",\"url\":\"https:\/\/www.booksofall.com\/pl\/wp-content\/uploads\/sites\/11\/2022\/06\/booksofall-logo-2.png\",\"contentUrl\":\"https:\/\/www.booksofall.com\/pl\/wp-content\/uploads\/sites\/11\/2022\/06\/booksofall-logo-2.png\",\"width\":166,\"height\":30,\"caption\":\"BooksOfAll Polish\"},\"image\":{\"@id\":\"https:\/\/www.booksofall.com\/pl\/#\/schema\/logo\/image\/\"}}]}<\/script>\n<!-- \/ Yoast SEO plugin. -->","yoast_head_json":{"title":"R\u00e9sumer, Synth\u00e9tiser, Argumenter (Clamageran and Gezundhaj) - BooksOfAll Polish","description":"The LibreTexts mission is to unite students, faculty and scholars in a cooperative effort to develop an easy-to-use online platform for the construction, customization, and dissemination of OER content to reduce the burdens of unreasonable textbook costs to our students and society.","robots":{"index":"index","follow":"follow","max-snippet":"max-snippet:-1","max-image-preview":"max-image-preview:large","max-video-preview":"max-video-preview:-1"},"canonical":"https:\/\/www.booksofall.com\/pl\/resumer-synthetiser-argumenter-clamageran-and-gezundhaj\/","og_locale":"pl_PL","og_type":"article","og_title":"R\u00e9sumer, Synth\u00e9tiser, Argumenter (Clamageran and Gezundhaj) - BooksOfAll Polish","og_description":"The LibreTexts mission is to unite students, faculty and scholars in a cooperative effort to develop an easy-to-use online platform for the construction, customization, and dissemination of OER content to reduce the burdens of unreasonable textbook costs to our students and society.","og_url":"https:\/\/www.booksofall.com\/pl\/resumer-synthetiser-argumenter-clamageran-and-gezundhaj\/","og_site_name":"BooksOfAll Polish","og_image":[{"url":"https:\/\/www.booksofall.com\/pl\/wp-content\/uploads\/sites\/11\/2022\/07\/Resumer-Synthetiser-Argumenter-Clamageran-and-Gezundhaj-07.png","type":"","width":"","height":""}],"twitter_card":"summary_large_image","twitter_image":"https:\/\/www.booksofall.com\/pl\/wp-content\/uploads\/sites\/11\/2022\/07\/Resumer-Synthetiser-Argumenter-Clamageran-and-Gezundhaj-07.png","twitter_misc":{"Szacowany czas czytania":"3 minuty"},"schema":{"@context":"https:\/\/schema.org","@graph":[{"@type":"WebPage","@id":"https:\/\/www.booksofall.com\/pl\/resumer-synthetiser-argumenter-clamageran-and-gezundhaj\/","url":"https:\/\/www.booksofall.com\/pl\/resumer-synthetiser-argumenter-clamageran-and-gezundhaj\/","name":"R\u00e9sumer, Synth\u00e9tiser, Argumenter (Clamageran and Gezundhaj) - BooksOfAll Polish","isPartOf":{"@id":"https:\/\/www.booksofall.com\/pl\/#website"},"primaryImageOfPage":{"@id":"https:\/\/www.booksofall.com\/pl\/resumer-synthetiser-argumenter-clamageran-and-gezundhaj\/#primaryimage"},"image":{"@id":"https:\/\/www.booksofall.com\/pl\/resumer-synthetiser-argumenter-clamageran-and-gezundhaj\/#primaryimage"},"thumbnailUrl":"https:\/\/www.booksofall.com\/pl\/wp-content\/uploads\/sites\/11\/2022\/07\/Resumer-Synthetiser-Argumenter-Clamageran-and-Gezundhaj-07.png","datePublished":"2022-07-19T03:31:04+00:00","description":"The LibreTexts mission is to unite students, faculty and scholars in a cooperative effort to develop an easy-to-use online platform for the construction, customization, and dissemination of OER content to reduce the burdens of unreasonable textbook costs to our students and society.","breadcrumb":{"@id":"https:\/\/www.booksofall.com\/pl\/resumer-synthetiser-argumenter-clamageran-and-gezundhaj\/#breadcrumb"},"inLanguage":"pl-PL","potentialAction":[{"@type":"ReadAction","target":["https:\/\/www.booksofall.com\/pl\/resumer-synthetiser-argumenter-clamageran-and-gezundhaj\/"]}]},{"@type":"ImageObject","inLanguage":"pl-PL","@id":"https:\/\/www.booksofall.com\/pl\/resumer-synthetiser-argumenter-clamageran-and-gezundhaj\/#primaryimage","url":"https:\/\/www.booksofall.com\/pl\/wp-content\/uploads\/sites\/11\/2022\/07\/Resumer-Synthetiser-Argumenter-Clamageran-and-Gezundhaj-07.png","contentUrl":"https:\/\/www.booksofall.com\/pl\/wp-content\/uploads\/sites\/11\/2022\/07\/Resumer-Synthetiser-Argumenter-Clamageran-and-Gezundhaj-07.png","width":"597","height":"844","caption":"R\u00e9sumer, Synth\u00e9tiser, Argumenter (Clamageran and Gezundhaj)"},{"@type":"BreadcrumbList","@id":"https:\/\/www.booksofall.com\/pl\/resumer-synthetiser-argumenter-clamageran-and-gezundhaj\/#breadcrumb","itemListElement":[{"@type":"ListItem","position":1,"name":"Home","item":"https:\/\/www.booksofall.com\/pl\/"},{"@type":"ListItem","position":2,"name":"Categories","item":"https:\/\/www.booksofall.com\/pl\/categories\/"},{"@type":"ListItem","position":3,"name":"R\u00e9sumer, Synth\u00e9tiser, Argumenter (Clamageran and Gezundhaj)"}]},{"@type":"WebSite","@id":"https:\/\/www.booksofall.com\/pl\/#website","url":"https:\/\/www.booksofall.com\/pl\/","name":"BooksOfAll Polish","description":"Biggest IT eBooks library and learning resources - Free eBooks for programming, computing, artificial intelligence and more.","publisher":{"@id":"https:\/\/www.booksofall.com\/pl\/#organization"},"potentialAction":[{"@type":"SearchAction","target":{"@type":"EntryPoint","urlTemplate":"https:\/\/www.booksofall.com\/pl\/?s={search_term_string}"},"query-input":{"@type":"PropertyValueSpecification","valueRequired":true,"valueName":"search_term_string"}}],"inLanguage":"pl-PL"},{"@type":"Organization","@id":"https:\/\/www.booksofall.com\/pl\/#organization","name":"BooksOfAll Polish","url":"https:\/\/www.booksofall.com\/pl\/","logo":{"@type":"ImageObject","inLanguage":"pl-PL","@id":"https:\/\/www.booksofall.com\/pl\/#\/schema\/logo\/image\/","url":"https:\/\/www.booksofall.com\/pl\/wp-content\/uploads\/sites\/11\/2022\/06\/booksofall-logo-2.png","contentUrl":"https:\/\/www.booksofall.com\/pl\/wp-content\/uploads\/sites\/11\/2022\/06\/booksofall-logo-2.png","width":166,"height":30,"caption":"BooksOfAll Polish"},"image":{"@id":"https:\/\/www.booksofall.com\/pl\/#\/schema\/logo\/image\/"}}]}},"_links":{"self":[{"href":"https:\/\/www.booksofall.com\/pl\/wp-json\/wp\/v2\/product\/14471","targetHints":{"allow":["GET"]}}],"collection":[{"href":"https:\/\/www.booksofall.com\/pl\/wp-json\/wp\/v2\/product"}],"about":[{"href":"https:\/\/www.booksofall.com\/pl\/wp-json\/wp\/v2\/types\/product"}],"wp:featuredmedia":[{"embeddable":true,"href":"https:\/\/www.booksofall.com\/pl\/wp-json\/wp\/v2\/media\/14476"}],"wp:attachment":[{"href":"https:\/\/www.booksofall.com\/pl\/wp-json\/wp\/v2\/media?parent=14471"}],"wp:term":[{"taxonomy":"product_brand","embeddable":true,"href":"https:\/\/www.booksofall.com\/pl\/wp-json\/wp\/v2\/product_brand?post=14471"},{"taxonomy":"product_cat","embeddable":true,"href":"https:\/\/www.booksofall.com\/pl\/wp-json\/wp\/v2\/product_cat?post=14471"},{"taxonomy":"product_tag","embeddable":true,"href":"https:\/\/www.booksofall.com\/pl\/wp-json\/wp\/v2\/product_tag?post=14471"}],"curies":[{"name":"wp","href":"https:\/\/api.w.org\/{rel}","templated":true}]}}