{"id":10787,"date":"2022-06-22T08:09:56","date_gmt":"2022-06-22T08:09:56","guid":{"rendered":"https:\/\/www.booksofall.com\/pl\/?post_type=product&#038;p=10787"},"modified":"2022-06-22T08:09:56","modified_gmt":"2022-06-22T08:09:56","slug":"conservation-biology-in-sub-saharan-africa-wilson-and-primack","status":"publish","type":"product","link":"https:\/\/www.booksofall.com\/pl\/conservation-biology-in-sub-saharan-africa-wilson-and-primack\/","title":{"rendered":"Conservation Biology in Sub-Saharan Africa (Wilson and Primack)"},"content":{"rendered":"<h3>Preface<\/h3>\n<p>We are excited to present the very first conservation biology textbook dedicated entirely to an African audience. The need for this work has never been more pressing than now. Africa has some of the fastest growing human populations on Earth. This growth, together with a much-needed push for development to ensure that all Africans can live healthy and prosperous lives, exerts unsustainable pressure on the region\u2019s rich and unique biological treasures. Consequently, Africa is losing its natural heritage faster than ever before. It is sobering to consider that there is a very real risk that our children may never have the opportunity to see gorillas, rhinoceros, or elephants in the wild.<\/p>\n<p>To address this alarming loss of Africa\u2019s natural heritage, there is an urgent need to produce the next cohort of well-trained conservation leaders, able to confront conservation challenges head-on, and to secure a sustainable future for all. This effort starts early, by exposing children from a young age to the wonders of the natural world. But it is also important to ensure that those children who later choose a career in biodiversity conservation are well-prepared for the road ahead. To facilitate this capacity building, we have compiled this textbook, designed for use in conservation biology courses, and as a supplemental text for other courses in the natural sciences and environmental policy. While the main target audience for this book is early-career conservationists, we strived for a balance between theory, empirical data, and practical guidelines to also make the book a valuable resource for mid- and late-career professionals. To further remove obstacles to training, we made every effort to ensure that this work is accessible to as wide an audience as possible. For that reason, we are making this textbook available for free, under a Creative Commons (CC BY) license, to guarantee the rights for anyone to use and spread this work to whoever wishes to make a difference in the future of Africa\u2019s biodiversity and its people.<\/p>\n<h3>Scope<\/h3>\n<p>This textbook focuses on the Afrotropics, one of Earth\u2019s eight major terrestrial ecozones. This area includes continental Africa south of the Sahara Desert, continental islands (e.g. the Seychelles) that drifted away from Africa millions of years ago, and oceanic islands with a volcanic origin (e.g. the Comoros archipelago, S\u00e3o Tom\u00e9, and Pr\u00edncipe) which share many biological characteristics with the Afrotropics. This area is also generally known as Sub-Saharan Africa, which we use throughout this book as a convenient and acceptable way to designate this ecologically (African parts of Afrotropics) and geographically (Africa south of the Sahara) distinct region.<\/p>\n<p>Deviating slightly from the typical scope of some other books focused on the Afrotropics, this textbook does not cover south-west Arabia\u2014these areas, together with North Africa, are covered in a sister textbook to this one, published in Arabic (Primack and El- Demerdash, 2003). Similarly, this book excludes Madagascar and the Mascarene Islands, which are covered in two sister textbooks published in French (Primack and Ratsirarson, 2005; Primack et al., 2012). The text does cover a few areas not usually considered part of the Afrotropics, but which share several affinities with the Afrotropical region. These additional areas include oceans within 200 nautical miles from Sub-Saharan Africa, and oceanic islands in the Atlantic that are usually treated as part of the Palearctic realm, namely Cabo Verde, St. Helena, Ascension, and the Tristan da Cunha archipelago.<\/p>\n","protected":false},"excerpt":{"rendered":"<p><iframe frameborder=\"0\" allowtransparency=\"true\" allowFullscreen=\"true\" style=\"width: 100%; height: 700px; border: none;\" src=\"https:\/\/online.visual-paradigm.com\/share\/book\/conservation-biology-in-sub-saharan-africa-wilson-and-primack--zv84yuyxb?enforceShowPromotionBar=true\"><\/iframe><\/p>\n","protected":false},"featured_media":10790,"template":"","meta":{"_yoast_wpseo_title":"","_yoast_wpseo_metadesc":"We are excited to present the very first conservation biology textbook dedicated entirely to an African audience. The need for this work has never been more pressing than now. Africa has some of the fastest growing human populations on Earth."},"product_brand":[],"product_cat":[15,219,175],"product_tag":[],"class_list":{"0":"post-10787","1":"product","2":"type-product","3":"status-publish","4":"has-post-thumbnail","6":"product_cat-all","7":"product_cat-biology","8":"product_cat-science","10":"first","11":"instock","12":"shipping-taxable","13":"product-type-simple"},"yoast_head":"<!-- This site is optimized with the Yoast SEO plugin v27.1.1 - https:\/\/yoast.com\/product\/yoast-seo-wordpress\/ -->\n<title>Conservation Biology in Sub-Saharan Africa (Wilson and Primack) - BooksOfAll Polish<\/title>\n<meta name=\"description\" content=\"We are excited to present the very first conservation biology textbook dedicated entirely to an African audience. The need for this work has never been more pressing than now. Africa has some of the fastest growing human populations on Earth.\" \/>\n<meta name=\"robots\" content=\"index, follow, max-snippet:-1, max-image-preview:large, max-video-preview:-1\" \/>\n<link rel=\"canonical\" href=\"https:\/\/www.booksofall.com\/pl\/conservation-biology-in-sub-saharan-africa-wilson-and-primack\/\" \/>\n<meta property=\"og:locale\" content=\"pl_PL\" \/>\n<meta property=\"og:type\" content=\"article\" \/>\n<meta property=\"og:title\" content=\"Conservation Biology in Sub-Saharan Africa (Wilson and Primack) - BooksOfAll Polish\" \/>\n<meta property=\"og:description\" content=\"We are excited to present the very first conservation biology textbook dedicated entirely to an African audience. The need for this work has never been more pressing than now. Africa has some of the fastest growing human populations on Earth.\" \/>\n<meta property=\"og:url\" content=\"https:\/\/www.booksofall.com\/pl\/conservation-biology-in-sub-saharan-africa-wilson-and-primack\/\" \/>\n<meta property=\"og:site_name\" content=\"BooksOfAll Polish\" \/>\n<meta property=\"og:image\" content=\"https:\/\/www.booksofall.com\/pl\/wp-content\/uploads\/sites\/11\/2022\/06\/Conservation-Biology-in-Sub-Saharan-Africa-Wilson-and-Primack-07.png\" \/>\n<meta name=\"twitter:card\" content=\"summary_large_image\" \/>\n<meta name=\"twitter:image\" content=\"https:\/\/www.booksofall.com\/pl\/wp-content\/uploads\/sites\/11\/2022\/06\/Conservation-Biology-in-Sub-Saharan-Africa-Wilson-and-Primack-07.png\" \/>\n<meta name=\"twitter:label1\" content=\"Szacowany czas czytania\" \/>\n\t<meta name=\"twitter:data1\" content=\"3 minuty\" \/>\n<script type=\"application\/ld+json\" class=\"yoast-schema-graph\">{\"@context\":\"https:\/\/schema.org\",\"@graph\":[{\"@type\":\"WebPage\",\"@id\":\"https:\/\/www.booksofall.com\/pl\/conservation-biology-in-sub-saharan-africa-wilson-and-primack\/\",\"url\":\"https:\/\/www.booksofall.com\/pl\/conservation-biology-in-sub-saharan-africa-wilson-and-primack\/\",\"name\":\"Conservation Biology in Sub-Saharan Africa (Wilson and Primack) - BooksOfAll Polish\",\"isPartOf\":{\"@id\":\"https:\/\/www.booksofall.com\/pl\/#website\"},\"primaryImageOfPage\":{\"@id\":\"https:\/\/www.booksofall.com\/pl\/conservation-biology-in-sub-saharan-africa-wilson-and-primack\/#primaryimage\"},\"image\":{\"@id\":\"https:\/\/www.booksofall.com\/pl\/conservation-biology-in-sub-saharan-africa-wilson-and-primack\/#primaryimage\"},\"thumbnailUrl\":\"https:\/\/www.booksofall.com\/pl\/wp-content\/uploads\/sites\/11\/2022\/06\/Conservation-Biology-in-Sub-Saharan-Africa-Wilson-and-Primack-07.png\",\"datePublished\":\"2022-06-22T08:09:56+00:00\",\"description\":\"We are excited to present the very first conservation biology textbook dedicated entirely to an African audience. The need for this work has never been more pressing than now. Africa has some of the fastest growing human populations on Earth.\",\"breadcrumb\":{\"@id\":\"https:\/\/www.booksofall.com\/pl\/conservation-biology-in-sub-saharan-africa-wilson-and-primack\/#breadcrumb\"},\"inLanguage\":\"pl-PL\",\"potentialAction\":[{\"@type\":\"ReadAction\",\"target\":[\"https:\/\/www.booksofall.com\/pl\/conservation-biology-in-sub-saharan-africa-wilson-and-primack\/\"]}]},{\"@type\":\"ImageObject\",\"inLanguage\":\"pl-PL\",\"@id\":\"https:\/\/www.booksofall.com\/pl\/conservation-biology-in-sub-saharan-africa-wilson-and-primack\/#primaryimage\",\"url\":\"https:\/\/www.booksofall.com\/pl\/wp-content\/uploads\/sites\/11\/2022\/06\/Conservation-Biology-in-Sub-Saharan-Africa-Wilson-and-Primack-07.png\",\"contentUrl\":\"https:\/\/www.booksofall.com\/pl\/wp-content\/uploads\/sites\/11\/2022\/06\/Conservation-Biology-in-Sub-Saharan-Africa-Wilson-and-Primack-07.png\",\"width\":\"597\",\"height\":\"844\",\"caption\":\"Conservation Biology in Sub-Saharan Africa (Wilson and Primack)\"},{\"@type\":\"BreadcrumbList\",\"@id\":\"https:\/\/www.booksofall.com\/pl\/conservation-biology-in-sub-saharan-africa-wilson-and-primack\/#breadcrumb\",\"itemListElement\":[{\"@type\":\"ListItem\",\"position\":1,\"name\":\"Home\",\"item\":\"https:\/\/www.booksofall.com\/pl\/\"},{\"@type\":\"ListItem\",\"position\":2,\"name\":\"Categories\",\"item\":\"https:\/\/www.booksofall.com\/pl\/categories\/\"},{\"@type\":\"ListItem\",\"position\":3,\"name\":\"Conservation Biology in Sub-Saharan Africa (Wilson and Primack)\"}]},{\"@type\":\"WebSite\",\"@id\":\"https:\/\/www.booksofall.com\/pl\/#website\",\"url\":\"https:\/\/www.booksofall.com\/pl\/\",\"name\":\"BooksOfAll Polish\",\"description\":\"Biggest IT eBooks library and learning resources - Free eBooks for programming, computing, artificial intelligence and more.\",\"publisher\":{\"@id\":\"https:\/\/www.booksofall.com\/pl\/#organization\"},\"potentialAction\":[{\"@type\":\"SearchAction\",\"target\":{\"@type\":\"EntryPoint\",\"urlTemplate\":\"https:\/\/www.booksofall.com\/pl\/?s={search_term_string}\"},\"query-input\":{\"@type\":\"PropertyValueSpecification\",\"valueRequired\":true,\"valueName\":\"search_term_string\"}}],\"inLanguage\":\"pl-PL\"},{\"@type\":\"Organization\",\"@id\":\"https:\/\/www.booksofall.com\/pl\/#organization\",\"name\":\"BooksOfAll Polish\",\"url\":\"https:\/\/www.booksofall.com\/pl\/\",\"logo\":{\"@type\":\"ImageObject\",\"inLanguage\":\"pl-PL\",\"@id\":\"https:\/\/www.booksofall.com\/pl\/#\/schema\/logo\/image\/\",\"url\":\"https:\/\/www.booksofall.com\/pl\/wp-content\/uploads\/sites\/11\/2022\/06\/booksofall-logo-2.png\",\"contentUrl\":\"https:\/\/www.booksofall.com\/pl\/wp-content\/uploads\/sites\/11\/2022\/06\/booksofall-logo-2.png\",\"width\":166,\"height\":30,\"caption\":\"BooksOfAll Polish\"},\"image\":{\"@id\":\"https:\/\/www.booksofall.com\/pl\/#\/schema\/logo\/image\/\"}}]}<\/script>\n<!-- \/ Yoast SEO plugin. -->","yoast_head_json":{"title":"Conservation Biology in Sub-Saharan Africa (Wilson and Primack) - BooksOfAll Polish","description":"We are excited to present the very first conservation biology textbook dedicated entirely to an African audience. The need for this work has never been more pressing than now. Africa has some of the fastest growing human populations on Earth.","robots":{"index":"index","follow":"follow","max-snippet":"max-snippet:-1","max-image-preview":"max-image-preview:large","max-video-preview":"max-video-preview:-1"},"canonical":"https:\/\/www.booksofall.com\/pl\/conservation-biology-in-sub-saharan-africa-wilson-and-primack\/","og_locale":"pl_PL","og_type":"article","og_title":"Conservation Biology in Sub-Saharan Africa (Wilson and Primack) - BooksOfAll Polish","og_description":"We are excited to present the very first conservation biology textbook dedicated entirely to an African audience. The need for this work has never been more pressing than now. Africa has some of the fastest growing human populations on Earth.","og_url":"https:\/\/www.booksofall.com\/pl\/conservation-biology-in-sub-saharan-africa-wilson-and-primack\/","og_site_name":"BooksOfAll Polish","og_image":[{"url":"https:\/\/www.booksofall.com\/pl\/wp-content\/uploads\/sites\/11\/2022\/06\/Conservation-Biology-in-Sub-Saharan-Africa-Wilson-and-Primack-07.png","type":"","width":"","height":""}],"twitter_card":"summary_large_image","twitter_image":"https:\/\/www.booksofall.com\/pl\/wp-content\/uploads\/sites\/11\/2022\/06\/Conservation-Biology-in-Sub-Saharan-Africa-Wilson-and-Primack-07.png","twitter_misc":{"Szacowany czas czytania":"3 minuty"},"schema":{"@context":"https:\/\/schema.org","@graph":[{"@type":"WebPage","@id":"https:\/\/www.booksofall.com\/pl\/conservation-biology-in-sub-saharan-africa-wilson-and-primack\/","url":"https:\/\/www.booksofall.com\/pl\/conservation-biology-in-sub-saharan-africa-wilson-and-primack\/","name":"Conservation Biology in Sub-Saharan Africa (Wilson and Primack) - BooksOfAll Polish","isPartOf":{"@id":"https:\/\/www.booksofall.com\/pl\/#website"},"primaryImageOfPage":{"@id":"https:\/\/www.booksofall.com\/pl\/conservation-biology-in-sub-saharan-africa-wilson-and-primack\/#primaryimage"},"image":{"@id":"https:\/\/www.booksofall.com\/pl\/conservation-biology-in-sub-saharan-africa-wilson-and-primack\/#primaryimage"},"thumbnailUrl":"https:\/\/www.booksofall.com\/pl\/wp-content\/uploads\/sites\/11\/2022\/06\/Conservation-Biology-in-Sub-Saharan-Africa-Wilson-and-Primack-07.png","datePublished":"2022-06-22T08:09:56+00:00","description":"We are excited to present the very first conservation biology textbook dedicated entirely to an African audience. The need for this work has never been more pressing than now. Africa has some of the fastest growing human populations on Earth.","breadcrumb":{"@id":"https:\/\/www.booksofall.com\/pl\/conservation-biology-in-sub-saharan-africa-wilson-and-primack\/#breadcrumb"},"inLanguage":"pl-PL","potentialAction":[{"@type":"ReadAction","target":["https:\/\/www.booksofall.com\/pl\/conservation-biology-in-sub-saharan-africa-wilson-and-primack\/"]}]},{"@type":"ImageObject","inLanguage":"pl-PL","@id":"https:\/\/www.booksofall.com\/pl\/conservation-biology-in-sub-saharan-africa-wilson-and-primack\/#primaryimage","url":"https:\/\/www.booksofall.com\/pl\/wp-content\/uploads\/sites\/11\/2022\/06\/Conservation-Biology-in-Sub-Saharan-Africa-Wilson-and-Primack-07.png","contentUrl":"https:\/\/www.booksofall.com\/pl\/wp-content\/uploads\/sites\/11\/2022\/06\/Conservation-Biology-in-Sub-Saharan-Africa-Wilson-and-Primack-07.png","width":"597","height":"844","caption":"Conservation Biology in Sub-Saharan Africa (Wilson and Primack)"},{"@type":"BreadcrumbList","@id":"https:\/\/www.booksofall.com\/pl\/conservation-biology-in-sub-saharan-africa-wilson-and-primack\/#breadcrumb","itemListElement":[{"@type":"ListItem","position":1,"name":"Home","item":"https:\/\/www.booksofall.com\/pl\/"},{"@type":"ListItem","position":2,"name":"Categories","item":"https:\/\/www.booksofall.com\/pl\/categories\/"},{"@type":"ListItem","position":3,"name":"Conservation Biology in Sub-Saharan Africa (Wilson and Primack)"}]},{"@type":"WebSite","@id":"https:\/\/www.booksofall.com\/pl\/#website","url":"https:\/\/www.booksofall.com\/pl\/","name":"BooksOfAll Polish","description":"Biggest IT eBooks library and learning resources - Free eBooks for programming, computing, artificial intelligence and more.","publisher":{"@id":"https:\/\/www.booksofall.com\/pl\/#organization"},"potentialAction":[{"@type":"SearchAction","target":{"@type":"EntryPoint","urlTemplate":"https:\/\/www.booksofall.com\/pl\/?s={search_term_string}"},"query-input":{"@type":"PropertyValueSpecification","valueRequired":true,"valueName":"search_term_string"}}],"inLanguage":"pl-PL"},{"@type":"Organization","@id":"https:\/\/www.booksofall.com\/pl\/#organization","name":"BooksOfAll Polish","url":"https:\/\/www.booksofall.com\/pl\/","logo":{"@type":"ImageObject","inLanguage":"pl-PL","@id":"https:\/\/www.booksofall.com\/pl\/#\/schema\/logo\/image\/","url":"https:\/\/www.booksofall.com\/pl\/wp-content\/uploads\/sites\/11\/2022\/06\/booksofall-logo-2.png","contentUrl":"https:\/\/www.booksofall.com\/pl\/wp-content\/uploads\/sites\/11\/2022\/06\/booksofall-logo-2.png","width":166,"height":30,"caption":"BooksOfAll Polish"},"image":{"@id":"https:\/\/www.booksofall.com\/pl\/#\/schema\/logo\/image\/"}}]}},"_links":{"self":[{"href":"https:\/\/www.booksofall.com\/pl\/wp-json\/wp\/v2\/product\/10787","targetHints":{"allow":["GET"]}}],"collection":[{"href":"https:\/\/www.booksofall.com\/pl\/wp-json\/wp\/v2\/product"}],"about":[{"href":"https:\/\/www.booksofall.com\/pl\/wp-json\/wp\/v2\/types\/product"}],"wp:featuredmedia":[{"embeddable":true,"href":"https:\/\/www.booksofall.com\/pl\/wp-json\/wp\/v2\/media\/10790"}],"wp:attachment":[{"href":"https:\/\/www.booksofall.com\/pl\/wp-json\/wp\/v2\/media?parent=10787"}],"wp:term":[{"taxonomy":"product_brand","embeddable":true,"href":"https:\/\/www.booksofall.com\/pl\/wp-json\/wp\/v2\/product_brand?post=10787"},{"taxonomy":"product_cat","embeddable":true,"href":"https:\/\/www.booksofall.com\/pl\/wp-json\/wp\/v2\/product_cat?post=10787"},{"taxonomy":"product_tag","embeddable":true,"href":"https:\/\/www.booksofall.com\/pl\/wp-json\/wp\/v2\/product_tag?post=10787"}],"curies":[{"name":"wp","href":"https:\/\/api.w.org\/{rel}","templated":true}]}}