{"id":14726,"date":"2022-07-20T02:32:30","date_gmt":"2022-07-20T02:32:30","guid":{"rendered":"https:\/\/www.booksofall.com\/ja\/?post_type=product&#038;p=14726"},"modified":"2022-07-20T02:33:16","modified_gmt":"2022-07-20T02:33:16","slug":"czechs-and-slovaks-fighting-for-independence-during-world-war-one","status":"publish","type":"product","link":"https:\/\/www.booksofall.com\/ja\/czechs-and-slovaks-fighting-for-independence-during-world-war-one\/","title":{"rendered":"Czechs and Slovaks fighting for independence during World War One"},"content":{"rendered":"<h4>Warfare in an emerging geopolitical landscape<\/h4>\n<p>At the end of World War I, the geo-political landscape of Europe changed dramatically. Following the Treaty of Versailles several new nations emerged, among them Finland, Poland, Latvia and Lithuania. The multi-ethnic Empire of Austria-Hungary was divided into Austria, Hungary, Yugoslavia and Czechoslovakia. Already before the end of the war the Czechoslovak First Republic had emerged as a result of the collapse of the Austro-Hungarian Empire.<\/p>\n<p>On 18 October the Czechoslovak declaration of independence was published by the Czechoslovak National Council, signed by Masaryk, \u0160tef\u00e1nik and Bene\u0161, 1918 in Paris, and proclaimed on October 28 in Prague. Towards the end of the First World War which led to the collapse of the Austrian-Hungarian Empire, several ethnic groups and territories with different historical, political, and economic traditions were blended into the new independent Czechoslovak democracy.<\/p>\n<p>It all started with the ambitions of one man, Tom\u00e1\u0161 Garrigue Masaryk, who, after trying to reform the\u00a0<a href=\"https:\/\/en.wikipedia.org\/wiki\/Austria-Hungary\">Austro-Hungarian<\/a>\u00a0<a href=\"https:\/\/en.wikipedia.org\/wiki\/Monarchy\">monarchy<\/a>\u00a0into a\u00a0<a href=\"https:\/\/en.wikipedia.org\/wiki\/Federal_state\">federal state<\/a>, \u00a0eventually succeeded in founding the Czechoslovak Republic. When the\u00a0<a href=\"https:\/\/en.wikipedia.org\/wiki\/First_World_War\">First World War<\/a>\u00a0broke out in 1914, Masaryk concluded that the best course was to seek an independent country for Czechs and Slovaks, outside Austria-Hungary.<\/p>\n<p>He went into exile and started establishing the so-called\u00a0<a href=\"https:\/\/en.wikipedia.org\/wiki\/Czechoslovak_Legions\">Czechoslovak Legions<\/a>, an effective fighting force on the side of the Allies in World War I. Already as early as August 1914, the Russian High Command had authorized the formation of a battalion, recruited from Czechs and Slovaks in Russia. The unit went to the front in October 1914 and was attached to the Russian Third Army. Masaryk and his compatriots in exile had the idea to recruit Czech and Slovak prisoners of war (POWs) in Russian camps. However, because of the opposition of the Russian government, this was not possible until the summer of 1917.<\/p>\n<p>The Czechoslovak armed unit in Russia grew very slowly. After three years the Legion was established, first in Russia in 1917, later with other troops fighting in France, Italy and Serbia. Originally all-volunteer forces, these formations were later strengthened by Czech and Slovak prisoners of war or deserters from the Austro-Hungarian Army. By 1918 about 40,000 troops in total were part of the Czech Legion.\u00a0 Throughout the Europeana 1914-1918 community collection campaign collection days were held in cities in both the Czech Republic and Slovakia. Some of the stories that were contributed at those events refer to the Legion. A few of them are about soldiers who were part of it, fighting in Russia, in Italy or France.<\/p>\n<p>Among the contributions is\u00a0<a href=\"https:\/\/www.europeana.eu\/portal\/record\/2020601\/contributions_6365.html\">an interesting document<\/a>\u00a0(in German) that tells the story the Austro-Hungarian Infantry-Regiment No. 28, which made headlines in April 1915 as its dissolution was announced. The Prague based regiment consisted of 95% Czechs and 5%\u00a0other nationalities. Allegedly some Czech volunteers were actively trying to persuade the soldiers to walk over to the Russians. In the article, not only the dissolution of the regiment is mentioned but also the shooting of several officers. Another contribution tells the story of V\u00e1clav Radil. He was born in Jitkov, Bohemia. According to this story, there was an unwritten agreement in the trenches an not to shoot Russians, or to shoot in the air.<\/p>\n<p>He was taken prisoner by a Cossack and had to work in the woods in Siberia. There he learned about the organization of the Czech Legion and was able to join them in the autumn of 1917. When the war was over he had to travel along the Trans-Siberian railway, along Altai, past the Ural Lake all the way to Vladivostok. He finally arrived in Czechoslovakia in the spring of 1920. Josef Kobza was captured on the Eastern Front in November 1914. Soon after he became one of the recruits of one the first Czech battalions. He would eventually become a corporal in the 9th Rifle Regiment until he was demobilized in December 1919&#8230;<\/p>\n<p>&nbsp;<\/p>\n","protected":false},"excerpt":{"rendered":"<p><iframe style=\"width: 100%; height: 750px; border: none;\" src=\"https:\/\/online.visual-paradigm.com\/share\/book\/czechs-and-slovaks-fighting-for-independence-during-world-war-one-10yxijyli0?p=1\" frameborder=\"0\" allowfullscreen=\"allowfullscreen\"><\/iframe><\/p>\n","protected":false},"featured_media":14746,"template":"","meta":{"_yoast_wpseo_title":"","_yoast_wpseo_metadesc":"Design flipbooks online. Keep the book content up-to-date with the instant update tool. Try Visual Paradigm Online, the free flipbook maker."},"product_brand":[],"product_cat":[15,236],"product_tag":[],"class_list":{"0":"post-14726","1":"product","2":"type-product","3":"status-publish","4":"has-post-thumbnail","6":"product_cat-all","7":"product_cat-history","9":"first","10":"instock","11":"shipping-taxable","12":"product-type-simple"},"yoast_head":"<!-- This site is optimized with the Yoast SEO plugin v27.1.1 - https:\/\/yoast.com\/product\/yoast-seo-wordpress\/ -->\n<title>Czechs and Slovaks fighting for independence during World War One - BooksOfAll Japanese<\/title>\n<meta name=\"description\" content=\"Design flipbooks online. Keep the book content up-to-date with the instant update tool. Try Visual Paradigm Online, the free flipbook maker.\" \/>\n<meta name=\"robots\" content=\"index, follow, max-snippet:-1, max-image-preview:large, max-video-preview:-1\" \/>\n<link rel=\"canonical\" href=\"https:\/\/www.booksofall.com\/ja\/czechs-and-slovaks-fighting-for-independence-during-world-war-one\/\" \/>\n<meta property=\"og:locale\" content=\"ja_JP\" \/>\n<meta property=\"og:type\" content=\"article\" \/>\n<meta property=\"og:title\" content=\"Czechs and Slovaks fighting for independence during World War One - BooksOfAll Japanese\" \/>\n<meta property=\"og:description\" content=\"Design flipbooks online. Keep the book content up-to-date with the instant update tool. Try Visual Paradigm Online, the free flipbook maker.\" \/>\n<meta property=\"og:url\" content=\"https:\/\/www.booksofall.com\/ja\/czechs-and-slovaks-fighting-for-independence-during-world-war-one\/\" \/>\n<meta property=\"og:site_name\" content=\"BooksOfAll Japanese\" \/>\n<meta property=\"article:modified_time\" content=\"2022-07-20T02:33:16+00:00\" \/>\n<meta property=\"og:image\" content=\"https:\/\/www.booksofall.com\/ja\/wp-content\/uploads\/sites\/4\/2022\/07\/Czechs-and-Slovaks-fighting-for-independence-during-World-War-One-01.png\" \/>\n<meta name=\"twitter:card\" content=\"summary_large_image\" \/>\n<meta name=\"twitter:image\" content=\"https:\/\/www.booksofall.com\/ja\/wp-content\/uploads\/sites\/4\/2022\/07\/Czechs-and-Slovaks-fighting-for-independence-during-World-War-One-01.png\" \/>\n<meta name=\"twitter:label1\" content=\"\u63a8\u5b9a\u8aad\u307f\u53d6\u308a\u6642\u9593\" \/>\n\t<meta name=\"twitter:data1\" content=\"3\u5206\" \/>\n<script type=\"application\/ld+json\" class=\"yoast-schema-graph\">{\"@context\":\"https:\/\/schema.org\",\"@graph\":[{\"@type\":\"WebPage\",\"@id\":\"https:\/\/www.booksofall.com\/ja\/czechs-and-slovaks-fighting-for-independence-during-world-war-one\/\",\"url\":\"https:\/\/www.booksofall.com\/ja\/czechs-and-slovaks-fighting-for-independence-during-world-war-one\/\",\"name\":\"Czechs and Slovaks fighting for independence during World War One - BooksOfAll Japanese\",\"isPartOf\":{\"@id\":\"https:\/\/www.booksofall.com\/ja\/#website\"},\"primaryImageOfPage\":{\"@id\":\"https:\/\/www.booksofall.com\/ja\/czechs-and-slovaks-fighting-for-independence-during-world-war-one\/#primaryimage\"},\"image\":{\"@id\":\"https:\/\/www.booksofall.com\/ja\/czechs-and-slovaks-fighting-for-independence-during-world-war-one\/#primaryimage\"},\"thumbnailUrl\":\"https:\/\/www.booksofall.com\/ja\/wp-content\/uploads\/sites\/4\/2022\/07\/Czechs-and-Slovaks-fighting-for-independence-during-World-War-One-01.png\",\"datePublished\":\"2022-07-20T02:32:30+00:00\",\"dateModified\":\"2022-07-20T02:33:16+00:00\",\"description\":\"Design flipbooks online. Keep the book content up-to-date with the instant update tool. Try Visual Paradigm Online, the free flipbook maker.\",\"breadcrumb\":{\"@id\":\"https:\/\/www.booksofall.com\/ja\/czechs-and-slovaks-fighting-for-independence-during-world-war-one\/#breadcrumb\"},\"inLanguage\":\"ja\",\"potentialAction\":[{\"@type\":\"ReadAction\",\"target\":[\"https:\/\/www.booksofall.com\/ja\/czechs-and-slovaks-fighting-for-independence-during-world-war-one\/\"]}]},{\"@type\":\"ImageObject\",\"inLanguage\":\"ja\",\"@id\":\"https:\/\/www.booksofall.com\/ja\/czechs-and-slovaks-fighting-for-independence-during-world-war-one\/#primaryimage\",\"url\":\"https:\/\/www.booksofall.com\/ja\/wp-content\/uploads\/sites\/4\/2022\/07\/Czechs-and-Slovaks-fighting-for-independence-during-World-War-One-01.png\",\"contentUrl\":\"https:\/\/www.booksofall.com\/ja\/wp-content\/uploads\/sites\/4\/2022\/07\/Czechs-and-Slovaks-fighting-for-independence-during-World-War-One-01.png\",\"width\":\"596\",\"height\":\"842\"},{\"@type\":\"BreadcrumbList\",\"@id\":\"https:\/\/www.booksofall.com\/ja\/czechs-and-slovaks-fighting-for-independence-during-world-war-one\/#breadcrumb\",\"itemListElement\":[{\"@type\":\"ListItem\",\"position\":1,\"name\":\"Home\",\"item\":\"https:\/\/www.booksofall.com\/ja\/\"},{\"@type\":\"ListItem\",\"position\":2,\"name\":\"Categories\",\"item\":\"https:\/\/www.booksofall.com\/ja\/categories\/\"},{\"@type\":\"ListItem\",\"position\":3,\"name\":\"Czechs and Slovaks fighting for independence during World War One\"}]},{\"@type\":\"WebSite\",\"@id\":\"https:\/\/www.booksofall.com\/ja\/#website\",\"url\":\"https:\/\/www.booksofall.com\/ja\/\",\"name\":\"BooksOfAll Japanese\",\"description\":\"Biggest IT eBooks library and learning resources - Free eBooks for programming, computing, artificial intelligence and more.\",\"publisher\":{\"@id\":\"https:\/\/www.booksofall.com\/ja\/#organization\"},\"potentialAction\":[{\"@type\":\"SearchAction\",\"target\":{\"@type\":\"EntryPoint\",\"urlTemplate\":\"https:\/\/www.booksofall.com\/ja\/?s={search_term_string}\"},\"query-input\":{\"@type\":\"PropertyValueSpecification\",\"valueRequired\":true,\"valueName\":\"search_term_string\"}}],\"inLanguage\":\"ja\"},{\"@type\":\"Organization\",\"@id\":\"https:\/\/www.booksofall.com\/ja\/#organization\",\"name\":\"BooksOfAll Japanese\",\"url\":\"https:\/\/www.booksofall.com\/ja\/\",\"logo\":{\"@type\":\"ImageObject\",\"inLanguage\":\"ja\",\"@id\":\"https:\/\/www.booksofall.com\/ja\/#\/schema\/logo\/image\/\",\"url\":\"https:\/\/www.booksofall.com\/ja\/wp-content\/uploads\/sites\/4\/2022\/06\/booksofall-logo-2.png\",\"contentUrl\":\"https:\/\/www.booksofall.com\/ja\/wp-content\/uploads\/sites\/4\/2022\/06\/booksofall-logo-2.png\",\"width\":166,\"height\":30,\"caption\":\"BooksOfAll Japanese\"},\"image\":{\"@id\":\"https:\/\/www.booksofall.com\/ja\/#\/schema\/logo\/image\/\"}}]}<\/script>\n<!-- \/ Yoast SEO plugin. -->","yoast_head_json":{"title":"Czechs and Slovaks fighting for independence during World War One - BooksOfAll Japanese","description":"Design flipbooks online. Keep the book content up-to-date with the instant update tool. Try Visual Paradigm Online, the free flipbook maker.","robots":{"index":"index","follow":"follow","max-snippet":"max-snippet:-1","max-image-preview":"max-image-preview:large","max-video-preview":"max-video-preview:-1"},"canonical":"https:\/\/www.booksofall.com\/ja\/czechs-and-slovaks-fighting-for-independence-during-world-war-one\/","og_locale":"ja_JP","og_type":"article","og_title":"Czechs and Slovaks fighting for independence during World War One - BooksOfAll Japanese","og_description":"Design flipbooks online. Keep the book content up-to-date with the instant update tool. Try Visual Paradigm Online, the free flipbook maker.","og_url":"https:\/\/www.booksofall.com\/ja\/czechs-and-slovaks-fighting-for-independence-during-world-war-one\/","og_site_name":"BooksOfAll Japanese","article_modified_time":"2022-07-20T02:33:16+00:00","og_image":[{"url":"https:\/\/www.booksofall.com\/ja\/wp-content\/uploads\/sites\/4\/2022\/07\/Czechs-and-Slovaks-fighting-for-independence-during-World-War-One-01.png","type":"","width":"","height":""}],"twitter_card":"summary_large_image","twitter_image":"https:\/\/www.booksofall.com\/ja\/wp-content\/uploads\/sites\/4\/2022\/07\/Czechs-and-Slovaks-fighting-for-independence-during-World-War-One-01.png","twitter_misc":{"\u63a8\u5b9a\u8aad\u307f\u53d6\u308a\u6642\u9593":"3\u5206"},"schema":{"@context":"https:\/\/schema.org","@graph":[{"@type":"WebPage","@id":"https:\/\/www.booksofall.com\/ja\/czechs-and-slovaks-fighting-for-independence-during-world-war-one\/","url":"https:\/\/www.booksofall.com\/ja\/czechs-and-slovaks-fighting-for-independence-during-world-war-one\/","name":"Czechs and Slovaks fighting for independence during World War One - BooksOfAll Japanese","isPartOf":{"@id":"https:\/\/www.booksofall.com\/ja\/#website"},"primaryImageOfPage":{"@id":"https:\/\/www.booksofall.com\/ja\/czechs-and-slovaks-fighting-for-independence-during-world-war-one\/#primaryimage"},"image":{"@id":"https:\/\/www.booksofall.com\/ja\/czechs-and-slovaks-fighting-for-independence-during-world-war-one\/#primaryimage"},"thumbnailUrl":"https:\/\/www.booksofall.com\/ja\/wp-content\/uploads\/sites\/4\/2022\/07\/Czechs-and-Slovaks-fighting-for-independence-during-World-War-One-01.png","datePublished":"2022-07-20T02:32:30+00:00","dateModified":"2022-07-20T02:33:16+00:00","description":"Design flipbooks online. Keep the book content up-to-date with the instant update tool. Try Visual Paradigm Online, the free flipbook maker.","breadcrumb":{"@id":"https:\/\/www.booksofall.com\/ja\/czechs-and-slovaks-fighting-for-independence-during-world-war-one\/#breadcrumb"},"inLanguage":"ja","potentialAction":[{"@type":"ReadAction","target":["https:\/\/www.booksofall.com\/ja\/czechs-and-slovaks-fighting-for-independence-during-world-war-one\/"]}]},{"@type":"ImageObject","inLanguage":"ja","@id":"https:\/\/www.booksofall.com\/ja\/czechs-and-slovaks-fighting-for-independence-during-world-war-one\/#primaryimage","url":"https:\/\/www.booksofall.com\/ja\/wp-content\/uploads\/sites\/4\/2022\/07\/Czechs-and-Slovaks-fighting-for-independence-during-World-War-One-01.png","contentUrl":"https:\/\/www.booksofall.com\/ja\/wp-content\/uploads\/sites\/4\/2022\/07\/Czechs-and-Slovaks-fighting-for-independence-during-World-War-One-01.png","width":"596","height":"842"},{"@type":"BreadcrumbList","@id":"https:\/\/www.booksofall.com\/ja\/czechs-and-slovaks-fighting-for-independence-during-world-war-one\/#breadcrumb","itemListElement":[{"@type":"ListItem","position":1,"name":"Home","item":"https:\/\/www.booksofall.com\/ja\/"},{"@type":"ListItem","position":2,"name":"Categories","item":"https:\/\/www.booksofall.com\/ja\/categories\/"},{"@type":"ListItem","position":3,"name":"Czechs and Slovaks fighting for independence during World War One"}]},{"@type":"WebSite","@id":"https:\/\/www.booksofall.com\/ja\/#website","url":"https:\/\/www.booksofall.com\/ja\/","name":"BooksOfAll Japanese","description":"Biggest IT eBooks library and learning resources - Free eBooks for programming, computing, artificial intelligence and more.","publisher":{"@id":"https:\/\/www.booksofall.com\/ja\/#organization"},"potentialAction":[{"@type":"SearchAction","target":{"@type":"EntryPoint","urlTemplate":"https:\/\/www.booksofall.com\/ja\/?s={search_term_string}"},"query-input":{"@type":"PropertyValueSpecification","valueRequired":true,"valueName":"search_term_string"}}],"inLanguage":"ja"},{"@type":"Organization","@id":"https:\/\/www.booksofall.com\/ja\/#organization","name":"BooksOfAll Japanese","url":"https:\/\/www.booksofall.com\/ja\/","logo":{"@type":"ImageObject","inLanguage":"ja","@id":"https:\/\/www.booksofall.com\/ja\/#\/schema\/logo\/image\/","url":"https:\/\/www.booksofall.com\/ja\/wp-content\/uploads\/sites\/4\/2022\/06\/booksofall-logo-2.png","contentUrl":"https:\/\/www.booksofall.com\/ja\/wp-content\/uploads\/sites\/4\/2022\/06\/booksofall-logo-2.png","width":166,"height":30,"caption":"BooksOfAll Japanese"},"image":{"@id":"https:\/\/www.booksofall.com\/ja\/#\/schema\/logo\/image\/"}}]}},"_links":{"self":[{"href":"https:\/\/www.booksofall.com\/ja\/wp-json\/wp\/v2\/product\/14726","targetHints":{"allow":["GET"]}}],"collection":[{"href":"https:\/\/www.booksofall.com\/ja\/wp-json\/wp\/v2\/product"}],"about":[{"href":"https:\/\/www.booksofall.com\/ja\/wp-json\/wp\/v2\/types\/product"}],"wp:featuredmedia":[{"embeddable":true,"href":"https:\/\/www.booksofall.com\/ja\/wp-json\/wp\/v2\/media\/14746"}],"wp:attachment":[{"href":"https:\/\/www.booksofall.com\/ja\/wp-json\/wp\/v2\/media?parent=14726"}],"wp:term":[{"taxonomy":"product_brand","embeddable":true,"href":"https:\/\/www.booksofall.com\/ja\/wp-json\/wp\/v2\/product_brand?post=14726"},{"taxonomy":"product_cat","embeddable":true,"href":"https:\/\/www.booksofall.com\/ja\/wp-json\/wp\/v2\/product_cat?post=14726"},{"taxonomy":"product_tag","embeddable":true,"href":"https:\/\/www.booksofall.com\/ja\/wp-json\/wp\/v2\/product_tag?post=14726"}],"curies":[{"name":"wp","href":"https:\/\/api.w.org\/{rel}","templated":true}]}}