{"id":14639,"date":"2022-07-19T08:31:44","date_gmt":"2022-07-19T08:31:44","guid":{"rendered":"https:\/\/www.booksofall.com\/ja\/?post_type=product&#038;p=14639"},"modified":"2022-07-19T08:31:44","modified_gmt":"2022-07-19T08:31:44","slug":"antologia-abierta-de-literatura-hispana-ward","status":"publish","type":"product","link":"https:\/\/www.booksofall.com\/ja\/antologia-abierta-de-literatura-hispana-ward\/","title":{"rendered":"Antolog\u00eda Abierta de Literatura Hispana (Ward)"},"content":{"rendered":"<p>This text is disseminated via the <a href=\"https:\/\/www.unesco.org\/en\/communication-information\/open-solutions\/open-educational-resources\" target=\"_blank\" rel=\"noopener\">Open Education Resource<\/a> (OER) LibreTexts Project (<a href=\"https:\/\/libretexts.org\/\" target=\"_blank\" rel=\"noopener\">https:\/\/LibreTexts.org<\/a>) and like the hundreds of other texts available within this powerful platform, it is freely available for reading, printing and &#8220;consuming.&#8221; Most, but not all, pages in the library have licenses that may allow individuals to make changes, save, and print this book. Carefully consult the applicable license(s) before pursuing such effects.<\/p>\n<p>Instructors can adopt existing <a href=\"https:\/\/en.wikipedia.org\/wiki\/LibreTexts\" target=\"_blank\" rel=\"noopener\">LibreTexts<\/a> texts or Remix them to quickly build course-specific resources to meet the needs of their students. Unlike traditional textbooks, LibreTexts\u2019 web based origins allow powerful integration of advanced features and new technologies to support learning.<\/p>\n<p>The LibreTexts mission is to unite students, faculty and scholars in a cooperative effort to develop an easy-to-use online platform for the construction, customization, and dissemination of OER content to reduce the burdens of unreasonable textbook costs to our students and society. The LibreTexts project is a multi-institutional collaborative venture to develop the next generation of openaccess texts to improve postsecondary education at all levels of higher learning by developing an Open Access Resource environment. The project currently consists of 14 independently operating and interconnected libraries that are constantly being optimized by students, faculty, and outside experts to supplant conventional paper-based books. These free textbook alternatives are organized within a central environment that is both vertically (from advance to basic level) and horizontally (across different fields) integrated.<\/p>\n<p>Una antolog\u00eda cr\u00edtica de textos literarios del mundo hispanohablante. Se enfoca en autores can\u00f3nicos y tambi\u00e9n se intenta incluir voces marginadas. Cada texto tiene una introducci\u00f3n y anotaciones creadas por estudiantes. \/\/ A critical anthology of literary texts from the Spanish-speaking world. A focus on canonical authors and an attempt to include voices that have been marginalized. Each text includes an introduction and annotations created by students.<\/p>\n<h3>Sobre la Antolog\u00eda Abierta de Literatura Hispana<\/h3>\n<p>La Antolog\u00eda Abierta de Literatura Hispana es una antolog\u00eda cr\u00edtica de textos literarios del mundo hispanohablante. Se enfoca en autores can\u00f3nicos y tambi\u00e9n se intenta incluir voces marginadas. Cada texto tiene una introducci\u00f3n y anotaciones creadas por estudiantes de la University of Oklahoma, la University of South Carolina y William Jewell College. The Open Anthology of Hispanic Literature is a critical anthology of literary texts from the Spanish-speaking world. A focus on canonical authors and an attempt to include voices that have been marginalized. Each text includes an introduction and annotations created by students of the University of Oklahoma, la University of South Carolina y William Jewell College.<\/p>\n","protected":false},"excerpt":{"rendered":"<p><iframe frameborder=\"0\" allowtransparency=\"true\" allowFullscreen=\"true\" style=\"width: 100%; height: 700px; border: none;\" src=\"https:\/\/online.visual-paradigm.com\/share\/book\/antolog-a-abierta-de-literatura-hispana-ward--10xrsv0qqc?enforceShowPromotionBar=true&#038;p=1\"><\/iframe><\/p>\n","protected":false},"featured_media":14644,"template":"","meta":{"_yoast_wpseo_title":"","_yoast_wpseo_metadesc":"This text is disseminated via the Open Education Resource (OER) LibreTexts Project (https:\/\/LibreTexts.org) and like the hundreds of other texts available within this powerful platform, it is freely available for reading, printing and \"consuming."},"product_brand":[],"product_cat":[15,237],"product_tag":[],"class_list":{"0":"post-14639","1":"product","2":"type-product","3":"status-publish","4":"has-post-thumbnail","6":"product_cat-all","7":"product_cat-languages","9":"first","10":"instock","11":"shipping-taxable","12":"product-type-simple"},"yoast_head":"<!-- This site is optimized with the Yoast SEO plugin v27.1.1 - https:\/\/yoast.com\/product\/yoast-seo-wordpress\/ -->\n<title>Antolog\u00eda Abierta de Literatura Hispana (Ward) - BooksOfAll Japanese<\/title>\n<meta name=\"description\" content=\"This text is disseminated via the Open Education Resource (OER) LibreTexts Project (https:\/\/LibreTexts.org) and like the hundreds of other texts available within this powerful platform, it is freely available for reading, printing and &quot;consuming.\" \/>\n<meta name=\"robots\" content=\"index, follow, max-snippet:-1, max-image-preview:large, max-video-preview:-1\" \/>\n<link rel=\"canonical\" href=\"https:\/\/www.booksofall.com\/ja\/antologia-abierta-de-literatura-hispana-ward\/\" \/>\n<meta property=\"og:locale\" content=\"ja_JP\" \/>\n<meta property=\"og:type\" content=\"article\" \/>\n<meta property=\"og:title\" content=\"Antolog\u00eda Abierta de Literatura Hispana (Ward) - BooksOfAll Japanese\" \/>\n<meta property=\"og:description\" content=\"This text is disseminated via the Open Education Resource (OER) LibreTexts Project (https:\/\/LibreTexts.org) and like the hundreds of other texts available within this powerful platform, it is freely available for reading, printing and &quot;consuming.\" \/>\n<meta property=\"og:url\" content=\"https:\/\/www.booksofall.com\/ja\/antologia-abierta-de-literatura-hispana-ward\/\" \/>\n<meta property=\"og:site_name\" content=\"BooksOfAll Japanese\" \/>\n<meta property=\"og:image\" content=\"https:\/\/www.booksofall.com\/ja\/wp-content\/uploads\/sites\/4\/2022\/07\/Antologia-Abierta-de-Literatura-Hispana-Ward-07.png\" \/>\n<meta name=\"twitter:card\" content=\"summary_large_image\" \/>\n<meta name=\"twitter:image\" content=\"https:\/\/www.booksofall.com\/ja\/wp-content\/uploads\/sites\/4\/2022\/07\/Antologia-Abierta-de-Literatura-Hispana-Ward-07.png\" \/>\n<meta name=\"twitter:label1\" content=\"\u63a8\u5b9a\u8aad\u307f\u53d6\u308a\u6642\u9593\" \/>\n\t<meta name=\"twitter:data1\" content=\"2\u5206\" \/>\n<script type=\"application\/ld+json\" class=\"yoast-schema-graph\">{\"@context\":\"https:\/\/schema.org\",\"@graph\":[{\"@type\":\"WebPage\",\"@id\":\"https:\/\/www.booksofall.com\/ja\/antologia-abierta-de-literatura-hispana-ward\/\",\"url\":\"https:\/\/www.booksofall.com\/ja\/antologia-abierta-de-literatura-hispana-ward\/\",\"name\":\"Antolog\u00eda Abierta de Literatura Hispana (Ward) - BooksOfAll Japanese\",\"isPartOf\":{\"@id\":\"https:\/\/www.booksofall.com\/ja\/#website\"},\"primaryImageOfPage\":{\"@id\":\"https:\/\/www.booksofall.com\/ja\/antologia-abierta-de-literatura-hispana-ward\/#primaryimage\"},\"image\":{\"@id\":\"https:\/\/www.booksofall.com\/ja\/antologia-abierta-de-literatura-hispana-ward\/#primaryimage\"},\"thumbnailUrl\":\"https:\/\/www.booksofall.com\/ja\/wp-content\/uploads\/sites\/4\/2022\/07\/Antologia-Abierta-de-Literatura-Hispana-Ward-07.png\",\"datePublished\":\"2022-07-19T08:31:44+00:00\",\"description\":\"This text is disseminated via the Open Education Resource (OER) LibreTexts Project (https:\/\/LibreTexts.org) and like the hundreds of other texts available within this powerful platform, it is freely available for reading, printing and \\\"consuming.\",\"breadcrumb\":{\"@id\":\"https:\/\/www.booksofall.com\/ja\/antologia-abierta-de-literatura-hispana-ward\/#breadcrumb\"},\"inLanguage\":\"ja\",\"potentialAction\":[{\"@type\":\"ReadAction\",\"target\":[\"https:\/\/www.booksofall.com\/ja\/antologia-abierta-de-literatura-hispana-ward\/\"]}]},{\"@type\":\"ImageObject\",\"inLanguage\":\"ja\",\"@id\":\"https:\/\/www.booksofall.com\/ja\/antologia-abierta-de-literatura-hispana-ward\/#primaryimage\",\"url\":\"https:\/\/www.booksofall.com\/ja\/wp-content\/uploads\/sites\/4\/2022\/07\/Antologia-Abierta-de-Literatura-Hispana-Ward-07.png\",\"contentUrl\":\"https:\/\/www.booksofall.com\/ja\/wp-content\/uploads\/sites\/4\/2022\/07\/Antologia-Abierta-de-Literatura-Hispana-Ward-07.png\",\"width\":\"597\",\"height\":\"844\",\"caption\":\"Antolog\u00eda Abierta de Literatura Hispana (Ward)\"},{\"@type\":\"BreadcrumbList\",\"@id\":\"https:\/\/www.booksofall.com\/ja\/antologia-abierta-de-literatura-hispana-ward\/#breadcrumb\",\"itemListElement\":[{\"@type\":\"ListItem\",\"position\":1,\"name\":\"Home\",\"item\":\"https:\/\/www.booksofall.com\/ja\/\"},{\"@type\":\"ListItem\",\"position\":2,\"name\":\"Categories\",\"item\":\"https:\/\/www.booksofall.com\/ja\/categories\/\"},{\"@type\":\"ListItem\",\"position\":3,\"name\":\"Antolog\u00eda Abierta de Literatura Hispana (Ward)\"}]},{\"@type\":\"WebSite\",\"@id\":\"https:\/\/www.booksofall.com\/ja\/#website\",\"url\":\"https:\/\/www.booksofall.com\/ja\/\",\"name\":\"BooksOfAll Japanese\",\"description\":\"Biggest IT eBooks library and learning resources - Free eBooks for programming, computing, artificial intelligence and more.\",\"publisher\":{\"@id\":\"https:\/\/www.booksofall.com\/ja\/#organization\"},\"potentialAction\":[{\"@type\":\"SearchAction\",\"target\":{\"@type\":\"EntryPoint\",\"urlTemplate\":\"https:\/\/www.booksofall.com\/ja\/?s={search_term_string}\"},\"query-input\":{\"@type\":\"PropertyValueSpecification\",\"valueRequired\":true,\"valueName\":\"search_term_string\"}}],\"inLanguage\":\"ja\"},{\"@type\":\"Organization\",\"@id\":\"https:\/\/www.booksofall.com\/ja\/#organization\",\"name\":\"BooksOfAll Japanese\",\"url\":\"https:\/\/www.booksofall.com\/ja\/\",\"logo\":{\"@type\":\"ImageObject\",\"inLanguage\":\"ja\",\"@id\":\"https:\/\/www.booksofall.com\/ja\/#\/schema\/logo\/image\/\",\"url\":\"https:\/\/www.booksofall.com\/ja\/wp-content\/uploads\/sites\/4\/2022\/06\/booksofall-logo-2.png\",\"contentUrl\":\"https:\/\/www.booksofall.com\/ja\/wp-content\/uploads\/sites\/4\/2022\/06\/booksofall-logo-2.png\",\"width\":166,\"height\":30,\"caption\":\"BooksOfAll Japanese\"},\"image\":{\"@id\":\"https:\/\/www.booksofall.com\/ja\/#\/schema\/logo\/image\/\"}}]}<\/script>\n<!-- \/ Yoast SEO plugin. -->","yoast_head_json":{"title":"Antolog\u00eda Abierta de Literatura Hispana (Ward) - BooksOfAll Japanese","description":"This text is disseminated via the Open Education Resource (OER) LibreTexts Project (https:\/\/LibreTexts.org) and like the hundreds of other texts available within this powerful platform, it is freely available for reading, printing and \"consuming.","robots":{"index":"index","follow":"follow","max-snippet":"max-snippet:-1","max-image-preview":"max-image-preview:large","max-video-preview":"max-video-preview:-1"},"canonical":"https:\/\/www.booksofall.com\/ja\/antologia-abierta-de-literatura-hispana-ward\/","og_locale":"ja_JP","og_type":"article","og_title":"Antolog\u00eda Abierta de Literatura Hispana (Ward) - BooksOfAll Japanese","og_description":"This text is disseminated via the Open Education Resource (OER) LibreTexts Project (https:\/\/LibreTexts.org) and like the hundreds of other texts available within this powerful platform, it is freely available for reading, printing and \"consuming.","og_url":"https:\/\/www.booksofall.com\/ja\/antologia-abierta-de-literatura-hispana-ward\/","og_site_name":"BooksOfAll Japanese","og_image":[{"url":"https:\/\/www.booksofall.com\/ja\/wp-content\/uploads\/sites\/4\/2022\/07\/Antologia-Abierta-de-Literatura-Hispana-Ward-07.png","type":"","width":"","height":""}],"twitter_card":"summary_large_image","twitter_image":"https:\/\/www.booksofall.com\/ja\/wp-content\/uploads\/sites\/4\/2022\/07\/Antologia-Abierta-de-Literatura-Hispana-Ward-07.png","twitter_misc":{"\u63a8\u5b9a\u8aad\u307f\u53d6\u308a\u6642\u9593":"2\u5206"},"schema":{"@context":"https:\/\/schema.org","@graph":[{"@type":"WebPage","@id":"https:\/\/www.booksofall.com\/ja\/antologia-abierta-de-literatura-hispana-ward\/","url":"https:\/\/www.booksofall.com\/ja\/antologia-abierta-de-literatura-hispana-ward\/","name":"Antolog\u00eda Abierta de Literatura Hispana (Ward) - BooksOfAll Japanese","isPartOf":{"@id":"https:\/\/www.booksofall.com\/ja\/#website"},"primaryImageOfPage":{"@id":"https:\/\/www.booksofall.com\/ja\/antologia-abierta-de-literatura-hispana-ward\/#primaryimage"},"image":{"@id":"https:\/\/www.booksofall.com\/ja\/antologia-abierta-de-literatura-hispana-ward\/#primaryimage"},"thumbnailUrl":"https:\/\/www.booksofall.com\/ja\/wp-content\/uploads\/sites\/4\/2022\/07\/Antologia-Abierta-de-Literatura-Hispana-Ward-07.png","datePublished":"2022-07-19T08:31:44+00:00","description":"This text is disseminated via the Open Education Resource (OER) LibreTexts Project (https:\/\/LibreTexts.org) and like the hundreds of other texts available within this powerful platform, it is freely available for reading, printing and \"consuming.","breadcrumb":{"@id":"https:\/\/www.booksofall.com\/ja\/antologia-abierta-de-literatura-hispana-ward\/#breadcrumb"},"inLanguage":"ja","potentialAction":[{"@type":"ReadAction","target":["https:\/\/www.booksofall.com\/ja\/antologia-abierta-de-literatura-hispana-ward\/"]}]},{"@type":"ImageObject","inLanguage":"ja","@id":"https:\/\/www.booksofall.com\/ja\/antologia-abierta-de-literatura-hispana-ward\/#primaryimage","url":"https:\/\/www.booksofall.com\/ja\/wp-content\/uploads\/sites\/4\/2022\/07\/Antologia-Abierta-de-Literatura-Hispana-Ward-07.png","contentUrl":"https:\/\/www.booksofall.com\/ja\/wp-content\/uploads\/sites\/4\/2022\/07\/Antologia-Abierta-de-Literatura-Hispana-Ward-07.png","width":"597","height":"844","caption":"Antolog\u00eda Abierta de Literatura Hispana (Ward)"},{"@type":"BreadcrumbList","@id":"https:\/\/www.booksofall.com\/ja\/antologia-abierta-de-literatura-hispana-ward\/#breadcrumb","itemListElement":[{"@type":"ListItem","position":1,"name":"Home","item":"https:\/\/www.booksofall.com\/ja\/"},{"@type":"ListItem","position":2,"name":"Categories","item":"https:\/\/www.booksofall.com\/ja\/categories\/"},{"@type":"ListItem","position":3,"name":"Antolog\u00eda Abierta de Literatura Hispana (Ward)"}]},{"@type":"WebSite","@id":"https:\/\/www.booksofall.com\/ja\/#website","url":"https:\/\/www.booksofall.com\/ja\/","name":"BooksOfAll Japanese","description":"Biggest IT eBooks library and learning resources - Free eBooks for programming, computing, artificial intelligence and more.","publisher":{"@id":"https:\/\/www.booksofall.com\/ja\/#organization"},"potentialAction":[{"@type":"SearchAction","target":{"@type":"EntryPoint","urlTemplate":"https:\/\/www.booksofall.com\/ja\/?s={search_term_string}"},"query-input":{"@type":"PropertyValueSpecification","valueRequired":true,"valueName":"search_term_string"}}],"inLanguage":"ja"},{"@type":"Organization","@id":"https:\/\/www.booksofall.com\/ja\/#organization","name":"BooksOfAll Japanese","url":"https:\/\/www.booksofall.com\/ja\/","logo":{"@type":"ImageObject","inLanguage":"ja","@id":"https:\/\/www.booksofall.com\/ja\/#\/schema\/logo\/image\/","url":"https:\/\/www.booksofall.com\/ja\/wp-content\/uploads\/sites\/4\/2022\/06\/booksofall-logo-2.png","contentUrl":"https:\/\/www.booksofall.com\/ja\/wp-content\/uploads\/sites\/4\/2022\/06\/booksofall-logo-2.png","width":166,"height":30,"caption":"BooksOfAll Japanese"},"image":{"@id":"https:\/\/www.booksofall.com\/ja\/#\/schema\/logo\/image\/"}}]}},"_links":{"self":[{"href":"https:\/\/www.booksofall.com\/ja\/wp-json\/wp\/v2\/product\/14639","targetHints":{"allow":["GET"]}}],"collection":[{"href":"https:\/\/www.booksofall.com\/ja\/wp-json\/wp\/v2\/product"}],"about":[{"href":"https:\/\/www.booksofall.com\/ja\/wp-json\/wp\/v2\/types\/product"}],"wp:featuredmedia":[{"embeddable":true,"href":"https:\/\/www.booksofall.com\/ja\/wp-json\/wp\/v2\/media\/14644"}],"wp:attachment":[{"href":"https:\/\/www.booksofall.com\/ja\/wp-json\/wp\/v2\/media?parent=14639"}],"wp:term":[{"taxonomy":"product_brand","embeddable":true,"href":"https:\/\/www.booksofall.com\/ja\/wp-json\/wp\/v2\/product_brand?post=14639"},{"taxonomy":"product_cat","embeddable":true,"href":"https:\/\/www.booksofall.com\/ja\/wp-json\/wp\/v2\/product_cat?post=14639"},{"taxonomy":"product_tag","embeddable":true,"href":"https:\/\/www.booksofall.com\/ja\/wp-json\/wp\/v2\/product_tag?post=14639"}],"curies":[{"name":"wp","href":"https:\/\/api.w.org\/{rel}","templated":true}]}}