{"id":14540,"date":"2022-07-19T05:45:31","date_gmt":"2022-07-19T05:45:31","guid":{"rendered":"https:\/\/www.booksofall.com\/ja\/?post_type=product&#038;p=14540"},"modified":"2022-07-19T05:46:03","modified_gmt":"2022-07-19T05:46:03","slug":"art-nouveau-in-aveiro-a-walk-through-the-city","status":"publish","type":"product","link":"https:\/\/www.booksofall.com\/ja\/art-nouveau-in-aveiro-a-walk-through-the-city\/","title":{"rendered":"Art Nouveau in Aveiro: a walk through the city"},"content":{"rendered":"<p><strong>In this week&#8217;s Art Nouveau season guest post, Andreia Louren\u00e7o of Portugal&#8217;s\u00a0<a href=\"http:\/\/www.centerofportugal.com\/museum-of-aveiro\/\">Aveiro City Museum<\/a>\u00a0takes us on a guided tour of Aveiro\u2019s finest Art Nouveau buildings. Along the way, she highlights the characteristic elements of Arte Nova (Art Nouveau) in Aveiro, particularly its focus on architectural ornament, and introduces us to important local landmarks.<\/strong><\/p>\n<p>The first appearance of\u00a0<a href=\"https:\/\/en.wikipedia.org\/wiki\/Art_Nouveau\"><em>Arte Nova<\/em>\u00a0(Art Nouveau)<\/a> buildings in Aveiro dates from the beginning of the 20th century. The style became very popular between 1904 and 1920, with the construction of many such \u201cnew style\u201d houses being reported in the local newspapers. Art Nouveau style was imported into Aveiro by a conservative bourgeoisie and wealthy emigrants to Brazil who, upon returning to Portugal, wished to publicly express their social and economical power.<\/p>\n<p>Art Nouveau was adapted to local tastes and was mostly deployed on the fa\u00e7ades of buildings, while the rest of the construction and interiors followed a conservative structure and decoration. A special characteristic of Art Nouveau in Aveiro is the use and production of tiles with Art Nouveau motifs. These tiles were often the only Art Nouveau element present in a building.<\/p>\n<p>Tiles were common in traditional Portuguese construction because they were affordable to the general public. In Aveiro, the use of tiles also provided waterproofing and enabled the embellishment of houses built in adobe (sun-dried clay bricks). Tiles with sinuous floral motifs were very sought after and these were produced locally in the Fonte Nova Factory.<\/p>\n<p>Aveiro\u2019s Art Nouveau Museum is the perfect place to start exploring the city\u2019s Art Nouveau heritage. The museum has two highly decorated fa\u00e7ades and is right in the city center, in front of the main canal. The interior of the museum preserves original tiles and also features a wrought-iron staircase, rich in flowing floral motifs.<\/p>\n<p>After visiting the museum, we recommend walking along one of the area\u2019s most animated streets, Tenente Resende St, where the Ferro Guesthouse can be observed. A former woodwork workshop, the guesthouse was designed by\u00a0<a href=\"https:\/\/pt.wikipedia.org\/wiki\/Francisco_Augusto_da_Silva_Rocha\">Francisco Augusto Silva Rocha<\/a>\u00a0(1864-1957) between 1909 and 1910.<\/p>\n<p>The fa\u00e7ade is decorated with two medallions bearing images of the tools used in the atelier as well as floral elements, over which the words Honor and Labor are inscribed, bearing witness to its origin. Silva Rocha was the most influential architect in Aveiro\u2019s Art Nouveau movement and many buildings are attributed to him.<\/p>\n<p>In the foreground are the typical Aveiro boats, called moliceiros, used to transport seagrasses. Photo: Patr\u00edcia Sarrico. From here, you can walk to the Rossio waterfront and enjoy the striking fa\u00e7ade of the Former Cooperativa Agr\u00edcola. The combination of the hand-painted tiles representing lilies and its masonry sets it apart. The tiles were hand-painted by Lic\u00ednio Pinto, a celebrated local artist, and were produced in the popular Fonte Nova Factory in 1913.<\/p>\n<p>rom here, you can continue to the Gl\u00f3ria neighbourhood and visit the Jo\u00e3o Jacinto Magalh\u00e3es Foundation or even walk to the municipal park and find an Art Nouveau gazebo, an example of intricate iron-work, where concerts were held during the 1900s. Beyond the regular route, the Central Cemetery can also be a point of interest, with its crypts with Art Nouveau decoration and a funerary statue with an original combination of Art Nouveau and Gothic influences, called The Last Breath.<\/p>\n<p>After the route, you can always return to the Art Nouveau Museum to rest and enjoy the environment of the museum\u2019s tea room, inspired by 1900s style. If you enjoyed this post, why not check out our\u00a0<a href=\"https:\/\/www.europeana.eu\/exhibitions\/art-nouveau-a-universal-style\">Art Nouveau exhibition<\/a>?<\/p>\n","protected":false},"excerpt":{"rendered":"<p><iframe style=\"width: 100%; height: 750px; border: none;\" src=\"https:\/\/online.visual-paradigm.com\/share\/book\/art-nouveau-in-aveiro-a-walk-through-the-city-10xoxmw4gh?p=1\" frameborder=\"0\" allowfullscreen=\"allowfullscreen\"><\/iframe><\/p>\n","protected":false},"featured_media":14547,"template":"","meta":{"_yoast_wpseo_title":"","_yoast_wpseo_metadesc":"Optimize your web marketing strategy with an attractive flipbook like this one. Try Visual Paradigm today!"},"product_brand":[],"product_cat":[15,167],"product_tag":[],"class_list":{"0":"post-14540","1":"product","2":"type-product","3":"status-publish","4":"has-post-thumbnail","6":"product_cat-all","7":"product_cat-arts-entertainment","9":"first","10":"instock","11":"shipping-taxable","12":"product-type-simple"},"yoast_head":"<!-- This site is optimized with the Yoast SEO plugin v27.1.1 - https:\/\/yoast.com\/product\/yoast-seo-wordpress\/ -->\n<title>Art Nouveau in Aveiro: a walk through the city - BooksOfAll Japanese<\/title>\n<meta name=\"description\" content=\"Optimize your web marketing strategy with an attractive flipbook like this one. Try Visual Paradigm today!\" \/>\n<meta name=\"robots\" content=\"index, follow, max-snippet:-1, max-image-preview:large, max-video-preview:-1\" \/>\n<link rel=\"canonical\" href=\"https:\/\/www.booksofall.com\/ja\/art-nouveau-in-aveiro-a-walk-through-the-city\/\" \/>\n<meta property=\"og:locale\" content=\"ja_JP\" \/>\n<meta property=\"og:type\" content=\"article\" \/>\n<meta property=\"og:title\" content=\"Art Nouveau in Aveiro: a walk through the city - BooksOfAll Japanese\" \/>\n<meta property=\"og:description\" content=\"Optimize your web marketing strategy with an attractive flipbook like this one. Try Visual Paradigm today!\" \/>\n<meta property=\"og:url\" content=\"https:\/\/www.booksofall.com\/ja\/art-nouveau-in-aveiro-a-walk-through-the-city\/\" \/>\n<meta property=\"og:site_name\" content=\"BooksOfAll Japanese\" \/>\n<meta property=\"article:modified_time\" content=\"2022-07-19T05:46:03+00:00\" \/>\n<meta property=\"og:image\" content=\"https:\/\/www.booksofall.com\/ja\/wp-content\/uploads\/sites\/4\/2022\/07\/Art-Nouveau-in-Aveiro-a-walk-through-the-city-01.png\" \/>\n<meta name=\"twitter:card\" content=\"summary_large_image\" \/>\n<meta name=\"twitter:image\" content=\"https:\/\/www.booksofall.com\/ja\/wp-content\/uploads\/sites\/4\/2022\/07\/Art-Nouveau-in-Aveiro-a-walk-through-the-city-01.png\" \/>\n<meta name=\"twitter:label1\" content=\"\u63a8\u5b9a\u8aad\u307f\u53d6\u308a\u6642\u9593\" \/>\n\t<meta name=\"twitter:data1\" content=\"3\u5206\" \/>\n<script type=\"application\/ld+json\" class=\"yoast-schema-graph\">{\"@context\":\"https:\/\/schema.org\",\"@graph\":[{\"@type\":\"WebPage\",\"@id\":\"https:\/\/www.booksofall.com\/ja\/art-nouveau-in-aveiro-a-walk-through-the-city\/\",\"url\":\"https:\/\/www.booksofall.com\/ja\/art-nouveau-in-aveiro-a-walk-through-the-city\/\",\"name\":\"Art Nouveau in Aveiro: a walk through the city - BooksOfAll Japanese\",\"isPartOf\":{\"@id\":\"https:\/\/www.booksofall.com\/ja\/#website\"},\"primaryImageOfPage\":{\"@id\":\"https:\/\/www.booksofall.com\/ja\/art-nouveau-in-aveiro-a-walk-through-the-city\/#primaryimage\"},\"image\":{\"@id\":\"https:\/\/www.booksofall.com\/ja\/art-nouveau-in-aveiro-a-walk-through-the-city\/#primaryimage\"},\"thumbnailUrl\":\"https:\/\/www.booksofall.com\/ja\/wp-content\/uploads\/sites\/4\/2022\/07\/Art-Nouveau-in-Aveiro-a-walk-through-the-city-01.png\",\"datePublished\":\"2022-07-19T05:45:31+00:00\",\"dateModified\":\"2022-07-19T05:46:03+00:00\",\"description\":\"Optimize your web marketing strategy with an attractive flipbook like this one. Try Visual Paradigm today!\",\"breadcrumb\":{\"@id\":\"https:\/\/www.booksofall.com\/ja\/art-nouveau-in-aveiro-a-walk-through-the-city\/#breadcrumb\"},\"inLanguage\":\"ja\",\"potentialAction\":[{\"@type\":\"ReadAction\",\"target\":[\"https:\/\/www.booksofall.com\/ja\/art-nouveau-in-aveiro-a-walk-through-the-city\/\"]}]},{\"@type\":\"ImageObject\",\"inLanguage\":\"ja\",\"@id\":\"https:\/\/www.booksofall.com\/ja\/art-nouveau-in-aveiro-a-walk-through-the-city\/#primaryimage\",\"url\":\"https:\/\/www.booksofall.com\/ja\/wp-content\/uploads\/sites\/4\/2022\/07\/Art-Nouveau-in-Aveiro-a-walk-through-the-city-01.png\",\"contentUrl\":\"https:\/\/www.booksofall.com\/ja\/wp-content\/uploads\/sites\/4\/2022\/07\/Art-Nouveau-in-Aveiro-a-walk-through-the-city-01.png\",\"width\":\"596\",\"height\":\"842\"},{\"@type\":\"BreadcrumbList\",\"@id\":\"https:\/\/www.booksofall.com\/ja\/art-nouveau-in-aveiro-a-walk-through-the-city\/#breadcrumb\",\"itemListElement\":[{\"@type\":\"ListItem\",\"position\":1,\"name\":\"Home\",\"item\":\"https:\/\/www.booksofall.com\/ja\/\"},{\"@type\":\"ListItem\",\"position\":2,\"name\":\"Categories\",\"item\":\"https:\/\/www.booksofall.com\/ja\/categories\/\"},{\"@type\":\"ListItem\",\"position\":3,\"name\":\"Art Nouveau in Aveiro: a walk through the city\"}]},{\"@type\":\"WebSite\",\"@id\":\"https:\/\/www.booksofall.com\/ja\/#website\",\"url\":\"https:\/\/www.booksofall.com\/ja\/\",\"name\":\"BooksOfAll Japanese\",\"description\":\"Biggest IT eBooks library and learning resources - Free eBooks for programming, computing, artificial intelligence and more.\",\"publisher\":{\"@id\":\"https:\/\/www.booksofall.com\/ja\/#organization\"},\"potentialAction\":[{\"@type\":\"SearchAction\",\"target\":{\"@type\":\"EntryPoint\",\"urlTemplate\":\"https:\/\/www.booksofall.com\/ja\/?s={search_term_string}\"},\"query-input\":{\"@type\":\"PropertyValueSpecification\",\"valueRequired\":true,\"valueName\":\"search_term_string\"}}],\"inLanguage\":\"ja\"},{\"@type\":\"Organization\",\"@id\":\"https:\/\/www.booksofall.com\/ja\/#organization\",\"name\":\"BooksOfAll Japanese\",\"url\":\"https:\/\/www.booksofall.com\/ja\/\",\"logo\":{\"@type\":\"ImageObject\",\"inLanguage\":\"ja\",\"@id\":\"https:\/\/www.booksofall.com\/ja\/#\/schema\/logo\/image\/\",\"url\":\"https:\/\/www.booksofall.com\/ja\/wp-content\/uploads\/sites\/4\/2022\/06\/booksofall-logo-2.png\",\"contentUrl\":\"https:\/\/www.booksofall.com\/ja\/wp-content\/uploads\/sites\/4\/2022\/06\/booksofall-logo-2.png\",\"width\":166,\"height\":30,\"caption\":\"BooksOfAll Japanese\"},\"image\":{\"@id\":\"https:\/\/www.booksofall.com\/ja\/#\/schema\/logo\/image\/\"}}]}<\/script>\n<!-- \/ Yoast SEO plugin. -->","yoast_head_json":{"title":"Art Nouveau in Aveiro: a walk through the city - BooksOfAll Japanese","description":"Optimize your web marketing strategy with an attractive flipbook like this one. Try Visual Paradigm today!","robots":{"index":"index","follow":"follow","max-snippet":"max-snippet:-1","max-image-preview":"max-image-preview:large","max-video-preview":"max-video-preview:-1"},"canonical":"https:\/\/www.booksofall.com\/ja\/art-nouveau-in-aveiro-a-walk-through-the-city\/","og_locale":"ja_JP","og_type":"article","og_title":"Art Nouveau in Aveiro: a walk through the city - BooksOfAll Japanese","og_description":"Optimize your web marketing strategy with an attractive flipbook like this one. Try Visual Paradigm today!","og_url":"https:\/\/www.booksofall.com\/ja\/art-nouveau-in-aveiro-a-walk-through-the-city\/","og_site_name":"BooksOfAll Japanese","article_modified_time":"2022-07-19T05:46:03+00:00","og_image":[{"url":"https:\/\/www.booksofall.com\/ja\/wp-content\/uploads\/sites\/4\/2022\/07\/Art-Nouveau-in-Aveiro-a-walk-through-the-city-01.png","type":"","width":"","height":""}],"twitter_card":"summary_large_image","twitter_image":"https:\/\/www.booksofall.com\/ja\/wp-content\/uploads\/sites\/4\/2022\/07\/Art-Nouveau-in-Aveiro-a-walk-through-the-city-01.png","twitter_misc":{"\u63a8\u5b9a\u8aad\u307f\u53d6\u308a\u6642\u9593":"3\u5206"},"schema":{"@context":"https:\/\/schema.org","@graph":[{"@type":"WebPage","@id":"https:\/\/www.booksofall.com\/ja\/art-nouveau-in-aveiro-a-walk-through-the-city\/","url":"https:\/\/www.booksofall.com\/ja\/art-nouveau-in-aveiro-a-walk-through-the-city\/","name":"Art Nouveau in Aveiro: a walk through the city - BooksOfAll Japanese","isPartOf":{"@id":"https:\/\/www.booksofall.com\/ja\/#website"},"primaryImageOfPage":{"@id":"https:\/\/www.booksofall.com\/ja\/art-nouveau-in-aveiro-a-walk-through-the-city\/#primaryimage"},"image":{"@id":"https:\/\/www.booksofall.com\/ja\/art-nouveau-in-aveiro-a-walk-through-the-city\/#primaryimage"},"thumbnailUrl":"https:\/\/www.booksofall.com\/ja\/wp-content\/uploads\/sites\/4\/2022\/07\/Art-Nouveau-in-Aveiro-a-walk-through-the-city-01.png","datePublished":"2022-07-19T05:45:31+00:00","dateModified":"2022-07-19T05:46:03+00:00","description":"Optimize your web marketing strategy with an attractive flipbook like this one. Try Visual Paradigm today!","breadcrumb":{"@id":"https:\/\/www.booksofall.com\/ja\/art-nouveau-in-aveiro-a-walk-through-the-city\/#breadcrumb"},"inLanguage":"ja","potentialAction":[{"@type":"ReadAction","target":["https:\/\/www.booksofall.com\/ja\/art-nouveau-in-aveiro-a-walk-through-the-city\/"]}]},{"@type":"ImageObject","inLanguage":"ja","@id":"https:\/\/www.booksofall.com\/ja\/art-nouveau-in-aveiro-a-walk-through-the-city\/#primaryimage","url":"https:\/\/www.booksofall.com\/ja\/wp-content\/uploads\/sites\/4\/2022\/07\/Art-Nouveau-in-Aveiro-a-walk-through-the-city-01.png","contentUrl":"https:\/\/www.booksofall.com\/ja\/wp-content\/uploads\/sites\/4\/2022\/07\/Art-Nouveau-in-Aveiro-a-walk-through-the-city-01.png","width":"596","height":"842"},{"@type":"BreadcrumbList","@id":"https:\/\/www.booksofall.com\/ja\/art-nouveau-in-aveiro-a-walk-through-the-city\/#breadcrumb","itemListElement":[{"@type":"ListItem","position":1,"name":"Home","item":"https:\/\/www.booksofall.com\/ja\/"},{"@type":"ListItem","position":2,"name":"Categories","item":"https:\/\/www.booksofall.com\/ja\/categories\/"},{"@type":"ListItem","position":3,"name":"Art Nouveau in Aveiro: a walk through the city"}]},{"@type":"WebSite","@id":"https:\/\/www.booksofall.com\/ja\/#website","url":"https:\/\/www.booksofall.com\/ja\/","name":"BooksOfAll Japanese","description":"Biggest IT eBooks library and learning resources - Free eBooks for programming, computing, artificial intelligence and more.","publisher":{"@id":"https:\/\/www.booksofall.com\/ja\/#organization"},"potentialAction":[{"@type":"SearchAction","target":{"@type":"EntryPoint","urlTemplate":"https:\/\/www.booksofall.com\/ja\/?s={search_term_string}"},"query-input":{"@type":"PropertyValueSpecification","valueRequired":true,"valueName":"search_term_string"}}],"inLanguage":"ja"},{"@type":"Organization","@id":"https:\/\/www.booksofall.com\/ja\/#organization","name":"BooksOfAll Japanese","url":"https:\/\/www.booksofall.com\/ja\/","logo":{"@type":"ImageObject","inLanguage":"ja","@id":"https:\/\/www.booksofall.com\/ja\/#\/schema\/logo\/image\/","url":"https:\/\/www.booksofall.com\/ja\/wp-content\/uploads\/sites\/4\/2022\/06\/booksofall-logo-2.png","contentUrl":"https:\/\/www.booksofall.com\/ja\/wp-content\/uploads\/sites\/4\/2022\/06\/booksofall-logo-2.png","width":166,"height":30,"caption":"BooksOfAll Japanese"},"image":{"@id":"https:\/\/www.booksofall.com\/ja\/#\/schema\/logo\/image\/"}}]}},"_links":{"self":[{"href":"https:\/\/www.booksofall.com\/ja\/wp-json\/wp\/v2\/product\/14540","targetHints":{"allow":["GET"]}}],"collection":[{"href":"https:\/\/www.booksofall.com\/ja\/wp-json\/wp\/v2\/product"}],"about":[{"href":"https:\/\/www.booksofall.com\/ja\/wp-json\/wp\/v2\/types\/product"}],"wp:featuredmedia":[{"embeddable":true,"href":"https:\/\/www.booksofall.com\/ja\/wp-json\/wp\/v2\/media\/14547"}],"wp:attachment":[{"href":"https:\/\/www.booksofall.com\/ja\/wp-json\/wp\/v2\/media?parent=14540"}],"wp:term":[{"taxonomy":"product_brand","embeddable":true,"href":"https:\/\/www.booksofall.com\/ja\/wp-json\/wp\/v2\/product_brand?post=14540"},{"taxonomy":"product_cat","embeddable":true,"href":"https:\/\/www.booksofall.com\/ja\/wp-json\/wp\/v2\/product_cat?post=14540"},{"taxonomy":"product_tag","embeddable":true,"href":"https:\/\/www.booksofall.com\/ja\/wp-json\/wp\/v2\/product_tag?post=14540"}],"curies":[{"name":"wp","href":"https:\/\/api.w.org\/{rel}","templated":true}]}}