{"id":17731,"date":"2022-09-14T03:44:14","date_gmt":"2022-09-14T03:44:14","guid":{"rendered":"https:\/\/www.booksofall.com\/in\/?post_type=product&#038;p=17731"},"modified":"2022-09-14T03:44:14","modified_gmt":"2022-09-14T03:44:14","slug":"introduction-to-tourism-and-hospitality-in-bc-westcott-and-anderson-2nd-ed","status":"publish","type":"product","link":"https:\/\/www.booksofall.com\/in\/introduction-to-tourism-and-hospitality-in-bc-westcott-and-anderson-2nd-ed\/","title":{"rendered":"Introduction to Tourism and Hospitality in BC (Westcott and Anderson) 2nd Ed."},"content":{"rendered":"<p>This textbook is an introduction to the tourism and hospitality industry in British Columbia, and is written with a first year college and university audience in mind. It is a collaborative work with input from educators, industry leaders, employers, and past graduates of BC\u2019s tourism and <a href=\"https:\/\/hospitalityinsights.ehl.edu\/hospitality-management\" target=\"_blank\" rel=\"noopener\">hospitality management<\/a> programs. All chapters have been reviewed by experts in the field. Each chapter is organized thematically moving from a global, then national, and finally provincial context. Chapters contain &#8220;Spotlight On&#8221; boxes that highlight an organization, business, or other key component and &#8220;Take a Closer Look&#8221; features that encourage further reading on particular subjects. Key terms, exercises and case studies can be found at the end of each chapter.<\/p>\n<p>Origins of Tourism Travel for leisure purposes has evolved from an experience reserved for very few people into something enjoyed by many. Historically, the ability to travel was exclusive and reserved for royalty and the upper classes. From ancient Roman times to the 17th century, young men of high standing were encouraged to travel through Europe on a \u201cgrand tour\u201d (Chaney, 2000). Through the Middle Ages, many societies encouraged the practice of religious pilgrimage, as reflected in Chaucer\u2019s Canterbury Tales and other literature. Prescribed even earlier, the Hajj or the annual pilgrimage to Mecca, has made travel for religious purposes become a default for every believer of Islam.<\/p>\n<h3>Tourism Becomes Business<\/h3>\n<p>Cox &amp; Kings, the first known travel agency, was founded in 1758 when Richard Cox became official travel agent of the British Royal Armed Forces (Cox &amp; Kings, 2014). Almost 100 years later, in June 1841, Thomas Cook opened the first leisure travel agency, designed to help Britons improve their lives by seeing the world and participating in the temperance movement. In 1845, he ran his first commercial packaged tour, complete with cost-effective railway tickets and a printed guide (Thomas Cook, 2014).<\/p>\n<p>The continued popularity of<a href=\"https:\/\/www.nidirect.gov.uk\/information-and-services\/public-transport\/rail-travel\" target=\"_blank\" rel=\"noopener\"> rail travel<\/a> and the emergence of the automobile presented additional milestones in the development of tourism. In fact, a long journey taken by Karl Benz\u2019s wife in 1886 served to kick off interest in auto travel and helped to publicize his budding car company, which would one day become Mercedes Benz (Auer, 2006). We take a closer look at the importance of car travel later in this chapter, and transportation within the tourism industry in Chapter 2.<\/p>\n<p>Fast forward to 1952, the dawn of the jet age saw the first commercial air flights from London, England to Johannesburg, South Africa and Colombo, Sri Lanka (Flightglobal, 2002) that many also heralded as the start of the modern tourism industry. The 1950s also saw the creation of Club M\u00e9dit\u00e9rann\u00e9e (Gyr, 2010) and similar club holiday destinations, the precursor of today\u2019s all-inclusive resorts. The decade that followed is considered to have been a significant period in tourism development, as more travel companies came onto the scene, increasing competition for customers and moving toward \u201cmass tourism, introducing new destinations and modes of holidaying\u201d (Gyr, 2010, p. 32).<\/p>\n<p>Industry growth has been interrupted at several key points in history, including <a href=\"https:\/\/www.history.com\/topics\/world-war-i\/world-war-i-history\" target=\"_blank\" rel=\"noopener\">World War I<\/a>, the Great Depression, and World War II. At the start of this century, global events thrust international travel into decline including the September 11, 2001 attack on the World Trade Center in New York City (known as 9\/11), the war in Iraq, perceived threat of future terrorist attacks, and health scares including SARS, BSE (bovine spongiform encephalopathy), and the West Nile virus (Government of Canada, 2006). But perhaps one of the most debilitating crises that has severely impacted tourism is the more recent <a href=\"https:\/\/www.who.int\/europe\/emergencies\/situations\/covid-19\" target=\"_blank\" rel=\"noopener\">COVID-19 pandemic<\/a>.<\/p>\n","protected":false},"excerpt":{"rendered":"<p><iframe frameborder=\"0\" allowtransparency=\"true\" allowFullscreen=\"true\" style=\"width: 100%; height: 700px; border: none;\" src=\"https:\/\/online.visual-paradigm.com\/share\/book\/introduction-to-tourism-and-hospitality-in-bc-westcott-and-anderson-2nd-ed--13705gojqo?enforceShowPromotionBar=true&#038;p=1\"><\/iframe><\/p>\n","protected":false},"featured_media":17734,"template":"","meta":{"_yoast_wpseo_title":"","_yoast_wpseo_metadesc":"This textbook is an introduction to the tourism and hospitality industry in British Columbia, and is written with a first year college and university audience in mind. It is a collaborative work with input from educators, industry leaders, employers, and past graduates of BC\u2019s tourism and hospitality management programs."},"product_brand":[],"product_cat":[15,173,210],"product_tag":[],"class_list":{"0":"post-17731","1":"product","2":"type-product","3":"status-publish","4":"has-post-thumbnail","6":"product_cat-all","7":"product_cat-food-drink","8":"product_cat-technology","10":"first","11":"instock","12":"shipping-taxable","13":"product-type-simple"},"yoast_head":"<!-- This site is optimized with the Yoast SEO plugin v27.1.1 - https:\/\/yoast.com\/product\/yoast-seo-wordpress\/ -->\n<title>Introduction to Tourism and Hospitality in BC (Westcott and Anderson) 2nd Ed. - BooksOffAll Indian<\/title>\n<meta name=\"description\" content=\"This textbook is an introduction to the tourism and hospitality industry in British Columbia, and is written with a first year college and university audience in mind. It is a collaborative work with input from educators, industry leaders, employers, and past graduates of BC\u2019s tourism and hospitality management programs.\" \/>\n<meta name=\"robots\" content=\"index, follow, max-snippet:-1, max-image-preview:large, max-video-preview:-1\" \/>\n<link rel=\"canonical\" href=\"https:\/\/www.booksofall.com\/in\/introduction-to-tourism-and-hospitality-in-bc-westcott-and-anderson-2nd-ed\/\" \/>\n<meta property=\"og:locale\" content=\"hi_IN\" \/>\n<meta property=\"og:type\" content=\"article\" \/>\n<meta property=\"og:title\" content=\"Introduction to Tourism and Hospitality in BC (Westcott and Anderson) 2nd Ed. - BooksOffAll Indian\" \/>\n<meta property=\"og:description\" content=\"This textbook is an introduction to the tourism and hospitality industry in British Columbia, and is written with a first year college and university audience in mind. It is a collaborative work with input from educators, industry leaders, employers, and past graduates of BC\u2019s tourism and hospitality management programs.\" \/>\n<meta property=\"og:url\" content=\"https:\/\/www.booksofall.com\/in\/introduction-to-tourism-and-hospitality-in-bc-westcott-and-anderson-2nd-ed\/\" \/>\n<meta property=\"og:site_name\" content=\"BooksOffAll Indian\" \/>\n<meta property=\"og:image\" content=\"https:\/\/www.booksofall.com\/in\/wp-content\/uploads\/sites\/13\/2022\/09\/Introduction-to-Tourism-and-Hospitality-in-BC-Westcott-and-Anderson-2nd-Ed-07.png\" \/>\n<meta name=\"twitter:card\" content=\"summary_large_image\" \/>\n<meta name=\"twitter:image\" content=\"https:\/\/www.booksofall.com\/in\/wp-content\/uploads\/sites\/13\/2022\/09\/Introduction-to-Tourism-and-Hospitality-in-BC-Westcott-and-Anderson-2nd-Ed-07.png\" \/>\n<meta name=\"twitter:label1\" content=\"\u0905\u0928\u0941\u092e\u093e\u0928\u093f\u0924 \u092a\u0922\u093c\u0928\u0947 \u0915\u093e \u0938\u092e\u092f\" \/>\n\t<meta name=\"twitter:data1\" content=\"3 \u092e\u093f\u0928\u091f\" \/>\n<script type=\"application\/ld+json\" class=\"yoast-schema-graph\">{\"@context\":\"https:\/\/schema.org\",\"@graph\":[{\"@type\":\"WebPage\",\"@id\":\"https:\/\/www.booksofall.com\/in\/introduction-to-tourism-and-hospitality-in-bc-westcott-and-anderson-2nd-ed\/\",\"url\":\"https:\/\/www.booksofall.com\/in\/introduction-to-tourism-and-hospitality-in-bc-westcott-and-anderson-2nd-ed\/\",\"name\":\"Introduction to Tourism and Hospitality in BC (Westcott and Anderson) 2nd Ed. - BooksOffAll Indian\",\"isPartOf\":{\"@id\":\"https:\/\/www.booksofall.com\/in\/#website\"},\"primaryImageOfPage\":{\"@id\":\"https:\/\/www.booksofall.com\/in\/introduction-to-tourism-and-hospitality-in-bc-westcott-and-anderson-2nd-ed\/#primaryimage\"},\"image\":{\"@id\":\"https:\/\/www.booksofall.com\/in\/introduction-to-tourism-and-hospitality-in-bc-westcott-and-anderson-2nd-ed\/#primaryimage\"},\"thumbnailUrl\":\"https:\/\/www.booksofall.com\/in\/wp-content\/uploads\/sites\/13\/2022\/09\/Introduction-to-Tourism-and-Hospitality-in-BC-Westcott-and-Anderson-2nd-Ed-07.png\",\"datePublished\":\"2022-09-14T03:44:14+00:00\",\"description\":\"This textbook is an introduction to the tourism and hospitality industry in British Columbia, and is written with a first year college and university audience in mind. It is a collaborative work with input from educators, industry leaders, employers, and past graduates of BC\u2019s tourism and hospitality management programs.\",\"breadcrumb\":{\"@id\":\"https:\/\/www.booksofall.com\/in\/introduction-to-tourism-and-hospitality-in-bc-westcott-and-anderson-2nd-ed\/#breadcrumb\"},\"inLanguage\":\"hi-IN\",\"potentialAction\":[{\"@type\":\"ReadAction\",\"target\":[\"https:\/\/www.booksofall.com\/in\/introduction-to-tourism-and-hospitality-in-bc-westcott-and-anderson-2nd-ed\/\"]}]},{\"@type\":\"ImageObject\",\"inLanguage\":\"hi-IN\",\"@id\":\"https:\/\/www.booksofall.com\/in\/introduction-to-tourism-and-hospitality-in-bc-westcott-and-anderson-2nd-ed\/#primaryimage\",\"url\":\"https:\/\/www.booksofall.com\/in\/wp-content\/uploads\/sites\/13\/2022\/09\/Introduction-to-Tourism-and-Hospitality-in-BC-Westcott-and-Anderson-2nd-Ed-07.png\",\"contentUrl\":\"https:\/\/www.booksofall.com\/in\/wp-content\/uploads\/sites\/13\/2022\/09\/Introduction-to-Tourism-and-Hospitality-in-BC-Westcott-and-Anderson-2nd-Ed-07.png\",\"width\":\"597\",\"height\":\"844\",\"caption\":\"Introduction to Tourism and Hospitality in BC (Westcott and Anderson) 2nd Ed.\"},{\"@type\":\"BreadcrumbList\",\"@id\":\"https:\/\/www.booksofall.com\/in\/introduction-to-tourism-and-hospitality-in-bc-westcott-and-anderson-2nd-ed\/#breadcrumb\",\"itemListElement\":[{\"@type\":\"ListItem\",\"position\":1,\"name\":\"Home\",\"item\":\"https:\/\/www.booksofall.com\/in\/\"},{\"@type\":\"ListItem\",\"position\":2,\"name\":\"Categories\",\"item\":\"https:\/\/www.booksofall.com\/in\/categories\/\"},{\"@type\":\"ListItem\",\"position\":3,\"name\":\"Introduction to Tourism and Hospitality in BC (Westcott and Anderson) 2nd Ed.\"}]},{\"@type\":\"WebSite\",\"@id\":\"https:\/\/www.booksofall.com\/in\/#website\",\"url\":\"https:\/\/www.booksofall.com\/in\/\",\"name\":\"BooksOffAll Indian\",\"description\":\"Biggest IT eBooks library and learning resources - Free eBooks for programming, computing, artificial intelligence and more.\",\"publisher\":{\"@id\":\"https:\/\/www.booksofall.com\/in\/#organization\"},\"potentialAction\":[{\"@type\":\"SearchAction\",\"target\":{\"@type\":\"EntryPoint\",\"urlTemplate\":\"https:\/\/www.booksofall.com\/in\/?s={search_term_string}\"},\"query-input\":{\"@type\":\"PropertyValueSpecification\",\"valueRequired\":true,\"valueName\":\"search_term_string\"}}],\"inLanguage\":\"hi-IN\"},{\"@type\":\"Organization\",\"@id\":\"https:\/\/www.booksofall.com\/in\/#organization\",\"name\":\"BooksOffAll Indian\",\"url\":\"https:\/\/www.booksofall.com\/in\/\",\"logo\":{\"@type\":\"ImageObject\",\"inLanguage\":\"hi-IN\",\"@id\":\"https:\/\/www.booksofall.com\/in\/#\/schema\/logo\/image\/\",\"url\":\"https:\/\/www.booksofall.com\/in\/wp-content\/uploads\/sites\/13\/2022\/06\/booksofall-logo-2.png\",\"contentUrl\":\"https:\/\/www.booksofall.com\/in\/wp-content\/uploads\/sites\/13\/2022\/06\/booksofall-logo-2.png\",\"width\":166,\"height\":30,\"caption\":\"BooksOffAll Indian\"},\"image\":{\"@id\":\"https:\/\/www.booksofall.com\/in\/#\/schema\/logo\/image\/\"}}]}<\/script>\n<!-- \/ Yoast SEO plugin. -->","yoast_head_json":{"title":"Introduction to Tourism and Hospitality in BC (Westcott and Anderson) 2nd Ed. - BooksOffAll Indian","description":"This textbook is an introduction to the tourism and hospitality industry in British Columbia, and is written with a first year college and university audience in mind. It is a collaborative work with input from educators, industry leaders, employers, and past graduates of BC\u2019s tourism and hospitality management programs.","robots":{"index":"index","follow":"follow","max-snippet":"max-snippet:-1","max-image-preview":"max-image-preview:large","max-video-preview":"max-video-preview:-1"},"canonical":"https:\/\/www.booksofall.com\/in\/introduction-to-tourism-and-hospitality-in-bc-westcott-and-anderson-2nd-ed\/","og_locale":"hi_IN","og_type":"article","og_title":"Introduction to Tourism and Hospitality in BC (Westcott and Anderson) 2nd Ed. - BooksOffAll Indian","og_description":"This textbook is an introduction to the tourism and hospitality industry in British Columbia, and is written with a first year college and university audience in mind. It is a collaborative work with input from educators, industry leaders, employers, and past graduates of BC\u2019s tourism and hospitality management programs.","og_url":"https:\/\/www.booksofall.com\/in\/introduction-to-tourism-and-hospitality-in-bc-westcott-and-anderson-2nd-ed\/","og_site_name":"BooksOffAll Indian","og_image":[{"url":"https:\/\/www.booksofall.com\/in\/wp-content\/uploads\/sites\/13\/2022\/09\/Introduction-to-Tourism-and-Hospitality-in-BC-Westcott-and-Anderson-2nd-Ed-07.png","type":"","width":"","height":""}],"twitter_card":"summary_large_image","twitter_image":"https:\/\/www.booksofall.com\/in\/wp-content\/uploads\/sites\/13\/2022\/09\/Introduction-to-Tourism-and-Hospitality-in-BC-Westcott-and-Anderson-2nd-Ed-07.png","twitter_misc":{"\u0905\u0928\u0941\u092e\u093e\u0928\u093f\u0924 \u092a\u0922\u093c\u0928\u0947 \u0915\u093e \u0938\u092e\u092f":"3 \u092e\u093f\u0928\u091f"},"schema":{"@context":"https:\/\/schema.org","@graph":[{"@type":"WebPage","@id":"https:\/\/www.booksofall.com\/in\/introduction-to-tourism-and-hospitality-in-bc-westcott-and-anderson-2nd-ed\/","url":"https:\/\/www.booksofall.com\/in\/introduction-to-tourism-and-hospitality-in-bc-westcott-and-anderson-2nd-ed\/","name":"Introduction to Tourism and Hospitality in BC (Westcott and Anderson) 2nd Ed. - BooksOffAll Indian","isPartOf":{"@id":"https:\/\/www.booksofall.com\/in\/#website"},"primaryImageOfPage":{"@id":"https:\/\/www.booksofall.com\/in\/introduction-to-tourism-and-hospitality-in-bc-westcott-and-anderson-2nd-ed\/#primaryimage"},"image":{"@id":"https:\/\/www.booksofall.com\/in\/introduction-to-tourism-and-hospitality-in-bc-westcott-and-anderson-2nd-ed\/#primaryimage"},"thumbnailUrl":"https:\/\/www.booksofall.com\/in\/wp-content\/uploads\/sites\/13\/2022\/09\/Introduction-to-Tourism-and-Hospitality-in-BC-Westcott-and-Anderson-2nd-Ed-07.png","datePublished":"2022-09-14T03:44:14+00:00","description":"This textbook is an introduction to the tourism and hospitality industry in British Columbia, and is written with a first year college and university audience in mind. It is a collaborative work with input from educators, industry leaders, employers, and past graduates of BC\u2019s tourism and hospitality management programs.","breadcrumb":{"@id":"https:\/\/www.booksofall.com\/in\/introduction-to-tourism-and-hospitality-in-bc-westcott-and-anderson-2nd-ed\/#breadcrumb"},"inLanguage":"hi-IN","potentialAction":[{"@type":"ReadAction","target":["https:\/\/www.booksofall.com\/in\/introduction-to-tourism-and-hospitality-in-bc-westcott-and-anderson-2nd-ed\/"]}]},{"@type":"ImageObject","inLanguage":"hi-IN","@id":"https:\/\/www.booksofall.com\/in\/introduction-to-tourism-and-hospitality-in-bc-westcott-and-anderson-2nd-ed\/#primaryimage","url":"https:\/\/www.booksofall.com\/in\/wp-content\/uploads\/sites\/13\/2022\/09\/Introduction-to-Tourism-and-Hospitality-in-BC-Westcott-and-Anderson-2nd-Ed-07.png","contentUrl":"https:\/\/www.booksofall.com\/in\/wp-content\/uploads\/sites\/13\/2022\/09\/Introduction-to-Tourism-and-Hospitality-in-BC-Westcott-and-Anderson-2nd-Ed-07.png","width":"597","height":"844","caption":"Introduction to Tourism and Hospitality in BC (Westcott and Anderson) 2nd Ed."},{"@type":"BreadcrumbList","@id":"https:\/\/www.booksofall.com\/in\/introduction-to-tourism-and-hospitality-in-bc-westcott-and-anderson-2nd-ed\/#breadcrumb","itemListElement":[{"@type":"ListItem","position":1,"name":"Home","item":"https:\/\/www.booksofall.com\/in\/"},{"@type":"ListItem","position":2,"name":"Categories","item":"https:\/\/www.booksofall.com\/in\/categories\/"},{"@type":"ListItem","position":3,"name":"Introduction to Tourism and Hospitality in BC (Westcott and Anderson) 2nd Ed."}]},{"@type":"WebSite","@id":"https:\/\/www.booksofall.com\/in\/#website","url":"https:\/\/www.booksofall.com\/in\/","name":"BooksOffAll Indian","description":"Biggest IT eBooks library and learning resources - Free eBooks for programming, computing, artificial intelligence and more.","publisher":{"@id":"https:\/\/www.booksofall.com\/in\/#organization"},"potentialAction":[{"@type":"SearchAction","target":{"@type":"EntryPoint","urlTemplate":"https:\/\/www.booksofall.com\/in\/?s={search_term_string}"},"query-input":{"@type":"PropertyValueSpecification","valueRequired":true,"valueName":"search_term_string"}}],"inLanguage":"hi-IN"},{"@type":"Organization","@id":"https:\/\/www.booksofall.com\/in\/#organization","name":"BooksOffAll Indian","url":"https:\/\/www.booksofall.com\/in\/","logo":{"@type":"ImageObject","inLanguage":"hi-IN","@id":"https:\/\/www.booksofall.com\/in\/#\/schema\/logo\/image\/","url":"https:\/\/www.booksofall.com\/in\/wp-content\/uploads\/sites\/13\/2022\/06\/booksofall-logo-2.png","contentUrl":"https:\/\/www.booksofall.com\/in\/wp-content\/uploads\/sites\/13\/2022\/06\/booksofall-logo-2.png","width":166,"height":30,"caption":"BooksOffAll Indian"},"image":{"@id":"https:\/\/www.booksofall.com\/in\/#\/schema\/logo\/image\/"}}]}},"_links":{"self":[{"href":"https:\/\/www.booksofall.com\/in\/wp-json\/wp\/v2\/product\/17731","targetHints":{"allow":["GET"]}}],"collection":[{"href":"https:\/\/www.booksofall.com\/in\/wp-json\/wp\/v2\/product"}],"about":[{"href":"https:\/\/www.booksofall.com\/in\/wp-json\/wp\/v2\/types\/product"}],"wp:featuredmedia":[{"embeddable":true,"href":"https:\/\/www.booksofall.com\/in\/wp-json\/wp\/v2\/media\/17734"}],"wp:attachment":[{"href":"https:\/\/www.booksofall.com\/in\/wp-json\/wp\/v2\/media?parent=17731"}],"wp:term":[{"taxonomy":"product_brand","embeddable":true,"href":"https:\/\/www.booksofall.com\/in\/wp-json\/wp\/v2\/product_brand?post=17731"},{"taxonomy":"product_cat","embeddable":true,"href":"https:\/\/www.booksofall.com\/in\/wp-json\/wp\/v2\/product_cat?post=17731"},{"taxonomy":"product_tag","embeddable":true,"href":"https:\/\/www.booksofall.com\/in\/wp-json\/wp\/v2\/product_tag?post=17731"}],"curies":[{"name":"wp","href":"https:\/\/api.w.org\/{rel}","templated":true}]}}