{"id":14645,"date":"2022-07-19T08:35:22","date_gmt":"2022-07-19T08:35:22","guid":{"rendered":"https:\/\/www.booksofall.com\/in\/?post_type=product&#038;p=14645"},"modified":"2022-07-19T08:35:22","modified_gmt":"2022-07-19T08:35:22","slug":"que-viva-la-musica-repaso-de-conversacion-en-espanol-corrales-martin","status":"publish","type":"product","link":"https:\/\/www.booksofall.com\/in\/que-viva-la-musica-repaso-de-conversacion-en-espanol-corrales-martin\/","title":{"rendered":"\u00a1Que viva la m\u00fasica! Repaso de conversaci\u00f3n en espa\u00f1ol (Corrales-Martin)"},"content":{"rendered":"<p>This text is disseminated via the <a href=\"https:\/\/www.unesco.org\/en\/communication-information\/open-solutions\/open-educational-resources\" target=\"_blank\" rel=\"noopener\">Open Education Resource<\/a> (OER) LibreTexts Project (<a href=\"https:\/\/libretexts.org\/\" target=\"_blank\" rel=\"noopener\">https:\/\/LibreTexts.org<\/a>) and like the hundreds of other texts available within this powerful platform, it is freely available for reading, printing and &#8220;consuming.&#8221; Most, but not all, pages in the library have licenses that may allow individuals to make changes, save, and print this book. Carefully consult the applicable license(s) before pursuing such effects.<\/p>\n<p>Instructors can adopt existing <a href=\"https:\/\/en.wikipedia.org\/wiki\/LibreTexts\" target=\"_blank\" rel=\"noopener\">LibreTexts<\/a> texts or Remix them to quickly build course-specific resources to meet the needs of their students. Unlike traditional textbooks, LibreTexts\u2019 web based origins allow powerful integration of advanced features and new technologies to support learning.<\/p>\n<p>The LibreTexts mission is to unite students, faculty and scholars in a cooperative effort to develop an easy-to-use online platform for the construction, customization, and dissemination of OER content to reduce the burdens of unreasonable textbook costs to our students and society. The LibreTexts project is a multi-institutional collaborative venture to develop the next generation of openaccess texts to improve <a href=\"https:\/\/www.througheducation.com\/everything-you-need-to-know-about-getting-a-post-secondary-education\/\" target=\"_blank\" rel=\"noopener\">postsecondary education<\/a> at all levels of higher learning by developing an Open Access Resource environment. The project currently consists of 14 independently operating and interconnected libraries that are constantly being optimized by students, faculty, and outside experts to supplant conventional paper-based books. These free textbook alternatives are organized within a central environment that is both vertically (from advance to basic level) and horizontally (across different fields) integrated.<\/p>\n<p>\u00a1Qu\u00e9 viva la m\u00fasica! Repaso de conversaci\u00f3n en espa\u00f1ol, or Long Live Music! Spanish Conversational Review is an open textbook intended for conversational review, typically a fourth-semester Spanish class. The textbook is organized around nine different songs that provide students opportunities to practice, aurally and orally, as well as in writing, the main communicative goals and key grammatical structures learned in previous classes. It can also be used in similar high school classes.<\/p>\n<p>Este es un texto abierto, es decir, de uso gratuito en la red inform\u00e1tica mundial, para conversaci\u00f3n en espa\u00f1ol usando letras y videos de canciones, y actividades en clase relacionadas con los mismos. Contiene nueve metas de comunicaci\u00f3n y estructuras gramaticales clave que ayudan a alcanzar estas metas.<\/p>\n<p>Soy pionera en la ense\u00f1anza del espa\u00f1ol con m\u00fasica, y tengo libros y art\u00edculos dedicados a este atractivo m\u00e9todo pedag\u00f3gico. Mi primer art\u00edculo sobre el tema fue publicado en 2001 y fue el resultado de varios a\u00f1os de experiencia. Tambi\u00e9n he utilizado en mis clases otros materiales realia como refranes y proverbios, y telenovelas.<\/p>\n<p>El uso de la m\u00fasica para la adquisici\u00f3n de un segundo idioma ha sido reconocido en la literatura sobre el tema como un m\u00e9todo eficaz, entre otras razones porque: Crea un ambiente que desarrolla en los\/las estudiantes una actitud positiva hacia el aprendizaje del idioma; proporciona a los\/las estudiantes una manera f\u00e1cil de memorizar el idioma; ayuda en el desarrollo de habilidades de escuchar y hablar; porque la experiencia de aprender gram\u00e1tica no es dolorosa sino divertida; por la riqueza cultural que se encuentra en las canciones, y porque intensifica el entusiasmo de los\/las estudiantes por el an\u00e1lisis de la poes\u00eda. Cantar las canciones, una actividad placentera para los\/las estudiantes, transfiere el placer al aprendizaje del idioma, refuerza las habilidades de escuchar y hablar, y proporciona elementos r\u00edtmicos y cinest\u00e9sicos a la producci\u00f3n del idioma (Corrales-Martin, 2001).<\/p>\n","protected":false},"excerpt":{"rendered":"<p><iframe frameborder=\"0\" allowtransparency=\"true\" allowFullscreen=\"true\" style=\"width: 100%; height: 700px; border: none;\" src=\"https:\/\/online.visual-paradigm.com\/share\/book\/-que-viva-la-m-sica-repaso-de-conversaci-n-en-espa-ol-corrales-martin--10xrsbq1rq?enforceShowPromotionBar=true&#038;p=1\"><\/iframe><\/p>\n","protected":false},"featured_media":14650,"template":"","meta":{"_yoast_wpseo_title":"","_yoast_wpseo_metadesc":"The project currently consists of 14 independently operating and interconnected libraries that are constantly being optimized by students, faculty, and outside experts to supplant conventional paper-based books."},"product_brand":[],"product_cat":[15,237],"product_tag":[],"class_list":{"0":"post-14645","1":"product","2":"type-product","3":"status-publish","4":"has-post-thumbnail","6":"product_cat-all","7":"product_cat-languages","9":"first","10":"instock","11":"shipping-taxable","12":"product-type-simple"},"yoast_head":"<!-- This site is optimized with the Yoast SEO plugin v27.1.1 - https:\/\/yoast.com\/product\/yoast-seo-wordpress\/ -->\n<title>\u00a1Que viva la m\u00fasica! Repaso de conversaci\u00f3n en espa\u00f1ol (Corrales-Martin) - BooksOffAll Indian<\/title>\n<meta name=\"description\" content=\"The project currently consists of 14 independently operating and interconnected libraries that are constantly being optimized by students, faculty, and outside experts to supplant conventional paper-based books.\" \/>\n<meta name=\"robots\" content=\"index, follow, max-snippet:-1, max-image-preview:large, max-video-preview:-1\" \/>\n<link rel=\"canonical\" href=\"https:\/\/www.booksofall.com\/in\/que-viva-la-musica-repaso-de-conversacion-en-espanol-corrales-martin\/\" \/>\n<meta property=\"og:locale\" content=\"hi_IN\" \/>\n<meta property=\"og:type\" content=\"article\" \/>\n<meta property=\"og:title\" content=\"\u00a1Que viva la m\u00fasica! Repaso de conversaci\u00f3n en espa\u00f1ol (Corrales-Martin) - BooksOffAll Indian\" \/>\n<meta property=\"og:description\" content=\"The project currently consists of 14 independently operating and interconnected libraries that are constantly being optimized by students, faculty, and outside experts to supplant conventional paper-based books.\" \/>\n<meta property=\"og:url\" content=\"https:\/\/www.booksofall.com\/in\/que-viva-la-musica-repaso-de-conversacion-en-espanol-corrales-martin\/\" \/>\n<meta property=\"og:site_name\" content=\"BooksOffAll Indian\" \/>\n<meta property=\"og:image\" content=\"https:\/\/www.booksofall.com\/in\/wp-content\/uploads\/sites\/13\/2022\/07\/%C2%A1Que-viva-la-musica-Repaso-de-conversacion-en-espanol-Corrales-Martin-07.png\" \/>\n<meta name=\"twitter:card\" content=\"summary_large_image\" \/>\n<meta name=\"twitter:image\" content=\"https:\/\/www.booksofall.com\/in\/wp-content\/uploads\/sites\/13\/2022\/07\/%C2%A1Que-viva-la-musica-Repaso-de-conversacion-en-espanol-Corrales-Martin-07.png\" \/>\n<meta name=\"twitter:label1\" content=\"\u0905\u0928\u0941\u092e\u093e\u0928\u093f\u0924 \u092a\u0922\u093c\u0928\u0947 \u0915\u093e \u0938\u092e\u092f\" \/>\n\t<meta name=\"twitter:data1\" content=\"3 \u092e\u093f\u0928\u091f\" \/>\n<script type=\"application\/ld+json\" class=\"yoast-schema-graph\">{\"@context\":\"https:\/\/schema.org\",\"@graph\":[{\"@type\":\"WebPage\",\"@id\":\"https:\/\/www.booksofall.com\/in\/que-viva-la-musica-repaso-de-conversacion-en-espanol-corrales-martin\/\",\"url\":\"https:\/\/www.booksofall.com\/in\/que-viva-la-musica-repaso-de-conversacion-en-espanol-corrales-martin\/\",\"name\":\"\u00a1Que viva la m\u00fasica! Repaso de conversaci\u00f3n en espa\u00f1ol (Corrales-Martin) - BooksOffAll Indian\",\"isPartOf\":{\"@id\":\"https:\/\/www.booksofall.com\/in\/#website\"},\"primaryImageOfPage\":{\"@id\":\"https:\/\/www.booksofall.com\/in\/que-viva-la-musica-repaso-de-conversacion-en-espanol-corrales-martin\/#primaryimage\"},\"image\":{\"@id\":\"https:\/\/www.booksofall.com\/in\/que-viva-la-musica-repaso-de-conversacion-en-espanol-corrales-martin\/#primaryimage\"},\"thumbnailUrl\":\"https:\/\/www.booksofall.com\/in\/wp-content\/uploads\/sites\/13\/2022\/07\/%C2%A1Que-viva-la-musica-Repaso-de-conversacion-en-espanol-Corrales-Martin-07.png\",\"datePublished\":\"2022-07-19T08:35:22+00:00\",\"description\":\"The project currently consists of 14 independently operating and interconnected libraries that are constantly being optimized by students, faculty, and outside experts to supplant conventional paper-based books.\",\"breadcrumb\":{\"@id\":\"https:\/\/www.booksofall.com\/in\/que-viva-la-musica-repaso-de-conversacion-en-espanol-corrales-martin\/#breadcrumb\"},\"inLanguage\":\"hi-IN\",\"potentialAction\":[{\"@type\":\"ReadAction\",\"target\":[\"https:\/\/www.booksofall.com\/in\/que-viva-la-musica-repaso-de-conversacion-en-espanol-corrales-martin\/\"]}]},{\"@type\":\"ImageObject\",\"inLanguage\":\"hi-IN\",\"@id\":\"https:\/\/www.booksofall.com\/in\/que-viva-la-musica-repaso-de-conversacion-en-espanol-corrales-martin\/#primaryimage\",\"url\":\"https:\/\/www.booksofall.com\/in\/wp-content\/uploads\/sites\/13\/2022\/07\/%C2%A1Que-viva-la-musica-Repaso-de-conversacion-en-espanol-Corrales-Martin-07.png\",\"contentUrl\":\"https:\/\/www.booksofall.com\/in\/wp-content\/uploads\/sites\/13\/2022\/07\/%C2%A1Que-viva-la-musica-Repaso-de-conversacion-en-espanol-Corrales-Martin-07.png\",\"width\":\"597\",\"height\":\"844\",\"caption\":\"\u00a1Que viva la m\u00fasica! Repaso de conversaci\u00f3n en espa\u00f1ol (Corrales-Martin)\"},{\"@type\":\"BreadcrumbList\",\"@id\":\"https:\/\/www.booksofall.com\/in\/que-viva-la-musica-repaso-de-conversacion-en-espanol-corrales-martin\/#breadcrumb\",\"itemListElement\":[{\"@type\":\"ListItem\",\"position\":1,\"name\":\"Home\",\"item\":\"https:\/\/www.booksofall.com\/in\/\"},{\"@type\":\"ListItem\",\"position\":2,\"name\":\"Categories\",\"item\":\"https:\/\/www.booksofall.com\/in\/categories\/\"},{\"@type\":\"ListItem\",\"position\":3,\"name\":\"\u00a1Que viva la m\u00fasica! Repaso de conversaci\u00f3n en espa\u00f1ol (Corrales-Martin)\"}]},{\"@type\":\"WebSite\",\"@id\":\"https:\/\/www.booksofall.com\/in\/#website\",\"url\":\"https:\/\/www.booksofall.com\/in\/\",\"name\":\"BooksOffAll Indian\",\"description\":\"Biggest IT eBooks library and learning resources - Free eBooks for programming, computing, artificial intelligence and more.\",\"publisher\":{\"@id\":\"https:\/\/www.booksofall.com\/in\/#organization\"},\"potentialAction\":[{\"@type\":\"SearchAction\",\"target\":{\"@type\":\"EntryPoint\",\"urlTemplate\":\"https:\/\/www.booksofall.com\/in\/?s={search_term_string}\"},\"query-input\":{\"@type\":\"PropertyValueSpecification\",\"valueRequired\":true,\"valueName\":\"search_term_string\"}}],\"inLanguage\":\"hi-IN\"},{\"@type\":\"Organization\",\"@id\":\"https:\/\/www.booksofall.com\/in\/#organization\",\"name\":\"BooksOffAll Indian\",\"url\":\"https:\/\/www.booksofall.com\/in\/\",\"logo\":{\"@type\":\"ImageObject\",\"inLanguage\":\"hi-IN\",\"@id\":\"https:\/\/www.booksofall.com\/in\/#\/schema\/logo\/image\/\",\"url\":\"https:\/\/www.booksofall.com\/in\/wp-content\/uploads\/sites\/13\/2022\/06\/booksofall-logo-2.png\",\"contentUrl\":\"https:\/\/www.booksofall.com\/in\/wp-content\/uploads\/sites\/13\/2022\/06\/booksofall-logo-2.png\",\"width\":166,\"height\":30,\"caption\":\"BooksOffAll Indian\"},\"image\":{\"@id\":\"https:\/\/www.booksofall.com\/in\/#\/schema\/logo\/image\/\"}}]}<\/script>\n<!-- \/ Yoast SEO plugin. -->","yoast_head_json":{"title":"\u00a1Que viva la m\u00fasica! Repaso de conversaci\u00f3n en espa\u00f1ol (Corrales-Martin) - BooksOffAll Indian","description":"The project currently consists of 14 independently operating and interconnected libraries that are constantly being optimized by students, faculty, and outside experts to supplant conventional paper-based books.","robots":{"index":"index","follow":"follow","max-snippet":"max-snippet:-1","max-image-preview":"max-image-preview:large","max-video-preview":"max-video-preview:-1"},"canonical":"https:\/\/www.booksofall.com\/in\/que-viva-la-musica-repaso-de-conversacion-en-espanol-corrales-martin\/","og_locale":"hi_IN","og_type":"article","og_title":"\u00a1Que viva la m\u00fasica! Repaso de conversaci\u00f3n en espa\u00f1ol (Corrales-Martin) - BooksOffAll Indian","og_description":"The project currently consists of 14 independently operating and interconnected libraries that are constantly being optimized by students, faculty, and outside experts to supplant conventional paper-based books.","og_url":"https:\/\/www.booksofall.com\/in\/que-viva-la-musica-repaso-de-conversacion-en-espanol-corrales-martin\/","og_site_name":"BooksOffAll Indian","og_image":[{"url":"https:\/\/www.booksofall.com\/in\/wp-content\/uploads\/sites\/13\/2022\/07\/%C2%A1Que-viva-la-musica-Repaso-de-conversacion-en-espanol-Corrales-Martin-07.png","type":"","width":"","height":""}],"twitter_card":"summary_large_image","twitter_image":"https:\/\/www.booksofall.com\/in\/wp-content\/uploads\/sites\/13\/2022\/07\/%C2%A1Que-viva-la-musica-Repaso-de-conversacion-en-espanol-Corrales-Martin-07.png","twitter_misc":{"\u0905\u0928\u0941\u092e\u093e\u0928\u093f\u0924 \u092a\u0922\u093c\u0928\u0947 \u0915\u093e \u0938\u092e\u092f":"3 \u092e\u093f\u0928\u091f"},"schema":{"@context":"https:\/\/schema.org","@graph":[{"@type":"WebPage","@id":"https:\/\/www.booksofall.com\/in\/que-viva-la-musica-repaso-de-conversacion-en-espanol-corrales-martin\/","url":"https:\/\/www.booksofall.com\/in\/que-viva-la-musica-repaso-de-conversacion-en-espanol-corrales-martin\/","name":"\u00a1Que viva la m\u00fasica! Repaso de conversaci\u00f3n en espa\u00f1ol (Corrales-Martin) - BooksOffAll Indian","isPartOf":{"@id":"https:\/\/www.booksofall.com\/in\/#website"},"primaryImageOfPage":{"@id":"https:\/\/www.booksofall.com\/in\/que-viva-la-musica-repaso-de-conversacion-en-espanol-corrales-martin\/#primaryimage"},"image":{"@id":"https:\/\/www.booksofall.com\/in\/que-viva-la-musica-repaso-de-conversacion-en-espanol-corrales-martin\/#primaryimage"},"thumbnailUrl":"https:\/\/www.booksofall.com\/in\/wp-content\/uploads\/sites\/13\/2022\/07\/%C2%A1Que-viva-la-musica-Repaso-de-conversacion-en-espanol-Corrales-Martin-07.png","datePublished":"2022-07-19T08:35:22+00:00","description":"The project currently consists of 14 independently operating and interconnected libraries that are constantly being optimized by students, faculty, and outside experts to supplant conventional paper-based books.","breadcrumb":{"@id":"https:\/\/www.booksofall.com\/in\/que-viva-la-musica-repaso-de-conversacion-en-espanol-corrales-martin\/#breadcrumb"},"inLanguage":"hi-IN","potentialAction":[{"@type":"ReadAction","target":["https:\/\/www.booksofall.com\/in\/que-viva-la-musica-repaso-de-conversacion-en-espanol-corrales-martin\/"]}]},{"@type":"ImageObject","inLanguage":"hi-IN","@id":"https:\/\/www.booksofall.com\/in\/que-viva-la-musica-repaso-de-conversacion-en-espanol-corrales-martin\/#primaryimage","url":"https:\/\/www.booksofall.com\/in\/wp-content\/uploads\/sites\/13\/2022\/07\/%C2%A1Que-viva-la-musica-Repaso-de-conversacion-en-espanol-Corrales-Martin-07.png","contentUrl":"https:\/\/www.booksofall.com\/in\/wp-content\/uploads\/sites\/13\/2022\/07\/%C2%A1Que-viva-la-musica-Repaso-de-conversacion-en-espanol-Corrales-Martin-07.png","width":"597","height":"844","caption":"\u00a1Que viva la m\u00fasica! Repaso de conversaci\u00f3n en espa\u00f1ol (Corrales-Martin)"},{"@type":"BreadcrumbList","@id":"https:\/\/www.booksofall.com\/in\/que-viva-la-musica-repaso-de-conversacion-en-espanol-corrales-martin\/#breadcrumb","itemListElement":[{"@type":"ListItem","position":1,"name":"Home","item":"https:\/\/www.booksofall.com\/in\/"},{"@type":"ListItem","position":2,"name":"Categories","item":"https:\/\/www.booksofall.com\/in\/categories\/"},{"@type":"ListItem","position":3,"name":"\u00a1Que viva la m\u00fasica! Repaso de conversaci\u00f3n en espa\u00f1ol (Corrales-Martin)"}]},{"@type":"WebSite","@id":"https:\/\/www.booksofall.com\/in\/#website","url":"https:\/\/www.booksofall.com\/in\/","name":"BooksOffAll Indian","description":"Biggest IT eBooks library and learning resources - Free eBooks for programming, computing, artificial intelligence and more.","publisher":{"@id":"https:\/\/www.booksofall.com\/in\/#organization"},"potentialAction":[{"@type":"SearchAction","target":{"@type":"EntryPoint","urlTemplate":"https:\/\/www.booksofall.com\/in\/?s={search_term_string}"},"query-input":{"@type":"PropertyValueSpecification","valueRequired":true,"valueName":"search_term_string"}}],"inLanguage":"hi-IN"},{"@type":"Organization","@id":"https:\/\/www.booksofall.com\/in\/#organization","name":"BooksOffAll Indian","url":"https:\/\/www.booksofall.com\/in\/","logo":{"@type":"ImageObject","inLanguage":"hi-IN","@id":"https:\/\/www.booksofall.com\/in\/#\/schema\/logo\/image\/","url":"https:\/\/www.booksofall.com\/in\/wp-content\/uploads\/sites\/13\/2022\/06\/booksofall-logo-2.png","contentUrl":"https:\/\/www.booksofall.com\/in\/wp-content\/uploads\/sites\/13\/2022\/06\/booksofall-logo-2.png","width":166,"height":30,"caption":"BooksOffAll Indian"},"image":{"@id":"https:\/\/www.booksofall.com\/in\/#\/schema\/logo\/image\/"}}]}},"_links":{"self":[{"href":"https:\/\/www.booksofall.com\/in\/wp-json\/wp\/v2\/product\/14645","targetHints":{"allow":["GET"]}}],"collection":[{"href":"https:\/\/www.booksofall.com\/in\/wp-json\/wp\/v2\/product"}],"about":[{"href":"https:\/\/www.booksofall.com\/in\/wp-json\/wp\/v2\/types\/product"}],"wp:featuredmedia":[{"embeddable":true,"href":"https:\/\/www.booksofall.com\/in\/wp-json\/wp\/v2\/media\/14650"}],"wp:attachment":[{"href":"https:\/\/www.booksofall.com\/in\/wp-json\/wp\/v2\/media?parent=14645"}],"wp:term":[{"taxonomy":"product_brand","embeddable":true,"href":"https:\/\/www.booksofall.com\/in\/wp-json\/wp\/v2\/product_brand?post=14645"},{"taxonomy":"product_cat","embeddable":true,"href":"https:\/\/www.booksofall.com\/in\/wp-json\/wp\/v2\/product_cat?post=14645"},{"taxonomy":"product_tag","embeddable":true,"href":"https:\/\/www.booksofall.com\/in\/wp-json\/wp\/v2\/product_tag?post=14645"}],"curies":[{"name":"wp","href":"https:\/\/api.w.org\/{rel}","templated":true}]}}