{"id":14594,"date":"2022-07-19T07:51:14","date_gmt":"2022-07-19T07:51:14","guid":{"rendered":"https:\/\/www.booksofall.com\/in\/?post_type=product&#038;p=14594"},"modified":"2022-07-19T07:51:14","modified_gmt":"2022-07-19T07:51:14","slug":"spanish-grammar-manual-yepes","status":"publish","type":"product","link":"https:\/\/www.booksofall.com\/in\/spanish-grammar-manual-yepes\/","title":{"rendered":"Spanish Grammar Manual (Yepes)"},"content":{"rendered":"<p>This is a bilingual grammar manual for advanced students. It can be used for general review and reference in courses from secondyear Spanish (B2) up.<\/p>\n<p>Este es un manual biling\u00fce de gram\u00e1tica para estudiantes avanzados, \u00fatil para repaso general y referencia en cursos a partir del segundo a\u00f1o de espa\u00f1ol como lengua extranjera.<\/p>\n<ul>\n<li>Table of Contents (Tabla de contenido)<\/li>\n<li>InfoPage (Informaci\u00f3n sobre esta p\u00e1gina)<\/li>\n<\/ul>\n<p>Key Sources &#8211; Fuentes esenciales:<\/p>\n<ul>\n<li>Alonso Raya, Rosario et al. Gram\u00e1tica B\u00e1sica del estudiante de espa\u00f1ol. Barcelona: Difusi\u00f3n, Centro de Investigaciones y Publicaciones de Idiomas, 2006.<\/li>\n<li>Asociaci\u00f3n de Academias de la Lengua Espa\u00f1ola y Real Academia Espa\u00f1ola. Nueva Gram\u00e1tica de la lengua espa\u00f1ola. Madrid: Espasa Libros, 2009.<\/li>\n<li>S\u00e1nchez, Margarita M., Katica Urbanc, Pablo Pintado-Casas, and Enrique Yepes. On the Move! Spanish Grammar for Everyday Situations. A Cultural Journey. Indianapolis: Hackett Publishing, 2019.<\/li>\n<li>Turner, John, and Enrique Yepes. Herramientas de Espa\u00f1ol: Tools for Advanced Work in Spanish. Brunswick, Maine: Bowdoin College Course Package, 2011.<\/li>\n<\/ul>\n<h3>El abecedario \/ The Alphabet<\/h3>\n<ul>\n<li>El nombre de todas las letras es femenino: la efe, la ge, la jota, la a.<\/li>\n<li>La letra &lt;i&gt; se nombra a veces como &#8220;i latina&#8221; para diferenciarla de la letra &lt;y&gt; (ye) que tambi\u00e9n se llama com\u00fanmente &#8220;y griega&#8221;.<\/li>\n<li>La &lt;r&gt; (erre) tambi\u00e9n se llama com\u00fanmente &#8220;ere&#8221;.<\/li>\n<li>La &lt;w&gt; recibe varios nombres en diferentes lugares del mundo hisp\u00e1nico: uve doble, doble uve, doble u, doble ve, ve doble.<\/li>\n<li>La &lt;v&gt; (uve), se llama a veces &#8220;ve peque\u00f1a&#8221;, &#8220;ve corta&#8221;, &#8220;ve chica&#8221; o &#8220;ve baja&#8221;, para diferenciarla de la &lt;b&gt; (be), llamada a veces &#8220;be grande&#8221;, &#8220;be alta&#8221; o &#8220;be larga&#8221;. Las dos tienen la misma pronunciaci\u00f3n (bilabial).<\/li>\n<li>Hay tres sonidos conson\u00e1nticos que se representan con doble graf\u00eda (dos letras): la elle &lt;ll&gt;, la erre doble &lt;rr&gt;, y la che &lt;ch&gt; (ver \u00a72).<\/li>\n<li>Puede escuchar este alfabeto en: Wikcionario o en Spanishdict.<\/li>\n<li>Para un resumen de los sonidos del espa\u00f1ol, puede consultar: Wikcionario: Pronunciaci\u00f3n del espa\u00f1ol (referencia).<\/li>\n<li>Ejercicios interactivos con el abecedario y la ordenaci\u00f3n alfab\u00e9tica: aprenderespanol.org (con audio)<\/li>\n<li>Tres canciones infantiles con el abecedario: basho mosko &#8211; sueninos &#8211; mi jard\u00edn infantil (con indicaciones ortogr\u00e1ficas)<\/li>\n<\/ul>\n<p>Salsa music appeared as a musical genre in the 1960s, among the population of <a href=\"https:\/\/www.britannica.com\/topic\/Latin-language\" target=\"_blank\" rel=\"noopener\">Latin<\/a> American origin in the United States. As its name indicates, it\u2019s an amalgam of rhythms, especially <a href=\"https:\/\/www.newworldencyclopedia.org\/entry\/caribbean\" target=\"_blank\" rel=\"noopener\">Caribbean<\/a>. In the beginning, its production and distribution center was New York City, where the most famous albums were recorded initially. Thematically, salsa production can be classified into two cores, yet it is not easy to establish a clear line dividing them. The first one is centered around life in the barrios, with a protest character or elaborating social and political issues. The second one, more commercial, gives preference to romantic themes. If you ask around, everybody knows what salsa is, but few will be to tell you what its origin is. What is certain indeed is that salsa has become one the symbols of <a href=\"https:\/\/www.thoughtco.com\/what-is-latin-america-4691831\" target=\"_blank\" rel=\"noopener\">Latin America<\/a>.<\/p>\n","protected":false},"excerpt":{"rendered":"<p><iframe frameborder=\"0\" allowtransparency=\"true\" allowFullscreen=\"true\" style=\"width: 100%; height: 700px; border: none;\" src=\"https:\/\/online.visual-paradigm.com\/share\/book\/spanish-grammar-manual-yepes--10xrzfbe1?enforceShowPromotionBar=true&#038;p=1\"><\/iframe><\/p>\n","protected":false},"featured_media":14597,"template":"","meta":{"_yoast_wpseo_title":"","_yoast_wpseo_metadesc":"This is a bilingual grammar manual for advanced students. It can be used for general review and reference in courses from secondyear Spanish (B2) up."},"product_brand":[],"product_cat":[15,237],"product_tag":[],"class_list":{"0":"post-14594","1":"product","2":"type-product","3":"status-publish","4":"has-post-thumbnail","6":"product_cat-all","7":"product_cat-languages","9":"first","10":"instock","11":"shipping-taxable","12":"product-type-simple"},"yoast_head":"<!-- This site is optimized with the Yoast SEO plugin v27.1.1 - https:\/\/yoast.com\/product\/yoast-seo-wordpress\/ -->\n<title>Spanish Grammar Manual (Yepes) - BooksOffAll Indian<\/title>\n<meta name=\"description\" content=\"This is a bilingual grammar manual for advanced students. It can be used for general review and reference in courses from secondyear Spanish (B2) up.\" \/>\n<meta name=\"robots\" content=\"index, follow, max-snippet:-1, max-image-preview:large, max-video-preview:-1\" \/>\n<link rel=\"canonical\" href=\"https:\/\/www.booksofall.com\/in\/spanish-grammar-manual-yepes\/\" \/>\n<meta property=\"og:locale\" content=\"hi_IN\" \/>\n<meta property=\"og:type\" content=\"article\" \/>\n<meta property=\"og:title\" content=\"Spanish Grammar Manual (Yepes) - BooksOffAll Indian\" \/>\n<meta property=\"og:description\" content=\"This is a bilingual grammar manual for advanced students. It can be used for general review and reference in courses from secondyear Spanish (B2) up.\" \/>\n<meta property=\"og:url\" content=\"https:\/\/www.booksofall.com\/in\/spanish-grammar-manual-yepes\/\" \/>\n<meta property=\"og:site_name\" content=\"BooksOffAll Indian\" \/>\n<meta property=\"og:image\" content=\"https:\/\/www.booksofall.com\/in\/wp-content\/uploads\/sites\/13\/2022\/07\/Spanish-Grammar-Manual-Yepes-07.png\" \/>\n<meta name=\"twitter:card\" content=\"summary_large_image\" \/>\n<meta name=\"twitter:image\" content=\"https:\/\/www.booksofall.com\/in\/wp-content\/uploads\/sites\/13\/2022\/07\/Spanish-Grammar-Manual-Yepes-07.png\" \/>\n<meta name=\"twitter:label1\" content=\"\u0905\u0928\u0941\u092e\u093e\u0928\u093f\u0924 \u092a\u0922\u093c\u0928\u0947 \u0915\u093e \u0938\u092e\u092f\" \/>\n\t<meta name=\"twitter:data1\" content=\"3 \u092e\u093f\u0928\u091f\" \/>\n<script type=\"application\/ld+json\" class=\"yoast-schema-graph\">{\"@context\":\"https:\/\/schema.org\",\"@graph\":[{\"@type\":\"WebPage\",\"@id\":\"https:\/\/www.booksofall.com\/in\/spanish-grammar-manual-yepes\/\",\"url\":\"https:\/\/www.booksofall.com\/in\/spanish-grammar-manual-yepes\/\",\"name\":\"Spanish Grammar Manual (Yepes) - BooksOffAll Indian\",\"isPartOf\":{\"@id\":\"https:\/\/www.booksofall.com\/in\/#website\"},\"primaryImageOfPage\":{\"@id\":\"https:\/\/www.booksofall.com\/in\/spanish-grammar-manual-yepes\/#primaryimage\"},\"image\":{\"@id\":\"https:\/\/www.booksofall.com\/in\/spanish-grammar-manual-yepes\/#primaryimage\"},\"thumbnailUrl\":\"https:\/\/www.booksofall.com\/in\/wp-content\/uploads\/sites\/13\/2022\/07\/Spanish-Grammar-Manual-Yepes-07.png\",\"datePublished\":\"2022-07-19T07:51:14+00:00\",\"description\":\"This is a bilingual grammar manual for advanced students. It can be used for general review and reference in courses from secondyear Spanish (B2) up.\",\"breadcrumb\":{\"@id\":\"https:\/\/www.booksofall.com\/in\/spanish-grammar-manual-yepes\/#breadcrumb\"},\"inLanguage\":\"hi-IN\",\"potentialAction\":[{\"@type\":\"ReadAction\",\"target\":[\"https:\/\/www.booksofall.com\/in\/spanish-grammar-manual-yepes\/\"]}]},{\"@type\":\"ImageObject\",\"inLanguage\":\"hi-IN\",\"@id\":\"https:\/\/www.booksofall.com\/in\/spanish-grammar-manual-yepes\/#primaryimage\",\"url\":\"https:\/\/www.booksofall.com\/in\/wp-content\/uploads\/sites\/13\/2022\/07\/Spanish-Grammar-Manual-Yepes-07.png\",\"contentUrl\":\"https:\/\/www.booksofall.com\/in\/wp-content\/uploads\/sites\/13\/2022\/07\/Spanish-Grammar-Manual-Yepes-07.png\",\"width\":\"597\",\"height\":\"844\",\"caption\":\"Spanish Grammar Manual (Yepes)\"},{\"@type\":\"BreadcrumbList\",\"@id\":\"https:\/\/www.booksofall.com\/in\/spanish-grammar-manual-yepes\/#breadcrumb\",\"itemListElement\":[{\"@type\":\"ListItem\",\"position\":1,\"name\":\"Home\",\"item\":\"https:\/\/www.booksofall.com\/in\/\"},{\"@type\":\"ListItem\",\"position\":2,\"name\":\"Categories\",\"item\":\"https:\/\/www.booksofall.com\/in\/categories\/\"},{\"@type\":\"ListItem\",\"position\":3,\"name\":\"Spanish Grammar Manual (Yepes)\"}]},{\"@type\":\"WebSite\",\"@id\":\"https:\/\/www.booksofall.com\/in\/#website\",\"url\":\"https:\/\/www.booksofall.com\/in\/\",\"name\":\"BooksOffAll Indian\",\"description\":\"Biggest IT eBooks library and learning resources - Free eBooks for programming, computing, artificial intelligence and more.\",\"publisher\":{\"@id\":\"https:\/\/www.booksofall.com\/in\/#organization\"},\"potentialAction\":[{\"@type\":\"SearchAction\",\"target\":{\"@type\":\"EntryPoint\",\"urlTemplate\":\"https:\/\/www.booksofall.com\/in\/?s={search_term_string}\"},\"query-input\":{\"@type\":\"PropertyValueSpecification\",\"valueRequired\":true,\"valueName\":\"search_term_string\"}}],\"inLanguage\":\"hi-IN\"},{\"@type\":\"Organization\",\"@id\":\"https:\/\/www.booksofall.com\/in\/#organization\",\"name\":\"BooksOffAll Indian\",\"url\":\"https:\/\/www.booksofall.com\/in\/\",\"logo\":{\"@type\":\"ImageObject\",\"inLanguage\":\"hi-IN\",\"@id\":\"https:\/\/www.booksofall.com\/in\/#\/schema\/logo\/image\/\",\"url\":\"https:\/\/www.booksofall.com\/in\/wp-content\/uploads\/sites\/13\/2022\/06\/booksofall-logo-2.png\",\"contentUrl\":\"https:\/\/www.booksofall.com\/in\/wp-content\/uploads\/sites\/13\/2022\/06\/booksofall-logo-2.png\",\"width\":166,\"height\":30,\"caption\":\"BooksOffAll Indian\"},\"image\":{\"@id\":\"https:\/\/www.booksofall.com\/in\/#\/schema\/logo\/image\/\"}}]}<\/script>\n<!-- \/ Yoast SEO plugin. -->","yoast_head_json":{"title":"Spanish Grammar Manual (Yepes) - BooksOffAll Indian","description":"This is a bilingual grammar manual for advanced students. It can be used for general review and reference in courses from secondyear Spanish (B2) up.","robots":{"index":"index","follow":"follow","max-snippet":"max-snippet:-1","max-image-preview":"max-image-preview:large","max-video-preview":"max-video-preview:-1"},"canonical":"https:\/\/www.booksofall.com\/in\/spanish-grammar-manual-yepes\/","og_locale":"hi_IN","og_type":"article","og_title":"Spanish Grammar Manual (Yepes) - BooksOffAll Indian","og_description":"This is a bilingual grammar manual for advanced students. It can be used for general review and reference in courses from secondyear Spanish (B2) up.","og_url":"https:\/\/www.booksofall.com\/in\/spanish-grammar-manual-yepes\/","og_site_name":"BooksOffAll Indian","og_image":[{"url":"https:\/\/www.booksofall.com\/in\/wp-content\/uploads\/sites\/13\/2022\/07\/Spanish-Grammar-Manual-Yepes-07.png","type":"","width":"","height":""}],"twitter_card":"summary_large_image","twitter_image":"https:\/\/www.booksofall.com\/in\/wp-content\/uploads\/sites\/13\/2022\/07\/Spanish-Grammar-Manual-Yepes-07.png","twitter_misc":{"\u0905\u0928\u0941\u092e\u093e\u0928\u093f\u0924 \u092a\u0922\u093c\u0928\u0947 \u0915\u093e \u0938\u092e\u092f":"3 \u092e\u093f\u0928\u091f"},"schema":{"@context":"https:\/\/schema.org","@graph":[{"@type":"WebPage","@id":"https:\/\/www.booksofall.com\/in\/spanish-grammar-manual-yepes\/","url":"https:\/\/www.booksofall.com\/in\/spanish-grammar-manual-yepes\/","name":"Spanish Grammar Manual (Yepes) - BooksOffAll Indian","isPartOf":{"@id":"https:\/\/www.booksofall.com\/in\/#website"},"primaryImageOfPage":{"@id":"https:\/\/www.booksofall.com\/in\/spanish-grammar-manual-yepes\/#primaryimage"},"image":{"@id":"https:\/\/www.booksofall.com\/in\/spanish-grammar-manual-yepes\/#primaryimage"},"thumbnailUrl":"https:\/\/www.booksofall.com\/in\/wp-content\/uploads\/sites\/13\/2022\/07\/Spanish-Grammar-Manual-Yepes-07.png","datePublished":"2022-07-19T07:51:14+00:00","description":"This is a bilingual grammar manual for advanced students. It can be used for general review and reference in courses from secondyear Spanish (B2) up.","breadcrumb":{"@id":"https:\/\/www.booksofall.com\/in\/spanish-grammar-manual-yepes\/#breadcrumb"},"inLanguage":"hi-IN","potentialAction":[{"@type":"ReadAction","target":["https:\/\/www.booksofall.com\/in\/spanish-grammar-manual-yepes\/"]}]},{"@type":"ImageObject","inLanguage":"hi-IN","@id":"https:\/\/www.booksofall.com\/in\/spanish-grammar-manual-yepes\/#primaryimage","url":"https:\/\/www.booksofall.com\/in\/wp-content\/uploads\/sites\/13\/2022\/07\/Spanish-Grammar-Manual-Yepes-07.png","contentUrl":"https:\/\/www.booksofall.com\/in\/wp-content\/uploads\/sites\/13\/2022\/07\/Spanish-Grammar-Manual-Yepes-07.png","width":"597","height":"844","caption":"Spanish Grammar Manual (Yepes)"},{"@type":"BreadcrumbList","@id":"https:\/\/www.booksofall.com\/in\/spanish-grammar-manual-yepes\/#breadcrumb","itemListElement":[{"@type":"ListItem","position":1,"name":"Home","item":"https:\/\/www.booksofall.com\/in\/"},{"@type":"ListItem","position":2,"name":"Categories","item":"https:\/\/www.booksofall.com\/in\/categories\/"},{"@type":"ListItem","position":3,"name":"Spanish Grammar Manual (Yepes)"}]},{"@type":"WebSite","@id":"https:\/\/www.booksofall.com\/in\/#website","url":"https:\/\/www.booksofall.com\/in\/","name":"BooksOffAll Indian","description":"Biggest IT eBooks library and learning resources - Free eBooks for programming, computing, artificial intelligence and more.","publisher":{"@id":"https:\/\/www.booksofall.com\/in\/#organization"},"potentialAction":[{"@type":"SearchAction","target":{"@type":"EntryPoint","urlTemplate":"https:\/\/www.booksofall.com\/in\/?s={search_term_string}"},"query-input":{"@type":"PropertyValueSpecification","valueRequired":true,"valueName":"search_term_string"}}],"inLanguage":"hi-IN"},{"@type":"Organization","@id":"https:\/\/www.booksofall.com\/in\/#organization","name":"BooksOffAll Indian","url":"https:\/\/www.booksofall.com\/in\/","logo":{"@type":"ImageObject","inLanguage":"hi-IN","@id":"https:\/\/www.booksofall.com\/in\/#\/schema\/logo\/image\/","url":"https:\/\/www.booksofall.com\/in\/wp-content\/uploads\/sites\/13\/2022\/06\/booksofall-logo-2.png","contentUrl":"https:\/\/www.booksofall.com\/in\/wp-content\/uploads\/sites\/13\/2022\/06\/booksofall-logo-2.png","width":166,"height":30,"caption":"BooksOffAll Indian"},"image":{"@id":"https:\/\/www.booksofall.com\/in\/#\/schema\/logo\/image\/"}}]}},"_links":{"self":[{"href":"https:\/\/www.booksofall.com\/in\/wp-json\/wp\/v2\/product\/14594","targetHints":{"allow":["GET"]}}],"collection":[{"href":"https:\/\/www.booksofall.com\/in\/wp-json\/wp\/v2\/product"}],"about":[{"href":"https:\/\/www.booksofall.com\/in\/wp-json\/wp\/v2\/types\/product"}],"wp:featuredmedia":[{"embeddable":true,"href":"https:\/\/www.booksofall.com\/in\/wp-json\/wp\/v2\/media\/14597"}],"wp:attachment":[{"href":"https:\/\/www.booksofall.com\/in\/wp-json\/wp\/v2\/media?parent=14594"}],"wp:term":[{"taxonomy":"product_brand","embeddable":true,"href":"https:\/\/www.booksofall.com\/in\/wp-json\/wp\/v2\/product_brand?post=14594"},{"taxonomy":"product_cat","embeddable":true,"href":"https:\/\/www.booksofall.com\/in\/wp-json\/wp\/v2\/product_cat?post=14594"},{"taxonomy":"product_tag","embeddable":true,"href":"https:\/\/www.booksofall.com\/in\/wp-json\/wp\/v2\/product_tag?post=14594"}],"curies":[{"name":"wp","href":"https:\/\/api.w.org\/{rel}","templated":true}]}}