{"id":13923,"date":"2022-07-15T01:59:05","date_gmt":"2022-07-15T01:59:05","guid":{"rendered":"https:\/\/www.booksofall.com\/in\/?post_type=product&#038;p=13923"},"modified":"2022-07-15T02:01:25","modified_gmt":"2022-07-15T02:01:25","slug":"freedom-monument-celebrates-latvias-independence","status":"publish","type":"product","link":"https:\/\/www.booksofall.com\/in\/freedom-monument-celebrates-latvias-independence\/","title":{"rendered":"Freedom Monument celebrates Latvia&#8217;s independence"},"content":{"rendered":"<p data-pf_style_display=\"block\" data-pf_style_visibility=\"visible\">People have always honoured their heroes &#8211; those who have wrought majestic accomplishments and been involved in great historical events &#8211; by building monuments to them. Monumental stones and words of gravitas ensure that powerful thoughts and uplifting accomplishments are passed from generation to generation. In Latvia, the declaration of freedom and unity for the people is celebrated every year with an Independence Day on 18 November. In 1935, it included the unveiling of the Freedom Monument. Its sculptural and structural appearance captures the idea of Freedom.<\/p>\n<p data-pf_style_display=\"block\" data-pf_style_visibility=\"visible\">The Freedom Monument rises above the Riga rooftops at the very heart of the capital of Latvia.\u00a0 The idea of building a monument dedicated to battles for freedom arose in 1922 when the then Prime Minister Zigfr\u012bds Anna Meierovics began preparing for a memorial column. After various competitions, Latvian sculptor\u00a0<a href=\"https:\/\/en.wikipedia.org\/wiki\/K%5B%1$s:C4%5D81rlis_Z%5B%1$s:C4%5D81le\" data-pf_style_display=\"inline\" data-pf_style_visibility=\"visible\">K\u0101rlis Z\u0101le<\/a>\u00a0was chosen for this work with a project named &#8216;Mirdzi k\u0101 zvaigzne!&#8217; (Bright as a star!). The construction works started on November 18, 1931, thanks to people\u2019s donations. The monument was established on November 18, 1935, on the 17th anniversary of The Republic of Latvia. The monument carries the words proposed by K\u0101rlis Skalbe \u2013 &#8216;T\u0113vzemei un Br\u012bv\u012bbai&#8217; (For Fatherland and Freedom). The sculpture depicts a Latvian woman, hewn from copper, lifting three gilded stars symbolising the Latvian regions \u2013<a href=\"http:\/\/www.latvia.travel\/en\/article\/western-latvia-kurzeme\" data-pf_style_display=\"inline\" data-pf_style_visibility=\"visible\">Kurzeme<\/a>,\u00a0<a href=\"http:\/\/www.latvia.travel\/en\/article\/northern-latvia-vidzeme\" data-pf_style_display=\"inline\" data-pf_style_visibility=\"visible\">Vidzeme<\/a>\u00a0and\u00a0<a href=\"http:\/\/www.latvia.travel\/en\/article\/eastern-latvia-latgale\" data-pf_style_display=\"inline\" data-pf_style_visibility=\"visible\">Latgale<\/a>\u00a0and their unity. 13 sculptures and bas-reliefs on the monument depict the history of Latvia \u2013 invasion of crusaders, revival of Latvian national self-confidence in the 19th\u00a0century and\u00a0<a href=\"http:\/\/en.wikipedia.org\/wiki\/Latvian_War_of_Independence\" data-pf_style_display=\"inline\" data-pf_style_visibility=\"visible\">battles for freedom<\/a>.<\/p>\n<p data-pf_style_display=\"block\" data-pf_style_visibility=\"visible\">56 sculptures are arranged in 13 groups on four levels. The base level of the monument symbolises the nation&#8217;s work ethic, spiritual strength, and striving for independence. The front of the monument features two travertine reliefs &#8211;\u00a0 &#8216;Latvian Riflemen&#8217; and &#8216;Latvian People: the Singers&#8217;. The other groups depict the Latvian basic values: Work, Guards of the Fatherland, Mother \u2014 Family Guard, and Scholars. On the sides, the travertine panels bear reference to the Russian Revolution of 1905 and Latvian War of Independence. The middle block symbolises the nation&#8217;s ideals and striving for freedom: &#8216;Latvia&#8217; is ready to defend the Motherland, &#8216;Chain Breakers&#8217; try to break free from their chains, &#8216;L\u0101\u010dpl\u0113sis&#8217; (an epic Latvian folk hero) encourages the fight against evil powers, while &#8216;Vaidelotis&#8217; (a Baltic pagan priest) symbolises spiritual strength. During the Soviet occupation, any gathering at the Freedom Monument was strictly forbidden. Despite this, for Latvian people it was still a symbol for independence. In 1987, around 5,000 people took part in protests organised by &#8216;Helsinki-86&#8217; &#8211; a movement against the Soviet regime. People lay flowers by the Freedom Monument honouring the victims of mass deportations. The monument once again became the centre of political activity and regained its pre-war legacy. After Latvia regained its independence in 1991, the guard of honour was resumed at the monument. The importance of the Monument of Freedom has not been lost over the decades and will not be lost in the future.<\/p>\n","protected":false},"excerpt":{"rendered":"<p><iframe style=\"width: 100%; height: 750px; border: none;\" src=\"https:\/\/online.visual-paradigm.com\/share\/book\/freedom-monument-celebrates-latvias-independence-10rr6e09i0?p=1\" frameborder=\"0\" allowfullscreen=\"allowfullscreen\"><\/iframe><\/p>\n","protected":false},"featured_media":13941,"template":"","meta":{"_yoast_wpseo_title":"","_yoast_wpseo_metadesc":"Create UML diagrams online. See how to create a region inside a UML state shape, using Visual Paradigm's online UML diagram tool."},"product_brand":[],"product_cat":[15,181],"product_tag":[],"class_list":{"0":"post-13923","1":"product","2":"type-product","3":"status-publish","4":"has-post-thumbnail","6":"product_cat-all","7":"product_cat-society","9":"first","10":"instock","11":"shipping-taxable","12":"product-type-simple"},"yoast_head":"<!-- This site is optimized with the Yoast SEO plugin v27.1.1 - https:\/\/yoast.com\/product\/yoast-seo-wordpress\/ -->\n<title>Freedom Monument celebrates Latvia&#039;s independence - BooksOffAll Indian<\/title>\n<meta name=\"description\" content=\"Create UML diagrams online. See how to create a region inside a UML state shape, using Visual Paradigm&#039;s online UML diagram tool.\" \/>\n<meta name=\"robots\" content=\"index, follow, max-snippet:-1, max-image-preview:large, max-video-preview:-1\" \/>\n<link rel=\"canonical\" href=\"https:\/\/www.booksofall.com\/in\/freedom-monument-celebrates-latvias-independence\/\" \/>\n<meta property=\"og:locale\" content=\"hi_IN\" \/>\n<meta property=\"og:type\" content=\"article\" \/>\n<meta property=\"og:title\" content=\"Freedom Monument celebrates Latvia&#039;s independence - BooksOffAll Indian\" \/>\n<meta property=\"og:description\" content=\"Create UML diagrams online. See how to create a region inside a UML state shape, using Visual Paradigm&#039;s online UML diagram tool.\" \/>\n<meta property=\"og:url\" content=\"https:\/\/www.booksofall.com\/in\/freedom-monument-celebrates-latvias-independence\/\" \/>\n<meta property=\"og:site_name\" content=\"BooksOffAll Indian\" \/>\n<meta property=\"article:modified_time\" content=\"2022-07-15T02:01:25+00:00\" \/>\n<meta property=\"og:image\" content=\"https:\/\/www.booksofall.com\/in\/wp-content\/uploads\/sites\/13\/2022\/07\/Freedom-Monument-celebrates-Latvias-independence-01.png\" \/>\n<meta name=\"twitter:card\" content=\"summary_large_image\" \/>\n<meta name=\"twitter:image\" content=\"https:\/\/www.booksofall.com\/in\/wp-content\/uploads\/sites\/13\/2022\/07\/Freedom-Monument-celebrates-Latvias-independence-01.png\" \/>\n<meta name=\"twitter:label1\" content=\"\u0905\u0928\u0941\u092e\u093e\u0928\u093f\u0924 \u092a\u0922\u093c\u0928\u0947 \u0915\u093e \u0938\u092e\u092f\" \/>\n\t<meta name=\"twitter:data1\" content=\"3 \u092e\u093f\u0928\u091f\" \/>\n<script type=\"application\/ld+json\" class=\"yoast-schema-graph\">{\"@context\":\"https:\/\/schema.org\",\"@graph\":[{\"@type\":\"WebPage\",\"@id\":\"https:\/\/www.booksofall.com\/in\/freedom-monument-celebrates-latvias-independence\/\",\"url\":\"https:\/\/www.booksofall.com\/in\/freedom-monument-celebrates-latvias-independence\/\",\"name\":\"Freedom Monument celebrates Latvia's independence - BooksOffAll Indian\",\"isPartOf\":{\"@id\":\"https:\/\/www.booksofall.com\/in\/#website\"},\"primaryImageOfPage\":{\"@id\":\"https:\/\/www.booksofall.com\/in\/freedom-monument-celebrates-latvias-independence\/#primaryimage\"},\"image\":{\"@id\":\"https:\/\/www.booksofall.com\/in\/freedom-monument-celebrates-latvias-independence\/#primaryimage\"},\"thumbnailUrl\":\"https:\/\/www.booksofall.com\/in\/wp-content\/uploads\/sites\/13\/2022\/07\/Freedom-Monument-celebrates-Latvias-independence-01.png\",\"datePublished\":\"2022-07-15T01:59:05+00:00\",\"dateModified\":\"2022-07-15T02:01:25+00:00\",\"description\":\"Create UML diagrams online. See how to create a region inside a UML state shape, using Visual Paradigm's online UML diagram tool.\",\"breadcrumb\":{\"@id\":\"https:\/\/www.booksofall.com\/in\/freedom-monument-celebrates-latvias-independence\/#breadcrumb\"},\"inLanguage\":\"hi-IN\",\"potentialAction\":[{\"@type\":\"ReadAction\",\"target\":[\"https:\/\/www.booksofall.com\/in\/freedom-monument-celebrates-latvias-independence\/\"]}]},{\"@type\":\"ImageObject\",\"inLanguage\":\"hi-IN\",\"@id\":\"https:\/\/www.booksofall.com\/in\/freedom-monument-celebrates-latvias-independence\/#primaryimage\",\"url\":\"https:\/\/www.booksofall.com\/in\/wp-content\/uploads\/sites\/13\/2022\/07\/Freedom-Monument-celebrates-Latvias-independence-01.png\",\"contentUrl\":\"https:\/\/www.booksofall.com\/in\/wp-content\/uploads\/sites\/13\/2022\/07\/Freedom-Monument-celebrates-Latvias-independence-01.png\",\"width\":\"596\",\"height\":\"842\"},{\"@type\":\"BreadcrumbList\",\"@id\":\"https:\/\/www.booksofall.com\/in\/freedom-monument-celebrates-latvias-independence\/#breadcrumb\",\"itemListElement\":[{\"@type\":\"ListItem\",\"position\":1,\"name\":\"Home\",\"item\":\"https:\/\/www.booksofall.com\/in\/\"},{\"@type\":\"ListItem\",\"position\":2,\"name\":\"Categories\",\"item\":\"https:\/\/www.booksofall.com\/in\/categories\/\"},{\"@type\":\"ListItem\",\"position\":3,\"name\":\"Freedom Monument celebrates Latvia&#8217;s independence\"}]},{\"@type\":\"WebSite\",\"@id\":\"https:\/\/www.booksofall.com\/in\/#website\",\"url\":\"https:\/\/www.booksofall.com\/in\/\",\"name\":\"BooksOffAll Indian\",\"description\":\"Biggest IT eBooks library and learning resources - Free eBooks for programming, computing, artificial intelligence and more.\",\"publisher\":{\"@id\":\"https:\/\/www.booksofall.com\/in\/#organization\"},\"potentialAction\":[{\"@type\":\"SearchAction\",\"target\":{\"@type\":\"EntryPoint\",\"urlTemplate\":\"https:\/\/www.booksofall.com\/in\/?s={search_term_string}\"},\"query-input\":{\"@type\":\"PropertyValueSpecification\",\"valueRequired\":true,\"valueName\":\"search_term_string\"}}],\"inLanguage\":\"hi-IN\"},{\"@type\":\"Organization\",\"@id\":\"https:\/\/www.booksofall.com\/in\/#organization\",\"name\":\"BooksOffAll Indian\",\"url\":\"https:\/\/www.booksofall.com\/in\/\",\"logo\":{\"@type\":\"ImageObject\",\"inLanguage\":\"hi-IN\",\"@id\":\"https:\/\/www.booksofall.com\/in\/#\/schema\/logo\/image\/\",\"url\":\"https:\/\/www.booksofall.com\/in\/wp-content\/uploads\/sites\/13\/2022\/06\/booksofall-logo-2.png\",\"contentUrl\":\"https:\/\/www.booksofall.com\/in\/wp-content\/uploads\/sites\/13\/2022\/06\/booksofall-logo-2.png\",\"width\":166,\"height\":30,\"caption\":\"BooksOffAll Indian\"},\"image\":{\"@id\":\"https:\/\/www.booksofall.com\/in\/#\/schema\/logo\/image\/\"}}]}<\/script>\n<!-- \/ Yoast SEO plugin. -->","yoast_head_json":{"title":"Freedom Monument celebrates Latvia's independence - BooksOffAll Indian","description":"Create UML diagrams online. See how to create a region inside a UML state shape, using Visual Paradigm's online UML diagram tool.","robots":{"index":"index","follow":"follow","max-snippet":"max-snippet:-1","max-image-preview":"max-image-preview:large","max-video-preview":"max-video-preview:-1"},"canonical":"https:\/\/www.booksofall.com\/in\/freedom-monument-celebrates-latvias-independence\/","og_locale":"hi_IN","og_type":"article","og_title":"Freedom Monument celebrates Latvia's independence - BooksOffAll Indian","og_description":"Create UML diagrams online. See how to create a region inside a UML state shape, using Visual Paradigm's online UML diagram tool.","og_url":"https:\/\/www.booksofall.com\/in\/freedom-monument-celebrates-latvias-independence\/","og_site_name":"BooksOffAll Indian","article_modified_time":"2022-07-15T02:01:25+00:00","og_image":[{"url":"https:\/\/www.booksofall.com\/in\/wp-content\/uploads\/sites\/13\/2022\/07\/Freedom-Monument-celebrates-Latvias-independence-01.png","type":"","width":"","height":""}],"twitter_card":"summary_large_image","twitter_image":"https:\/\/www.booksofall.com\/in\/wp-content\/uploads\/sites\/13\/2022\/07\/Freedom-Monument-celebrates-Latvias-independence-01.png","twitter_misc":{"\u0905\u0928\u0941\u092e\u093e\u0928\u093f\u0924 \u092a\u0922\u093c\u0928\u0947 \u0915\u093e \u0938\u092e\u092f":"3 \u092e\u093f\u0928\u091f"},"schema":{"@context":"https:\/\/schema.org","@graph":[{"@type":"WebPage","@id":"https:\/\/www.booksofall.com\/in\/freedom-monument-celebrates-latvias-independence\/","url":"https:\/\/www.booksofall.com\/in\/freedom-monument-celebrates-latvias-independence\/","name":"Freedom Monument celebrates Latvia's independence - BooksOffAll Indian","isPartOf":{"@id":"https:\/\/www.booksofall.com\/in\/#website"},"primaryImageOfPage":{"@id":"https:\/\/www.booksofall.com\/in\/freedom-monument-celebrates-latvias-independence\/#primaryimage"},"image":{"@id":"https:\/\/www.booksofall.com\/in\/freedom-monument-celebrates-latvias-independence\/#primaryimage"},"thumbnailUrl":"https:\/\/www.booksofall.com\/in\/wp-content\/uploads\/sites\/13\/2022\/07\/Freedom-Monument-celebrates-Latvias-independence-01.png","datePublished":"2022-07-15T01:59:05+00:00","dateModified":"2022-07-15T02:01:25+00:00","description":"Create UML diagrams online. See how to create a region inside a UML state shape, using Visual Paradigm's online UML diagram tool.","breadcrumb":{"@id":"https:\/\/www.booksofall.com\/in\/freedom-monument-celebrates-latvias-independence\/#breadcrumb"},"inLanguage":"hi-IN","potentialAction":[{"@type":"ReadAction","target":["https:\/\/www.booksofall.com\/in\/freedom-monument-celebrates-latvias-independence\/"]}]},{"@type":"ImageObject","inLanguage":"hi-IN","@id":"https:\/\/www.booksofall.com\/in\/freedom-monument-celebrates-latvias-independence\/#primaryimage","url":"https:\/\/www.booksofall.com\/in\/wp-content\/uploads\/sites\/13\/2022\/07\/Freedom-Monument-celebrates-Latvias-independence-01.png","contentUrl":"https:\/\/www.booksofall.com\/in\/wp-content\/uploads\/sites\/13\/2022\/07\/Freedom-Monument-celebrates-Latvias-independence-01.png","width":"596","height":"842"},{"@type":"BreadcrumbList","@id":"https:\/\/www.booksofall.com\/in\/freedom-monument-celebrates-latvias-independence\/#breadcrumb","itemListElement":[{"@type":"ListItem","position":1,"name":"Home","item":"https:\/\/www.booksofall.com\/in\/"},{"@type":"ListItem","position":2,"name":"Categories","item":"https:\/\/www.booksofall.com\/in\/categories\/"},{"@type":"ListItem","position":3,"name":"Freedom Monument celebrates Latvia&#8217;s independence"}]},{"@type":"WebSite","@id":"https:\/\/www.booksofall.com\/in\/#website","url":"https:\/\/www.booksofall.com\/in\/","name":"BooksOffAll Indian","description":"Biggest IT eBooks library and learning resources - Free eBooks for programming, computing, artificial intelligence and more.","publisher":{"@id":"https:\/\/www.booksofall.com\/in\/#organization"},"potentialAction":[{"@type":"SearchAction","target":{"@type":"EntryPoint","urlTemplate":"https:\/\/www.booksofall.com\/in\/?s={search_term_string}"},"query-input":{"@type":"PropertyValueSpecification","valueRequired":true,"valueName":"search_term_string"}}],"inLanguage":"hi-IN"},{"@type":"Organization","@id":"https:\/\/www.booksofall.com\/in\/#organization","name":"BooksOffAll Indian","url":"https:\/\/www.booksofall.com\/in\/","logo":{"@type":"ImageObject","inLanguage":"hi-IN","@id":"https:\/\/www.booksofall.com\/in\/#\/schema\/logo\/image\/","url":"https:\/\/www.booksofall.com\/in\/wp-content\/uploads\/sites\/13\/2022\/06\/booksofall-logo-2.png","contentUrl":"https:\/\/www.booksofall.com\/in\/wp-content\/uploads\/sites\/13\/2022\/06\/booksofall-logo-2.png","width":166,"height":30,"caption":"BooksOffAll Indian"},"image":{"@id":"https:\/\/www.booksofall.com\/in\/#\/schema\/logo\/image\/"}}]}},"_links":{"self":[{"href":"https:\/\/www.booksofall.com\/in\/wp-json\/wp\/v2\/product\/13923","targetHints":{"allow":["GET"]}}],"collection":[{"href":"https:\/\/www.booksofall.com\/in\/wp-json\/wp\/v2\/product"}],"about":[{"href":"https:\/\/www.booksofall.com\/in\/wp-json\/wp\/v2\/types\/product"}],"wp:featuredmedia":[{"embeddable":true,"href":"https:\/\/www.booksofall.com\/in\/wp-json\/wp\/v2\/media\/13941"}],"wp:attachment":[{"href":"https:\/\/www.booksofall.com\/in\/wp-json\/wp\/v2\/media?parent=13923"}],"wp:term":[{"taxonomy":"product_brand","embeddable":true,"href":"https:\/\/www.booksofall.com\/in\/wp-json\/wp\/v2\/product_brand?post=13923"},{"taxonomy":"product_cat","embeddable":true,"href":"https:\/\/www.booksofall.com\/in\/wp-json\/wp\/v2\/product_cat?post=13923"},{"taxonomy":"product_tag","embeddable":true,"href":"https:\/\/www.booksofall.com\/in\/wp-json\/wp\/v2\/product_tag?post=13923"}],"curies":[{"name":"wp","href":"https:\/\/api.w.org\/{rel}","templated":true}]}}