{"id":13911,"date":"2022-07-14T10:00:50","date_gmt":"2022-07-14T10:00:50","guid":{"rendered":"https:\/\/www.booksofall.com\/in\/?post_type=product&#038;p=13911"},"modified":"2022-07-14T10:08:29","modified_gmt":"2022-07-14T10:08:29","slug":"four-lives-devoted-to-promoting-peace","status":"publish","type":"product","link":"https:\/\/www.booksofall.com\/in\/four-lives-devoted-to-promoting-peace\/","title":{"rendered":"Four lives devoted to promoting peace"},"content":{"rendered":"<h4>Biographies of 4 high profile peace activists<\/h4>\n<p>It&#8217;s the International<a href=\"https:\/\/www.un.org\/en\/observances\/world-science-day\/week\"> Week of Science and Peace.<\/a> Today, we&#8217;re looking at &#8216;Peace&#8217;.<\/p>\n<p>It is thought that of 3,400 years of written history, there have only been 250 years in which no country has been documented as being at war. I&#8217;m sure that most of us would class ourselves as advocates of peace, but some people go much further, making it their life&#8217;s work to try to put an end to war and make peace a reality.<\/p>\n<p>Here is a glimpse of some of the high profile peace activists you can find on Europeana.<\/p>\n<p><em>&#8216;Gandhi, le leader hindou et Miss Slade, sa secr\u00e9taire anglaise condamn\u00e9e \u00e0 3 mois de prison pour avoir refus\u00e9 de quitter la ville : [photographie de presse] \/ Agence Mondial&#8217;, French National Library and The European Library, public domain<\/em><\/p>\n<p>First up, <a href=\"https:\/\/www.britannica.com\/biography\/Mahatma-Gandhi\">Mahatma Gandhi.<\/a> Through non-violent disobedience, Gandhi led India to independence and inspired movements for civil rights and freedom across the world. Gandhi&#8217;s vision was of an India where people of different religions lived harmoniously side by side. To promote this idea, he undertook fasts and visited areas troubled by religious unrest. Gandhi was assassinated in January 1948 by a Hindu nationalist.<\/p>\n<p>Secondly, <a href=\"https:\/\/www.nobelprize.org\/prizes\/peace\/1964\/king\/biographical\/\">Martin Luther King<\/a>, another promoter of harmony sadly killed by an objector. Like Gandhi, Luther King used non-violent protest to further his cause &#8211; the African-American civil rights movement. In 1963, he helped to organise a march on Washington, at which he delivered his famous &#8216;I have a dream&#8217; speech. In 1964, he received the Nobel Peace Prize. He was assassinated in 1968.<\/p>\n<p>Another Nobel Peace Prize winner was <a href=\"https:\/\/www.britannica.com\/biography\/Jimmy-Carter\">Jimmy Carter<\/a>, the 39th President of the United States, who received the award in 2002. Carter started his career as a peanut farmer. In 1982, he established The Carter Center in Atlanta to advance human rights and alleviate human suffering. The non-profit, nongovernmental Center promotes democracy, mediates and prevents conflicts, and monitors the electoral process in support of free and fair elections. It was for this work that Carter received the prestigous Peace Prize.<\/p>\n<p>Finally, someone you might not know&#8230; <a href=\"https:\/\/www.nobelprize.org\/prizes\/peace\/1905\/suttner\/facts\/\">Baroness Bertha von Suttner<\/a>. It was von Suttner&#8217;s influence on her friend Alfred Nobel that led to the establishment of the Nobel Peace Prize itself. Her 1889 book &#8216;Lay Down Your Arms!&#8217; secured her position at the forefront of the peace movement and she went on to edit an international pacifist journal of the same name. In 1891, she founded an Austrian pacifist organisation and in 1905, she became the first woman to receive the Nobel Peace Prize.<\/p>\n","protected":false},"excerpt":{"rendered":"<p><iframe style=\"width: 100%; height: 750px; border: none;\" src=\"https:\/\/online.visual-paradigm.com\/share\/book\/four-lives-devoted-to-promoting-peace-10qsz7e833?p=1\" frameborder=\"0\" allowfullscreen=\"allowfullscreen\"><\/iframe><\/p>\n","protected":false},"featured_media":13916,"template":"","meta":{"_yoast_wpseo_title":"","_yoast_wpseo_metadesc":"Create UML diagrams online. See how to create a region inside a UML state shape, using Visual Paradigm's online UML diagram tool."},"product_brand":[],"product_cat":[15,181],"product_tag":[],"class_list":{"0":"post-13911","1":"product","2":"type-product","3":"status-publish","4":"has-post-thumbnail","6":"product_cat-all","7":"product_cat-society","9":"first","10":"instock","11":"shipping-taxable","12":"product-type-simple"},"yoast_head":"<!-- This site is optimized with the Yoast SEO plugin v27.1.1 - https:\/\/yoast.com\/product\/yoast-seo-wordpress\/ -->\n<title>Four lives devoted to promoting peace - BooksOffAll Indian<\/title>\n<meta name=\"description\" content=\"Create UML diagrams online. See how to create a region inside a UML state shape, using Visual Paradigm&#039;s online UML diagram tool.\" \/>\n<meta name=\"robots\" content=\"index, follow, max-snippet:-1, max-image-preview:large, max-video-preview:-1\" \/>\n<link rel=\"canonical\" href=\"https:\/\/www.booksofall.com\/in\/four-lives-devoted-to-promoting-peace\/\" \/>\n<meta property=\"og:locale\" content=\"hi_IN\" \/>\n<meta property=\"og:type\" content=\"article\" \/>\n<meta property=\"og:title\" content=\"Four lives devoted to promoting peace - BooksOffAll Indian\" \/>\n<meta property=\"og:description\" content=\"Create UML diagrams online. See how to create a region inside a UML state shape, using Visual Paradigm&#039;s online UML diagram tool.\" \/>\n<meta property=\"og:url\" content=\"https:\/\/www.booksofall.com\/in\/four-lives-devoted-to-promoting-peace\/\" \/>\n<meta property=\"og:site_name\" content=\"BooksOffAll Indian\" \/>\n<meta property=\"article:modified_time\" content=\"2022-07-14T10:08:29+00:00\" \/>\n<meta property=\"og:image\" content=\"https:\/\/www.booksofall.com\/in\/wp-content\/uploads\/sites\/13\/2022\/07\/Four-lives-devoted-to-promoting-peace-01.png\" \/>\n<meta name=\"twitter:card\" content=\"summary_large_image\" \/>\n<meta name=\"twitter:image\" content=\"https:\/\/www.booksofall.com\/in\/wp-content\/uploads\/sites\/13\/2022\/07\/Four-lives-devoted-to-promoting-peace-01.png\" \/>\n<meta name=\"twitter:label1\" content=\"\u0905\u0928\u0941\u092e\u093e\u0928\u093f\u0924 \u092a\u0922\u093c\u0928\u0947 \u0915\u093e \u0938\u092e\u092f\" \/>\n\t<meta name=\"twitter:data1\" content=\"2 \u092e\u093f\u0928\u091f\" \/>\n<script type=\"application\/ld+json\" class=\"yoast-schema-graph\">{\"@context\":\"https:\/\/schema.org\",\"@graph\":[{\"@type\":\"WebPage\",\"@id\":\"https:\/\/www.booksofall.com\/in\/four-lives-devoted-to-promoting-peace\/\",\"url\":\"https:\/\/www.booksofall.com\/in\/four-lives-devoted-to-promoting-peace\/\",\"name\":\"Four lives devoted to promoting peace - BooksOffAll Indian\",\"isPartOf\":{\"@id\":\"https:\/\/www.booksofall.com\/in\/#website\"},\"primaryImageOfPage\":{\"@id\":\"https:\/\/www.booksofall.com\/in\/four-lives-devoted-to-promoting-peace\/#primaryimage\"},\"image\":{\"@id\":\"https:\/\/www.booksofall.com\/in\/four-lives-devoted-to-promoting-peace\/#primaryimage\"},\"thumbnailUrl\":\"https:\/\/www.booksofall.com\/in\/wp-content\/uploads\/sites\/13\/2022\/07\/Four-lives-devoted-to-promoting-peace-01.png\",\"datePublished\":\"2022-07-14T10:00:50+00:00\",\"dateModified\":\"2022-07-14T10:08:29+00:00\",\"description\":\"Create UML diagrams online. See how to create a region inside a UML state shape, using Visual Paradigm's online UML diagram tool.\",\"breadcrumb\":{\"@id\":\"https:\/\/www.booksofall.com\/in\/four-lives-devoted-to-promoting-peace\/#breadcrumb\"},\"inLanguage\":\"hi-IN\",\"potentialAction\":[{\"@type\":\"ReadAction\",\"target\":[\"https:\/\/www.booksofall.com\/in\/four-lives-devoted-to-promoting-peace\/\"]}]},{\"@type\":\"ImageObject\",\"inLanguage\":\"hi-IN\",\"@id\":\"https:\/\/www.booksofall.com\/in\/four-lives-devoted-to-promoting-peace\/#primaryimage\",\"url\":\"https:\/\/www.booksofall.com\/in\/wp-content\/uploads\/sites\/13\/2022\/07\/Four-lives-devoted-to-promoting-peace-01.png\",\"contentUrl\":\"https:\/\/www.booksofall.com\/in\/wp-content\/uploads\/sites\/13\/2022\/07\/Four-lives-devoted-to-promoting-peace-01.png\",\"width\":\"596\",\"height\":\"842\"},{\"@type\":\"BreadcrumbList\",\"@id\":\"https:\/\/www.booksofall.com\/in\/four-lives-devoted-to-promoting-peace\/#breadcrumb\",\"itemListElement\":[{\"@type\":\"ListItem\",\"position\":1,\"name\":\"Home\",\"item\":\"https:\/\/www.booksofall.com\/in\/\"},{\"@type\":\"ListItem\",\"position\":2,\"name\":\"Categories\",\"item\":\"https:\/\/www.booksofall.com\/in\/categories\/\"},{\"@type\":\"ListItem\",\"position\":3,\"name\":\"Four lives devoted to promoting peace\"}]},{\"@type\":\"WebSite\",\"@id\":\"https:\/\/www.booksofall.com\/in\/#website\",\"url\":\"https:\/\/www.booksofall.com\/in\/\",\"name\":\"BooksOffAll Indian\",\"description\":\"Biggest IT eBooks library and learning resources - Free eBooks for programming, computing, artificial intelligence and more.\",\"publisher\":{\"@id\":\"https:\/\/www.booksofall.com\/in\/#organization\"},\"potentialAction\":[{\"@type\":\"SearchAction\",\"target\":{\"@type\":\"EntryPoint\",\"urlTemplate\":\"https:\/\/www.booksofall.com\/in\/?s={search_term_string}\"},\"query-input\":{\"@type\":\"PropertyValueSpecification\",\"valueRequired\":true,\"valueName\":\"search_term_string\"}}],\"inLanguage\":\"hi-IN\"},{\"@type\":\"Organization\",\"@id\":\"https:\/\/www.booksofall.com\/in\/#organization\",\"name\":\"BooksOffAll Indian\",\"url\":\"https:\/\/www.booksofall.com\/in\/\",\"logo\":{\"@type\":\"ImageObject\",\"inLanguage\":\"hi-IN\",\"@id\":\"https:\/\/www.booksofall.com\/in\/#\/schema\/logo\/image\/\",\"url\":\"https:\/\/www.booksofall.com\/in\/wp-content\/uploads\/sites\/13\/2022\/06\/booksofall-logo-2.png\",\"contentUrl\":\"https:\/\/www.booksofall.com\/in\/wp-content\/uploads\/sites\/13\/2022\/06\/booksofall-logo-2.png\",\"width\":166,\"height\":30,\"caption\":\"BooksOffAll Indian\"},\"image\":{\"@id\":\"https:\/\/www.booksofall.com\/in\/#\/schema\/logo\/image\/\"}}]}<\/script>\n<!-- \/ Yoast SEO plugin. -->","yoast_head_json":{"title":"Four lives devoted to promoting peace - BooksOffAll Indian","description":"Create UML diagrams online. See how to create a region inside a UML state shape, using Visual Paradigm's online UML diagram tool.","robots":{"index":"index","follow":"follow","max-snippet":"max-snippet:-1","max-image-preview":"max-image-preview:large","max-video-preview":"max-video-preview:-1"},"canonical":"https:\/\/www.booksofall.com\/in\/four-lives-devoted-to-promoting-peace\/","og_locale":"hi_IN","og_type":"article","og_title":"Four lives devoted to promoting peace - BooksOffAll Indian","og_description":"Create UML diagrams online. See how to create a region inside a UML state shape, using Visual Paradigm's online UML diagram tool.","og_url":"https:\/\/www.booksofall.com\/in\/four-lives-devoted-to-promoting-peace\/","og_site_name":"BooksOffAll Indian","article_modified_time":"2022-07-14T10:08:29+00:00","og_image":[{"url":"https:\/\/www.booksofall.com\/in\/wp-content\/uploads\/sites\/13\/2022\/07\/Four-lives-devoted-to-promoting-peace-01.png","type":"","width":"","height":""}],"twitter_card":"summary_large_image","twitter_image":"https:\/\/www.booksofall.com\/in\/wp-content\/uploads\/sites\/13\/2022\/07\/Four-lives-devoted-to-promoting-peace-01.png","twitter_misc":{"\u0905\u0928\u0941\u092e\u093e\u0928\u093f\u0924 \u092a\u0922\u093c\u0928\u0947 \u0915\u093e \u0938\u092e\u092f":"2 \u092e\u093f\u0928\u091f"},"schema":{"@context":"https:\/\/schema.org","@graph":[{"@type":"WebPage","@id":"https:\/\/www.booksofall.com\/in\/four-lives-devoted-to-promoting-peace\/","url":"https:\/\/www.booksofall.com\/in\/four-lives-devoted-to-promoting-peace\/","name":"Four lives devoted to promoting peace - BooksOffAll Indian","isPartOf":{"@id":"https:\/\/www.booksofall.com\/in\/#website"},"primaryImageOfPage":{"@id":"https:\/\/www.booksofall.com\/in\/four-lives-devoted-to-promoting-peace\/#primaryimage"},"image":{"@id":"https:\/\/www.booksofall.com\/in\/four-lives-devoted-to-promoting-peace\/#primaryimage"},"thumbnailUrl":"https:\/\/www.booksofall.com\/in\/wp-content\/uploads\/sites\/13\/2022\/07\/Four-lives-devoted-to-promoting-peace-01.png","datePublished":"2022-07-14T10:00:50+00:00","dateModified":"2022-07-14T10:08:29+00:00","description":"Create UML diagrams online. See how to create a region inside a UML state shape, using Visual Paradigm's online UML diagram tool.","breadcrumb":{"@id":"https:\/\/www.booksofall.com\/in\/four-lives-devoted-to-promoting-peace\/#breadcrumb"},"inLanguage":"hi-IN","potentialAction":[{"@type":"ReadAction","target":["https:\/\/www.booksofall.com\/in\/four-lives-devoted-to-promoting-peace\/"]}]},{"@type":"ImageObject","inLanguage":"hi-IN","@id":"https:\/\/www.booksofall.com\/in\/four-lives-devoted-to-promoting-peace\/#primaryimage","url":"https:\/\/www.booksofall.com\/in\/wp-content\/uploads\/sites\/13\/2022\/07\/Four-lives-devoted-to-promoting-peace-01.png","contentUrl":"https:\/\/www.booksofall.com\/in\/wp-content\/uploads\/sites\/13\/2022\/07\/Four-lives-devoted-to-promoting-peace-01.png","width":"596","height":"842"},{"@type":"BreadcrumbList","@id":"https:\/\/www.booksofall.com\/in\/four-lives-devoted-to-promoting-peace\/#breadcrumb","itemListElement":[{"@type":"ListItem","position":1,"name":"Home","item":"https:\/\/www.booksofall.com\/in\/"},{"@type":"ListItem","position":2,"name":"Categories","item":"https:\/\/www.booksofall.com\/in\/categories\/"},{"@type":"ListItem","position":3,"name":"Four lives devoted to promoting peace"}]},{"@type":"WebSite","@id":"https:\/\/www.booksofall.com\/in\/#website","url":"https:\/\/www.booksofall.com\/in\/","name":"BooksOffAll Indian","description":"Biggest IT eBooks library and learning resources - Free eBooks for programming, computing, artificial intelligence and more.","publisher":{"@id":"https:\/\/www.booksofall.com\/in\/#organization"},"potentialAction":[{"@type":"SearchAction","target":{"@type":"EntryPoint","urlTemplate":"https:\/\/www.booksofall.com\/in\/?s={search_term_string}"},"query-input":{"@type":"PropertyValueSpecification","valueRequired":true,"valueName":"search_term_string"}}],"inLanguage":"hi-IN"},{"@type":"Organization","@id":"https:\/\/www.booksofall.com\/in\/#organization","name":"BooksOffAll Indian","url":"https:\/\/www.booksofall.com\/in\/","logo":{"@type":"ImageObject","inLanguage":"hi-IN","@id":"https:\/\/www.booksofall.com\/in\/#\/schema\/logo\/image\/","url":"https:\/\/www.booksofall.com\/in\/wp-content\/uploads\/sites\/13\/2022\/06\/booksofall-logo-2.png","contentUrl":"https:\/\/www.booksofall.com\/in\/wp-content\/uploads\/sites\/13\/2022\/06\/booksofall-logo-2.png","width":166,"height":30,"caption":"BooksOffAll Indian"},"image":{"@id":"https:\/\/www.booksofall.com\/in\/#\/schema\/logo\/image\/"}}]}},"_links":{"self":[{"href":"https:\/\/www.booksofall.com\/in\/wp-json\/wp\/v2\/product\/13911","targetHints":{"allow":["GET"]}}],"collection":[{"href":"https:\/\/www.booksofall.com\/in\/wp-json\/wp\/v2\/product"}],"about":[{"href":"https:\/\/www.booksofall.com\/in\/wp-json\/wp\/v2\/types\/product"}],"wp:featuredmedia":[{"embeddable":true,"href":"https:\/\/www.booksofall.com\/in\/wp-json\/wp\/v2\/media\/13916"}],"wp:attachment":[{"href":"https:\/\/www.booksofall.com\/in\/wp-json\/wp\/v2\/media?parent=13911"}],"wp:term":[{"taxonomy":"product_brand","embeddable":true,"href":"https:\/\/www.booksofall.com\/in\/wp-json\/wp\/v2\/product_brand?post=13911"},{"taxonomy":"product_cat","embeddable":true,"href":"https:\/\/www.booksofall.com\/in\/wp-json\/wp\/v2\/product_cat?post=13911"},{"taxonomy":"product_tag","embeddable":true,"href":"https:\/\/www.booksofall.com\/in\/wp-json\/wp\/v2\/product_tag?post=13911"}],"curies":[{"name":"wp","href":"https:\/\/api.w.org\/{rel}","templated":true}]}}