{"id":15088,"date":"2022-07-21T05:42:44","date_gmt":"2022-07-21T05:42:44","guid":{"rendered":"https:\/\/www.booksofall.com\/id\/?post_type=product&#038;p=15088"},"modified":"2022-07-21T05:42:44","modified_gmt":"2022-07-21T05:42:44","slug":"camille-flammarion","status":"publish","type":"product","link":"https:\/\/www.booksofall.com\/id\/camille-flammarion\/","title":{"rendered":"Camille Flammarion"},"content":{"rendered":"<p>Beginning his career by claiming that there is life on other planets,\u00a0<a href=\"https:\/\/www.europeana.eu\/portal\/en\/search?q=camille+flammarion\">Camille Flammarion<\/a> had by the end of the 19th century become one of the most famous astronomers on the planet! Passionate about astronomy, he contributed to making this field accessible to all. Nicolas Camille Flammarion (1842-1925) came to Paris in 1856 as an apprentice engraver and took evening classes, particularly at the Association polytechnique. He then joined the\u00a0<a href=\"http:\/\/www.europeana.eu\/portal\/record\/9200365\/BibliographicResource_3000094695546.html\">Paris Observatory<\/a>&#8216;s calculation centre as a &#8220;student astronomer&#8221;. But in 1862, his first book, &#8216;<a href=\"http:\/\/www.europeana.eu\/portal\/record\/9200365\/BibliographicResource_1000054851828.html\">La Pluralit\u00e9 des mondes habit\u00e9s<\/a>&#8216; (&#8216;The Plurality of Inhabited Worlds&#8217;), caused a scandal. In this book, Flammarion supports the theory that other planets might be inhabited. This\u00a0theory had, through the previous centuries, had such prestigious defenders as\u00a0<a href=\"https:\/\/en.wikipedia.org\/wiki\/Johannes_Kepler\">Kepler<\/a>,\u00a0<a href=\"https:\/\/en.wikipedia.org\/wiki\/Galileo_Galilei\">Galileo<\/a>\u00a0and\u00a0<a href=\"https:\/\/en.wikipedia.org\/wiki\/Ren%5B%1$s:C3%5DA9_Descartes\">Descartes<\/a>! Flammarion left the Observatory immediately after, but his career in popular science had been launched.<\/p>\n<h4 id=\"popularising-science\">Popularising Science<\/h4>\n<p>His books were very successful: &#8216;<a href=\"https:\/\/www.europeana.eu\/portal\/en\/record\/9200520\/ark__12148_bpt6k96291926.html\">Astronomie populaire<\/a>&#8216; (&#8216;Popular Astronomy&#8217;), published in 1880, received an award from the Acad\u00e9mie fran\u00e7aise and had sold 100,000 copies by 1900. Flammarion published his books with major publishing houses like Hachette and Hetzel, and of course with Marpon and Flammarion, founded by his brother Ernest. Starting in 1865, he also taught classes and spoke at conferences, not only on astronomy but also on other subjects such as\u00a0<a href=\"http:\/\/www.europeana.eu\/portal\/record\/9200365\/BibliographicResource_3000118447520.html\">aeronautics<\/a>. His activities took him beyond Paris: as early as 1868 he spoke at conferences in Belgium and also in Italy. In 1875, he travelled all across France on a grand tour, speaking in Burgundy, Auvergne, Brittany and Normandy.<\/p>\n<h4 id=\"life-on-mars\">Life on Mars<\/h4>\n<p>Above all subjects, it was the planet Mars that most fascinated Flammarion. In 1876 he drew a map of the planet, taking into account his observations and those of all his predecessors since the 17th century. At the same time, the Italian astronomer\u00a0<a href=\"https:\/\/www.europeana.eu\/portal\/en\/record\/92023\/images_billed_2010_okt_billeder_object148144.html\">Giovanni Schiaparelli<\/a>\u00a0claimed to have observed a network of canals on the surface of Mars. In the controversy over these Martian canals, Flammarion chose to defend their existence. These canals confirmed his theory that life was possible on Mars, even though he admitted that he had never observed them himself. In 1892, he published a book devoted entirely to Mars: &#8216;<a href=\"https:\/\/www.europeana.eu\/portal\/record\/9200520\/ark__12148_bpt6k134436j.html\">La Plan\u00e8te Mars et ses conditions d&#8217;habitabilit\u00e9<\/a>&#8216;.<\/p>\n<h4>Astronomy for All<\/h4>\n<p>Astronomy is also very present in Flammarion&#8217;s science fiction novels, &#8216;<a href=\"http:\/\/www.europeana.eu\/portal\/record\/9200365\/BibliographicResource_3000004850928.html\">Urania<\/a>&#8216; and &#8216;<a href=\"https:\/\/www.europeana.eu\/portal\/record\/9200479\/item_8225215_.html\">Stella<\/a>&#8216;, but his interest went beyond books. He wished to set up a private observatory in Paris! So he installed a dome and a refracting telescope on a\u00a0<a href=\"https:\/\/www.europeana.eu\/portal\/record\/2024913\/photography_ProvidedCHO_Parisienne_de_Photographie_14667_6.html\">property in Juvisy-sur-Orge<\/a> that had been given to him in 1882 by Louis-Eug\u00e8ne M\u00e9ret, an admirer and amateur astronomer. On 28 January 1887, he founded the Soci\u00e9t\u00e9 astronomique de France (Astronomical Society of France) and became its president. After the astronomer&#8217;s death on 3 June 1925 in Juvisy, his peers named Asteroid 1021, discovered on 11 March 1924, Flammario in his honour!<\/p>\n","protected":false},"excerpt":{"rendered":"<p><iframe style=\"width: 100%; height: 750px; border: none;\" src=\"https:\/\/online.visual-paradigm.com\/share\/book\/camille-flammarion-110jq45pvj?p=1\" frameborder=\"0\" allowfullscreen=\"allowfullscreen\"><\/iframe><\/p>\n","protected":false},"featured_media":15091,"template":"","meta":{"_yoast_wpseo_title":"","_yoast_wpseo_metadesc":"Here is how you can improve your content marketing with flipbooks like this. Create your own flipbook now!"},"product_brand":[],"product_cat":[15,216],"product_tag":[],"class_list":{"0":"post-15088","1":"product","2":"type-product","3":"status-publish","4":"has-post-thumbnail","6":"product_cat-all","7":"product_cat-astronomy","9":"first","10":"instock","11":"shipping-taxable","12":"product-type-simple"},"yoast_head":"<!-- This site is optimized with the Yoast SEO plugin v27.1.1 - https:\/\/yoast.com\/product\/yoast-seo-wordpress\/ -->\n<title>Camille Flammarion - BooksOfAll Indonesian<\/title>\n<meta name=\"description\" content=\"Here is how you can improve your content marketing with flipbooks like this. Create your own flipbook now!\" \/>\n<meta name=\"robots\" content=\"index, follow, max-snippet:-1, max-image-preview:large, max-video-preview:-1\" \/>\n<link rel=\"canonical\" href=\"https:\/\/www.booksofall.com\/id\/camille-flammarion\/\" \/>\n<meta property=\"og:locale\" content=\"id_ID\" \/>\n<meta property=\"og:type\" content=\"article\" \/>\n<meta property=\"og:title\" content=\"Camille Flammarion - BooksOfAll Indonesian\" \/>\n<meta property=\"og:description\" content=\"Here is how you can improve your content marketing with flipbooks like this. Create your own flipbook now!\" \/>\n<meta property=\"og:url\" content=\"https:\/\/www.booksofall.com\/id\/camille-flammarion\/\" \/>\n<meta property=\"og:site_name\" content=\"BooksOfAll Indonesian\" \/>\n<meta property=\"og:image\" content=\"https:\/\/www.booksofall.com\/id\/wp-content\/uploads\/sites\/12\/2022\/07\/Camille-Flammarion-01.png\" \/>\n<meta name=\"twitter:card\" content=\"summary_large_image\" \/>\n<meta name=\"twitter:image\" content=\"https:\/\/www.booksofall.com\/id\/wp-content\/uploads\/sites\/12\/2022\/07\/Camille-Flammarion-01.png\" \/>\n<meta name=\"twitter:label1\" content=\"Estimasi waktu membaca\" \/>\n\t<meta name=\"twitter:data1\" content=\"3 menit\" \/>\n<script type=\"application\/ld+json\" class=\"yoast-schema-graph\">{\"@context\":\"https:\/\/schema.org\",\"@graph\":[{\"@type\":\"WebPage\",\"@id\":\"https:\/\/www.booksofall.com\/id\/camille-flammarion\/\",\"url\":\"https:\/\/www.booksofall.com\/id\/camille-flammarion\/\",\"name\":\"Camille Flammarion - BooksOfAll Indonesian\",\"isPartOf\":{\"@id\":\"https:\/\/www.booksofall.com\/id\/#website\"},\"primaryImageOfPage\":{\"@id\":\"https:\/\/www.booksofall.com\/id\/camille-flammarion\/#primaryimage\"},\"image\":{\"@id\":\"https:\/\/www.booksofall.com\/id\/camille-flammarion\/#primaryimage\"},\"thumbnailUrl\":\"https:\/\/www.booksofall.com\/id\/wp-content\/uploads\/sites\/12\/2022\/07\/Camille-Flammarion-01.png\",\"datePublished\":\"2022-07-21T05:42:44+00:00\",\"description\":\"Here is how you can improve your content marketing with flipbooks like this. Create your own flipbook now!\",\"breadcrumb\":{\"@id\":\"https:\/\/www.booksofall.com\/id\/camille-flammarion\/#breadcrumb\"},\"inLanguage\":\"id\",\"potentialAction\":[{\"@type\":\"ReadAction\",\"target\":[\"https:\/\/www.booksofall.com\/id\/camille-flammarion\/\"]}]},{\"@type\":\"ImageObject\",\"inLanguage\":\"id\",\"@id\":\"https:\/\/www.booksofall.com\/id\/camille-flammarion\/#primaryimage\",\"url\":\"https:\/\/www.booksofall.com\/id\/wp-content\/uploads\/sites\/12\/2022\/07\/Camille-Flammarion-01.png\",\"contentUrl\":\"https:\/\/www.booksofall.com\/id\/wp-content\/uploads\/sites\/12\/2022\/07\/Camille-Flammarion-01.png\",\"width\":\"596\",\"height\":\"842\"},{\"@type\":\"BreadcrumbList\",\"@id\":\"https:\/\/www.booksofall.com\/id\/camille-flammarion\/#breadcrumb\",\"itemListElement\":[{\"@type\":\"ListItem\",\"position\":1,\"name\":\"Home\",\"item\":\"https:\/\/www.booksofall.com\/id\/\"},{\"@type\":\"ListItem\",\"position\":2,\"name\":\"Categories\",\"item\":\"https:\/\/www.booksofall.com\/id\/categories\/\"},{\"@type\":\"ListItem\",\"position\":3,\"name\":\"Camille Flammarion\"}]},{\"@type\":\"WebSite\",\"@id\":\"https:\/\/www.booksofall.com\/id\/#website\",\"url\":\"https:\/\/www.booksofall.com\/id\/\",\"name\":\"BooksOfAll Indonesian\",\"description\":\"Biggest IT eBooks library and learning resources - Free eBooks for programming, computing, artificial intelligence and more.\",\"publisher\":{\"@id\":\"https:\/\/www.booksofall.com\/id\/#organization\"},\"potentialAction\":[{\"@type\":\"SearchAction\",\"target\":{\"@type\":\"EntryPoint\",\"urlTemplate\":\"https:\/\/www.booksofall.com\/id\/?s={search_term_string}\"},\"query-input\":{\"@type\":\"PropertyValueSpecification\",\"valueRequired\":true,\"valueName\":\"search_term_string\"}}],\"inLanguage\":\"id\"},{\"@type\":\"Organization\",\"@id\":\"https:\/\/www.booksofall.com\/id\/#organization\",\"name\":\"BooksOfAll Indonesian\",\"url\":\"https:\/\/www.booksofall.com\/id\/\",\"logo\":{\"@type\":\"ImageObject\",\"inLanguage\":\"id\",\"@id\":\"https:\/\/www.booksofall.com\/id\/#\/schema\/logo\/image\/\",\"url\":\"https:\/\/www.booksofall.com\/id\/wp-content\/uploads\/sites\/12\/2022\/06\/booksofall-logo-2.png\",\"contentUrl\":\"https:\/\/www.booksofall.com\/id\/wp-content\/uploads\/sites\/12\/2022\/06\/booksofall-logo-2.png\",\"width\":166,\"height\":30,\"caption\":\"BooksOfAll Indonesian\"},\"image\":{\"@id\":\"https:\/\/www.booksofall.com\/id\/#\/schema\/logo\/image\/\"}}]}<\/script>\n<!-- \/ Yoast SEO plugin. -->","yoast_head_json":{"title":"Camille Flammarion - BooksOfAll Indonesian","description":"Here is how you can improve your content marketing with flipbooks like this. Create your own flipbook now!","robots":{"index":"index","follow":"follow","max-snippet":"max-snippet:-1","max-image-preview":"max-image-preview:large","max-video-preview":"max-video-preview:-1"},"canonical":"https:\/\/www.booksofall.com\/id\/camille-flammarion\/","og_locale":"id_ID","og_type":"article","og_title":"Camille Flammarion - BooksOfAll Indonesian","og_description":"Here is how you can improve your content marketing with flipbooks like this. Create your own flipbook now!","og_url":"https:\/\/www.booksofall.com\/id\/camille-flammarion\/","og_site_name":"BooksOfAll Indonesian","og_image":[{"url":"https:\/\/www.booksofall.com\/id\/wp-content\/uploads\/sites\/12\/2022\/07\/Camille-Flammarion-01.png","type":"","width":"","height":""}],"twitter_card":"summary_large_image","twitter_image":"https:\/\/www.booksofall.com\/id\/wp-content\/uploads\/sites\/12\/2022\/07\/Camille-Flammarion-01.png","twitter_misc":{"Estimasi waktu membaca":"3 menit"},"schema":{"@context":"https:\/\/schema.org","@graph":[{"@type":"WebPage","@id":"https:\/\/www.booksofall.com\/id\/camille-flammarion\/","url":"https:\/\/www.booksofall.com\/id\/camille-flammarion\/","name":"Camille Flammarion - BooksOfAll Indonesian","isPartOf":{"@id":"https:\/\/www.booksofall.com\/id\/#website"},"primaryImageOfPage":{"@id":"https:\/\/www.booksofall.com\/id\/camille-flammarion\/#primaryimage"},"image":{"@id":"https:\/\/www.booksofall.com\/id\/camille-flammarion\/#primaryimage"},"thumbnailUrl":"https:\/\/www.booksofall.com\/id\/wp-content\/uploads\/sites\/12\/2022\/07\/Camille-Flammarion-01.png","datePublished":"2022-07-21T05:42:44+00:00","description":"Here is how you can improve your content marketing with flipbooks like this. Create your own flipbook now!","breadcrumb":{"@id":"https:\/\/www.booksofall.com\/id\/camille-flammarion\/#breadcrumb"},"inLanguage":"id","potentialAction":[{"@type":"ReadAction","target":["https:\/\/www.booksofall.com\/id\/camille-flammarion\/"]}]},{"@type":"ImageObject","inLanguage":"id","@id":"https:\/\/www.booksofall.com\/id\/camille-flammarion\/#primaryimage","url":"https:\/\/www.booksofall.com\/id\/wp-content\/uploads\/sites\/12\/2022\/07\/Camille-Flammarion-01.png","contentUrl":"https:\/\/www.booksofall.com\/id\/wp-content\/uploads\/sites\/12\/2022\/07\/Camille-Flammarion-01.png","width":"596","height":"842"},{"@type":"BreadcrumbList","@id":"https:\/\/www.booksofall.com\/id\/camille-flammarion\/#breadcrumb","itemListElement":[{"@type":"ListItem","position":1,"name":"Home","item":"https:\/\/www.booksofall.com\/id\/"},{"@type":"ListItem","position":2,"name":"Categories","item":"https:\/\/www.booksofall.com\/id\/categories\/"},{"@type":"ListItem","position":3,"name":"Camille Flammarion"}]},{"@type":"WebSite","@id":"https:\/\/www.booksofall.com\/id\/#website","url":"https:\/\/www.booksofall.com\/id\/","name":"BooksOfAll Indonesian","description":"Biggest IT eBooks library and learning resources - Free eBooks for programming, computing, artificial intelligence and more.","publisher":{"@id":"https:\/\/www.booksofall.com\/id\/#organization"},"potentialAction":[{"@type":"SearchAction","target":{"@type":"EntryPoint","urlTemplate":"https:\/\/www.booksofall.com\/id\/?s={search_term_string}"},"query-input":{"@type":"PropertyValueSpecification","valueRequired":true,"valueName":"search_term_string"}}],"inLanguage":"id"},{"@type":"Organization","@id":"https:\/\/www.booksofall.com\/id\/#organization","name":"BooksOfAll Indonesian","url":"https:\/\/www.booksofall.com\/id\/","logo":{"@type":"ImageObject","inLanguage":"id","@id":"https:\/\/www.booksofall.com\/id\/#\/schema\/logo\/image\/","url":"https:\/\/www.booksofall.com\/id\/wp-content\/uploads\/sites\/12\/2022\/06\/booksofall-logo-2.png","contentUrl":"https:\/\/www.booksofall.com\/id\/wp-content\/uploads\/sites\/12\/2022\/06\/booksofall-logo-2.png","width":166,"height":30,"caption":"BooksOfAll Indonesian"},"image":{"@id":"https:\/\/www.booksofall.com\/id\/#\/schema\/logo\/image\/"}}]}},"_links":{"self":[{"href":"https:\/\/www.booksofall.com\/id\/wp-json\/wp\/v2\/product\/15088","targetHints":{"allow":["GET"]}}],"collection":[{"href":"https:\/\/www.booksofall.com\/id\/wp-json\/wp\/v2\/product"}],"about":[{"href":"https:\/\/www.booksofall.com\/id\/wp-json\/wp\/v2\/types\/product"}],"wp:featuredmedia":[{"embeddable":true,"href":"https:\/\/www.booksofall.com\/id\/wp-json\/wp\/v2\/media\/15091"}],"wp:attachment":[{"href":"https:\/\/www.booksofall.com\/id\/wp-json\/wp\/v2\/media?parent=15088"}],"wp:term":[{"taxonomy":"product_brand","embeddable":true,"href":"https:\/\/www.booksofall.com\/id\/wp-json\/wp\/v2\/product_brand?post=15088"},{"taxonomy":"product_cat","embeddable":true,"href":"https:\/\/www.booksofall.com\/id\/wp-json\/wp\/v2\/product_cat?post=15088"},{"taxonomy":"product_tag","embeddable":true,"href":"https:\/\/www.booksofall.com\/id\/wp-json\/wp\/v2\/product_tag?post=15088"}],"curies":[{"name":"wp","href":"https:\/\/api.w.org\/{rel}","templated":true}]}}