{"id":14626,"date":"2022-07-19T08:19:25","date_gmt":"2022-07-19T08:19:25","guid":{"rendered":"https:\/\/www.booksofall.com\/id\/?post_type=product&#038;p=14626"},"modified":"2022-07-19T08:19:26","modified_gmt":"2022-07-19T08:19:26","slug":"espanol-y-cultura-en-perspectiva-balasch-vikis-rabin-and-sweet","status":"publish","type":"product","link":"https:\/\/www.booksofall.com\/id\/espanol-y-cultura-en-perspectiva-balasch-vikis-rabin-and-sweet\/","title":{"rendered":"Espa\u00f1ol y cultura en perspectiva (Balasch, Vikis, Rabin, and Sweet)"},"content":{"rendered":"<p>This text is disseminated via the Open Education Resource (OER) LibreTexts Project (https:\/\/LibreTexts.org) and like the hundreds of other texts available within this powerful platform, it is freely available for reading, printing and &#8220;consuming.&#8221; Most, but not all, pages in the library have licenses that may allow individuals to make changes, save, and print this book. Carefully consult the applicable license(s) before pursuing such effects.<\/p>\n<p>Instructors can adopt existing LibreTexts texts or Remix them to quickly build course-specific resources to meet the needs of their students. Unlike traditional textbooks, LibreTexts\u2019 web based origins allow powerful integration of advanced features and new technologies to support learning.<\/p>\n<p>The LibreTexts mission is to unite students, faculty and scholars in a cooperative effort to develop an easy-to-use online platform for the construction, customization, and dissemination of OER content to reduce the burdens of unreasonable textbook costs to our students and society. The LibreTexts project is a multi-institutional collaborative venture to develop the next generation of openaccess texts to improve postsecondary education at all levels of higher learning by developing an Open Access Resource environment. The project currently consists of 14 independently operating and interconnected libraries that are constantly being optimized by students, faculty, and outside experts to supplant conventional paper-based books. These free textbook alternatives are organized within a central environment that is both vertically (from advance to basic level) and horizontally (across different fields) integrated.<\/p>\n<p>El presente espacio virtual ofrece acceso libre a nueve lecciones originales orientadas a la ense\u00f1anza y enriquecimiento del espa\u00f1ol de estudiantes de nivel intermedio. Cada lecci\u00f3n consta de lecturas escritas en espa\u00f1ol y de actividades de corte comunicativo. En su totalidad, estos materiales -recursos educativos de acceso libre- invitan al razonamiento cr\u00edtico de ocho temas estrechamente ligados al mundo hispanoamericano.<\/p>\n<p>Docentes y estudiantes, en consonancia con el uso de recursos educativos de acceso libre que en ingl\u00e9s se identifican con las siglas de OER (open educational resources), son bienvenidos a beneficiarse de los materiales. M\u00e1s importante a\u00fan, desde estas l\u00edneas el llamado es a tomar las lecciones compartidas como punto de partida de esas discusiones que muchas veces enriquecen nuestras aulas, especialmente en el contexto estadounidense; es decir, donde el espa\u00f1ol es de a\u00f1eja presencia y vibrante naturaleza socioling\u00fc\u00edstica.<\/p>\n","protected":false},"excerpt":{"rendered":"<p><iframe frameborder=\"0\" allowtransparency=\"true\" allowFullscreen=\"true\" style=\"width: 100%; height: 700px; border: none;\" src=\"https:\/\/online.visual-paradigm.com\/share\/book\/espa-ol-y-cultura-en-perspectiva-balasch-vikis-rabin-and-sweet--10xrvlleur?enforceShowPromotionBar=true&#038;p=1\"><\/iframe><\/p>\n","protected":false},"featured_media":14629,"template":"","meta":{"_yoast_wpseo_title":"","_yoast_wpseo_metadesc":"The LibreTexts mission is to unite students, faculty and scholars in a cooperative effort to develop an easy-to-use online platform for the construction, customization, and dissemination of OER content to reduce the burdens of unreasonable textbook costs to our students and society."},"product_brand":[],"product_cat":[15,237],"product_tag":[],"class_list":{"0":"post-14626","1":"product","2":"type-product","3":"status-publish","4":"has-post-thumbnail","6":"product_cat-all","7":"product_cat-languages","9":"first","10":"instock","11":"shipping-taxable","12":"product-type-simple"},"yoast_head":"<!-- This site is optimized with the Yoast SEO plugin v27.1.1 - https:\/\/yoast.com\/product\/yoast-seo-wordpress\/ -->\n<title>Espa\u00f1ol y cultura en perspectiva (Balasch, Vikis, Rabin, and Sweet) - BooksOfAll Indonesian<\/title>\n<meta name=\"description\" content=\"The LibreTexts mission is to unite students, faculty and scholars in a cooperative effort to develop an easy-to-use online platform for the construction, customization, and dissemination of OER content to reduce the burdens of unreasonable textbook costs to our students and society.\" \/>\n<meta name=\"robots\" content=\"index, follow, max-snippet:-1, max-image-preview:large, max-video-preview:-1\" \/>\n<link rel=\"canonical\" href=\"https:\/\/www.booksofall.com\/id\/espanol-y-cultura-en-perspectiva-balasch-vikis-rabin-and-sweet\/\" \/>\n<meta property=\"og:locale\" content=\"id_ID\" \/>\n<meta property=\"og:type\" content=\"article\" \/>\n<meta property=\"og:title\" content=\"Espa\u00f1ol y cultura en perspectiva (Balasch, Vikis, Rabin, and Sweet) - BooksOfAll Indonesian\" \/>\n<meta property=\"og:description\" content=\"The LibreTexts mission is to unite students, faculty and scholars in a cooperative effort to develop an easy-to-use online platform for the construction, customization, and dissemination of OER content to reduce the burdens of unreasonable textbook costs to our students and society.\" \/>\n<meta property=\"og:url\" content=\"https:\/\/www.booksofall.com\/id\/espanol-y-cultura-en-perspectiva-balasch-vikis-rabin-and-sweet\/\" \/>\n<meta property=\"og:site_name\" content=\"BooksOfAll Indonesian\" \/>\n<meta property=\"article:modified_time\" content=\"2022-07-19T08:19:26+00:00\" \/>\n<meta property=\"og:image\" content=\"https:\/\/www.booksofall.com\/id\/wp-content\/uploads\/sites\/12\/2022\/07\/Espanol-y-cultura-en-perspectiva-Balasch-Vikis-Rabin-and-Sweet-07.png\" \/>\n<meta name=\"twitter:card\" content=\"summary_large_image\" \/>\n<meta name=\"twitter:image\" content=\"https:\/\/www.booksofall.com\/id\/wp-content\/uploads\/sites\/12\/2022\/07\/Espanol-y-cultura-en-perspectiva-Balasch-Vikis-Rabin-and-Sweet-07.png\" \/>\n<meta name=\"twitter:label1\" content=\"Estimasi waktu membaca\" \/>\n\t<meta name=\"twitter:data1\" content=\"2 menit\" \/>\n<script type=\"application\/ld+json\" class=\"yoast-schema-graph\">{\"@context\":\"https:\/\/schema.org\",\"@graph\":[{\"@type\":\"WebPage\",\"@id\":\"https:\/\/www.booksofall.com\/id\/espanol-y-cultura-en-perspectiva-balasch-vikis-rabin-and-sweet\/\",\"url\":\"https:\/\/www.booksofall.com\/id\/espanol-y-cultura-en-perspectiva-balasch-vikis-rabin-and-sweet\/\",\"name\":\"Espa\u00f1ol y cultura en perspectiva (Balasch, Vikis, Rabin, and Sweet) - BooksOfAll Indonesian\",\"isPartOf\":{\"@id\":\"https:\/\/www.booksofall.com\/id\/#website\"},\"primaryImageOfPage\":{\"@id\":\"https:\/\/www.booksofall.com\/id\/espanol-y-cultura-en-perspectiva-balasch-vikis-rabin-and-sweet\/#primaryimage\"},\"image\":{\"@id\":\"https:\/\/www.booksofall.com\/id\/espanol-y-cultura-en-perspectiva-balasch-vikis-rabin-and-sweet\/#primaryimage\"},\"thumbnailUrl\":\"https:\/\/www.booksofall.com\/id\/wp-content\/uploads\/sites\/12\/2022\/07\/Espanol-y-cultura-en-perspectiva-Balasch-Vikis-Rabin-and-Sweet-07.png\",\"datePublished\":\"2022-07-19T08:19:25+00:00\",\"dateModified\":\"2022-07-19T08:19:26+00:00\",\"description\":\"The LibreTexts mission is to unite students, faculty and scholars in a cooperative effort to develop an easy-to-use online platform for the construction, customization, and dissemination of OER content to reduce the burdens of unreasonable textbook costs to our students and society.\",\"breadcrumb\":{\"@id\":\"https:\/\/www.booksofall.com\/id\/espanol-y-cultura-en-perspectiva-balasch-vikis-rabin-and-sweet\/#breadcrumb\"},\"inLanguage\":\"id\",\"potentialAction\":[{\"@type\":\"ReadAction\",\"target\":[\"https:\/\/www.booksofall.com\/id\/espanol-y-cultura-en-perspectiva-balasch-vikis-rabin-and-sweet\/\"]}]},{\"@type\":\"ImageObject\",\"inLanguage\":\"id\",\"@id\":\"https:\/\/www.booksofall.com\/id\/espanol-y-cultura-en-perspectiva-balasch-vikis-rabin-and-sweet\/#primaryimage\",\"url\":\"https:\/\/www.booksofall.com\/id\/wp-content\/uploads\/sites\/12\/2022\/07\/Espanol-y-cultura-en-perspectiva-Balasch-Vikis-Rabin-and-Sweet-07.png\",\"contentUrl\":\"https:\/\/www.booksofall.com\/id\/wp-content\/uploads\/sites\/12\/2022\/07\/Espanol-y-cultura-en-perspectiva-Balasch-Vikis-Rabin-and-Sweet-07.png\",\"width\":\"597\",\"height\":\"844\",\"caption\":\"Espa\u00f1ol y cultura en perspectiva (Balasch, Vikis, Rabin, and Sweet)\"},{\"@type\":\"BreadcrumbList\",\"@id\":\"https:\/\/www.booksofall.com\/id\/espanol-y-cultura-en-perspectiva-balasch-vikis-rabin-and-sweet\/#breadcrumb\",\"itemListElement\":[{\"@type\":\"ListItem\",\"position\":1,\"name\":\"Home\",\"item\":\"https:\/\/www.booksofall.com\/id\/\"},{\"@type\":\"ListItem\",\"position\":2,\"name\":\"Categories\",\"item\":\"https:\/\/www.booksofall.com\/id\/categories\/\"},{\"@type\":\"ListItem\",\"position\":3,\"name\":\"Espa\u00f1ol y cultura en perspectiva (Balasch, Vikis, Rabin, and Sweet)\"}]},{\"@type\":\"WebSite\",\"@id\":\"https:\/\/www.booksofall.com\/id\/#website\",\"url\":\"https:\/\/www.booksofall.com\/id\/\",\"name\":\"BooksOfAll Indonesian\",\"description\":\"Biggest IT eBooks library and learning resources - Free eBooks for programming, computing, artificial intelligence and more.\",\"publisher\":{\"@id\":\"https:\/\/www.booksofall.com\/id\/#organization\"},\"potentialAction\":[{\"@type\":\"SearchAction\",\"target\":{\"@type\":\"EntryPoint\",\"urlTemplate\":\"https:\/\/www.booksofall.com\/id\/?s={search_term_string}\"},\"query-input\":{\"@type\":\"PropertyValueSpecification\",\"valueRequired\":true,\"valueName\":\"search_term_string\"}}],\"inLanguage\":\"id\"},{\"@type\":\"Organization\",\"@id\":\"https:\/\/www.booksofall.com\/id\/#organization\",\"name\":\"BooksOfAll Indonesian\",\"url\":\"https:\/\/www.booksofall.com\/id\/\",\"logo\":{\"@type\":\"ImageObject\",\"inLanguage\":\"id\",\"@id\":\"https:\/\/www.booksofall.com\/id\/#\/schema\/logo\/image\/\",\"url\":\"https:\/\/www.booksofall.com\/id\/wp-content\/uploads\/sites\/12\/2022\/06\/booksofall-logo-2.png\",\"contentUrl\":\"https:\/\/www.booksofall.com\/id\/wp-content\/uploads\/sites\/12\/2022\/06\/booksofall-logo-2.png\",\"width\":166,\"height\":30,\"caption\":\"BooksOfAll Indonesian\"},\"image\":{\"@id\":\"https:\/\/www.booksofall.com\/id\/#\/schema\/logo\/image\/\"}}]}<\/script>\n<!-- \/ Yoast SEO plugin. -->","yoast_head_json":{"title":"Espa\u00f1ol y cultura en perspectiva (Balasch, Vikis, Rabin, and Sweet) - BooksOfAll Indonesian","description":"The LibreTexts mission is to unite students, faculty and scholars in a cooperative effort to develop an easy-to-use online platform for the construction, customization, and dissemination of OER content to reduce the burdens of unreasonable textbook costs to our students and society.","robots":{"index":"index","follow":"follow","max-snippet":"max-snippet:-1","max-image-preview":"max-image-preview:large","max-video-preview":"max-video-preview:-1"},"canonical":"https:\/\/www.booksofall.com\/id\/espanol-y-cultura-en-perspectiva-balasch-vikis-rabin-and-sweet\/","og_locale":"id_ID","og_type":"article","og_title":"Espa\u00f1ol y cultura en perspectiva (Balasch, Vikis, Rabin, and Sweet) - BooksOfAll Indonesian","og_description":"The LibreTexts mission is to unite students, faculty and scholars in a cooperative effort to develop an easy-to-use online platform for the construction, customization, and dissemination of OER content to reduce the burdens of unreasonable textbook costs to our students and society.","og_url":"https:\/\/www.booksofall.com\/id\/espanol-y-cultura-en-perspectiva-balasch-vikis-rabin-and-sweet\/","og_site_name":"BooksOfAll Indonesian","article_modified_time":"2022-07-19T08:19:26+00:00","og_image":[{"url":"https:\/\/www.booksofall.com\/id\/wp-content\/uploads\/sites\/12\/2022\/07\/Espanol-y-cultura-en-perspectiva-Balasch-Vikis-Rabin-and-Sweet-07.png","type":"","width":"","height":""}],"twitter_card":"summary_large_image","twitter_image":"https:\/\/www.booksofall.com\/id\/wp-content\/uploads\/sites\/12\/2022\/07\/Espanol-y-cultura-en-perspectiva-Balasch-Vikis-Rabin-and-Sweet-07.png","twitter_misc":{"Estimasi waktu membaca":"2 menit"},"schema":{"@context":"https:\/\/schema.org","@graph":[{"@type":"WebPage","@id":"https:\/\/www.booksofall.com\/id\/espanol-y-cultura-en-perspectiva-balasch-vikis-rabin-and-sweet\/","url":"https:\/\/www.booksofall.com\/id\/espanol-y-cultura-en-perspectiva-balasch-vikis-rabin-and-sweet\/","name":"Espa\u00f1ol y cultura en perspectiva (Balasch, Vikis, Rabin, and Sweet) - BooksOfAll Indonesian","isPartOf":{"@id":"https:\/\/www.booksofall.com\/id\/#website"},"primaryImageOfPage":{"@id":"https:\/\/www.booksofall.com\/id\/espanol-y-cultura-en-perspectiva-balasch-vikis-rabin-and-sweet\/#primaryimage"},"image":{"@id":"https:\/\/www.booksofall.com\/id\/espanol-y-cultura-en-perspectiva-balasch-vikis-rabin-and-sweet\/#primaryimage"},"thumbnailUrl":"https:\/\/www.booksofall.com\/id\/wp-content\/uploads\/sites\/12\/2022\/07\/Espanol-y-cultura-en-perspectiva-Balasch-Vikis-Rabin-and-Sweet-07.png","datePublished":"2022-07-19T08:19:25+00:00","dateModified":"2022-07-19T08:19:26+00:00","description":"The LibreTexts mission is to unite students, faculty and scholars in a cooperative effort to develop an easy-to-use online platform for the construction, customization, and dissemination of OER content to reduce the burdens of unreasonable textbook costs to our students and society.","breadcrumb":{"@id":"https:\/\/www.booksofall.com\/id\/espanol-y-cultura-en-perspectiva-balasch-vikis-rabin-and-sweet\/#breadcrumb"},"inLanguage":"id","potentialAction":[{"@type":"ReadAction","target":["https:\/\/www.booksofall.com\/id\/espanol-y-cultura-en-perspectiva-balasch-vikis-rabin-and-sweet\/"]}]},{"@type":"ImageObject","inLanguage":"id","@id":"https:\/\/www.booksofall.com\/id\/espanol-y-cultura-en-perspectiva-balasch-vikis-rabin-and-sweet\/#primaryimage","url":"https:\/\/www.booksofall.com\/id\/wp-content\/uploads\/sites\/12\/2022\/07\/Espanol-y-cultura-en-perspectiva-Balasch-Vikis-Rabin-and-Sweet-07.png","contentUrl":"https:\/\/www.booksofall.com\/id\/wp-content\/uploads\/sites\/12\/2022\/07\/Espanol-y-cultura-en-perspectiva-Balasch-Vikis-Rabin-and-Sweet-07.png","width":"597","height":"844","caption":"Espa\u00f1ol y cultura en perspectiva (Balasch, Vikis, Rabin, and Sweet)"},{"@type":"BreadcrumbList","@id":"https:\/\/www.booksofall.com\/id\/espanol-y-cultura-en-perspectiva-balasch-vikis-rabin-and-sweet\/#breadcrumb","itemListElement":[{"@type":"ListItem","position":1,"name":"Home","item":"https:\/\/www.booksofall.com\/id\/"},{"@type":"ListItem","position":2,"name":"Categories","item":"https:\/\/www.booksofall.com\/id\/categories\/"},{"@type":"ListItem","position":3,"name":"Espa\u00f1ol y cultura en perspectiva (Balasch, Vikis, Rabin, and Sweet)"}]},{"@type":"WebSite","@id":"https:\/\/www.booksofall.com\/id\/#website","url":"https:\/\/www.booksofall.com\/id\/","name":"BooksOfAll Indonesian","description":"Biggest IT eBooks library and learning resources - Free eBooks for programming, computing, artificial intelligence and more.","publisher":{"@id":"https:\/\/www.booksofall.com\/id\/#organization"},"potentialAction":[{"@type":"SearchAction","target":{"@type":"EntryPoint","urlTemplate":"https:\/\/www.booksofall.com\/id\/?s={search_term_string}"},"query-input":{"@type":"PropertyValueSpecification","valueRequired":true,"valueName":"search_term_string"}}],"inLanguage":"id"},{"@type":"Organization","@id":"https:\/\/www.booksofall.com\/id\/#organization","name":"BooksOfAll Indonesian","url":"https:\/\/www.booksofall.com\/id\/","logo":{"@type":"ImageObject","inLanguage":"id","@id":"https:\/\/www.booksofall.com\/id\/#\/schema\/logo\/image\/","url":"https:\/\/www.booksofall.com\/id\/wp-content\/uploads\/sites\/12\/2022\/06\/booksofall-logo-2.png","contentUrl":"https:\/\/www.booksofall.com\/id\/wp-content\/uploads\/sites\/12\/2022\/06\/booksofall-logo-2.png","width":166,"height":30,"caption":"BooksOfAll Indonesian"},"image":{"@id":"https:\/\/www.booksofall.com\/id\/#\/schema\/logo\/image\/"}}]}},"_links":{"self":[{"href":"https:\/\/www.booksofall.com\/id\/wp-json\/wp\/v2\/product\/14626","targetHints":{"allow":["GET"]}}],"collection":[{"href":"https:\/\/www.booksofall.com\/id\/wp-json\/wp\/v2\/product"}],"about":[{"href":"https:\/\/www.booksofall.com\/id\/wp-json\/wp\/v2\/types\/product"}],"wp:featuredmedia":[{"embeddable":true,"href":"https:\/\/www.booksofall.com\/id\/wp-json\/wp\/v2\/media\/14629"}],"wp:attachment":[{"href":"https:\/\/www.booksofall.com\/id\/wp-json\/wp\/v2\/media?parent=14626"}],"wp:term":[{"taxonomy":"product_brand","embeddable":true,"href":"https:\/\/www.booksofall.com\/id\/wp-json\/wp\/v2\/product_brand?post=14626"},{"taxonomy":"product_cat","embeddable":true,"href":"https:\/\/www.booksofall.com\/id\/wp-json\/wp\/v2\/product_cat?post=14626"},{"taxonomy":"product_tag","embeddable":true,"href":"https:\/\/www.booksofall.com\/id\/wp-json\/wp\/v2\/product_tag?post=14626"}],"curies":[{"name":"wp","href":"https:\/\/api.w.org\/{rel}","templated":true}]}}