{"id":14508,"date":"2022-07-19T04:03:35","date_gmt":"2022-07-19T04:03:35","guid":{"rendered":"https:\/\/www.booksofall.com\/id\/?post_type=product&#038;p=14508"},"modified":"2022-07-19T04:12:38","modified_gmt":"2022-07-19T04:12:38","slug":"slovak-painting-in-the-era-of-art-nouveau","status":"publish","type":"product","link":"https:\/\/www.booksofall.com\/id\/slovak-painting-in-the-era-of-art-nouveau\/","title":{"rendered":"Slovak painting in the era of Art Nouveau"},"content":{"rendered":"<p><strong>This week&#8217;s guest post for our Art Nouveau season comes from Luk\u00e1\u0161 \u0160tepanovsk\u00fd of the Slovak National Gallery in Bratislava.<\/strong><\/p>\n<p>The regional variations of Art Nouveau, known as Sezession in Slovak, around Europe were marked and diverse.<\/p>\n<p>At that time, the territory of today&#8217;s Slovakia was part of the Austro-Hungarian Empire. Despite being a crossroads of cultures in a geographical sense, Austria-Hungary had a very provincial political status and an underdeveloped art school tradition.<\/p>\n<p>Europe\u2019s principal art academies were situated in cities like Prague, Munich and Paris, and many talented Slovak artists chose to stay on after their studies, such as\u00a0<a href=\"https:\/\/en.wikipedia.org\/wiki\/Viktor_Oskar_Tilgner\">Viktor Oskar Tilgner<\/a>\u00a0in Vienna and\u00a0<a href=\"https:\/\/en.wikipedia.org\/wiki\/Alajos_Str%5B%1$s:C3%5DB3bl\">Alojz Str\u00f3bl<\/a>\u00a0in Budapest.<\/p>\n<p>The Slovak towns Pressburg (today&#8217;s Bratislava), Kom\u00e1rno, Detva and Ko\u0161ice represented regional artistic hubs, centred around private art schools like the Karol Harmos school in Kom\u00e1rno, and artistic groups like the\u00a0<em>Pressburger Kunstverein<\/em>, which brought European influences to the local art scene.<\/p>\n<p>The wider adoption of Art Nouveau, however, was hindered by the conservative tastes of the Slovak public, who preferred more traditional 19th century styles.<\/p>\n<p>Art Nouveau in Slovak art was characterised by subtle stylistic elements taken from Impressionism, Symbolism and Luminism. Beyond its influence on colour and tone, light was often used as a decorative and thematic element in itself, creating less representational and more mystical works.<\/p>\n<p>The contemporary fascination with\u00a0<a href=\"https:\/\/en.wikipedia.org\/wiki\/Theosophy\">Theosophy<\/a>\u00a0resulted in many artworks containing melancholic figures lost in thought, focused on their inner world. Landscapes sometimes used unusual colour hues and strange weather effects to create peculiar, otherworldly atmospheres, as in Ladislav Medny\u00e1nszky\u2019s\u00a0<em>Praying over the Grave<\/em>\u00a0from around 1895.<\/p>\n<p>Medny\u00e1nszky (1852-1919) was one of the most important and prolific Slovak masters working at the turn of the century. He combined diverse European art influences with an interest in Eastern philosophy and a particular empathy for his subjects. Although an avid painter of native realist subjects, such as poverty and disease, Medny\u00e1nszky also sought to convey the inner worlds of his characters.<\/p>\n<p>Martin Benka (1888-1971), called \u201cthe alchemist of Slovak beauty\u201d by his contemporaries, was the founder of a nationally oriented school of painting.<\/p>\n<p>Before becoming a well-known figure on the Slovak art scene, Benka studied under the Czech artist Alois Kalvoda and inherited some of his teacher&#8217;s inclination towards Art Nouveau and Impressionist styles. Benka\u2019s atmospheric and unusually coloured early landscapes were complemented by scenes of Slovak folk interiors.<\/p>\n<p>In these almost cozy works we can see a hint of Art Nouveau arabesque and a &#8220;calligraphic&#8221; gesture, indicating a fascination with the folklore, which stayed with the artist well into his later endeavours.<\/p>\n<p>Kon\u0161tant\u00edn K\u00f6v\u00e1ri-Ka\u010dmarik (1882-1916) was a singular artist who diligently worked to advance Art Nouveau forward in Ko\u0161ice, before the city became an interwar centre of Slovak Modernism. His views of the city\u2019s streets, corners and courtyards used light and colour as decorative elements.<\/p>\n<p>K\u00f6v\u00e1ri-Ka\u010dmarik\u2019s art represents a bridge between Art Nouveau and Symbolism, and his work was crucial to the later development of Slovak Modernism.<\/p>\n<p>Anton Jasusch (1882-1965) also worked in Ko\u0161ice and employed elements of Art Nouveau style in the period before the outbreak of the First World War. After being drafted into the army, injured on the eastern front and captured, Jasusch was cut off from the mainstream of European art trends.<\/p>\n<p>On returning home, Jasusch retreated into isolation and produced the series of large canvases which are today seen as his masterpieces. Channelling his war trauma into apocalyptic visions of swirling colour and world-crushing momentum, Jasusch elevated his gestural detail and vibrant hues above mere decoration. These intensely dynamic and almost Futurist compositions have no equivalent in Slovak art before or since.<\/p>\n<p>If you enjoyed this post, why not check out our\u00a0<a href=\"http:\/\/www.europeana.eu\/portal\/en\/exhibitions\/art-nouveau-a-universal-style\">Art Nouveau exhibition<\/a>\u00a0too?<\/p>\n","protected":false},"excerpt":{"rendered":"<p><iframe style=\"width: 100%; height: 750px; border: none;\" src=\"https:\/\/online.visual-paradigm.com\/share\/book\/slovak-painting-in-the-era-of-art-nouveau-10xlnm0059?p=1\" frameborder=\"0\" allowfullscreen=\"allowfullscreen\"><\/iframe><\/p>\n","protected":false},"featured_media":14515,"template":"","meta":{"_yoast_wpseo_title":"","_yoast_wpseo_metadesc":"You can share the best ideas and insights with flipbooks like this one just few clicks your can share on social media. Try Visual Paradigm now!"},"product_brand":[],"product_cat":[15,167],"product_tag":[],"class_list":{"0":"post-14508","1":"product","2":"type-product","3":"status-publish","4":"has-post-thumbnail","6":"product_cat-all","7":"product_cat-arts-entertainment","9":"first","10":"instock","11":"shipping-taxable","12":"product-type-simple"},"yoast_head":"<!-- This site is optimized with the Yoast SEO plugin v27.1.1 - https:\/\/yoast.com\/product\/yoast-seo-wordpress\/ -->\n<title>Slovak painting in the era of Art Nouveau - BooksOfAll Indonesian<\/title>\n<meta name=\"description\" content=\"You can share the best ideas and insights with flipbooks like this one just few clicks your can share on social media. Try Visual Paradigm now!\" \/>\n<meta name=\"robots\" content=\"index, follow, max-snippet:-1, max-image-preview:large, max-video-preview:-1\" \/>\n<link rel=\"canonical\" href=\"https:\/\/www.booksofall.com\/id\/slovak-painting-in-the-era-of-art-nouveau\/\" \/>\n<meta property=\"og:locale\" content=\"id_ID\" \/>\n<meta property=\"og:type\" content=\"article\" \/>\n<meta property=\"og:title\" content=\"Slovak painting in the era of Art Nouveau - BooksOfAll Indonesian\" \/>\n<meta property=\"og:description\" content=\"You can share the best ideas and insights with flipbooks like this one just few clicks your can share on social media. Try Visual Paradigm now!\" \/>\n<meta property=\"og:url\" content=\"https:\/\/www.booksofall.com\/id\/slovak-painting-in-the-era-of-art-nouveau\/\" \/>\n<meta property=\"og:site_name\" content=\"BooksOfAll Indonesian\" \/>\n<meta property=\"article:modified_time\" content=\"2022-07-19T04:12:38+00:00\" \/>\n<meta property=\"og:image\" content=\"https:\/\/www.booksofall.com\/id\/wp-content\/uploads\/sites\/12\/2022\/07\/Slovak-painting-in-the-era-of-Art-Nouveau-01.png\" \/>\n<meta name=\"twitter:card\" content=\"summary_large_image\" \/>\n<meta name=\"twitter:image\" content=\"https:\/\/www.booksofall.com\/id\/wp-content\/uploads\/sites\/12\/2022\/07\/Slovak-painting-in-the-era-of-Art-Nouveau-01.png\" \/>\n<meta name=\"twitter:label1\" content=\"Estimasi waktu membaca\" \/>\n\t<meta name=\"twitter:data1\" content=\"3 menit\" \/>\n<script type=\"application\/ld+json\" class=\"yoast-schema-graph\">{\"@context\":\"https:\/\/schema.org\",\"@graph\":[{\"@type\":\"WebPage\",\"@id\":\"https:\/\/www.booksofall.com\/id\/slovak-painting-in-the-era-of-art-nouveau\/\",\"url\":\"https:\/\/www.booksofall.com\/id\/slovak-painting-in-the-era-of-art-nouveau\/\",\"name\":\"Slovak painting in the era of Art Nouveau - BooksOfAll Indonesian\",\"isPartOf\":{\"@id\":\"https:\/\/www.booksofall.com\/id\/#website\"},\"primaryImageOfPage\":{\"@id\":\"https:\/\/www.booksofall.com\/id\/slovak-painting-in-the-era-of-art-nouveau\/#primaryimage\"},\"image\":{\"@id\":\"https:\/\/www.booksofall.com\/id\/slovak-painting-in-the-era-of-art-nouveau\/#primaryimage\"},\"thumbnailUrl\":\"https:\/\/www.booksofall.com\/id\/wp-content\/uploads\/sites\/12\/2022\/07\/Slovak-painting-in-the-era-of-Art-Nouveau-01.png\",\"datePublished\":\"2022-07-19T04:03:35+00:00\",\"dateModified\":\"2022-07-19T04:12:38+00:00\",\"description\":\"You can share the best ideas and insights with flipbooks like this one just few clicks your can share on social media. Try Visual Paradigm now!\",\"breadcrumb\":{\"@id\":\"https:\/\/www.booksofall.com\/id\/slovak-painting-in-the-era-of-art-nouveau\/#breadcrumb\"},\"inLanguage\":\"id\",\"potentialAction\":[{\"@type\":\"ReadAction\",\"target\":[\"https:\/\/www.booksofall.com\/id\/slovak-painting-in-the-era-of-art-nouveau\/\"]}]},{\"@type\":\"ImageObject\",\"inLanguage\":\"id\",\"@id\":\"https:\/\/www.booksofall.com\/id\/slovak-painting-in-the-era-of-art-nouveau\/#primaryimage\",\"url\":\"https:\/\/www.booksofall.com\/id\/wp-content\/uploads\/sites\/12\/2022\/07\/Slovak-painting-in-the-era-of-Art-Nouveau-01.png\",\"contentUrl\":\"https:\/\/www.booksofall.com\/id\/wp-content\/uploads\/sites\/12\/2022\/07\/Slovak-painting-in-the-era-of-Art-Nouveau-01.png\",\"width\":\"596\",\"height\":\"842\"},{\"@type\":\"BreadcrumbList\",\"@id\":\"https:\/\/www.booksofall.com\/id\/slovak-painting-in-the-era-of-art-nouveau\/#breadcrumb\",\"itemListElement\":[{\"@type\":\"ListItem\",\"position\":1,\"name\":\"Home\",\"item\":\"https:\/\/www.booksofall.com\/id\/\"},{\"@type\":\"ListItem\",\"position\":2,\"name\":\"Categories\",\"item\":\"https:\/\/www.booksofall.com\/id\/categories\/\"},{\"@type\":\"ListItem\",\"position\":3,\"name\":\"Slovak painting in the era of Art Nouveau\"}]},{\"@type\":\"WebSite\",\"@id\":\"https:\/\/www.booksofall.com\/id\/#website\",\"url\":\"https:\/\/www.booksofall.com\/id\/\",\"name\":\"BooksOfAll Indonesian\",\"description\":\"Biggest IT eBooks library and learning resources - Free eBooks for programming, computing, artificial intelligence and more.\",\"publisher\":{\"@id\":\"https:\/\/www.booksofall.com\/id\/#organization\"},\"potentialAction\":[{\"@type\":\"SearchAction\",\"target\":{\"@type\":\"EntryPoint\",\"urlTemplate\":\"https:\/\/www.booksofall.com\/id\/?s={search_term_string}\"},\"query-input\":{\"@type\":\"PropertyValueSpecification\",\"valueRequired\":true,\"valueName\":\"search_term_string\"}}],\"inLanguage\":\"id\"},{\"@type\":\"Organization\",\"@id\":\"https:\/\/www.booksofall.com\/id\/#organization\",\"name\":\"BooksOfAll Indonesian\",\"url\":\"https:\/\/www.booksofall.com\/id\/\",\"logo\":{\"@type\":\"ImageObject\",\"inLanguage\":\"id\",\"@id\":\"https:\/\/www.booksofall.com\/id\/#\/schema\/logo\/image\/\",\"url\":\"https:\/\/www.booksofall.com\/id\/wp-content\/uploads\/sites\/12\/2022\/06\/booksofall-logo-2.png\",\"contentUrl\":\"https:\/\/www.booksofall.com\/id\/wp-content\/uploads\/sites\/12\/2022\/06\/booksofall-logo-2.png\",\"width\":166,\"height\":30,\"caption\":\"BooksOfAll Indonesian\"},\"image\":{\"@id\":\"https:\/\/www.booksofall.com\/id\/#\/schema\/logo\/image\/\"}}]}<\/script>\n<!-- \/ Yoast SEO plugin. -->","yoast_head_json":{"title":"Slovak painting in the era of Art Nouveau - BooksOfAll Indonesian","description":"You can share the best ideas and insights with flipbooks like this one just few clicks your can share on social media. Try Visual Paradigm now!","robots":{"index":"index","follow":"follow","max-snippet":"max-snippet:-1","max-image-preview":"max-image-preview:large","max-video-preview":"max-video-preview:-1"},"canonical":"https:\/\/www.booksofall.com\/id\/slovak-painting-in-the-era-of-art-nouveau\/","og_locale":"id_ID","og_type":"article","og_title":"Slovak painting in the era of Art Nouveau - BooksOfAll Indonesian","og_description":"You can share the best ideas and insights with flipbooks like this one just few clicks your can share on social media. Try Visual Paradigm now!","og_url":"https:\/\/www.booksofall.com\/id\/slovak-painting-in-the-era-of-art-nouveau\/","og_site_name":"BooksOfAll Indonesian","article_modified_time":"2022-07-19T04:12:38+00:00","og_image":[{"url":"https:\/\/www.booksofall.com\/id\/wp-content\/uploads\/sites\/12\/2022\/07\/Slovak-painting-in-the-era-of-Art-Nouveau-01.png","type":"","width":"","height":""}],"twitter_card":"summary_large_image","twitter_image":"https:\/\/www.booksofall.com\/id\/wp-content\/uploads\/sites\/12\/2022\/07\/Slovak-painting-in-the-era-of-Art-Nouveau-01.png","twitter_misc":{"Estimasi waktu membaca":"3 menit"},"schema":{"@context":"https:\/\/schema.org","@graph":[{"@type":"WebPage","@id":"https:\/\/www.booksofall.com\/id\/slovak-painting-in-the-era-of-art-nouveau\/","url":"https:\/\/www.booksofall.com\/id\/slovak-painting-in-the-era-of-art-nouveau\/","name":"Slovak painting in the era of Art Nouveau - BooksOfAll Indonesian","isPartOf":{"@id":"https:\/\/www.booksofall.com\/id\/#website"},"primaryImageOfPage":{"@id":"https:\/\/www.booksofall.com\/id\/slovak-painting-in-the-era-of-art-nouveau\/#primaryimage"},"image":{"@id":"https:\/\/www.booksofall.com\/id\/slovak-painting-in-the-era-of-art-nouveau\/#primaryimage"},"thumbnailUrl":"https:\/\/www.booksofall.com\/id\/wp-content\/uploads\/sites\/12\/2022\/07\/Slovak-painting-in-the-era-of-Art-Nouveau-01.png","datePublished":"2022-07-19T04:03:35+00:00","dateModified":"2022-07-19T04:12:38+00:00","description":"You can share the best ideas and insights with flipbooks like this one just few clicks your can share on social media. Try Visual Paradigm now!","breadcrumb":{"@id":"https:\/\/www.booksofall.com\/id\/slovak-painting-in-the-era-of-art-nouveau\/#breadcrumb"},"inLanguage":"id","potentialAction":[{"@type":"ReadAction","target":["https:\/\/www.booksofall.com\/id\/slovak-painting-in-the-era-of-art-nouveau\/"]}]},{"@type":"ImageObject","inLanguage":"id","@id":"https:\/\/www.booksofall.com\/id\/slovak-painting-in-the-era-of-art-nouveau\/#primaryimage","url":"https:\/\/www.booksofall.com\/id\/wp-content\/uploads\/sites\/12\/2022\/07\/Slovak-painting-in-the-era-of-Art-Nouveau-01.png","contentUrl":"https:\/\/www.booksofall.com\/id\/wp-content\/uploads\/sites\/12\/2022\/07\/Slovak-painting-in-the-era-of-Art-Nouveau-01.png","width":"596","height":"842"},{"@type":"BreadcrumbList","@id":"https:\/\/www.booksofall.com\/id\/slovak-painting-in-the-era-of-art-nouveau\/#breadcrumb","itemListElement":[{"@type":"ListItem","position":1,"name":"Home","item":"https:\/\/www.booksofall.com\/id\/"},{"@type":"ListItem","position":2,"name":"Categories","item":"https:\/\/www.booksofall.com\/id\/categories\/"},{"@type":"ListItem","position":3,"name":"Slovak painting in the era of Art Nouveau"}]},{"@type":"WebSite","@id":"https:\/\/www.booksofall.com\/id\/#website","url":"https:\/\/www.booksofall.com\/id\/","name":"BooksOfAll Indonesian","description":"Biggest IT eBooks library and learning resources - Free eBooks for programming, computing, artificial intelligence and more.","publisher":{"@id":"https:\/\/www.booksofall.com\/id\/#organization"},"potentialAction":[{"@type":"SearchAction","target":{"@type":"EntryPoint","urlTemplate":"https:\/\/www.booksofall.com\/id\/?s={search_term_string}"},"query-input":{"@type":"PropertyValueSpecification","valueRequired":true,"valueName":"search_term_string"}}],"inLanguage":"id"},{"@type":"Organization","@id":"https:\/\/www.booksofall.com\/id\/#organization","name":"BooksOfAll Indonesian","url":"https:\/\/www.booksofall.com\/id\/","logo":{"@type":"ImageObject","inLanguage":"id","@id":"https:\/\/www.booksofall.com\/id\/#\/schema\/logo\/image\/","url":"https:\/\/www.booksofall.com\/id\/wp-content\/uploads\/sites\/12\/2022\/06\/booksofall-logo-2.png","contentUrl":"https:\/\/www.booksofall.com\/id\/wp-content\/uploads\/sites\/12\/2022\/06\/booksofall-logo-2.png","width":166,"height":30,"caption":"BooksOfAll Indonesian"},"image":{"@id":"https:\/\/www.booksofall.com\/id\/#\/schema\/logo\/image\/"}}]}},"_links":{"self":[{"href":"https:\/\/www.booksofall.com\/id\/wp-json\/wp\/v2\/product\/14508","targetHints":{"allow":["GET"]}}],"collection":[{"href":"https:\/\/www.booksofall.com\/id\/wp-json\/wp\/v2\/product"}],"about":[{"href":"https:\/\/www.booksofall.com\/id\/wp-json\/wp\/v2\/types\/product"}],"wp:featuredmedia":[{"embeddable":true,"href":"https:\/\/www.booksofall.com\/id\/wp-json\/wp\/v2\/media\/14515"}],"wp:attachment":[{"href":"https:\/\/www.booksofall.com\/id\/wp-json\/wp\/v2\/media?parent=14508"}],"wp:term":[{"taxonomy":"product_brand","embeddable":true,"href":"https:\/\/www.booksofall.com\/id\/wp-json\/wp\/v2\/product_brand?post=14508"},{"taxonomy":"product_cat","embeddable":true,"href":"https:\/\/www.booksofall.com\/id\/wp-json\/wp\/v2\/product_cat?post=14508"},{"taxonomy":"product_tag","embeddable":true,"href":"https:\/\/www.booksofall.com\/id\/wp-json\/wp\/v2\/product_tag?post=14508"}],"curies":[{"name":"wp","href":"https:\/\/api.w.org\/{rel}","templated":true}]}}