{"id":15073,"date":"2022-07-21T04:17:21","date_gmt":"2022-07-21T04:17:21","guid":{"rendered":"https:\/\/www.booksofall.com\/es\/?post_type=product&#038;p=15073"},"modified":"2022-07-21T04:17:22","modified_gmt":"2022-07-21T04:17:22","slug":"arban-expansion-pack-trumpet-classic-exercises-adapted-for-todays-musician-stock","status":"publish","type":"product","link":"https:\/\/www.booksofall.com\/es\/arban-expansion-pack-trumpet-classic-exercises-adapted-for-todays-musician-stock\/","title":{"rendered":"Arban Expansion Pack Trumpet Classic Exercises Adapted for Today&#8217;s Musician (Stock)"},"content":{"rendered":"<p>Matt Stock received his undergraduate degree at the <a href=\"https:\/\/www.uark.edu\/\" target=\"_blank\" rel=\"noopener\">University of Arkansas in Fayetteville<\/a> and his education playing <a href=\"https:\/\/en.wikipedia.org\/wiki\/Trumpet\" target=\"_blank\" rel=\"noopener\">trumpet<\/a> with a popular dance band in the area. After completing a Masters of Music degree in Musicology and a Master of Library Science at the <a href=\"https:\/\/www.unt.edu\/\" target=\"_blank\" rel=\"noopener\">University of North Texas<\/a> he spent several years at the Lewisville Public Library (Texas) as the Adult Services Supervisor. Joining the University of Oklahoma Libraries as Fine &amp; Applied Arts Librarian in 2004, he currently holds the rank of Associate Professor and serves as the liaison to the College of Fine Arts and the College of Architecture. He holds a Doctor of Musical Arts degree in Trumpet Performance from OU and continues to perform in the <a href=\"https:\/\/www.britannica.com\/place\/Oklahoma-City\" target=\"_blank\" rel=\"noopener\">Oklahoma City<\/a> area. His research has appeared in both library science and music journals and he has presented at the International Trumpet Guild\u2019s annual conference.<\/p>\n<p>First published circa 1859 Jean-Baptiste Arban\u2019s Grande m\u00e9thode compl\u00e8te pour cornet \u00e0 pistons et de saxhorn is an integral part of the practice routines of trumpeters around the globe. The First Studies, which stress an even tone and attack in the middle register are among the most frequently assigned exercises in our studies. This book expands on Arban\u2019s work by presenting these exercises in tonal patterns that we frequently encounter in music of the twentieth and twenty-first centuries. Although the initial inspiration for this project was second-hand accounts that several of William Adam\u2019s well-known students practice Arban\u2019s exercises in various modalities, I make no claim that these variations are the exercises they do. These are simply my own application of the same concept. Courtesy accidentals have been deliberately omitted. While they may help with the initial reading of an exercise, in my own practice I came to realize that there are more benefits in learning to truly hear the pattern rather than relying on courtesy accidentals to remind me which valve to push. At first glance this may seem to be an overwhelming amount of material. Please remember that there are only two whole-tone and three diminished scales. Once their sound is learned it is simply a matter of applying the new sound to the familiar exercise. It is advisable to play the original version of an exercise as well as the alteration to serve as a reference point for tone quality, articulation, and fluency.<\/p>\n","protected":false},"excerpt":{"rendered":"<p><iframe frameborder=\"0\" allowtransparency=\"true\" allowFullscreen=\"true\" style=\"width: 100%; height: 700px; border: none;\" src=\"https:\/\/online.visual-paradigm.com\/share\/book\/arban-expansion-pack-trumpet-classic-exercises-adapted-for-today-s-musician-stock--110cmszb2e?enforceShowPromotionBar=true&#038;p=1\"><\/iframe><\/p>\n","protected":false},"featured_media":15076,"template":"","meta":{"_yoast_wpseo_title":"","_yoast_wpseo_metadesc":"First published circa 1859 Jean-Baptiste Arban\u2019s Grande m\u00e9thode compl\u00e8te pour cornet \u00e0 pistons et de saxhorn is an integral part of the practice routines of trumpeters around the globe."},"product_brand":[],"product_cat":[15,167],"product_tag":[],"class_list":{"0":"post-15073","1":"product","2":"type-product","3":"status-publish","4":"has-post-thumbnail","6":"product_cat-all","7":"product_cat-arts-entertainment","9":"first","10":"instock","11":"shipping-taxable","12":"product-type-simple"},"yoast_head":"<!-- This site is optimized with the Yoast SEO plugin v27.1.1 - https:\/\/yoast.com\/product\/yoast-seo-wordpress\/ -->\n<title>Arban Expansion Pack Trumpet Classic Exercises Adapted for Today&#039;s Musician (Stock) - BooksOfAll Spanish<\/title>\n<meta name=\"description\" content=\"First published circa 1859 Jean-Baptiste Arban\u2019s Grande m\u00e9thode compl\u00e8te pour cornet \u00e0 pistons et de saxhorn is an integral part of the practice routines of trumpeters around the globe.\" \/>\n<meta name=\"robots\" content=\"index, follow, max-snippet:-1, max-image-preview:large, max-video-preview:-1\" \/>\n<link rel=\"canonical\" href=\"https:\/\/www.booksofall.com\/es\/arban-expansion-pack-trumpet-classic-exercises-adapted-for-todays-musician-stock\/\" \/>\n<meta property=\"og:locale\" content=\"es_ES\" \/>\n<meta property=\"og:type\" content=\"article\" \/>\n<meta property=\"og:title\" content=\"Arban Expansion Pack Trumpet Classic Exercises Adapted for Today&#039;s Musician (Stock) - BooksOfAll Spanish\" \/>\n<meta property=\"og:description\" content=\"First published circa 1859 Jean-Baptiste Arban\u2019s Grande m\u00e9thode compl\u00e8te pour cornet \u00e0 pistons et de saxhorn is an integral part of the practice routines of trumpeters around the globe.\" \/>\n<meta property=\"og:url\" content=\"https:\/\/www.booksofall.com\/es\/arban-expansion-pack-trumpet-classic-exercises-adapted-for-todays-musician-stock\/\" \/>\n<meta property=\"og:site_name\" content=\"BooksOfAll Spanish\" \/>\n<meta property=\"article:modified_time\" content=\"2022-07-21T04:17:22+00:00\" \/>\n<meta property=\"og:image\" content=\"https:\/\/www.booksofall.com\/es\/wp-content\/uploads\/sites\/5\/2022\/07\/Arban-Expansion-Pack-Trumpet-Classic-Exercises-Adapted-for-Todays-Musician-Stock-07.png\" \/>\n<meta name=\"twitter:card\" content=\"summary_large_image\" \/>\n<meta name=\"twitter:image\" content=\"https:\/\/www.booksofall.com\/es\/wp-content\/uploads\/sites\/5\/2022\/07\/Arban-Expansion-Pack-Trumpet-Classic-Exercises-Adapted-for-Todays-Musician-Stock-07.png\" \/>\n<meta name=\"twitter:label1\" content=\"Tiempo de lectura\" \/>\n\t<meta name=\"twitter:data1\" content=\"2 minutos\" \/>\n<script type=\"application\/ld+json\" class=\"yoast-schema-graph\">{\"@context\":\"https:\/\/schema.org\",\"@graph\":[{\"@type\":\"WebPage\",\"@id\":\"https:\/\/www.booksofall.com\/es\/arban-expansion-pack-trumpet-classic-exercises-adapted-for-todays-musician-stock\/\",\"url\":\"https:\/\/www.booksofall.com\/es\/arban-expansion-pack-trumpet-classic-exercises-adapted-for-todays-musician-stock\/\",\"name\":\"Arban Expansion Pack Trumpet Classic Exercises Adapted for Today's Musician (Stock) - BooksOfAll Spanish\",\"isPartOf\":{\"@id\":\"https:\/\/www.booksofall.com\/es\/#website\"},\"primaryImageOfPage\":{\"@id\":\"https:\/\/www.booksofall.com\/es\/arban-expansion-pack-trumpet-classic-exercises-adapted-for-todays-musician-stock\/#primaryimage\"},\"image\":{\"@id\":\"https:\/\/www.booksofall.com\/es\/arban-expansion-pack-trumpet-classic-exercises-adapted-for-todays-musician-stock\/#primaryimage\"},\"thumbnailUrl\":\"https:\/\/www.booksofall.com\/es\/wp-content\/uploads\/sites\/5\/2022\/07\/Arban-Expansion-Pack-Trumpet-Classic-Exercises-Adapted-for-Todays-Musician-Stock-07.png\",\"datePublished\":\"2022-07-21T04:17:21+00:00\",\"dateModified\":\"2022-07-21T04:17:22+00:00\",\"description\":\"First published circa 1859 Jean-Baptiste Arban\u2019s Grande m\u00e9thode compl\u00e8te pour cornet \u00e0 pistons et de saxhorn is an integral part of the practice routines of trumpeters around the globe.\",\"breadcrumb\":{\"@id\":\"https:\/\/www.booksofall.com\/es\/arban-expansion-pack-trumpet-classic-exercises-adapted-for-todays-musician-stock\/#breadcrumb\"},\"inLanguage\":\"es\",\"potentialAction\":[{\"@type\":\"ReadAction\",\"target\":[\"https:\/\/www.booksofall.com\/es\/arban-expansion-pack-trumpet-classic-exercises-adapted-for-todays-musician-stock\/\"]}]},{\"@type\":\"ImageObject\",\"inLanguage\":\"es\",\"@id\":\"https:\/\/www.booksofall.com\/es\/arban-expansion-pack-trumpet-classic-exercises-adapted-for-todays-musician-stock\/#primaryimage\",\"url\":\"https:\/\/www.booksofall.com\/es\/wp-content\/uploads\/sites\/5\/2022\/07\/Arban-Expansion-Pack-Trumpet-Classic-Exercises-Adapted-for-Todays-Musician-Stock-07.png\",\"contentUrl\":\"https:\/\/www.booksofall.com\/es\/wp-content\/uploads\/sites\/5\/2022\/07\/Arban-Expansion-Pack-Trumpet-Classic-Exercises-Adapted-for-Todays-Musician-Stock-07.png\",\"width\":\"597\",\"height\":\"844\",\"caption\":\"Arban Expansion Pack Trumpet Classic Exercises Adapted for Today's Musician (Stock)\"},{\"@type\":\"BreadcrumbList\",\"@id\":\"https:\/\/www.booksofall.com\/es\/arban-expansion-pack-trumpet-classic-exercises-adapted-for-todays-musician-stock\/#breadcrumb\",\"itemListElement\":[{\"@type\":\"ListItem\",\"position\":1,\"name\":\"Home\",\"item\":\"https:\/\/www.booksofall.com\/es\/\"},{\"@type\":\"ListItem\",\"position\":2,\"name\":\"Categories\",\"item\":\"https:\/\/www.booksofall.com\/es\/categories\/\"},{\"@type\":\"ListItem\",\"position\":3,\"name\":\"Arban Expansion Pack Trumpet Classic Exercises Adapted for Today&#8217;s Musician (Stock)\"}]},{\"@type\":\"WebSite\",\"@id\":\"https:\/\/www.booksofall.com\/es\/#website\",\"url\":\"https:\/\/www.booksofall.com\/es\/\",\"name\":\"BooksOfAll Spanish\",\"description\":\"Biggest IT eBooks library and learning resources - Free eBooks for programming, computing, artificial intelligence and more.\",\"publisher\":{\"@id\":\"https:\/\/www.booksofall.com\/es\/#organization\"},\"potentialAction\":[{\"@type\":\"SearchAction\",\"target\":{\"@type\":\"EntryPoint\",\"urlTemplate\":\"https:\/\/www.booksofall.com\/es\/?s={search_term_string}\"},\"query-input\":{\"@type\":\"PropertyValueSpecification\",\"valueRequired\":true,\"valueName\":\"search_term_string\"}}],\"inLanguage\":\"es\"},{\"@type\":\"Organization\",\"@id\":\"https:\/\/www.booksofall.com\/es\/#organization\",\"name\":\"BooksOfAll Spanish\",\"url\":\"https:\/\/www.booksofall.com\/es\/\",\"logo\":{\"@type\":\"ImageObject\",\"inLanguage\":\"es\",\"@id\":\"https:\/\/www.booksofall.com\/es\/#\/schema\/logo\/image\/\",\"url\":\"https:\/\/www.booksofall.com\/es\/wp-content\/uploads\/sites\/5\/2022\/06\/booksofall-logo-2.png\",\"contentUrl\":\"https:\/\/www.booksofall.com\/es\/wp-content\/uploads\/sites\/5\/2022\/06\/booksofall-logo-2.png\",\"width\":166,\"height\":30,\"caption\":\"BooksOfAll Spanish\"},\"image\":{\"@id\":\"https:\/\/www.booksofall.com\/es\/#\/schema\/logo\/image\/\"}}]}<\/script>\n<!-- \/ Yoast SEO plugin. -->","yoast_head_json":{"title":"Arban Expansion Pack Trumpet Classic Exercises Adapted for Today's Musician (Stock) - BooksOfAll Spanish","description":"First published circa 1859 Jean-Baptiste Arban\u2019s Grande m\u00e9thode compl\u00e8te pour cornet \u00e0 pistons et de saxhorn is an integral part of the practice routines of trumpeters around the globe.","robots":{"index":"index","follow":"follow","max-snippet":"max-snippet:-1","max-image-preview":"max-image-preview:large","max-video-preview":"max-video-preview:-1"},"canonical":"https:\/\/www.booksofall.com\/es\/arban-expansion-pack-trumpet-classic-exercises-adapted-for-todays-musician-stock\/","og_locale":"es_ES","og_type":"article","og_title":"Arban Expansion Pack Trumpet Classic Exercises Adapted for Today's Musician (Stock) - BooksOfAll Spanish","og_description":"First published circa 1859 Jean-Baptiste Arban\u2019s Grande m\u00e9thode compl\u00e8te pour cornet \u00e0 pistons et de saxhorn is an integral part of the practice routines of trumpeters around the globe.","og_url":"https:\/\/www.booksofall.com\/es\/arban-expansion-pack-trumpet-classic-exercises-adapted-for-todays-musician-stock\/","og_site_name":"BooksOfAll Spanish","article_modified_time":"2022-07-21T04:17:22+00:00","og_image":[{"url":"https:\/\/www.booksofall.com\/es\/wp-content\/uploads\/sites\/5\/2022\/07\/Arban-Expansion-Pack-Trumpet-Classic-Exercises-Adapted-for-Todays-Musician-Stock-07.png","type":"","width":"","height":""}],"twitter_card":"summary_large_image","twitter_image":"https:\/\/www.booksofall.com\/es\/wp-content\/uploads\/sites\/5\/2022\/07\/Arban-Expansion-Pack-Trumpet-Classic-Exercises-Adapted-for-Todays-Musician-Stock-07.png","twitter_misc":{"Tiempo de lectura":"2 minutos"},"schema":{"@context":"https:\/\/schema.org","@graph":[{"@type":"WebPage","@id":"https:\/\/www.booksofall.com\/es\/arban-expansion-pack-trumpet-classic-exercises-adapted-for-todays-musician-stock\/","url":"https:\/\/www.booksofall.com\/es\/arban-expansion-pack-trumpet-classic-exercises-adapted-for-todays-musician-stock\/","name":"Arban Expansion Pack Trumpet Classic Exercises Adapted for Today's Musician (Stock) - BooksOfAll Spanish","isPartOf":{"@id":"https:\/\/www.booksofall.com\/es\/#website"},"primaryImageOfPage":{"@id":"https:\/\/www.booksofall.com\/es\/arban-expansion-pack-trumpet-classic-exercises-adapted-for-todays-musician-stock\/#primaryimage"},"image":{"@id":"https:\/\/www.booksofall.com\/es\/arban-expansion-pack-trumpet-classic-exercises-adapted-for-todays-musician-stock\/#primaryimage"},"thumbnailUrl":"https:\/\/www.booksofall.com\/es\/wp-content\/uploads\/sites\/5\/2022\/07\/Arban-Expansion-Pack-Trumpet-Classic-Exercises-Adapted-for-Todays-Musician-Stock-07.png","datePublished":"2022-07-21T04:17:21+00:00","dateModified":"2022-07-21T04:17:22+00:00","description":"First published circa 1859 Jean-Baptiste Arban\u2019s Grande m\u00e9thode compl\u00e8te pour cornet \u00e0 pistons et de saxhorn is an integral part of the practice routines of trumpeters around the globe.","breadcrumb":{"@id":"https:\/\/www.booksofall.com\/es\/arban-expansion-pack-trumpet-classic-exercises-adapted-for-todays-musician-stock\/#breadcrumb"},"inLanguage":"es","potentialAction":[{"@type":"ReadAction","target":["https:\/\/www.booksofall.com\/es\/arban-expansion-pack-trumpet-classic-exercises-adapted-for-todays-musician-stock\/"]}]},{"@type":"ImageObject","inLanguage":"es","@id":"https:\/\/www.booksofall.com\/es\/arban-expansion-pack-trumpet-classic-exercises-adapted-for-todays-musician-stock\/#primaryimage","url":"https:\/\/www.booksofall.com\/es\/wp-content\/uploads\/sites\/5\/2022\/07\/Arban-Expansion-Pack-Trumpet-Classic-Exercises-Adapted-for-Todays-Musician-Stock-07.png","contentUrl":"https:\/\/www.booksofall.com\/es\/wp-content\/uploads\/sites\/5\/2022\/07\/Arban-Expansion-Pack-Trumpet-Classic-Exercises-Adapted-for-Todays-Musician-Stock-07.png","width":"597","height":"844","caption":"Arban Expansion Pack Trumpet Classic Exercises Adapted for Today's Musician (Stock)"},{"@type":"BreadcrumbList","@id":"https:\/\/www.booksofall.com\/es\/arban-expansion-pack-trumpet-classic-exercises-adapted-for-todays-musician-stock\/#breadcrumb","itemListElement":[{"@type":"ListItem","position":1,"name":"Home","item":"https:\/\/www.booksofall.com\/es\/"},{"@type":"ListItem","position":2,"name":"Categories","item":"https:\/\/www.booksofall.com\/es\/categories\/"},{"@type":"ListItem","position":3,"name":"Arban Expansion Pack Trumpet Classic Exercises Adapted for Today&#8217;s Musician (Stock)"}]},{"@type":"WebSite","@id":"https:\/\/www.booksofall.com\/es\/#website","url":"https:\/\/www.booksofall.com\/es\/","name":"BooksOfAll Spanish","description":"Biggest IT eBooks library and learning resources - Free eBooks for programming, computing, artificial intelligence and more.","publisher":{"@id":"https:\/\/www.booksofall.com\/es\/#organization"},"potentialAction":[{"@type":"SearchAction","target":{"@type":"EntryPoint","urlTemplate":"https:\/\/www.booksofall.com\/es\/?s={search_term_string}"},"query-input":{"@type":"PropertyValueSpecification","valueRequired":true,"valueName":"search_term_string"}}],"inLanguage":"es"},{"@type":"Organization","@id":"https:\/\/www.booksofall.com\/es\/#organization","name":"BooksOfAll Spanish","url":"https:\/\/www.booksofall.com\/es\/","logo":{"@type":"ImageObject","inLanguage":"es","@id":"https:\/\/www.booksofall.com\/es\/#\/schema\/logo\/image\/","url":"https:\/\/www.booksofall.com\/es\/wp-content\/uploads\/sites\/5\/2022\/06\/booksofall-logo-2.png","contentUrl":"https:\/\/www.booksofall.com\/es\/wp-content\/uploads\/sites\/5\/2022\/06\/booksofall-logo-2.png","width":166,"height":30,"caption":"BooksOfAll Spanish"},"image":{"@id":"https:\/\/www.booksofall.com\/es\/#\/schema\/logo\/image\/"}}]}},"_links":{"self":[{"href":"https:\/\/www.booksofall.com\/es\/wp-json\/wp\/v2\/product\/15073","targetHints":{"allow":["GET"]}}],"collection":[{"href":"https:\/\/www.booksofall.com\/es\/wp-json\/wp\/v2\/product"}],"about":[{"href":"https:\/\/www.booksofall.com\/es\/wp-json\/wp\/v2\/types\/product"}],"wp:featuredmedia":[{"embeddable":true,"href":"https:\/\/www.booksofall.com\/es\/wp-json\/wp\/v2\/media\/15076"}],"wp:attachment":[{"href":"https:\/\/www.booksofall.com\/es\/wp-json\/wp\/v2\/media?parent=15073"}],"wp:term":[{"taxonomy":"product_brand","embeddable":true,"href":"https:\/\/www.booksofall.com\/es\/wp-json\/wp\/v2\/product_brand?post=15073"},{"taxonomy":"product_cat","embeddable":true,"href":"https:\/\/www.booksofall.com\/es\/wp-json\/wp\/v2\/product_cat?post=15073"},{"taxonomy":"product_tag","embeddable":true,"href":"https:\/\/www.booksofall.com\/es\/wp-json\/wp\/v2\/product_tag?post=15073"}],"curies":[{"name":"wp","href":"https:\/\/api.w.org\/{rel}","templated":true}]}}