{"id":13546,"date":"2022-07-13T06:34:39","date_gmt":"2022-07-13T06:34:39","guid":{"rendered":"https:\/\/www.booksofall.com\/es\/?post_type=product&#038;p=13546"},"modified":"2022-07-13T06:35:14","modified_gmt":"2022-07-13T06:35:14","slug":"discover-chopins-handwritten-manuscripts","status":"publish","type":"product","link":"https:\/\/www.booksofall.com\/es\/discover-chopins-handwritten-manuscripts\/","title":{"rendered":"Discover Chopin&#8217;s handwritten manuscripts"},"content":{"rendered":"<p>Fr\u00e9d\u00e9ric Fran\u00e7ois Chopin, Polish composer and pianist, was born on 22 February 1810. Chopin is considered one of the most significant composers of the Romantic age, although some great pianists have dismissed his work as &#8216;excessively ornamental and trivial&#8217;.<\/p>\n<p>Chopin was born in a village called \u017belazowa Wola, near Warsaw, Poland. He studied music in Warsaw before leaving the country aged 20 and heading to Paris.<\/p>\n<p>Despite being a prodigy, Chopin gave very few public performances &#8211; only around 30. Instead, he made his living teaching piano lessons and selling his compositions.<\/p>\n<p>He is credited with inventing the instrumental ballade and made major innovations to the piano sonata, mazurka, waltz, nocturne, polonaise, \u00e9tude, impromptu, scherzo and pr\u00e9lude.<\/p>\n<p>Aside from the piano, the main love of his life was French writer Amantine Dupin, who wrote under the pen name George Sand, with whom he had a relationship between 1837-1847.<\/p>\n<p>Chopin was always plagued with ill health and died aged just 39 in 1849.<\/p>\n<p>Europeana holds a treasure trove of Chopin-related material, including\u00a0<a title=\"Chopin recordings\" href=\"http:\/\/www.europeana.eu\/portal\/search.html?query=chopin%20&amp;qf=TYPE:SOUND\">recordings of his work<\/a>\u00a0and\u00a0<a title=\"Chopin manuscripts\" href=\"http:\/\/www.europeana.eu\/portal\/search.html?query=chopin%20&amp;qf=TYPE:TEXT\">music manuscripts, many of them handwritten.<\/a><\/p>\n<p>This one bears his name and his notes in the margin. It&#8217;s a sonata for piano and cello (opus\u00a0 65), and you can find a\u00a0<a title=\"Op.65 N.1\" href=\"http:\/\/www.europeana.eu\/portal\/record\/9200365\/BibliographicResource_3000095897930.html\">recording of it on Europeana<\/a>. This is the last opus number that Chopin himself used.<\/p>\n<p>On his deathbed, he requested that all remaining unpublished works be destroyed. Contrary to his wishes, his family published further works after his death as op. 66-74.<\/p>\n<p>It is often thought that Chopin intended the waltz to be played in under a minute, but this is not the case. The emphasis is on the second syllable of the word &#8216;minute&#8217;, not the first, and so means &#8216;small&#8217;.<\/p>\n<p>Most performances of the waltz take between one-and-a-half to two-and-a-half minutes, although some pianists still take on the challenge of playing it super fast within 60 seconds &#8211; to do that they need to play at a rate of 420 quavers (quarter notes) per minute, or 7 per second. You can find a recording of the\u00a0<a title=\"Minute Waltz\" href=\"http:\/\/www.europeana.eu\/portal\/search.html?query=minute+waltz&amp;rows=24\">Minute Waltz on Europeana<\/a>.<\/p>\n","protected":false},"excerpt":{"rendered":"<p><iframe style=\"width: 100%; height: 750px; border: none;\" src=\"https:\/\/online.visual-paradigm.com\/share\/book\/discover-chopins-handwritten-manuscripts-10p61k0938?p=1\" frameborder=\"0\" allowfullscreen=\"allowfullscreen\"><\/iframe><\/p>\n","protected":false},"featured_media":13551,"template":"","meta":{"_yoast_wpseo_title":"","_yoast_wpseo_metadesc":"You can share the best ideas and insights with flipbooks like this one just few clicks your can share on social media. Try Visual Paradigm now!"},"product_brand":[],"product_cat":[15,169],"product_tag":[],"class_list":{"0":"post-13546","1":"product","2":"type-product","3":"status-publish","4":"has-post-thumbnail","6":"product_cat-all","7":"product_cat-hobbies","9":"first","10":"instock","11":"shipping-taxable","12":"product-type-simple"},"yoast_head":"<!-- This site is optimized with the Yoast SEO plugin v27.1.1 - https:\/\/yoast.com\/product\/yoast-seo-wordpress\/ -->\n<title>Discover Chopin&#039;s handwritten manuscripts - BooksOfAll Spanish<\/title>\n<meta name=\"description\" content=\"You can share the best ideas and insights with flipbooks like this one just few clicks your can share on social media. Try Visual Paradigm now!\" \/>\n<meta name=\"robots\" content=\"index, follow, max-snippet:-1, max-image-preview:large, max-video-preview:-1\" \/>\n<link rel=\"canonical\" href=\"https:\/\/www.booksofall.com\/es\/discover-chopins-handwritten-manuscripts\/\" \/>\n<meta property=\"og:locale\" content=\"es_ES\" \/>\n<meta property=\"og:type\" content=\"article\" \/>\n<meta property=\"og:title\" content=\"Discover Chopin&#039;s handwritten manuscripts - BooksOfAll Spanish\" \/>\n<meta property=\"og:description\" content=\"You can share the best ideas and insights with flipbooks like this one just few clicks your can share on social media. Try Visual Paradigm now!\" \/>\n<meta property=\"og:url\" content=\"https:\/\/www.booksofall.com\/es\/discover-chopins-handwritten-manuscripts\/\" \/>\n<meta property=\"og:site_name\" content=\"BooksOfAll Spanish\" \/>\n<meta property=\"article:modified_time\" content=\"2022-07-13T06:35:14+00:00\" \/>\n<meta property=\"og:image\" content=\"https:\/\/www.booksofall.com\/es\/wp-content\/uploads\/sites\/5\/2022\/07\/Discover-Chopins-handwritten-manuscripts-01.png\" \/>\n<meta name=\"twitter:card\" content=\"summary_large_image\" \/>\n<meta name=\"twitter:image\" content=\"https:\/\/www.booksofall.com\/es\/wp-content\/uploads\/sites\/5\/2022\/07\/Discover-Chopins-handwritten-manuscripts-01.png\" \/>\n<meta name=\"twitter:label1\" content=\"Tiempo de lectura\" \/>\n\t<meta name=\"twitter:data1\" content=\"2 minutos\" \/>\n<script type=\"application\/ld+json\" class=\"yoast-schema-graph\">{\"@context\":\"https:\/\/schema.org\",\"@graph\":[{\"@type\":\"WebPage\",\"@id\":\"https:\/\/www.booksofall.com\/es\/discover-chopins-handwritten-manuscripts\/\",\"url\":\"https:\/\/www.booksofall.com\/es\/discover-chopins-handwritten-manuscripts\/\",\"name\":\"Discover Chopin's handwritten manuscripts - BooksOfAll Spanish\",\"isPartOf\":{\"@id\":\"https:\/\/www.booksofall.com\/es\/#website\"},\"primaryImageOfPage\":{\"@id\":\"https:\/\/www.booksofall.com\/es\/discover-chopins-handwritten-manuscripts\/#primaryimage\"},\"image\":{\"@id\":\"https:\/\/www.booksofall.com\/es\/discover-chopins-handwritten-manuscripts\/#primaryimage\"},\"thumbnailUrl\":\"https:\/\/www.booksofall.com\/es\/wp-content\/uploads\/sites\/5\/2022\/07\/Discover-Chopins-handwritten-manuscripts-01.png\",\"datePublished\":\"2022-07-13T06:34:39+00:00\",\"dateModified\":\"2022-07-13T06:35:14+00:00\",\"description\":\"You can share the best ideas and insights with flipbooks like this one just few clicks your can share on social media. Try Visual Paradigm now!\",\"breadcrumb\":{\"@id\":\"https:\/\/www.booksofall.com\/es\/discover-chopins-handwritten-manuscripts\/#breadcrumb\"},\"inLanguage\":\"es\",\"potentialAction\":[{\"@type\":\"ReadAction\",\"target\":[\"https:\/\/www.booksofall.com\/es\/discover-chopins-handwritten-manuscripts\/\"]}]},{\"@type\":\"ImageObject\",\"inLanguage\":\"es\",\"@id\":\"https:\/\/www.booksofall.com\/es\/discover-chopins-handwritten-manuscripts\/#primaryimage\",\"url\":\"https:\/\/www.booksofall.com\/es\/wp-content\/uploads\/sites\/5\/2022\/07\/Discover-Chopins-handwritten-manuscripts-01.png\",\"contentUrl\":\"https:\/\/www.booksofall.com\/es\/wp-content\/uploads\/sites\/5\/2022\/07\/Discover-Chopins-handwritten-manuscripts-01.png\",\"width\":\"596\",\"height\":\"842\"},{\"@type\":\"BreadcrumbList\",\"@id\":\"https:\/\/www.booksofall.com\/es\/discover-chopins-handwritten-manuscripts\/#breadcrumb\",\"itemListElement\":[{\"@type\":\"ListItem\",\"position\":1,\"name\":\"Home\",\"item\":\"https:\/\/www.booksofall.com\/es\/\"},{\"@type\":\"ListItem\",\"position\":2,\"name\":\"Categories\",\"item\":\"https:\/\/www.booksofall.com\/es\/categories\/\"},{\"@type\":\"ListItem\",\"position\":3,\"name\":\"Discover Chopin&#8217;s handwritten manuscripts\"}]},{\"@type\":\"WebSite\",\"@id\":\"https:\/\/www.booksofall.com\/es\/#website\",\"url\":\"https:\/\/www.booksofall.com\/es\/\",\"name\":\"BooksOfAll Spanish\",\"description\":\"Biggest IT eBooks library and learning resources - Free eBooks for programming, computing, artificial intelligence and more.\",\"publisher\":{\"@id\":\"https:\/\/www.booksofall.com\/es\/#organization\"},\"potentialAction\":[{\"@type\":\"SearchAction\",\"target\":{\"@type\":\"EntryPoint\",\"urlTemplate\":\"https:\/\/www.booksofall.com\/es\/?s={search_term_string}\"},\"query-input\":{\"@type\":\"PropertyValueSpecification\",\"valueRequired\":true,\"valueName\":\"search_term_string\"}}],\"inLanguage\":\"es\"},{\"@type\":\"Organization\",\"@id\":\"https:\/\/www.booksofall.com\/es\/#organization\",\"name\":\"BooksOfAll Spanish\",\"url\":\"https:\/\/www.booksofall.com\/es\/\",\"logo\":{\"@type\":\"ImageObject\",\"inLanguage\":\"es\",\"@id\":\"https:\/\/www.booksofall.com\/es\/#\/schema\/logo\/image\/\",\"url\":\"https:\/\/www.booksofall.com\/es\/wp-content\/uploads\/sites\/5\/2022\/06\/booksofall-logo-2.png\",\"contentUrl\":\"https:\/\/www.booksofall.com\/es\/wp-content\/uploads\/sites\/5\/2022\/06\/booksofall-logo-2.png\",\"width\":166,\"height\":30,\"caption\":\"BooksOfAll Spanish\"},\"image\":{\"@id\":\"https:\/\/www.booksofall.com\/es\/#\/schema\/logo\/image\/\"}}]}<\/script>\n<!-- \/ Yoast SEO plugin. -->","yoast_head_json":{"title":"Discover Chopin's handwritten manuscripts - BooksOfAll Spanish","description":"You can share the best ideas and insights with flipbooks like this one just few clicks your can share on social media. Try Visual Paradigm now!","robots":{"index":"index","follow":"follow","max-snippet":"max-snippet:-1","max-image-preview":"max-image-preview:large","max-video-preview":"max-video-preview:-1"},"canonical":"https:\/\/www.booksofall.com\/es\/discover-chopins-handwritten-manuscripts\/","og_locale":"es_ES","og_type":"article","og_title":"Discover Chopin's handwritten manuscripts - BooksOfAll Spanish","og_description":"You can share the best ideas and insights with flipbooks like this one just few clicks your can share on social media. Try Visual Paradigm now!","og_url":"https:\/\/www.booksofall.com\/es\/discover-chopins-handwritten-manuscripts\/","og_site_name":"BooksOfAll Spanish","article_modified_time":"2022-07-13T06:35:14+00:00","og_image":[{"url":"https:\/\/www.booksofall.com\/es\/wp-content\/uploads\/sites\/5\/2022\/07\/Discover-Chopins-handwritten-manuscripts-01.png","type":"","width":"","height":""}],"twitter_card":"summary_large_image","twitter_image":"https:\/\/www.booksofall.com\/es\/wp-content\/uploads\/sites\/5\/2022\/07\/Discover-Chopins-handwritten-manuscripts-01.png","twitter_misc":{"Tiempo de lectura":"2 minutos"},"schema":{"@context":"https:\/\/schema.org","@graph":[{"@type":"WebPage","@id":"https:\/\/www.booksofall.com\/es\/discover-chopins-handwritten-manuscripts\/","url":"https:\/\/www.booksofall.com\/es\/discover-chopins-handwritten-manuscripts\/","name":"Discover Chopin's handwritten manuscripts - BooksOfAll Spanish","isPartOf":{"@id":"https:\/\/www.booksofall.com\/es\/#website"},"primaryImageOfPage":{"@id":"https:\/\/www.booksofall.com\/es\/discover-chopins-handwritten-manuscripts\/#primaryimage"},"image":{"@id":"https:\/\/www.booksofall.com\/es\/discover-chopins-handwritten-manuscripts\/#primaryimage"},"thumbnailUrl":"https:\/\/www.booksofall.com\/es\/wp-content\/uploads\/sites\/5\/2022\/07\/Discover-Chopins-handwritten-manuscripts-01.png","datePublished":"2022-07-13T06:34:39+00:00","dateModified":"2022-07-13T06:35:14+00:00","description":"You can share the best ideas and insights with flipbooks like this one just few clicks your can share on social media. Try Visual Paradigm now!","breadcrumb":{"@id":"https:\/\/www.booksofall.com\/es\/discover-chopins-handwritten-manuscripts\/#breadcrumb"},"inLanguage":"es","potentialAction":[{"@type":"ReadAction","target":["https:\/\/www.booksofall.com\/es\/discover-chopins-handwritten-manuscripts\/"]}]},{"@type":"ImageObject","inLanguage":"es","@id":"https:\/\/www.booksofall.com\/es\/discover-chopins-handwritten-manuscripts\/#primaryimage","url":"https:\/\/www.booksofall.com\/es\/wp-content\/uploads\/sites\/5\/2022\/07\/Discover-Chopins-handwritten-manuscripts-01.png","contentUrl":"https:\/\/www.booksofall.com\/es\/wp-content\/uploads\/sites\/5\/2022\/07\/Discover-Chopins-handwritten-manuscripts-01.png","width":"596","height":"842"},{"@type":"BreadcrumbList","@id":"https:\/\/www.booksofall.com\/es\/discover-chopins-handwritten-manuscripts\/#breadcrumb","itemListElement":[{"@type":"ListItem","position":1,"name":"Home","item":"https:\/\/www.booksofall.com\/es\/"},{"@type":"ListItem","position":2,"name":"Categories","item":"https:\/\/www.booksofall.com\/es\/categories\/"},{"@type":"ListItem","position":3,"name":"Discover Chopin&#8217;s handwritten manuscripts"}]},{"@type":"WebSite","@id":"https:\/\/www.booksofall.com\/es\/#website","url":"https:\/\/www.booksofall.com\/es\/","name":"BooksOfAll Spanish","description":"Biggest IT eBooks library and learning resources - Free eBooks for programming, computing, artificial intelligence and more.","publisher":{"@id":"https:\/\/www.booksofall.com\/es\/#organization"},"potentialAction":[{"@type":"SearchAction","target":{"@type":"EntryPoint","urlTemplate":"https:\/\/www.booksofall.com\/es\/?s={search_term_string}"},"query-input":{"@type":"PropertyValueSpecification","valueRequired":true,"valueName":"search_term_string"}}],"inLanguage":"es"},{"@type":"Organization","@id":"https:\/\/www.booksofall.com\/es\/#organization","name":"BooksOfAll Spanish","url":"https:\/\/www.booksofall.com\/es\/","logo":{"@type":"ImageObject","inLanguage":"es","@id":"https:\/\/www.booksofall.com\/es\/#\/schema\/logo\/image\/","url":"https:\/\/www.booksofall.com\/es\/wp-content\/uploads\/sites\/5\/2022\/06\/booksofall-logo-2.png","contentUrl":"https:\/\/www.booksofall.com\/es\/wp-content\/uploads\/sites\/5\/2022\/06\/booksofall-logo-2.png","width":166,"height":30,"caption":"BooksOfAll Spanish"},"image":{"@id":"https:\/\/www.booksofall.com\/es\/#\/schema\/logo\/image\/"}}]}},"_links":{"self":[{"href":"https:\/\/www.booksofall.com\/es\/wp-json\/wp\/v2\/product\/13546","targetHints":{"allow":["GET"]}}],"collection":[{"href":"https:\/\/www.booksofall.com\/es\/wp-json\/wp\/v2\/product"}],"about":[{"href":"https:\/\/www.booksofall.com\/es\/wp-json\/wp\/v2\/types\/product"}],"wp:featuredmedia":[{"embeddable":true,"href":"https:\/\/www.booksofall.com\/es\/wp-json\/wp\/v2\/media\/13551"}],"wp:attachment":[{"href":"https:\/\/www.booksofall.com\/es\/wp-json\/wp\/v2\/media?parent=13546"}],"wp:term":[{"taxonomy":"product_brand","embeddable":true,"href":"https:\/\/www.booksofall.com\/es\/wp-json\/wp\/v2\/product_brand?post=13546"},{"taxonomy":"product_cat","embeddable":true,"href":"https:\/\/www.booksofall.com\/es\/wp-json\/wp\/v2\/product_cat?post=13546"},{"taxonomy":"product_tag","embeddable":true,"href":"https:\/\/www.booksofall.com\/es\/wp-json\/wp\/v2\/product_tag?post=13546"}],"curies":[{"name":"wp","href":"https:\/\/api.w.org\/{rel}","templated":true}]}}