{"id":10382,"date":"2022-06-21T05:56:11","date_gmt":"2022-06-21T05:56:11","guid":{"rendered":"https:\/\/www.booksofall.com\/es\/?post_type=product&#038;p=10382"},"modified":"2022-06-21T05:56:11","modified_gmt":"2022-06-21T05:56:11","slug":"hungarys-cold-war-with-polio","status":"publish","type":"product","link":"https:\/\/www.booksofall.com\/es\/hungarys-cold-war-with-polio\/","title":{"rendered":"Hungary\u2019s cold war with polio"},"content":{"rendered":"<h4 id=\"standfirst\" class=\"article__standfirst\">Trapped by the Cold War and scarred after a failed revolution, Hungary fought one of its greatest battles against polio. Penny Bailey reports.<\/h4>\n<p>Kisv\u00e1rda, Hungary, 1954. The summer night was warm, the road outside deserted. No one drove any more unless they were secret police or favoured by the Party. Inside, Ir\u00e9n and J\u00e1nos Vargha sat watching their two-year-old son\u2019s eyelids as he slept through his fever. The only visible sign of the attack, they were told, would be if Gy\u00f6rgy\u2019s eyeballs started moving rapidly.<\/p>\n<p>Polio was unpredictable. Often no more harmful than any other childhood infection, it could on occasion \u2018turn\u2019 with swift, inexplicable savagery, destroying a child\u2019s nerve cells and leaving him paralysed for life. If it damaged the nerves controlling his lungs they could freeze up and Gy\u00f6rgy would either die or spend the rest of his life inside an iron lung that breathed for him.<\/p>\n<p>The hours crept by without him showing any symptoms of paralytic polio, but the next morning, as Ir\u00e9n stood him on the table to get him dressed, his legs buckled. She stood him up again \u2013 again his legs wouldn\u2019t support him. This moment is his earliest childhood memory. \u201cI could stand easily before,\u201d he says. \u201cNow I could still bend my legs but I couldn\u2019t straighten them. For me it was astonishing and interesting that my legs were doing that strange thing. But my mother was afraid.\u201d<\/p>\n<p>Gy\u00f6rgy was rushed 100 km to the hospital in Debrecen. Then began the frantic search for gamma globulin. The antibody-rich solution was the only medicine then known to have some ability to disarm the poliovirus in the bloodstream, preventing it from invading the nerves. But gamma globulin was scarce. Ir\u00e9n and J\u00e1nos rode from town to town and village to village on their motorbike, pharmacist after pharmacist regretfully shaking their heads.<\/p>\n<h4>Reference:<\/h4>\n<ul>\n<li>Dora Vargha\u2019s PhD dissertation is currently being developed into a monograph as part of the research project\u00a0<a href=\"http:\/\/www.bbk.ac.uk\/reluctantinternationalists\/\">The Reluctant Internationalists:\u00a0A history of public health and international organisations, movements and experts in twentieth century Europe<\/a>, at Birkbeck, University of London. Dora also has an upcoming paper to be published in the summer 2014 issue of the\u00a0<em>Bulletin of the History of Medicine<\/em>.<\/li>\n<li>Background on the Hungarian revolution from\u00a0<em>The Hungarian Revolution 1956<\/em>\u00a0by \u00c1kos R\u00e9thly, Premier Press Publishing, Budapest, 2006.<\/li>\n<li>Further background from\u00a0<a href=\"http:\/\/mek.oszk.hu\/02000\/02042\/html\/\"><em>A History of Hungarian Literature\u2028 from the Earliest Times to the mid-1970s<\/em><\/a>\u00a0by L\u00f3r\u00e1nt Czig\u00e1ny, 1984.<\/li>\n<li>Dora\u2019s\u00a0<a href=\"http:\/\/www.bbk.ac.uk\/reluctantinternationalists\/people\/dora-vargha\/\">research profile<\/a>\u00a0at Birkbeck and\u00a0<a href=\"http:\/\/ceehmnetwork.wordpress.com\/author\/dvargha\/\">some of her research group blog posts on polio in Hungary<\/a>.<\/li>\n<\/ul>\n","protected":false},"excerpt":{"rendered":"<p><iframe style=\"width: 100%; height: 750px; border: none;\" src=\"https:\/\/online.visual-paradigm.com\/share\/book\/hungarys-cold-war-with-polio-ztoz22vnh?enforceShowPromotionBar=true\" frameborder=\"0\" allowfullscreen=\"allowfullscreen\"><\/iframe><\/p>\n","protected":false},"featured_media":10384,"template":"","meta":{"_yoast_wpseo_title":"","_yoast_wpseo_metadesc":"Optimize your web marketing strategy with an attractive flipbook like this one. Try Visual Paradigm today!"},"product_brand":[],"product_cat":[15,181],"product_tag":[],"class_list":{"0":"post-10382","1":"product","2":"type-product","3":"status-publish","4":"has-post-thumbnail","6":"product_cat-all","7":"product_cat-society","9":"first","10":"instock","11":"shipping-taxable","12":"product-type-simple"},"yoast_head":"<!-- This site is optimized with the Yoast SEO plugin v27.1.1 - https:\/\/yoast.com\/product\/yoast-seo-wordpress\/ -->\n<title>Hungary\u2019s cold war with polio - BooksOfAll Spanish<\/title>\n<meta name=\"description\" content=\"Optimize your web marketing strategy with an attractive flipbook like this one. Try Visual Paradigm today!\" \/>\n<meta name=\"robots\" content=\"index, follow, max-snippet:-1, max-image-preview:large, max-video-preview:-1\" \/>\n<link rel=\"canonical\" href=\"https:\/\/www.booksofall.com\/es\/hungarys-cold-war-with-polio\/\" \/>\n<meta property=\"og:locale\" content=\"es_ES\" \/>\n<meta property=\"og:type\" content=\"article\" \/>\n<meta property=\"og:title\" content=\"Hungary\u2019s cold war with polio - BooksOfAll Spanish\" \/>\n<meta property=\"og:description\" content=\"Optimize your web marketing strategy with an attractive flipbook like this one. Try Visual Paradigm today!\" \/>\n<meta property=\"og:url\" content=\"https:\/\/www.booksofall.com\/es\/hungarys-cold-war-with-polio\/\" \/>\n<meta property=\"og:site_name\" content=\"BooksOfAll Spanish\" \/>\n<meta property=\"og:image\" content=\"https:\/\/www.booksofall.com\/es\/wp-content\/uploads\/sites\/5\/2022\/06\/Hungarys-cold-war-with-polio.png\" \/>\n<meta name=\"twitter:card\" content=\"summary_large_image\" \/>\n<meta name=\"twitter:image\" content=\"https:\/\/www.booksofall.com\/es\/wp-content\/uploads\/sites\/5\/2022\/06\/Hungarys-cold-war-with-polio.png\" \/>\n<meta name=\"twitter:label1\" content=\"Tiempo de lectura\" \/>\n\t<meta name=\"twitter:data1\" content=\"2 minutos\" \/>\n<script type=\"application\/ld+json\" class=\"yoast-schema-graph\">{\"@context\":\"https:\/\/schema.org\",\"@graph\":[{\"@type\":\"WebPage\",\"@id\":\"https:\/\/www.booksofall.com\/es\/hungarys-cold-war-with-polio\/\",\"url\":\"https:\/\/www.booksofall.com\/es\/hungarys-cold-war-with-polio\/\",\"name\":\"Hungary\u2019s cold war with polio - BooksOfAll Spanish\",\"isPartOf\":{\"@id\":\"https:\/\/www.booksofall.com\/es\/#website\"},\"primaryImageOfPage\":{\"@id\":\"https:\/\/www.booksofall.com\/es\/hungarys-cold-war-with-polio\/#primaryimage\"},\"image\":{\"@id\":\"https:\/\/www.booksofall.com\/es\/hungarys-cold-war-with-polio\/#primaryimage\"},\"thumbnailUrl\":\"https:\/\/www.booksofall.com\/es\/wp-content\/uploads\/sites\/5\/2022\/06\/Hungarys-cold-war-with-polio.png\",\"datePublished\":\"2022-06-21T05:56:11+00:00\",\"description\":\"Optimize your web marketing strategy with an attractive flipbook like this one. Try Visual Paradigm today!\",\"breadcrumb\":{\"@id\":\"https:\/\/www.booksofall.com\/es\/hungarys-cold-war-with-polio\/#breadcrumb\"},\"inLanguage\":\"es\",\"potentialAction\":[{\"@type\":\"ReadAction\",\"target\":[\"https:\/\/www.booksofall.com\/es\/hungarys-cold-war-with-polio\/\"]}]},{\"@type\":\"ImageObject\",\"inLanguage\":\"es\",\"@id\":\"https:\/\/www.booksofall.com\/es\/hungarys-cold-war-with-polio\/#primaryimage\",\"url\":\"https:\/\/www.booksofall.com\/es\/wp-content\/uploads\/sites\/5\/2022\/06\/Hungarys-cold-war-with-polio.png\",\"contentUrl\":\"https:\/\/www.booksofall.com\/es\/wp-content\/uploads\/sites\/5\/2022\/06\/Hungarys-cold-war-with-polio.png\",\"width\":\"596\",\"height\":\"843\"},{\"@type\":\"BreadcrumbList\",\"@id\":\"https:\/\/www.booksofall.com\/es\/hungarys-cold-war-with-polio\/#breadcrumb\",\"itemListElement\":[{\"@type\":\"ListItem\",\"position\":1,\"name\":\"Home\",\"item\":\"https:\/\/www.booksofall.com\/es\/\"},{\"@type\":\"ListItem\",\"position\":2,\"name\":\"Categories\",\"item\":\"https:\/\/www.booksofall.com\/es\/categories\/\"},{\"@type\":\"ListItem\",\"position\":3,\"name\":\"Hungary\u2019s cold war with polio\"}]},{\"@type\":\"WebSite\",\"@id\":\"https:\/\/www.booksofall.com\/es\/#website\",\"url\":\"https:\/\/www.booksofall.com\/es\/\",\"name\":\"BooksOfAll Spanish\",\"description\":\"Biggest IT eBooks library and learning resources - Free eBooks for programming, computing, artificial intelligence and more.\",\"publisher\":{\"@id\":\"https:\/\/www.booksofall.com\/es\/#organization\"},\"potentialAction\":[{\"@type\":\"SearchAction\",\"target\":{\"@type\":\"EntryPoint\",\"urlTemplate\":\"https:\/\/www.booksofall.com\/es\/?s={search_term_string}\"},\"query-input\":{\"@type\":\"PropertyValueSpecification\",\"valueRequired\":true,\"valueName\":\"search_term_string\"}}],\"inLanguage\":\"es\"},{\"@type\":\"Organization\",\"@id\":\"https:\/\/www.booksofall.com\/es\/#organization\",\"name\":\"BooksOfAll Spanish\",\"url\":\"https:\/\/www.booksofall.com\/es\/\",\"logo\":{\"@type\":\"ImageObject\",\"inLanguage\":\"es\",\"@id\":\"https:\/\/www.booksofall.com\/es\/#\/schema\/logo\/image\/\",\"url\":\"https:\/\/www.booksofall.com\/es\/wp-content\/uploads\/sites\/5\/2022\/06\/booksofall-logo-2.png\",\"contentUrl\":\"https:\/\/www.booksofall.com\/es\/wp-content\/uploads\/sites\/5\/2022\/06\/booksofall-logo-2.png\",\"width\":166,\"height\":30,\"caption\":\"BooksOfAll Spanish\"},\"image\":{\"@id\":\"https:\/\/www.booksofall.com\/es\/#\/schema\/logo\/image\/\"}}]}<\/script>\n<!-- \/ Yoast SEO plugin. -->","yoast_head_json":{"title":"Hungary\u2019s cold war with polio - BooksOfAll Spanish","description":"Optimize your web marketing strategy with an attractive flipbook like this one. Try Visual Paradigm today!","robots":{"index":"index","follow":"follow","max-snippet":"max-snippet:-1","max-image-preview":"max-image-preview:large","max-video-preview":"max-video-preview:-1"},"canonical":"https:\/\/www.booksofall.com\/es\/hungarys-cold-war-with-polio\/","og_locale":"es_ES","og_type":"article","og_title":"Hungary\u2019s cold war with polio - BooksOfAll Spanish","og_description":"Optimize your web marketing strategy with an attractive flipbook like this one. Try Visual Paradigm today!","og_url":"https:\/\/www.booksofall.com\/es\/hungarys-cold-war-with-polio\/","og_site_name":"BooksOfAll Spanish","og_image":[{"url":"https:\/\/www.booksofall.com\/es\/wp-content\/uploads\/sites\/5\/2022\/06\/Hungarys-cold-war-with-polio.png","type":"","width":"","height":""}],"twitter_card":"summary_large_image","twitter_image":"https:\/\/www.booksofall.com\/es\/wp-content\/uploads\/sites\/5\/2022\/06\/Hungarys-cold-war-with-polio.png","twitter_misc":{"Tiempo de lectura":"2 minutos"},"schema":{"@context":"https:\/\/schema.org","@graph":[{"@type":"WebPage","@id":"https:\/\/www.booksofall.com\/es\/hungarys-cold-war-with-polio\/","url":"https:\/\/www.booksofall.com\/es\/hungarys-cold-war-with-polio\/","name":"Hungary\u2019s cold war with polio - BooksOfAll Spanish","isPartOf":{"@id":"https:\/\/www.booksofall.com\/es\/#website"},"primaryImageOfPage":{"@id":"https:\/\/www.booksofall.com\/es\/hungarys-cold-war-with-polio\/#primaryimage"},"image":{"@id":"https:\/\/www.booksofall.com\/es\/hungarys-cold-war-with-polio\/#primaryimage"},"thumbnailUrl":"https:\/\/www.booksofall.com\/es\/wp-content\/uploads\/sites\/5\/2022\/06\/Hungarys-cold-war-with-polio.png","datePublished":"2022-06-21T05:56:11+00:00","description":"Optimize your web marketing strategy with an attractive flipbook like this one. Try Visual Paradigm today!","breadcrumb":{"@id":"https:\/\/www.booksofall.com\/es\/hungarys-cold-war-with-polio\/#breadcrumb"},"inLanguage":"es","potentialAction":[{"@type":"ReadAction","target":["https:\/\/www.booksofall.com\/es\/hungarys-cold-war-with-polio\/"]}]},{"@type":"ImageObject","inLanguage":"es","@id":"https:\/\/www.booksofall.com\/es\/hungarys-cold-war-with-polio\/#primaryimage","url":"https:\/\/www.booksofall.com\/es\/wp-content\/uploads\/sites\/5\/2022\/06\/Hungarys-cold-war-with-polio.png","contentUrl":"https:\/\/www.booksofall.com\/es\/wp-content\/uploads\/sites\/5\/2022\/06\/Hungarys-cold-war-with-polio.png","width":"596","height":"843"},{"@type":"BreadcrumbList","@id":"https:\/\/www.booksofall.com\/es\/hungarys-cold-war-with-polio\/#breadcrumb","itemListElement":[{"@type":"ListItem","position":1,"name":"Home","item":"https:\/\/www.booksofall.com\/es\/"},{"@type":"ListItem","position":2,"name":"Categories","item":"https:\/\/www.booksofall.com\/es\/categories\/"},{"@type":"ListItem","position":3,"name":"Hungary\u2019s cold war with polio"}]},{"@type":"WebSite","@id":"https:\/\/www.booksofall.com\/es\/#website","url":"https:\/\/www.booksofall.com\/es\/","name":"BooksOfAll Spanish","description":"Biggest IT eBooks library and learning resources - Free eBooks for programming, computing, artificial intelligence and more.","publisher":{"@id":"https:\/\/www.booksofall.com\/es\/#organization"},"potentialAction":[{"@type":"SearchAction","target":{"@type":"EntryPoint","urlTemplate":"https:\/\/www.booksofall.com\/es\/?s={search_term_string}"},"query-input":{"@type":"PropertyValueSpecification","valueRequired":true,"valueName":"search_term_string"}}],"inLanguage":"es"},{"@type":"Organization","@id":"https:\/\/www.booksofall.com\/es\/#organization","name":"BooksOfAll Spanish","url":"https:\/\/www.booksofall.com\/es\/","logo":{"@type":"ImageObject","inLanguage":"es","@id":"https:\/\/www.booksofall.com\/es\/#\/schema\/logo\/image\/","url":"https:\/\/www.booksofall.com\/es\/wp-content\/uploads\/sites\/5\/2022\/06\/booksofall-logo-2.png","contentUrl":"https:\/\/www.booksofall.com\/es\/wp-content\/uploads\/sites\/5\/2022\/06\/booksofall-logo-2.png","width":166,"height":30,"caption":"BooksOfAll Spanish"},"image":{"@id":"https:\/\/www.booksofall.com\/es\/#\/schema\/logo\/image\/"}}]}},"_links":{"self":[{"href":"https:\/\/www.booksofall.com\/es\/wp-json\/wp\/v2\/product\/10382","targetHints":{"allow":["GET"]}}],"collection":[{"href":"https:\/\/www.booksofall.com\/es\/wp-json\/wp\/v2\/product"}],"about":[{"href":"https:\/\/www.booksofall.com\/es\/wp-json\/wp\/v2\/types\/product"}],"wp:featuredmedia":[{"embeddable":true,"href":"https:\/\/www.booksofall.com\/es\/wp-json\/wp\/v2\/media\/10384"}],"wp:attachment":[{"href":"https:\/\/www.booksofall.com\/es\/wp-json\/wp\/v2\/media?parent=10382"}],"wp:term":[{"taxonomy":"product_brand","embeddable":true,"href":"https:\/\/www.booksofall.com\/es\/wp-json\/wp\/v2\/product_brand?post=10382"},{"taxonomy":"product_cat","embeddable":true,"href":"https:\/\/www.booksofall.com\/es\/wp-json\/wp\/v2\/product_cat?post=10382"},{"taxonomy":"product_tag","embeddable":true,"href":"https:\/\/www.booksofall.com\/es\/wp-json\/wp\/v2\/product_tag?post=10382"}],"curies":[{"name":"wp","href":"https:\/\/api.w.org\/{rel}","templated":true}]}}