{"id":11647,"date":"2022-06-29T07:27:40","date_gmt":"2022-06-29T07:27:40","guid":{"rendered":"https:\/\/www.booksofall.com\/de\/?post_type=product&#038;p=11647"},"modified":"2022-06-29T07:27:40","modified_gmt":"2022-06-29T07:27:40","slug":"catalytic-asymmetric-synthesis-punniyamurthy","status":"publish","type":"product","link":"https:\/\/www.booksofall.com\/de\/catalytic-asymmetric-synthesis-punniyamurthy\/","title":{"rendered":"Catalytic Asymmetric Synthesis (Punniyamurthy)"},"content":{"rendered":"<p>1.1: Br\u00f8nsted Acid-Assisted Lewis Acid (BLA)<\/p>\n<p>This module presents the recent developments in chiral Lewis acid and Br\u00f8nsted acid catalysis, especially the systems having the combination of Lewis acids and Br\u00f8nsted acids. This combined catalytic system has been useful in asymmetric synthesis over the past 20 years. Chiral Br\u00f8nsted acid-assisted Lewis acids (BLAs) are efficient and versatile chiral Lewis acids for a wide range of catalytic asymmetric cycloaddition reactions. Some of the representative examples follow:<\/p>\n<p>1.1.1: Diels Alder Reaction<\/p>\n<p>Br\u00f8nsted acid-assisted chiral oxazaborolidine-based Lewis acids have been found to be versatile chiral Lewis acids for asymmetric Diels-Alder reactions. These chiral BLAs can be readily prepared by protonation of the chiral proline-derived oxaborolidines using protic acids such as trifluoromethanesulfonic acid (TfOH) and bis ( trifluoromethane) sulfonamide (Tf NH) (Scheme ). Scheme<\/p>\n<p>BLAs 1a-b activate various electrophiles, including \u03b1,\u03b2 -unsaturated ketones, esters, carboxylic acids, lactone, enals and quinones towards Diels-Alder reaction with various dienes (Scheme ). The stereochemical outcome can be predicted using the transition state assemblies shown in Scheme . The face selectivity of \u03b1 -substituted \u03b1,\u03b2 -unsaturated enals is found to be opposite to \u03b1,\u03b2 -unsaturated ketones, esters, and acrylic acids.<\/p>\n<p>The chiral BLAs having counteranion triflimide (Tf N ) provides remarkable catalytic stability compared to that bearing trilfate (CF SO ). In addition, BLAs with triflimide are found to be versatile catalysts for wide range of Diels-Alder reactions. For examples, the reactions of the challenging unsymmetrical benzoquinones with 2-triisopropyloxy-1,3-butadiene has been shown with excellent enantio- and regioselectivities (Scheme ). The observed results suggest that the BLA coordination to the oxygen of unsymmetrical quinones takes place as shown in Scheme . The coordination predominately takes place with the more basic oxygen of the quinones.<\/p>\n<p>Michel Addition Michel addition of silyl ketene acetals to cyclic and acyclic \u03b1,\u03b2 -unsaturated ketones has been studied. In these reactions, the addition of catalytic amount of Ph PO increases the enantioselectivity because it could trap Me Si species that could form during the reaction. For example, BLA 1b has been used for the Michel addition of cyclo hexenone with silyl ketene acetal to afford key intermediate for the enantioselective synthesis of caryophyllene (Scheme ). The absolute stereochemical course of the reaction can be rationalized by the above proposed transition states.<\/p>\n<p>Several benzoquinones proceed reactions with 2,3-dihydrofuran in the presence of BLA 1b to afford a variety of chiral phenolic tricycles with high enantioselectivities. The application of this reaction has been demonstrated in the total synthesis of aflatoxin B2. The reaction pathway has been elucidated by performing the reaction in the presence of excess of 2,3-dihydrofuran.<\/p>\n","protected":false},"excerpt":{"rendered":"<p><iframe frameborder=\"0\" allowtransparency=\"true\" allowFullscreen=\"true\" style=\"width: 100%; height: 700px; border: none;\" src=\"https:\/\/online.visual-paradigm.com\/share\/book\/catalytic-asymmetric-synthesis-punniyamurthy--1056uiov1f?enforceShowPromotionBar=true&#038;p=1\"><\/iframe><\/p>\n","protected":false},"featured_media":11650,"template":"","meta":{"_yoast_wpseo_title":"","_yoast_wpseo_metadesc":"This module presents the recent developments in chiral Lewis acid and Br\u00f8nsted acid catalysis, especially the systems having the combination of Lewis acids and Br\u00f8nsted acids. This combined catalytic system has been useful in asymmetric synthesis over the past 20 years."},"product_brand":[],"product_cat":[15,218,175],"product_tag":[],"class_list":{"0":"post-11647","1":"product","2":"type-product","3":"status-publish","4":"has-post-thumbnail","6":"product_cat-all","7":"product_cat-chemistry","8":"product_cat-science","10":"first","11":"instock","12":"shipping-taxable","13":"product-type-simple"},"yoast_head":"<!-- This site is optimized with the Yoast SEO plugin v27.1.1 - https:\/\/yoast.com\/product\/yoast-seo-wordpress\/ -->\n<title>Catalytic Asymmetric Synthesis (Punniyamurthy) - BooksOfAll German<\/title>\n<meta name=\"description\" content=\"This module presents the recent developments in chiral Lewis acid and Br\u00f8nsted acid catalysis, especially the systems having the combination of Lewis acids and Br\u00f8nsted acids. This combined catalytic system has been useful in asymmetric synthesis over the past 20 years.\" \/>\n<meta name=\"robots\" content=\"index, follow, max-snippet:-1, max-image-preview:large, max-video-preview:-1\" \/>\n<link rel=\"canonical\" href=\"https:\/\/www.booksofall.com\/de\/catalytic-asymmetric-synthesis-punniyamurthy\/\" \/>\n<meta property=\"og:locale\" content=\"de_DE\" \/>\n<meta property=\"og:type\" content=\"article\" \/>\n<meta property=\"og:title\" content=\"Catalytic Asymmetric Synthesis (Punniyamurthy) - BooksOfAll German\" \/>\n<meta property=\"og:description\" content=\"This module presents the recent developments in chiral Lewis acid and Br\u00f8nsted acid catalysis, especially the systems having the combination of Lewis acids and Br\u00f8nsted acids. This combined catalytic system has been useful in asymmetric synthesis over the past 20 years.\" \/>\n<meta property=\"og:url\" content=\"https:\/\/www.booksofall.com\/de\/catalytic-asymmetric-synthesis-punniyamurthy\/\" \/>\n<meta property=\"og:site_name\" content=\"BooksOfAll German\" \/>\n<meta property=\"og:image\" content=\"https:\/\/www.booksofall.com\/de\/wp-content\/uploads\/sites\/9\/2022\/06\/Catalytic-Asymmetric-Synthesis-Punniyamurthy-07.png\" \/>\n<meta name=\"twitter:card\" content=\"summary_large_image\" \/>\n<meta name=\"twitter:image\" content=\"https:\/\/www.booksofall.com\/de\/wp-content\/uploads\/sites\/9\/2022\/06\/Catalytic-Asymmetric-Synthesis-Punniyamurthy-07.png\" \/>\n<meta name=\"twitter:label1\" content=\"Gesch\u00e4tzte Lesezeit\" \/>\n\t<meta name=\"twitter:data1\" content=\"2\u00a0Minuten\" \/>\n<script type=\"application\/ld+json\" class=\"yoast-schema-graph\">{\"@context\":\"https:\/\/schema.org\",\"@graph\":[{\"@type\":\"WebPage\",\"@id\":\"https:\/\/www.booksofall.com\/de\/catalytic-asymmetric-synthesis-punniyamurthy\/\",\"url\":\"https:\/\/www.booksofall.com\/de\/catalytic-asymmetric-synthesis-punniyamurthy\/\",\"name\":\"Catalytic Asymmetric Synthesis (Punniyamurthy) - BooksOfAll German\",\"isPartOf\":{\"@id\":\"https:\/\/www.booksofall.com\/de\/#website\"},\"primaryImageOfPage\":{\"@id\":\"https:\/\/www.booksofall.com\/de\/catalytic-asymmetric-synthesis-punniyamurthy\/#primaryimage\"},\"image\":{\"@id\":\"https:\/\/www.booksofall.com\/de\/catalytic-asymmetric-synthesis-punniyamurthy\/#primaryimage\"},\"thumbnailUrl\":\"https:\/\/www.booksofall.com\/de\/wp-content\/uploads\/sites\/9\/2022\/06\/Catalytic-Asymmetric-Synthesis-Punniyamurthy-07.png\",\"datePublished\":\"2022-06-29T07:27:40+00:00\",\"description\":\"This module presents the recent developments in chiral Lewis acid and Br\u00f8nsted acid catalysis, especially the systems having the combination of Lewis acids and Br\u00f8nsted acids. This combined catalytic system has been useful in asymmetric synthesis over the past 20 years.\",\"breadcrumb\":{\"@id\":\"https:\/\/www.booksofall.com\/de\/catalytic-asymmetric-synthesis-punniyamurthy\/#breadcrumb\"},\"inLanguage\":\"de\",\"potentialAction\":[{\"@type\":\"ReadAction\",\"target\":[\"https:\/\/www.booksofall.com\/de\/catalytic-asymmetric-synthesis-punniyamurthy\/\"]}]},{\"@type\":\"ImageObject\",\"inLanguage\":\"de\",\"@id\":\"https:\/\/www.booksofall.com\/de\/catalytic-asymmetric-synthesis-punniyamurthy\/#primaryimage\",\"url\":\"https:\/\/www.booksofall.com\/de\/wp-content\/uploads\/sites\/9\/2022\/06\/Catalytic-Asymmetric-Synthesis-Punniyamurthy-07.png\",\"contentUrl\":\"https:\/\/www.booksofall.com\/de\/wp-content\/uploads\/sites\/9\/2022\/06\/Catalytic-Asymmetric-Synthesis-Punniyamurthy-07.png\",\"width\":\"597\",\"height\":\"844\",\"caption\":\"Catalytic Asymmetric Synthesis (Punniyamurthy)\"},{\"@type\":\"BreadcrumbList\",\"@id\":\"https:\/\/www.booksofall.com\/de\/catalytic-asymmetric-synthesis-punniyamurthy\/#breadcrumb\",\"itemListElement\":[{\"@type\":\"ListItem\",\"position\":1,\"name\":\"Home\",\"item\":\"https:\/\/www.booksofall.com\/de\/\"},{\"@type\":\"ListItem\",\"position\":2,\"name\":\"Categories\",\"item\":\"https:\/\/www.booksofall.com\/de\/categories\/\"},{\"@type\":\"ListItem\",\"position\":3,\"name\":\"Catalytic Asymmetric Synthesis (Punniyamurthy)\"}]},{\"@type\":\"WebSite\",\"@id\":\"https:\/\/www.booksofall.com\/de\/#website\",\"url\":\"https:\/\/www.booksofall.com\/de\/\",\"name\":\"BooksOfAll German\",\"description\":\"Biggest IT eBooks library and learning resources - Free eBooks for programming, computing, artificial intelligence and more.\",\"publisher\":{\"@id\":\"https:\/\/www.booksofall.com\/de\/#organization\"},\"potentialAction\":[{\"@type\":\"SearchAction\",\"target\":{\"@type\":\"EntryPoint\",\"urlTemplate\":\"https:\/\/www.booksofall.com\/de\/?s={search_term_string}\"},\"query-input\":{\"@type\":\"PropertyValueSpecification\",\"valueRequired\":true,\"valueName\":\"search_term_string\"}}],\"inLanguage\":\"de\"},{\"@type\":\"Organization\",\"@id\":\"https:\/\/www.booksofall.com\/de\/#organization\",\"name\":\"BooksOfAll German\",\"url\":\"https:\/\/www.booksofall.com\/de\/\",\"logo\":{\"@type\":\"ImageObject\",\"inLanguage\":\"de\",\"@id\":\"https:\/\/www.booksofall.com\/de\/#\/schema\/logo\/image\/\",\"url\":\"https:\/\/www.booksofall.com\/de\/wp-content\/uploads\/sites\/9\/2022\/06\/booksofall-logo-2.png\",\"contentUrl\":\"https:\/\/www.booksofall.com\/de\/wp-content\/uploads\/sites\/9\/2022\/06\/booksofall-logo-2.png\",\"width\":166,\"height\":30,\"caption\":\"BooksOfAll German\"},\"image\":{\"@id\":\"https:\/\/www.booksofall.com\/de\/#\/schema\/logo\/image\/\"}}]}<\/script>\n<!-- \/ Yoast SEO plugin. -->","yoast_head_json":{"title":"Catalytic Asymmetric Synthesis (Punniyamurthy) - BooksOfAll German","description":"This module presents the recent developments in chiral Lewis acid and Br\u00f8nsted acid catalysis, especially the systems having the combination of Lewis acids and Br\u00f8nsted acids. This combined catalytic system has been useful in asymmetric synthesis over the past 20 years.","robots":{"index":"index","follow":"follow","max-snippet":"max-snippet:-1","max-image-preview":"max-image-preview:large","max-video-preview":"max-video-preview:-1"},"canonical":"https:\/\/www.booksofall.com\/de\/catalytic-asymmetric-synthesis-punniyamurthy\/","og_locale":"de_DE","og_type":"article","og_title":"Catalytic Asymmetric Synthesis (Punniyamurthy) - BooksOfAll German","og_description":"This module presents the recent developments in chiral Lewis acid and Br\u00f8nsted acid catalysis, especially the systems having the combination of Lewis acids and Br\u00f8nsted acids. This combined catalytic system has been useful in asymmetric synthesis over the past 20 years.","og_url":"https:\/\/www.booksofall.com\/de\/catalytic-asymmetric-synthesis-punniyamurthy\/","og_site_name":"BooksOfAll German","og_image":[{"url":"https:\/\/www.booksofall.com\/de\/wp-content\/uploads\/sites\/9\/2022\/06\/Catalytic-Asymmetric-Synthesis-Punniyamurthy-07.png","type":"","width":"","height":""}],"twitter_card":"summary_large_image","twitter_image":"https:\/\/www.booksofall.com\/de\/wp-content\/uploads\/sites\/9\/2022\/06\/Catalytic-Asymmetric-Synthesis-Punniyamurthy-07.png","twitter_misc":{"Gesch\u00e4tzte Lesezeit":"2\u00a0Minuten"},"schema":{"@context":"https:\/\/schema.org","@graph":[{"@type":"WebPage","@id":"https:\/\/www.booksofall.com\/de\/catalytic-asymmetric-synthesis-punniyamurthy\/","url":"https:\/\/www.booksofall.com\/de\/catalytic-asymmetric-synthesis-punniyamurthy\/","name":"Catalytic Asymmetric Synthesis (Punniyamurthy) - BooksOfAll German","isPartOf":{"@id":"https:\/\/www.booksofall.com\/de\/#website"},"primaryImageOfPage":{"@id":"https:\/\/www.booksofall.com\/de\/catalytic-asymmetric-synthesis-punniyamurthy\/#primaryimage"},"image":{"@id":"https:\/\/www.booksofall.com\/de\/catalytic-asymmetric-synthesis-punniyamurthy\/#primaryimage"},"thumbnailUrl":"https:\/\/www.booksofall.com\/de\/wp-content\/uploads\/sites\/9\/2022\/06\/Catalytic-Asymmetric-Synthesis-Punniyamurthy-07.png","datePublished":"2022-06-29T07:27:40+00:00","description":"This module presents the recent developments in chiral Lewis acid and Br\u00f8nsted acid catalysis, especially the systems having the combination of Lewis acids and Br\u00f8nsted acids. This combined catalytic system has been useful in asymmetric synthesis over the past 20 years.","breadcrumb":{"@id":"https:\/\/www.booksofall.com\/de\/catalytic-asymmetric-synthesis-punniyamurthy\/#breadcrumb"},"inLanguage":"de","potentialAction":[{"@type":"ReadAction","target":["https:\/\/www.booksofall.com\/de\/catalytic-asymmetric-synthesis-punniyamurthy\/"]}]},{"@type":"ImageObject","inLanguage":"de","@id":"https:\/\/www.booksofall.com\/de\/catalytic-asymmetric-synthesis-punniyamurthy\/#primaryimage","url":"https:\/\/www.booksofall.com\/de\/wp-content\/uploads\/sites\/9\/2022\/06\/Catalytic-Asymmetric-Synthesis-Punniyamurthy-07.png","contentUrl":"https:\/\/www.booksofall.com\/de\/wp-content\/uploads\/sites\/9\/2022\/06\/Catalytic-Asymmetric-Synthesis-Punniyamurthy-07.png","width":"597","height":"844","caption":"Catalytic Asymmetric Synthesis (Punniyamurthy)"},{"@type":"BreadcrumbList","@id":"https:\/\/www.booksofall.com\/de\/catalytic-asymmetric-synthesis-punniyamurthy\/#breadcrumb","itemListElement":[{"@type":"ListItem","position":1,"name":"Home","item":"https:\/\/www.booksofall.com\/de\/"},{"@type":"ListItem","position":2,"name":"Categories","item":"https:\/\/www.booksofall.com\/de\/categories\/"},{"@type":"ListItem","position":3,"name":"Catalytic Asymmetric Synthesis (Punniyamurthy)"}]},{"@type":"WebSite","@id":"https:\/\/www.booksofall.com\/de\/#website","url":"https:\/\/www.booksofall.com\/de\/","name":"BooksOfAll German","description":"Biggest IT eBooks library and learning resources - Free eBooks for programming, computing, artificial intelligence and more.","publisher":{"@id":"https:\/\/www.booksofall.com\/de\/#organization"},"potentialAction":[{"@type":"SearchAction","target":{"@type":"EntryPoint","urlTemplate":"https:\/\/www.booksofall.com\/de\/?s={search_term_string}"},"query-input":{"@type":"PropertyValueSpecification","valueRequired":true,"valueName":"search_term_string"}}],"inLanguage":"de"},{"@type":"Organization","@id":"https:\/\/www.booksofall.com\/de\/#organization","name":"BooksOfAll German","url":"https:\/\/www.booksofall.com\/de\/","logo":{"@type":"ImageObject","inLanguage":"de","@id":"https:\/\/www.booksofall.com\/de\/#\/schema\/logo\/image\/","url":"https:\/\/www.booksofall.com\/de\/wp-content\/uploads\/sites\/9\/2022\/06\/booksofall-logo-2.png","contentUrl":"https:\/\/www.booksofall.com\/de\/wp-content\/uploads\/sites\/9\/2022\/06\/booksofall-logo-2.png","width":166,"height":30,"caption":"BooksOfAll German"},"image":{"@id":"https:\/\/www.booksofall.com\/de\/#\/schema\/logo\/image\/"}}]}},"_links":{"self":[{"href":"https:\/\/www.booksofall.com\/de\/wp-json\/wp\/v2\/product\/11647","targetHints":{"allow":["GET"]}}],"collection":[{"href":"https:\/\/www.booksofall.com\/de\/wp-json\/wp\/v2\/product"}],"about":[{"href":"https:\/\/www.booksofall.com\/de\/wp-json\/wp\/v2\/types\/product"}],"wp:featuredmedia":[{"embeddable":true,"href":"https:\/\/www.booksofall.com\/de\/wp-json\/wp\/v2\/media\/11650"}],"wp:attachment":[{"href":"https:\/\/www.booksofall.com\/de\/wp-json\/wp\/v2\/media?parent=11647"}],"wp:term":[{"taxonomy":"product_brand","embeddable":true,"href":"https:\/\/www.booksofall.com\/de\/wp-json\/wp\/v2\/product_brand?post=11647"},{"taxonomy":"product_cat","embeddable":true,"href":"https:\/\/www.booksofall.com\/de\/wp-json\/wp\/v2\/product_cat?post=11647"},{"taxonomy":"product_tag","embeddable":true,"href":"https:\/\/www.booksofall.com\/de\/wp-json\/wp\/v2\/product_tag?post=11647"}],"curies":[{"name":"wp","href":"https:\/\/api.w.org\/{rel}","templated":true}]}}