{"id":15116,"date":"2022-07-21T06:06:22","date_gmt":"2022-07-21T06:06:22","guid":{"rendered":"https:\/\/www.booksofall.com\/cn\/?post_type=product&#038;p=15116"},"modified":"2022-07-21T06:14:56","modified_gmt":"2022-07-21T06:14:56","slug":"madame-de-stael-1766-1817","status":"publish","type":"product","link":"https:\/\/www.booksofall.com\/cn\/madame-de-stael-1766-1817\/","title":{"rendered":"Madame de Sta\u00ebl (1766-1817)"},"content":{"rendered":"<h4>From the Enlightenment to the dawn of Romanticism<\/h4>\n<p><a href=\"https:\/\/www.europeana.eu\/portal\/search?q=+Oeuvres+compl%5B%1$s:C3%5DA8tes&amp;qf%5B%5D=baronne&amp;f%5BDATA_PROVIDER%5D%5B%5D=Biblioth%5B%1$s:C3%5DA8que+nationale+de+France\">Writer<\/a>, republican, literary theoretician and philosopher,\u00a0<a href=\"https:\/\/www.europeana.eu\/portal\/fr\/search?q=madame+de+stael+et+son+temps\">Madame<\/a>\u00a0<a href=\"https:\/\/www.europeana.eu\/portal\/fr\/search?q=madame+de+stael+et+son+temps\">de Sta\u00ebl<\/a>\u00a0contributed to the diffusion of ideas in Europe through her travels and her\u00a0<a href=\"https:\/\/www.europeana.eu\/portal\/record\/9200520\/ark__12148_bpt6k292394.html\">Salon<\/a>, where she received many European intellectuals.<\/p>\n<h4 id=\"a-woman-of-letters-and-a-philosopher\">A Woman of Letters and a Philosopher<\/h4>\n<p>Anne-Louise Germaine Necker was born into the\u00a0<a href=\"https:\/\/www.europeana.eu\/portal\/record\/9200143\/BibliographicResource_2000069341227.html\">Swiss bourgeoisie<\/a>\u00a0in 1766 and received an education steeped in the spirit of the Enlightenment. From her childhood, she rubbed shoulders with politicians, talked with the\u00a0<a href=\"https:\/\/www.europeana.eu\/portal\/record\/9200520\/ark__12148_bpt6k6461930c.html\">Encyclopaedists<\/a>\u00a0and developed an enthusiasm for\u00a0<a href=\"https:\/\/www.europeana.eu\/portal\/search?q=Jean-Jacques+Rousseau&amp;qf%5B%5D=1826&amp;qf%5B%5D=oeuvres+compl%5B%1$s:C3%5DA8tes&amp;f%5BDATA_PROVIDER%5D%5B%5D=Biblioth%5B%1$s:C3%5DA8que+nationale+de+France&amp;f%5BTYPE%5D%5B%5D=TEXT\">Rousseau<\/a>&#8216;s ideas. After her marriage to\u00a0<a href=\"http:\/\/www.europeana.eu\/portal\/record\/2064116\/Museu_ProvidedCHO_Nationalmuseum__Sweden_25176.html\">Baron Sta\u00ebl von Holstein<\/a>, Germaine de Sta\u00ebl opened a\u00a0<a href=\"https:\/\/www.europeana.eu\/portal\/record\/03915\/public_mistral_memoire_fr_ACTION_CHERCHER_FIELD_1_REF_VALUE_1_AP52N00768.html\">Salon<\/a> where new ideas, brought by participants in the American Revolutionary War, could circulate. She developed a passion for writing at an early age and some of her first compositions survive in &#8216;<a href=\"https:\/\/www.europeana.eu\/portal\/search?q=correspondance+litt%5B%1$s:C3%5DA9raire&amp;qf%5B%5D=grimm\">La Correspondance litt\u00e9raire<\/a>&#8216;. Published in 1788, Madame de Sta\u00ebl&#8217;s &#8216;<a href=\"https:\/\/www.europeana.eu\/portal\/record\/9200520\/ark__12148_btv1b8614612b.html\">Lettres sur le caract\u00e8re et les ouvrages de Jean-Jacques Rousseau<\/a>&#8216; marked her first literary success.<\/p>\n<h4 id=\"towards-an-enlightened-republic\">Towards an Enlightened Republic<\/h4>\n<p>At the start of the French Revolution, Germaine de Sta\u00ebl was in favour of what she felt was progress and a step towards a constitutional monarchy. But after the fall of the monarchy, she left France and took refuge at\u00a0<a href=\"https:\/\/www.europeana.eu\/portal\/search?q=coppet+gare\">Coppet<\/a>\u00a0in Switzerland and later in England. During this period she wrote many novels,\u00a0<a href=\"https:\/\/www.europeana.eu\/portal\/record\/9200386\/BibliographicResource_3000045471360.html\">plays<\/a>\u00a0and\u00a0<a href=\"https:\/\/www.europeana.eu\/portal\/record\/9200386\/BibliographicResource_3000045471640.html\">essays<\/a>. After her return to Paris in May 1795, Madame de Sta\u00ebl reopened her\u00a0<a href=\"https:\/\/www.europeana.eu\/portal\/record\/9200520\/ark__12148_bpt6k29240b.html\">Salon<\/a>\u00a0and spoke in favour of a moderate and rational Republic with roots in the Enlightenment. In\u00a0<a href=\"https:\/\/www.europeana.eu\/portal\/en\/search?q=De+la+litt%5B%1$s:C3%5DA9rature+consid%5B%1$s:C3%5DA9r%5B%1$s:C3%5DA9e+dans+ses+rapports+avec+les+institutions+sociales&amp;qf%5B%5D=1800&amp;f%5BDATA_PROVIDER%5D%5B%5D=Biblioth%5B%1$s:C3%5DA8que+nationale+de+France&amp;per_page=36&amp;view=grid\">1800<\/a>, she presented a new view of literature in &#8216;<a href=\"https:\/\/www.europeana.eu\/portal\/en\/search?q=De+la+litt%5B%1$s:C3%5DA9rature+consid%5B%1$s:C3%5DA9r%5B%1$s:C3%5DA9e+dans+ses+rapports+avec+les+institutions+sociales&amp;qf%5B%5D=1799\">De la litt\u00e9rature consid\u00e9r\u00e9e dans ses rapports avec les institutions sociales<\/a>&#8216;.<\/p>\n<h4 id=\"a-european-salon\">A European Salon<\/h4>\n<p>Between 1795 and 1802, Germaine de Sta\u00ebl watched the rise of\u00a0<a href=\"https:\/\/www.europeana.eu\/portal\/fr\/record\/9200518\/ark__12148_btv1b8414367s.html\">Napoleon Bonaparte<\/a>. Once she realised he wouldn\u2019t promote the ideals of the Revolution, she fought him on the ideological level. Napoleon exiled her after she wrote &#8216;<a href=\"https:\/\/www.europeana.eu\/portal\/fr\/search?q=RES+P-Y2-1450\">Delphine<\/a>&#8216; (1802). Unable to publish,\u00a0<a href=\"https:\/\/www.europeana.eu\/portal\/fr\/record\/9200520\/ark__12148_bpt6k5844439h.html\">she travelled throughout Europe<\/a>\u00a0and received many people who were opposed to Napoleon at Coppet, including:<\/p>\n<ul>\n<li><a href=\"https:\/\/www.europeana.eu\/portal\/record\/9200520\/ark__12148_bpt6k5839249g.html\">Benjamin Constant<\/a><\/li>\n<li><a href=\"https:\/\/www.europeana.eu\/portal\/record\/04202\/BibliographicResource_3000135611851.html\">Jean de Sismondi<\/a><\/li>\n<li>the\u00a0<a href=\"https:\/\/www.europeana.eu\/portal\/search?q=Schlegel&amp;qf%5B%5D=august&amp;qf%5B%5D=Friedrich+&amp;qf%5B%5D=Athenaeum\">Schlegel brothers<\/a><\/li>\n<li><a href=\"https:\/\/www.europeana.eu\/portal\/record\/9200520\/ark__12148_bpt6k710161.html\">Chateaubriand<\/a><\/li>\n<li><a href=\"https:\/\/www.europeana.eu\/portal\/record\/9200520\/ark__12148_bpt6k1513218z.html\">Charles de Villers<\/a><\/li>\n<li><a href=\"https:\/\/www.europeana.eu\/portal\/record\/9200386\/BibliographicResource_3000045498756.html\">Wilhelm von Humboldt<\/a><\/li>\n<li><a href=\"https:\/\/www.europeana.eu\/portal\/record\/9200520\/ark__12148_bpt6k6468107j.html\">Prosper de Barante<\/a><\/li>\n<li><a href=\"https:\/\/www.europeana.eu\/portal\/search?q=Victor+de+Broglie&amp;qf%5B%5D=souvenirs\">Victor de Broglie<\/a><\/li>\n<li><a href=\"https:\/\/www.europeana.eu\/portal\/record\/9200386\/BibliographicResource_3000044925166.html\">Zacharias Werner<\/a><\/li>\n<li><a href=\"https:\/\/www.europeana.eu\/portal\/record\/9200520\/ark__12148_bpt6k56264430.html\">Mathieu de Montmorency-Laval<\/a><\/li>\n<li><a href=\"https:\/\/www.europeana.eu\/portal\/search?q=Adam+Gottlob+Oehlenschl%5B%1$s:C3%5DA4ger&amp;qf%5B%5D=++poetiske+Skrifter&amp;f%5BDATA_PROVIDER%5D%5B%5D=National+Library+of+Denmark\">Adam Gottlob Oehlenschl\u00e4ger<\/a><\/li>\n<li><a href=\"https:\/\/www.europeana.eu\/portal\/record\/9200332\/BibliographicResource_3000123584286.html\">Charles Victor de Bonstetten<\/a><\/li>\n<\/ul>\n<p>Coppet was a new sort of gathering place, in transition from the Salons of the Enlightenment to the\u00a0<a href=\"https:\/\/www.britannica.com\/art\/cenacle\">C\u00e9nacle<\/a> of the Romantic movement. It was a place to exchange opinions and ideas, and drew intellectuals across three generations, of different nationalities, religious views and political opinions. United by the values of liberty, the individual and his rights, respect for others, and equality before the law, they all spread their ideas through their writings and their travels across Europe. &#8216;<a href=\"https:\/\/www.europeana.eu\/portal\/search?q=RES+P-Y2-1725\">Corinne, ou l&#8217;Italie<\/a>&#8216;, written during Germaine de Sta\u00ebl&#8217;s exile, shows her ideas on aesthetics, the arts and literature. &#8216;De l&#8217;Allemagne&#8217; was an important essay in developing the Romantic doctrine, and was\u00a0<a href=\"https:\/\/www.europeana.eu\/portal\/record\/9200143\/BibliographicResource_2000069337522.html\">published clandestinely in London in 1813<\/a>, after its\u00a0<a href=\"https:\/\/www.europeana.eu\/portal\/record\/9200520\/ark__12148_btv1b86232882.html\">censure in 1810<\/a>. Germaine de Sta\u00ebl returned to France after the fall of\u00a0<a href=\"https:\/\/www.europeana.eu\/portal\/record\/9200520\/ark__12148_bpt6k5796287n.html\">Napoleon<\/a>\u00a0and was at the pinnacle of her glory during the First Restoration (1814-1815). She died in Paris on 14 July 1817, the anniversary of the storming of the Bastille prison and the beginning of the French Revolution.<\/p>\n","protected":false},"excerpt":{"rendered":"<p><iframe style=\"width: 100%; height: 750px; border: none;\" src=\"https:\/\/online.visual-paradigm.com\/share\/book\/madame-de-sta-l-1766-1817-110knut6td?p=1\" frameborder=\"0\" allowfullscreen=\"allowfullscreen\"><\/iframe><\/p>\n","protected":false},"featured_media":15128,"template":"","meta":{"_yoast_wpseo_title":"","_yoast_wpseo_metadesc":"Here is how you can improve your content marketing with flipbooks like this. Create your own flipbook now!"},"product_brand":[],"product_cat":[15,188],"product_tag":[],"class_list":{"0":"post-15116","1":"product","2":"type-product","3":"status-publish","4":"has-post-thumbnail","6":"product_cat-all","7":"product_cat-literature","9":"first","10":"instock","11":"shipping-taxable","12":"product-type-simple"},"yoast_head":"<!-- This site is optimized with the Yoast SEO plugin v27.1.1 - https:\/\/yoast.com\/product\/yoast-seo-wordpress\/ -->\n<title>Madame de Sta\u00ebl (1766-1817) - BooksOfAll Simplified Chinese<\/title>\n<meta name=\"description\" content=\"Here is how you can improve your content marketing with flipbooks like this. Create your own flipbook now!\" \/>\n<meta name=\"robots\" content=\"index, follow, max-snippet:-1, max-image-preview:large, max-video-preview:-1\" \/>\n<link rel=\"canonical\" href=\"https:\/\/www.booksofall.com\/cn\/madame-de-stael-1766-1817\/\" \/>\n<meta property=\"og:locale\" content=\"zh_CN\" \/>\n<meta property=\"og:type\" content=\"article\" \/>\n<meta property=\"og:title\" content=\"Madame de Sta\u00ebl (1766-1817) - BooksOfAll Simplified Chinese\" \/>\n<meta property=\"og:description\" content=\"Here is how you can improve your content marketing with flipbooks like this. Create your own flipbook now!\" \/>\n<meta property=\"og:url\" content=\"https:\/\/www.booksofall.com\/cn\/madame-de-stael-1766-1817\/\" \/>\n<meta property=\"og:site_name\" content=\"BooksOfAll Simplified Chinese\" \/>\n<meta property=\"article:modified_time\" content=\"2022-07-21T06:14:56+00:00\" \/>\n<meta property=\"og:image\" content=\"https:\/\/www.booksofall.com\/cn\/wp-content\/uploads\/sites\/2\/2022\/07\/Madame-de-Stael-1766-1817-01.png\" \/>\n<meta name=\"twitter:card\" content=\"summary_large_image\" \/>\n<meta name=\"twitter:image\" content=\"https:\/\/www.booksofall.com\/cn\/wp-content\/uploads\/sites\/2\/2022\/07\/Madame-de-Stael-1766-1817-01.png\" \/>\n<meta name=\"twitter:label1\" content=\"\u9884\u8ba1\u9605\u8bfb\u65f6\u95f4\" \/>\n\t<meta name=\"twitter:data1\" content=\"3 \u5206\" \/>\n<script type=\"application\/ld+json\" class=\"yoast-schema-graph\">{\"@context\":\"https:\/\/schema.org\",\"@graph\":[{\"@type\":\"WebPage\",\"@id\":\"https:\/\/www.booksofall.com\/cn\/madame-de-stael-1766-1817\/\",\"url\":\"https:\/\/www.booksofall.com\/cn\/madame-de-stael-1766-1817\/\",\"name\":\"Madame de Sta\u00ebl (1766-1817) - BooksOfAll Simplified Chinese\",\"isPartOf\":{\"@id\":\"https:\/\/www.booksofall.com\/cn\/#website\"},\"primaryImageOfPage\":{\"@id\":\"https:\/\/www.booksofall.com\/cn\/madame-de-stael-1766-1817\/#primaryimage\"},\"image\":{\"@id\":\"https:\/\/www.booksofall.com\/cn\/madame-de-stael-1766-1817\/#primaryimage\"},\"thumbnailUrl\":\"https:\/\/www.booksofall.com\/cn\/wp-content\/uploads\/sites\/2\/2022\/07\/Madame-de-Stael-1766-1817-01.png\",\"datePublished\":\"2022-07-21T06:06:22+00:00\",\"dateModified\":\"2022-07-21T06:14:56+00:00\",\"description\":\"Here is how you can improve your content marketing with flipbooks like this. Create your own flipbook now!\",\"breadcrumb\":{\"@id\":\"https:\/\/www.booksofall.com\/cn\/madame-de-stael-1766-1817\/#breadcrumb\"},\"inLanguage\":\"zh-Hans\",\"potentialAction\":[{\"@type\":\"ReadAction\",\"target\":[\"https:\/\/www.booksofall.com\/cn\/madame-de-stael-1766-1817\/\"]}]},{\"@type\":\"ImageObject\",\"inLanguage\":\"zh-Hans\",\"@id\":\"https:\/\/www.booksofall.com\/cn\/madame-de-stael-1766-1817\/#primaryimage\",\"url\":\"https:\/\/www.booksofall.com\/cn\/wp-content\/uploads\/sites\/2\/2022\/07\/Madame-de-Stael-1766-1817-01.png\",\"contentUrl\":\"https:\/\/www.booksofall.com\/cn\/wp-content\/uploads\/sites\/2\/2022\/07\/Madame-de-Stael-1766-1817-01.png\",\"width\":\"596\",\"height\":\"842\"},{\"@type\":\"BreadcrumbList\",\"@id\":\"https:\/\/www.booksofall.com\/cn\/madame-de-stael-1766-1817\/#breadcrumb\",\"itemListElement\":[{\"@type\":\"ListItem\",\"position\":1,\"name\":\"Home\",\"item\":\"https:\/\/www.booksofall.com\/cn\/\"},{\"@type\":\"ListItem\",\"position\":2,\"name\":\"Categories\",\"item\":\"https:\/\/www.booksofall.com\/cn\/categories\/\"},{\"@type\":\"ListItem\",\"position\":3,\"name\":\"Madame de Sta\u00ebl (1766-1817)\"}]},{\"@type\":\"WebSite\",\"@id\":\"https:\/\/www.booksofall.com\/cn\/#website\",\"url\":\"https:\/\/www.booksofall.com\/cn\/\",\"name\":\"BooksOfAll Simplified Chinese\",\"description\":\"Biggest IT eBooks library and learning resources - Free eBooks for programming, computing, artificial intelligence and more.\",\"publisher\":{\"@id\":\"https:\/\/www.booksofall.com\/cn\/#organization\"},\"potentialAction\":[{\"@type\":\"SearchAction\",\"target\":{\"@type\":\"EntryPoint\",\"urlTemplate\":\"https:\/\/www.booksofall.com\/cn\/?s={search_term_string}\"},\"query-input\":{\"@type\":\"PropertyValueSpecification\",\"valueRequired\":true,\"valueName\":\"search_term_string\"}}],\"inLanguage\":\"zh-Hans\"},{\"@type\":\"Organization\",\"@id\":\"https:\/\/www.booksofall.com\/cn\/#organization\",\"name\":\"BooksOfAll Simplified Chinese\",\"url\":\"https:\/\/www.booksofall.com\/cn\/\",\"logo\":{\"@type\":\"ImageObject\",\"inLanguage\":\"zh-Hans\",\"@id\":\"https:\/\/www.booksofall.com\/cn\/#\/schema\/logo\/image\/\",\"url\":\"https:\/\/www.booksofall.com\/cn\/wp-content\/uploads\/sites\/2\/2022\/06\/booksofall-logo-2.png\",\"contentUrl\":\"https:\/\/www.booksofall.com\/cn\/wp-content\/uploads\/sites\/2\/2022\/06\/booksofall-logo-2.png\",\"width\":166,\"height\":30,\"caption\":\"BooksOfAll Simplified Chinese\"},\"image\":{\"@id\":\"https:\/\/www.booksofall.com\/cn\/#\/schema\/logo\/image\/\"}}]}<\/script>\n<!-- \/ Yoast SEO plugin. -->","yoast_head_json":{"title":"Madame de Sta\u00ebl (1766-1817) - BooksOfAll Simplified Chinese","description":"Here is how you can improve your content marketing with flipbooks like this. Create your own flipbook now!","robots":{"index":"index","follow":"follow","max-snippet":"max-snippet:-1","max-image-preview":"max-image-preview:large","max-video-preview":"max-video-preview:-1"},"canonical":"https:\/\/www.booksofall.com\/cn\/madame-de-stael-1766-1817\/","og_locale":"zh_CN","og_type":"article","og_title":"Madame de Sta\u00ebl (1766-1817) - BooksOfAll Simplified Chinese","og_description":"Here is how you can improve your content marketing with flipbooks like this. Create your own flipbook now!","og_url":"https:\/\/www.booksofall.com\/cn\/madame-de-stael-1766-1817\/","og_site_name":"BooksOfAll Simplified Chinese","article_modified_time":"2022-07-21T06:14:56+00:00","og_image":[{"url":"https:\/\/www.booksofall.com\/cn\/wp-content\/uploads\/sites\/2\/2022\/07\/Madame-de-Stael-1766-1817-01.png","type":"","width":"","height":""}],"twitter_card":"summary_large_image","twitter_image":"https:\/\/www.booksofall.com\/cn\/wp-content\/uploads\/sites\/2\/2022\/07\/Madame-de-Stael-1766-1817-01.png","twitter_misc":{"\u9884\u8ba1\u9605\u8bfb\u65f6\u95f4":"3 \u5206"},"schema":{"@context":"https:\/\/schema.org","@graph":[{"@type":"WebPage","@id":"https:\/\/www.booksofall.com\/cn\/madame-de-stael-1766-1817\/","url":"https:\/\/www.booksofall.com\/cn\/madame-de-stael-1766-1817\/","name":"Madame de Sta\u00ebl (1766-1817) - BooksOfAll Simplified Chinese","isPartOf":{"@id":"https:\/\/www.booksofall.com\/cn\/#website"},"primaryImageOfPage":{"@id":"https:\/\/www.booksofall.com\/cn\/madame-de-stael-1766-1817\/#primaryimage"},"image":{"@id":"https:\/\/www.booksofall.com\/cn\/madame-de-stael-1766-1817\/#primaryimage"},"thumbnailUrl":"https:\/\/www.booksofall.com\/cn\/wp-content\/uploads\/sites\/2\/2022\/07\/Madame-de-Stael-1766-1817-01.png","datePublished":"2022-07-21T06:06:22+00:00","dateModified":"2022-07-21T06:14:56+00:00","description":"Here is how you can improve your content marketing with flipbooks like this. Create your own flipbook now!","breadcrumb":{"@id":"https:\/\/www.booksofall.com\/cn\/madame-de-stael-1766-1817\/#breadcrumb"},"inLanguage":"zh-Hans","potentialAction":[{"@type":"ReadAction","target":["https:\/\/www.booksofall.com\/cn\/madame-de-stael-1766-1817\/"]}]},{"@type":"ImageObject","inLanguage":"zh-Hans","@id":"https:\/\/www.booksofall.com\/cn\/madame-de-stael-1766-1817\/#primaryimage","url":"https:\/\/www.booksofall.com\/cn\/wp-content\/uploads\/sites\/2\/2022\/07\/Madame-de-Stael-1766-1817-01.png","contentUrl":"https:\/\/www.booksofall.com\/cn\/wp-content\/uploads\/sites\/2\/2022\/07\/Madame-de-Stael-1766-1817-01.png","width":"596","height":"842"},{"@type":"BreadcrumbList","@id":"https:\/\/www.booksofall.com\/cn\/madame-de-stael-1766-1817\/#breadcrumb","itemListElement":[{"@type":"ListItem","position":1,"name":"Home","item":"https:\/\/www.booksofall.com\/cn\/"},{"@type":"ListItem","position":2,"name":"Categories","item":"https:\/\/www.booksofall.com\/cn\/categories\/"},{"@type":"ListItem","position":3,"name":"Madame de Sta\u00ebl (1766-1817)"}]},{"@type":"WebSite","@id":"https:\/\/www.booksofall.com\/cn\/#website","url":"https:\/\/www.booksofall.com\/cn\/","name":"BooksOfAll Simplified Chinese","description":"Biggest IT eBooks library and learning resources - Free eBooks for programming, computing, artificial intelligence and more.","publisher":{"@id":"https:\/\/www.booksofall.com\/cn\/#organization"},"potentialAction":[{"@type":"SearchAction","target":{"@type":"EntryPoint","urlTemplate":"https:\/\/www.booksofall.com\/cn\/?s={search_term_string}"},"query-input":{"@type":"PropertyValueSpecification","valueRequired":true,"valueName":"search_term_string"}}],"inLanguage":"zh-Hans"},{"@type":"Organization","@id":"https:\/\/www.booksofall.com\/cn\/#organization","name":"BooksOfAll Simplified Chinese","url":"https:\/\/www.booksofall.com\/cn\/","logo":{"@type":"ImageObject","inLanguage":"zh-Hans","@id":"https:\/\/www.booksofall.com\/cn\/#\/schema\/logo\/image\/","url":"https:\/\/www.booksofall.com\/cn\/wp-content\/uploads\/sites\/2\/2022\/06\/booksofall-logo-2.png","contentUrl":"https:\/\/www.booksofall.com\/cn\/wp-content\/uploads\/sites\/2\/2022\/06\/booksofall-logo-2.png","width":166,"height":30,"caption":"BooksOfAll Simplified Chinese"},"image":{"@id":"https:\/\/www.booksofall.com\/cn\/#\/schema\/logo\/image\/"}}]}},"_links":{"self":[{"href":"https:\/\/www.booksofall.com\/cn\/wp-json\/wp\/v2\/product\/15116","targetHints":{"allow":["GET"]}}],"collection":[{"href":"https:\/\/www.booksofall.com\/cn\/wp-json\/wp\/v2\/product"}],"about":[{"href":"https:\/\/www.booksofall.com\/cn\/wp-json\/wp\/v2\/types\/product"}],"wp:featuredmedia":[{"embeddable":true,"href":"https:\/\/www.booksofall.com\/cn\/wp-json\/wp\/v2\/media\/15128"}],"wp:attachment":[{"href":"https:\/\/www.booksofall.com\/cn\/wp-json\/wp\/v2\/media?parent=15116"}],"wp:term":[{"taxonomy":"product_brand","embeddable":true,"href":"https:\/\/www.booksofall.com\/cn\/wp-json\/wp\/v2\/product_brand?post=15116"},{"taxonomy":"product_cat","embeddable":true,"href":"https:\/\/www.booksofall.com\/cn\/wp-json\/wp\/v2\/product_cat?post=15116"},{"taxonomy":"product_tag","embeddable":true,"href":"https:\/\/www.booksofall.com\/cn\/wp-json\/wp\/v2\/product_tag?post=15116"}],"curies":[{"name":"wp","href":"https:\/\/api.w.org\/{rel}","templated":true}]}}