{"id":14598,"date":"2022-07-19T07:55:52","date_gmt":"2022-07-19T07:55:52","guid":{"rendered":"https:\/\/www.booksofall.com\/cn\/?post_type=product&#038;p=14598"},"modified":"2022-07-19T07:55:52","modified_gmt":"2022-07-19T07:55:52","slug":"spanish-for-heritage-speakers-casas","status":"publish","type":"product","link":"https:\/\/www.booksofall.com\/cn\/spanish-for-heritage-speakers-casas\/","title":{"rendered":"Spanish for Heritage Speakers (Casas)"},"content":{"rendered":"<p>This text is disseminated via the <a href=\"https:\/\/www.unesco.org\/en\/communication-information\/open-solutions\/open-educational-resources\" target=\"_blank\" rel=\"noopener\">Open Education Resource<\/a> (OER) LibreTexts Project (<a href=\"https:\/\/libretexts.org\/\" target=\"_blank\" rel=\"noopener\">https:\/\/LibreTexts.org<\/a>) and like the hundreds of other texts available within this powerful platform, it is freely available for reading, printing and &#8220;consuming.&#8221; Most, but not all, pages in the library have licenses that may allow individuals to make changes, save, and print this book. Carefully consult the applicable license(s) before pursuing such effects.<\/p>\n<p>Instructors can adopt existing <a href=\"https:\/\/en.wikipedia.org\/wiki\/LibreTexts\" target=\"_blank\" rel=\"noopener\">LibreTexts<\/a> texts or Remix them to quickly build course-specific resources to meet the needs of their students. Unlike traditional textbooks, LibreTexts\u2019 web based origins allow powerful integration of advanced features and new technologies to support learning.<\/p>\n<p>The LibreTexts mission is to unite students, faculty and scholars in a cooperative effort to develop an easy-to-use online platform for the construction, customization, and dissemination of OER content to reduce the burdens of unreasonable textbook costs to our students and society. The LibreTexts project is a multi-institutional collaborative venture to develop the next generation of openaccess texts to improve postsecondary education at all levels of higher learning by developing an Open Access Resource environment. The project currently consists of 14 independently operating and interconnected libraries that are constantly being optimized by students, faculty, and outside experts to supplant conventional paper-based books. These free textbook alternatives are organized within a central environment that is both vertically (from advance to basic level) and horizontally (across different fields) integrated.<\/p>\n<h3>Lectura inicial<\/h3>\n<p>Antes de leer<\/p>\n<p>Trabaja con un compa\u00f1ero para hacer una lluvia de ideas acerca de diferentes palabras que sirvan para expresar la identidad de los hispanos.<\/p>\n<p>\u00bfSon sin\u00f3nimos o hay diferencia en el significado de las palabras?<\/p>\n<h3>La identidad de los hispanos<\/h3>\n<p>Alrededor de 427 millones de personas en todo el mundo hablan espa\u00f1ol como su lengua materna, haciendo al espa\u00f1ol la segunda lengua m\u00e1s hablada en el mundo.<\/p>\n<p>Seg\u00fan el censo de los Estados Unidos, en este pa\u00eds 55 millones de personas se consideran hispanos. De \u00e9stas, aproximadamente 35 millones hablan el idioma espa\u00f1ol.<\/p>\n<p>El significado de la palabra hispano es que una persona habla espa\u00f1ol o proviene de un pa\u00eds en donde se habla este idioma oficialmente. \u00bfPuede considerarse que los 20 millones de personas que no hablan espa\u00f1ol son hispanos?<\/p>\n<p>En Estados Unidos, la palabra \u2018\u2018hispano\u2019\u2019 es usada para referirse a personas de 21 pa\u00edses diferentes, con historias y culturas distintas. \u00bfQu\u00e9 tienen en com\u00fan estas personas para poder conformar un solo grupo?<\/p>\n<p>De acuerdo a un estudio reciente, de los 55 millones de hispanos en los Estados Unidos, s\u00f3lo al 24% le gusta el t\u00e9rmino \u2018\u2018hispano\u2019\u2019 o \u2018\u2018latino\u2019\u2019 para identificarse. La mayor\u00eda de las personas de origen latinoamericano prefiere identificarse por su nacionalidad, y solamente un 23% de quienes nacieron en Estados Unidos prefiere llamarse \u2018\u2018estadounidense\u2019\u2019.<\/p>\n","protected":false},"excerpt":{"rendered":"<p><iframe frameborder=\"0\" allowtransparency=\"true\" allowFullscreen=\"true\" style=\"width: 100%; height: 700px; border: none;\" src=\"https:\/\/online.visual-paradigm.com\/share\/book\/spanish-for-heritage-speakers-casas--10xryppk6y?enforceShowPromotionBar=true&#038;p=1\"><\/iframe><\/p>\n","protected":false},"featured_media":14601,"template":"","meta":{"_yoast_wpseo_title":"","_yoast_wpseo_metadesc":"Trabaja con un compa\u00f1ero para hacer una lluvia de ideas acerca de diferentes palabras que sirvan para expresar la identidad de los hispanos."},"product_brand":[],"product_cat":[15,237],"product_tag":[],"class_list":{"0":"post-14598","1":"product","2":"type-product","3":"status-publish","4":"has-post-thumbnail","6":"product_cat-all","7":"product_cat-languages","9":"first","10":"instock","11":"shipping-taxable","12":"product-type-simple"},"yoast_head":"<!-- This site is optimized with the Yoast SEO plugin v27.1.1 - https:\/\/yoast.com\/product\/yoast-seo-wordpress\/ -->\n<title>Spanish for Heritage Speakers (Casas) - BooksOfAll Simplified Chinese<\/title>\n<meta name=\"description\" content=\"Trabaja con un compa\u00f1ero para hacer una lluvia de ideas acerca de diferentes palabras que sirvan para expresar la identidad de los hispanos.\" \/>\n<meta name=\"robots\" content=\"index, follow, max-snippet:-1, max-image-preview:large, max-video-preview:-1\" \/>\n<link rel=\"canonical\" href=\"https:\/\/www.booksofall.com\/cn\/spanish-for-heritage-speakers-casas\/\" \/>\n<meta property=\"og:locale\" content=\"zh_CN\" \/>\n<meta property=\"og:type\" content=\"article\" \/>\n<meta property=\"og:title\" content=\"Spanish for Heritage Speakers (Casas) - BooksOfAll Simplified Chinese\" \/>\n<meta property=\"og:description\" content=\"Trabaja con un compa\u00f1ero para hacer una lluvia de ideas acerca de diferentes palabras que sirvan para expresar la identidad de los hispanos.\" \/>\n<meta property=\"og:url\" content=\"https:\/\/www.booksofall.com\/cn\/spanish-for-heritage-speakers-casas\/\" \/>\n<meta property=\"og:site_name\" content=\"BooksOfAll Simplified Chinese\" \/>\n<meta property=\"og:image\" content=\"https:\/\/www.booksofall.com\/cn\/wp-content\/uploads\/sites\/2\/2022\/07\/Spanish-for-Heritage-Speakers-Casas-07.png\" \/>\n<meta name=\"twitter:card\" content=\"summary_large_image\" \/>\n<meta name=\"twitter:image\" content=\"https:\/\/www.booksofall.com\/cn\/wp-content\/uploads\/sites\/2\/2022\/07\/Spanish-for-Heritage-Speakers-Casas-07.png\" \/>\n<meta name=\"twitter:label1\" content=\"\u9884\u8ba1\u9605\u8bfb\u65f6\u95f4\" \/>\n\t<meta name=\"twitter:data1\" content=\"2 \u5206\" \/>\n<script type=\"application\/ld+json\" class=\"yoast-schema-graph\">{\"@context\":\"https:\/\/schema.org\",\"@graph\":[{\"@type\":\"WebPage\",\"@id\":\"https:\/\/www.booksofall.com\/cn\/spanish-for-heritage-speakers-casas\/\",\"url\":\"https:\/\/www.booksofall.com\/cn\/spanish-for-heritage-speakers-casas\/\",\"name\":\"Spanish for Heritage Speakers (Casas) - BooksOfAll Simplified Chinese\",\"isPartOf\":{\"@id\":\"https:\/\/www.booksofall.com\/cn\/#website\"},\"primaryImageOfPage\":{\"@id\":\"https:\/\/www.booksofall.com\/cn\/spanish-for-heritage-speakers-casas\/#primaryimage\"},\"image\":{\"@id\":\"https:\/\/www.booksofall.com\/cn\/spanish-for-heritage-speakers-casas\/#primaryimage\"},\"thumbnailUrl\":\"https:\/\/www.booksofall.com\/cn\/wp-content\/uploads\/sites\/2\/2022\/07\/Spanish-for-Heritage-Speakers-Casas-07.png\",\"datePublished\":\"2022-07-19T07:55:52+00:00\",\"description\":\"Trabaja con un compa\u00f1ero para hacer una lluvia de ideas acerca de diferentes palabras que sirvan para expresar la identidad de los hispanos.\",\"breadcrumb\":{\"@id\":\"https:\/\/www.booksofall.com\/cn\/spanish-for-heritage-speakers-casas\/#breadcrumb\"},\"inLanguage\":\"zh-Hans\",\"potentialAction\":[{\"@type\":\"ReadAction\",\"target\":[\"https:\/\/www.booksofall.com\/cn\/spanish-for-heritage-speakers-casas\/\"]}]},{\"@type\":\"ImageObject\",\"inLanguage\":\"zh-Hans\",\"@id\":\"https:\/\/www.booksofall.com\/cn\/spanish-for-heritage-speakers-casas\/#primaryimage\",\"url\":\"https:\/\/www.booksofall.com\/cn\/wp-content\/uploads\/sites\/2\/2022\/07\/Spanish-for-Heritage-Speakers-Casas-07.png\",\"contentUrl\":\"https:\/\/www.booksofall.com\/cn\/wp-content\/uploads\/sites\/2\/2022\/07\/Spanish-for-Heritage-Speakers-Casas-07.png\",\"width\":\"597\",\"height\":\"844\",\"caption\":\"Spanish for Heritage Speakers (Casas)\"},{\"@type\":\"BreadcrumbList\",\"@id\":\"https:\/\/www.booksofall.com\/cn\/spanish-for-heritage-speakers-casas\/#breadcrumb\",\"itemListElement\":[{\"@type\":\"ListItem\",\"position\":1,\"name\":\"Home\",\"item\":\"https:\/\/www.booksofall.com\/cn\/\"},{\"@type\":\"ListItem\",\"position\":2,\"name\":\"Categories\",\"item\":\"https:\/\/www.booksofall.com\/cn\/categories\/\"},{\"@type\":\"ListItem\",\"position\":3,\"name\":\"Spanish for Heritage Speakers (Casas)\"}]},{\"@type\":\"WebSite\",\"@id\":\"https:\/\/www.booksofall.com\/cn\/#website\",\"url\":\"https:\/\/www.booksofall.com\/cn\/\",\"name\":\"BooksOfAll Simplified Chinese\",\"description\":\"Biggest IT eBooks library and learning resources - Free eBooks for programming, computing, artificial intelligence and more.\",\"publisher\":{\"@id\":\"https:\/\/www.booksofall.com\/cn\/#organization\"},\"potentialAction\":[{\"@type\":\"SearchAction\",\"target\":{\"@type\":\"EntryPoint\",\"urlTemplate\":\"https:\/\/www.booksofall.com\/cn\/?s={search_term_string}\"},\"query-input\":{\"@type\":\"PropertyValueSpecification\",\"valueRequired\":true,\"valueName\":\"search_term_string\"}}],\"inLanguage\":\"zh-Hans\"},{\"@type\":\"Organization\",\"@id\":\"https:\/\/www.booksofall.com\/cn\/#organization\",\"name\":\"BooksOfAll Simplified Chinese\",\"url\":\"https:\/\/www.booksofall.com\/cn\/\",\"logo\":{\"@type\":\"ImageObject\",\"inLanguage\":\"zh-Hans\",\"@id\":\"https:\/\/www.booksofall.com\/cn\/#\/schema\/logo\/image\/\",\"url\":\"https:\/\/www.booksofall.com\/cn\/wp-content\/uploads\/sites\/2\/2022\/06\/booksofall-logo-2.png\",\"contentUrl\":\"https:\/\/www.booksofall.com\/cn\/wp-content\/uploads\/sites\/2\/2022\/06\/booksofall-logo-2.png\",\"width\":166,\"height\":30,\"caption\":\"BooksOfAll Simplified Chinese\"},\"image\":{\"@id\":\"https:\/\/www.booksofall.com\/cn\/#\/schema\/logo\/image\/\"}}]}<\/script>\n<!-- \/ Yoast SEO plugin. -->","yoast_head_json":{"title":"Spanish for Heritage Speakers (Casas) - BooksOfAll Simplified Chinese","description":"Trabaja con un compa\u00f1ero para hacer una lluvia de ideas acerca de diferentes palabras que sirvan para expresar la identidad de los hispanos.","robots":{"index":"index","follow":"follow","max-snippet":"max-snippet:-1","max-image-preview":"max-image-preview:large","max-video-preview":"max-video-preview:-1"},"canonical":"https:\/\/www.booksofall.com\/cn\/spanish-for-heritage-speakers-casas\/","og_locale":"zh_CN","og_type":"article","og_title":"Spanish for Heritage Speakers (Casas) - BooksOfAll Simplified Chinese","og_description":"Trabaja con un compa\u00f1ero para hacer una lluvia de ideas acerca de diferentes palabras que sirvan para expresar la identidad de los hispanos.","og_url":"https:\/\/www.booksofall.com\/cn\/spanish-for-heritage-speakers-casas\/","og_site_name":"BooksOfAll Simplified Chinese","og_image":[{"url":"https:\/\/www.booksofall.com\/cn\/wp-content\/uploads\/sites\/2\/2022\/07\/Spanish-for-Heritage-Speakers-Casas-07.png","type":"","width":"","height":""}],"twitter_card":"summary_large_image","twitter_image":"https:\/\/www.booksofall.com\/cn\/wp-content\/uploads\/sites\/2\/2022\/07\/Spanish-for-Heritage-Speakers-Casas-07.png","twitter_misc":{"\u9884\u8ba1\u9605\u8bfb\u65f6\u95f4":"2 \u5206"},"schema":{"@context":"https:\/\/schema.org","@graph":[{"@type":"WebPage","@id":"https:\/\/www.booksofall.com\/cn\/spanish-for-heritage-speakers-casas\/","url":"https:\/\/www.booksofall.com\/cn\/spanish-for-heritage-speakers-casas\/","name":"Spanish for Heritage Speakers (Casas) - BooksOfAll Simplified Chinese","isPartOf":{"@id":"https:\/\/www.booksofall.com\/cn\/#website"},"primaryImageOfPage":{"@id":"https:\/\/www.booksofall.com\/cn\/spanish-for-heritage-speakers-casas\/#primaryimage"},"image":{"@id":"https:\/\/www.booksofall.com\/cn\/spanish-for-heritage-speakers-casas\/#primaryimage"},"thumbnailUrl":"https:\/\/www.booksofall.com\/cn\/wp-content\/uploads\/sites\/2\/2022\/07\/Spanish-for-Heritage-Speakers-Casas-07.png","datePublished":"2022-07-19T07:55:52+00:00","description":"Trabaja con un compa\u00f1ero para hacer una lluvia de ideas acerca de diferentes palabras que sirvan para expresar la identidad de los hispanos.","breadcrumb":{"@id":"https:\/\/www.booksofall.com\/cn\/spanish-for-heritage-speakers-casas\/#breadcrumb"},"inLanguage":"zh-Hans","potentialAction":[{"@type":"ReadAction","target":["https:\/\/www.booksofall.com\/cn\/spanish-for-heritage-speakers-casas\/"]}]},{"@type":"ImageObject","inLanguage":"zh-Hans","@id":"https:\/\/www.booksofall.com\/cn\/spanish-for-heritage-speakers-casas\/#primaryimage","url":"https:\/\/www.booksofall.com\/cn\/wp-content\/uploads\/sites\/2\/2022\/07\/Spanish-for-Heritage-Speakers-Casas-07.png","contentUrl":"https:\/\/www.booksofall.com\/cn\/wp-content\/uploads\/sites\/2\/2022\/07\/Spanish-for-Heritage-Speakers-Casas-07.png","width":"597","height":"844","caption":"Spanish for Heritage Speakers (Casas)"},{"@type":"BreadcrumbList","@id":"https:\/\/www.booksofall.com\/cn\/spanish-for-heritage-speakers-casas\/#breadcrumb","itemListElement":[{"@type":"ListItem","position":1,"name":"Home","item":"https:\/\/www.booksofall.com\/cn\/"},{"@type":"ListItem","position":2,"name":"Categories","item":"https:\/\/www.booksofall.com\/cn\/categories\/"},{"@type":"ListItem","position":3,"name":"Spanish for Heritage Speakers (Casas)"}]},{"@type":"WebSite","@id":"https:\/\/www.booksofall.com\/cn\/#website","url":"https:\/\/www.booksofall.com\/cn\/","name":"BooksOfAll Simplified Chinese","description":"Biggest IT eBooks library and learning resources - Free eBooks for programming, computing, artificial intelligence and more.","publisher":{"@id":"https:\/\/www.booksofall.com\/cn\/#organization"},"potentialAction":[{"@type":"SearchAction","target":{"@type":"EntryPoint","urlTemplate":"https:\/\/www.booksofall.com\/cn\/?s={search_term_string}"},"query-input":{"@type":"PropertyValueSpecification","valueRequired":true,"valueName":"search_term_string"}}],"inLanguage":"zh-Hans"},{"@type":"Organization","@id":"https:\/\/www.booksofall.com\/cn\/#organization","name":"BooksOfAll Simplified Chinese","url":"https:\/\/www.booksofall.com\/cn\/","logo":{"@type":"ImageObject","inLanguage":"zh-Hans","@id":"https:\/\/www.booksofall.com\/cn\/#\/schema\/logo\/image\/","url":"https:\/\/www.booksofall.com\/cn\/wp-content\/uploads\/sites\/2\/2022\/06\/booksofall-logo-2.png","contentUrl":"https:\/\/www.booksofall.com\/cn\/wp-content\/uploads\/sites\/2\/2022\/06\/booksofall-logo-2.png","width":166,"height":30,"caption":"BooksOfAll Simplified Chinese"},"image":{"@id":"https:\/\/www.booksofall.com\/cn\/#\/schema\/logo\/image\/"}}]}},"_links":{"self":[{"href":"https:\/\/www.booksofall.com\/cn\/wp-json\/wp\/v2\/product\/14598","targetHints":{"allow":["GET"]}}],"collection":[{"href":"https:\/\/www.booksofall.com\/cn\/wp-json\/wp\/v2\/product"}],"about":[{"href":"https:\/\/www.booksofall.com\/cn\/wp-json\/wp\/v2\/types\/product"}],"wp:featuredmedia":[{"embeddable":true,"href":"https:\/\/www.booksofall.com\/cn\/wp-json\/wp\/v2\/media\/14601"}],"wp:attachment":[{"href":"https:\/\/www.booksofall.com\/cn\/wp-json\/wp\/v2\/media?parent=14598"}],"wp:term":[{"taxonomy":"product_brand","embeddable":true,"href":"https:\/\/www.booksofall.com\/cn\/wp-json\/wp\/v2\/product_brand?post=14598"},{"taxonomy":"product_cat","embeddable":true,"href":"https:\/\/www.booksofall.com\/cn\/wp-json\/wp\/v2\/product_cat?post=14598"},{"taxonomy":"product_tag","embeddable":true,"href":"https:\/\/www.booksofall.com\/cn\/wp-json\/wp\/v2\/product_tag?post=14598"}],"curies":[{"name":"wp","href":"https:\/\/api.w.org\/{rel}","templated":true}]}}